{"id":1591,"date":"2018-08-02T19:00:38","date_gmt":"2018-08-02T19:00:38","guid":{"rendered":"https:\/\/kolesarski-svet.si\/piskotki\/"},"modified":"2019-12-18T21:12:54","modified_gmt":"2019-12-18T21:12:54","slug":"piskotki","status":"publish","type":"page","link":"https:\/\/kolesarski-svet.si\/sl\/piskotki\/","title":{"rendered":"Pi\u0161kotki"},"content":{"rendered":"<p style=\"text-align: left;\"><strong>Kaj so pi\u0161kotki in zakaj so potrebni?<\/strong><\/p>\n<p>Pi\u0161kotek je kratko besedilo, ki ga spletna stran ob va\u0161em obisku po\u0161lje brskalniku. Tako vas spletna stran<br \/>\nprepozna, si z njim zapomni podatke o va\u0161em obisku in vam omogo\u010di prijazno ter enostavnej\u0161o spletno<br \/>\nstoritev. S pomo\u010djo pi\u0161kotkov prilagajamo vsebino na na\u0161i spletni strani, si zapomnimo va\u0161e preference in\u00a0bele\u017eimo obisk na\u0161e spletne trgovine. Brskanje po na\u0161i spletni trgovini je s pi\u0161kotki prijetnej\u0161e, hitrej\u0161e in\u00a0predvsem u\u010dinkovitej\u0161e.<\/p>\n<p><strong>Pi\u0161kotki niso zlonamerna koda in ne zbirajo nikakr\u0161nih informacij z va\u0161ega ra\u010dunalnika! \ud83d\ude42<\/strong><br \/>\nSpremenjeni Zakon o elektronskih komunikacijah, ki je za\u010del veljati v za\u010detku leta 2013, je prinesel nova\u00a0pravila glede uporabe pi\u0161kotkov in podobnih tehnologij za shranjevanje informacij ali dostop do informacij,<br \/>\nshranjenih na ra\u010dunalniku ali mobilni napravi uporabnika.<br \/>\nPosameznik ima ustavno in zakonsko pravico do varstva svojih podatkov \u2013 pravico do samo-odlo\u010danja o\u00a0svoji informacijski zasebnosti in v tem smislu pi\u0161kotki pomenijo poseg v njegovo zasebnost. Prav zato nova\u00a0zakonodaja uporabo pi\u0161kotkov omejuje.<br \/>\nNova zakonodaja uporabe pi\u0161kotkov ne prepoveduje, pa\u010d pa zaostruje pravila \u2013 pod kak\u0161nimi pogoji in\u00a0kako je pi\u0161kotke in podobne tehnologije dovoljeno uporabljati. Klju\u010dno je, da morajo biti uporabniki\u00a0spletnih strani s pi\u0161kotki seznanjeni in da jim mora biti ponujena izbira, ali \u017eelijo, da spletna stran na tak\u00a0na\u010din spremlja njihove aktivnosti na spletu.<\/p>\n<p><strong>Seznam pi\u0161kotkov, ki jih uporabljamo:<\/strong><\/p>\n<p>Pi\u0161kotki &#8211; kolesarski-svet.si:<br \/>\n\uf0b7 Ime: <strong>cc_cookie_accept<\/strong><br \/>\nUporaba: nakazuje uporabnikovo strinjanje z uporabo pi\u0161kotkov<br \/>\n\uf0b7 Ime: <strong>cookie_test<\/strong><br \/>\nUporaba: preverjanje delovanja pi\u0161kotkov<br \/>\n\uf0b7 Ime: <strong>osCsid<\/strong><br \/>\nUporaba: vzpostavitev uporabni\u0161ke seje<br \/>\n\uf0b7 Ime: <strong>PAGING_ITEMS_PER_PAGE, SORT_ORDER<\/strong><br \/>\nUporaba: izbolj\u0161anje funkcionalnosti pogledov<\/p>\n<p><strong>Zunanji (3-rd party) pi\u0161kotki:<\/strong><br \/>\nPi\u0161kotki Google Analytics:<br \/>\n\uf0b7 Ime: _utma; _utmb; _utmc; _utmv; _utmz<br \/>\nUporaba: statistika ogledov spletne strani<br \/>\nVe\u010d informacij o pi\u0161kotkih Google Analytics dobite na strani:<br \/>\nhttps:\/\/developers.google.com\/analytics\/devguides\/collection\/analyticsjs\/cookie-usage<br \/>\nPi\u0161kotki Google ogla\u0161evanje:<br \/>\n\uf0b7 Ime: NID; SID<br \/>\nUporaba: Google uporablja te pi\u0161kotke, da prika\u017ee oglase, ki so uporabnikom zanimivej\u0161i.<br \/>\nVe\u010d informacij o pi\u0161kotkih Google ogla\u0161evanja dobite na strani:<br \/>\nhttps:\/\/www.google.com\/intl\/sl\/policies\/technologies\/types\/<\/p>\n<p>Hvala za va\u0161e razumevanje, \u017eelimo vam prijetno uporabo na\u0161e spletne strani!<\/p>\n<p>Za vsa dodatna vpra\u0161anja smo vam na volji na telefonski \u0161tevilki 031 639 007 in preko e-po\u0161te:<br \/>\ninfo@kolesarski-svet.si<br \/>\n<em><br \/>\nekipa Kolesarskega Sveta<\/em><\/p>\n","protected":false},"excerpt":{"rendered":"<p>Kaj so pi\u0161kotki in zakaj so potrebni? Pi\u0161kotek je kratko besedilo, ki ga spletna stran ob va\u0161em obisku po\u0161lje brskalniku. Tako vas spletna stran prepozna, si z njim zapomni podatke o va\u0161em obisku in vam omogo\u010di prijazno ter enostavnej\u0161o spletno storitev. S pomo\u010djo pi\u0161kotkov prilagajamo vsebino na na\u0161i spletni strani, si zapomnimo va\u0161e preference in\u00a0bele\u017eimo obisk na\u0161e spletne trgovine. Brskanje po na\u0161i spletni trgovini je s pi\u0161kotki prijetnej\u0161e, hitrej\u0161e in\u00a0predvsem<\/p>\n<div class=\"padding-top text-center\"><a href=\"https:\/\/kolesarski-svet.si\/sl\/piskotki\/\" class=\"atbtn atbtn--medium atbtn--rounded atbtn--transparent\">Preberi ve\u010d<i class=\"atbtn__icon atbtn__icon--right fa fa-long-arrow-right\"><\/i><\/a><\/div>\n","protected":false},"author":2,"featured_media":0,"parent":0,"menu_order":0,"comment_status":"closed","ping_status":"closed","template":"template-page-with-sidebar.php","meta":{"footnotes":""},"class_list":["post-1591","page","type-page","status-publish","hentry"],"yoast_head":"<!-- This site is optimized with the Yoast SEO plugin v26.6 - https:\/\/yoast.com\/wordpress\/plugins\/seo\/ -->\n<title>Pi\u0161kotki - Kolesarski Svet<\/title>\n<meta name=\"robots\" content=\"index, follow, max-snippet:-1, max-image-preview:large, max-video-preview:-1\" \/>\n<link rel=\"canonical\" href=\"https:\/\/kolesarski-svet.si\/sl\/piskotki\/\" \/>\n<meta property=\"og:locale\" content=\"sl_SI\" \/>\n<meta property=\"og:type\" content=\"article\" \/>\n<meta property=\"og:title\" content=\"Pi\u0161kotki - Kolesarski Svet\" \/>\n<meta property=\"og:description\" content=\"Kaj so pi\u0161kotki in zakaj so potrebni? Pi\u0161kotek je kratko besedilo, ki ga spletna stran ob va\u0161em obisku po\u0161lje brskalniku. Tako vas spletna stran prepozna, si z njim zapomni podatke o va\u0161em obisku in vam omogo\u010di prijazno ter enostavnej\u0161o spletno storitev. S pomo\u010djo pi\u0161kotkov prilagajamo vsebino na na\u0161i spletni strani, si zapomnimo va\u0161e preference in\u00a0bele\u017eimo obisk na\u0161e spletne trgovine. Brskanje po na\u0161i spletni trgovini je s pi\u0161kotki prijetnej\u0161e, hitrej\u0161e in\u00a0predvsemPreberi ve\u010d\" \/>\n<meta property=\"og:url\" content=\"https:\/\/kolesarski-svet.si\/sl\/piskotki\/\" \/>\n<meta property=\"og:site_name\" content=\"Kolesarski Svet\" \/>\n<meta property=\"article:publisher\" content=\"https:\/\/www.facebook.com\/KolesarskiSvet\/\" \/>\n<meta property=\"article:modified_time\" content=\"2019-12-18T21:12:54+00:00\" \/>\n<meta name=\"twitter:card\" content=\"summary_large_image\" \/>\n<meta name=\"twitter:label1\" content=\"Est. reading time\" \/>\n\t<meta name=\"twitter:data1\" content=\"2 minuti\" \/>\n<script type=\"application\/ld+json\" class=\"yoast-schema-graph\">{\"@context\":\"https:\/\/schema.org\",\"@graph\":[{\"@type\":\"WebPage\",\"@id\":\"https:\/\/kolesarski-svet.si\/sl\/piskotki\/\",\"url\":\"https:\/\/kolesarski-svet.si\/sl\/piskotki\/\",\"name\":\"Pi\u0161kotki - Kolesarski Svet\",\"isPartOf\":{\"@id\":\"https:\/\/kolesarski-svet.si\/#website\"},\"datePublished\":\"2018-08-02T19:00:38+00:00\",\"dateModified\":\"2019-12-18T21:12:54+00:00\",\"breadcrumb\":{\"@id\":\"https:\/\/kolesarski-svet.si\/sl\/piskotki\/#breadcrumb\"},\"inLanguage\":\"sl-SI\",\"potentialAction\":[{\"@type\":\"ReadAction\",\"target\":[\"https:\/\/kolesarski-svet.si\/sl\/piskotki\/\"]}]},{\"@type\":\"BreadcrumbList\",\"@id\":\"https:\/\/kolesarski-svet.si\/sl\/piskotki\/#breadcrumb\",\"itemListElement\":[{\"@type\":\"ListItem\",\"position\":1,\"name\":\"Home\",\"item\":\"https:\/\/kolesarski-svet.si\/sl\/kolesarski-svet-domov\/\"},{\"@type\":\"ListItem\",\"position\":2,\"name\":\"Pi\u0161kotki\"}]},{\"@type\":\"WebSite\",\"@id\":\"https:\/\/kolesarski-svet.si\/#website\",\"url\":\"https:\/\/kolesarski-svet.si\/\",\"name\":\"Kolesarski Svet\",\"description\":\"Do\u017eivite lepote Slovenije na kolesu\",\"publisher\":{\"@id\":\"https:\/\/kolesarski-svet.si\/#organization\"},\"potentialAction\":[{\"@type\":\"SearchAction\",\"target\":{\"@type\":\"EntryPoint\",\"urlTemplate\":\"https:\/\/kolesarski-svet.si\/?s={search_term_string}\"},\"query-input\":{\"@type\":\"PropertyValueSpecification\",\"valueRequired\":true,\"valueName\":\"search_term_string\"}}],\"inLanguage\":\"sl-SI\"},{\"@type\":\"Organization\",\"@id\":\"https:\/\/kolesarski-svet.si\/#organization\",\"name\":\"Kolesarski Svet\",\"url\":\"https:\/\/kolesarski-svet.si\/\",\"logo\":{\"@type\":\"ImageObject\",\"inLanguage\":\"sl-SI\",\"@id\":\"https:\/\/kolesarski-svet.si\/#\/schema\/logo\/image\/\",\"url\":\"https:\/\/kolesarski-svet.si\/wp-content\/uploads\/2018\/03\/logo-KS-170.png\",\"contentUrl\":\"https:\/\/kolesarski-svet.si\/wp-content\/uploads\/2018\/03\/logo-KS-170.png\",\"width\":170,\"height\":120,\"caption\":\"Kolesarski Svet\"},\"image\":{\"@id\":\"https:\/\/kolesarski-svet.si\/#\/schema\/logo\/image\/\"},\"sameAs\":[\"https:\/\/www.facebook.com\/KolesarskiSvet\/\",\"https:\/\/www.youtube.com\/channel\/UCaR0d_D0MFnxI1Wpxa2nkAA\"]}]}<\/script>\n<!-- \/ Yoast SEO plugin. -->","yoast_head_json":{"title":"Pi\u0161kotki - Kolesarski Svet","robots":{"index":"index","follow":"follow","max-snippet":"max-snippet:-1","max-image-preview":"max-image-preview:large","max-video-preview":"max-video-preview:-1"},"canonical":"https:\/\/kolesarski-svet.si\/sl\/piskotki\/","og_locale":"sl_SI","og_type":"article","og_title":"Pi\u0161kotki - Kolesarski Svet","og_description":"Kaj so pi\u0161kotki in zakaj so potrebni? Pi\u0161kotek je kratko besedilo, ki ga spletna stran ob va\u0161em obisku po\u0161lje brskalniku. Tako vas spletna stran prepozna, si z njim zapomni podatke o va\u0161em obisku in vam omogo\u010di prijazno ter enostavnej\u0161o spletno storitev. S pomo\u010djo pi\u0161kotkov prilagajamo vsebino na na\u0161i spletni strani, si zapomnimo va\u0161e preference in\u00a0bele\u017eimo obisk na\u0161e spletne trgovine. Brskanje po na\u0161i spletni trgovini je s pi\u0161kotki prijetnej\u0161e, hitrej\u0161e in\u00a0predvsemPreberi ve\u010d","og_url":"https:\/\/kolesarski-svet.si\/sl\/piskotki\/","og_site_name":"Kolesarski Svet","article_publisher":"https:\/\/www.facebook.com\/KolesarskiSvet\/","article_modified_time":"2019-12-18T21:12:54+00:00","twitter_card":"summary_large_image","twitter_misc":{"Est. reading time":"2 minuti"},"schema":{"@context":"https:\/\/schema.org","@graph":[{"@type":"WebPage","@id":"https:\/\/kolesarski-svet.si\/sl\/piskotki\/","url":"https:\/\/kolesarski-svet.si\/sl\/piskotki\/","name":"Pi\u0161kotki - Kolesarski Svet","isPartOf":{"@id":"https:\/\/kolesarski-svet.si\/#website"},"datePublished":"2018-08-02T19:00:38+00:00","dateModified":"2019-12-18T21:12:54+00:00","breadcrumb":{"@id":"https:\/\/kolesarski-svet.si\/sl\/piskotki\/#breadcrumb"},"inLanguage":"sl-SI","potentialAction":[{"@type":"ReadAction","target":["https:\/\/kolesarski-svet.si\/sl\/piskotki\/"]}]},{"@type":"BreadcrumbList","@id":"https:\/\/kolesarski-svet.si\/sl\/piskotki\/#breadcrumb","itemListElement":[{"@type":"ListItem","position":1,"name":"Home","item":"https:\/\/kolesarski-svet.si\/sl\/kolesarski-svet-domov\/"},{"@type":"ListItem","position":2,"name":"Pi\u0161kotki"}]},{"@type":"WebSite","@id":"https:\/\/kolesarski-svet.si\/#website","url":"https:\/\/kolesarski-svet.si\/","name":"Kolesarski Svet","description":"Do\u017eivite lepote Slovenije na kolesu","publisher":{"@id":"https:\/\/kolesarski-svet.si\/#organization"},"potentialAction":[{"@type":"SearchAction","target":{"@type":"EntryPoint","urlTemplate":"https:\/\/kolesarski-svet.si\/?s={search_term_string}"},"query-input":{"@type":"PropertyValueSpecification","valueRequired":true,"valueName":"search_term_string"}}],"inLanguage":"sl-SI"},{"@type":"Organization","@id":"https:\/\/kolesarski-svet.si\/#organization","name":"Kolesarski Svet","url":"https:\/\/kolesarski-svet.si\/","logo":{"@type":"ImageObject","inLanguage":"sl-SI","@id":"https:\/\/kolesarski-svet.si\/#\/schema\/logo\/image\/","url":"https:\/\/kolesarski-svet.si\/wp-content\/uploads\/2018\/03\/logo-KS-170.png","contentUrl":"https:\/\/kolesarski-svet.si\/wp-content\/uploads\/2018\/03\/logo-KS-170.png","width":170,"height":120,"caption":"Kolesarski Svet"},"image":{"@id":"https:\/\/kolesarski-svet.si\/#\/schema\/logo\/image\/"},"sameAs":["https:\/\/www.facebook.com\/KolesarskiSvet\/","https:\/\/www.youtube.com\/channel\/UCaR0d_D0MFnxI1Wpxa2nkAA"]}]}},"_links":{"self":[{"href":"https:\/\/kolesarski-svet.si\/sl\/wp-json\/wp\/v2\/pages\/1591","targetHints":{"allow":["GET"]}}],"collection":[{"href":"https:\/\/kolesarski-svet.si\/sl\/wp-json\/wp\/v2\/pages"}],"about":[{"href":"https:\/\/kolesarski-svet.si\/sl\/wp-json\/wp\/v2\/types\/page"}],"author":[{"embeddable":true,"href":"https:\/\/kolesarski-svet.si\/sl\/wp-json\/wp\/v2\/users\/2"}],"replies":[{"embeddable":true,"href":"https:\/\/kolesarski-svet.si\/sl\/wp-json\/wp\/v2\/comments?post=1591"}],"version-history":[{"count":1,"href":"https:\/\/kolesarski-svet.si\/sl\/wp-json\/wp\/v2\/pages\/1591\/revisions"}],"predecessor-version":[{"id":1634,"href":"https:\/\/kolesarski-svet.si\/sl\/wp-json\/wp\/v2\/pages\/1591\/revisions\/1634"}],"wp:attachment":[{"href":"https:\/\/kolesarski-svet.si\/sl\/wp-json\/wp\/v2\/media?parent=1591"}],"curies":[{"name":"wp","href":"https:\/\/api.w.org\/{rel}","templated":true}]}}