{"id":1622,"date":"2018-08-02T19:18:49","date_gmt":"2018-08-02T19:18:49","guid":{"rendered":"https:\/\/kolesarski-svet.si\/splosni-pogoji\/"},"modified":"2018-08-02T21:13:45","modified_gmt":"2018-08-02T21:13:45","slug":"splosni-pogoji","status":"publish","type":"page","link":"https:\/\/kolesarski-svet.si\/sl\/splosni-pogoji\/","title":{"rendered":"Splo\u0161ni pogoji"},"content":{"rendered":"<p><strong>PRIZNAVANJE TVEGANJA, SPROSTITVE IN OD\u0160KODNINA<\/strong><\/p>\n<p>\u201cKolesarski Svet\u201d vodeni kolesarski izleti in druge aktivnosti organizira Zavod za \u0161port, turizem in ekolo\u0161ko\u00a0mobilnost Ljubljana (v nadaljnjem besedilu: Kolesarski Svet, katerega izraz vklju\u010duje povezane dru\u017ebe\u00a0Kolesarskega Sveta ter njihove zaposlene, vodnike, direktorje in zastopnike).<\/p>\n<p>Splo\u0161ni pogoji urejajo odnose\u00a0med gostom na ogledu in Kolesarskim Svetom.<br \/>\nPriznavam, da: Dejavnosti Kolesarskega Sveta so namerno namenjene strankam tako, da jih\u00a0 peljemo izven\u00a0utrjenih poti. Ogledi vklju\u010dujejo telesno dejavnost, ki je lahko zahtevna glede na stanje stranke in tveganje\u00a0za resno telesno po\u0161kodbo, vklju\u010dno s trajno invalidnostjo in smrtjo zaradi nesre\u010de, bolezni ali dejanj drugih<br \/>\noseb. Obstajajo tudi tveganja, povezana s potovanji, kot so kraje ali izguba ali \u0161koda na premo\u017eenju.<br \/>\nNekatere storitve, ki se opravljajo v zvezi s potovanji, pridobijo neodvisni dobavitelji, nad katerimi\u00a0Kolesarski svet nima nadzora.<br \/>\nZavedam se tveganj in prostovoljno opravljam kolesarski izlet. Razumem, da bo Kolesarski Svet, \u010deprav bo\u00a0sprejel vse previdnosti, da bi zagotovil mojo varnost, Kolesarski svet ne bo odgovoren za kakr\u0161nokoli izgubo\u00a0ali \u0161kodo, ki bi jo utrpela katera koli oseba in lastnina zaradi njihove udele\u017ebe pri tak\u0161ni dejavnosti.<\/p>\n<p>Razumem in skrbno sem preu\u010dil tveganja, povezana s potovanjem te vrste. Sprejemam ta tveganja in\u00a0prevzemam polno odgovornost za morebitno izgubo, po\u0161kodbo ali \u0161kodo meni, moji dru\u017eini ali moji\u00a0vzdr\u017eevanci, ki se pojavljajo v zvezi z mojim sodelovanjem ali udele\u017ebo \u010dlanov moje dru\u017eine na poti. Imamo\u00a0lastno zavarovanje, ki ustreza na\u0161im potrebam v zvezi s tak\u0161no\u00a0 izgubo, po\u0161kodbo ali \u0161kodo.<\/p>\n<p><strong>Politika preklica<\/strong><br \/>\nUpo\u0161tevajte: Ko po\u0161ljete poizvedbo ali rezervacijo (prek e-po\u0161te ali spletnega obrazca z na\u0161e spletne strani\u00a0ali besedila na mobilnem telefonu), boste prejeli potrditveno e-po\u0161tno sporo\u010dilo. Posku\u0161amo odgovoriti\u00a0\u010dim prej in najpozneje ob 8 uri zve\u010der, \u010de ste naredili zadnjo poizvedbo (do 7 ure) v teko\u010dem dnevu. \u010ce\u00a0potrditveno e-po\u0161tno sporo\u010dilo ni prejeto, preverite mapo ne\u017eelene po\u0161te in nas obvestite.<br \/>\nV primeru, da rezervacije ne dose\u017eejo\u00a0 najmanj\u0161ega \u0161tevila udele\u017eencev, storitev, kot je opredeljena v tem\u00a0sporazumu, ne bo zagotovljena, in kakr\u0161no koli nakazilo, ki ga je opravila stranka (\u010de je primerno), bo\u00a0povrnjena.<br \/>\nIzlet ne bo potekal v primeru neugodnih vremenskih razmer ali izrednih dogodkov. Kolesarski Svet si v\u00a0vsakem od teh primerov pridr\u017euje pravico do lastne presoje pri ocenjevanju primernosti potovanj.<br \/>\nV primeru preklica potovanja iz razlogov, ki niso navedeni v prej\u0161njih dveh odstavkih, ima kupec pravico do\u00a0povra\u010dila pla\u010danega zneska ali, \u010de tako odlo\u010di stranka, je stranka upravi\u010dena do sodelovanja v eni naknadni\u00a0turneji, predvideni v naslednjih sedmih dneh po preklicu. \u010ce se stranka odlo\u010di, da bo sodelovala na\u00a0nadomestnem potovanju, se bodo<\/p>\n<p><strong>Kolesarski izleti\u00a0<\/strong><br \/>\nKolesarske ture bodo potekale v skladu s prilo\u017eenim programom. Kolesarski Svet strankam nudi kolesa, ki\u00a0bodo dostavljena v popolnem delovnem stanju in jih mora stranka v istem stanju vrniti ob koncu turneje.<br \/>\nUdele\u017eenci bodo med ogledom spremljali angle\u0161ko govore\u010di vodi\u010d. Cena za ogled je navedena na osebo, ki\u00a0vklju\u010duje davke. Pla\u010dilo lahko opravite na spletni strani ali v gotovini na dan na\u010drtovanega potovanja ali\u00a0prej, ne pa tudi s kreditno kartico v na\u0161i pisarni.<\/p>\n<p>Udele\u017eenci potovanja potrjujejo, da so v celoti odgovorni za svoja dejanja in da se odpove vsak zahtevek za\u00a0od\u0161kodnino Kolesarskemu Svetu.<br \/>\nStranke zlasti izjavljajo, da:<\/p>\n<p>\u2022 varno vozijo kolo v mestnem in pode\u017eelskem okolju;<br \/>\n\u2022 so dobrega zdravja;<br \/>\n\u2022 poznajo slovenske cestne predpise.<\/p>\n<p>Udele\u017eenci morajo biti prisotni na dogovorjeni zbirni to\u010dki 15 minut pred odhodom. Za posameznike, ki\u00a0niso prisotni na dogovorjenem zbirnem mestu, ni zagotovljeno vra\u010dilo in nobeno nadomestilo ne bo\u00a0zagotovljeno tistim, ki izgubijo stik s vodnikom skupine, ali \u010de ne opravijo turneje.<br \/>\nUdele\u017eenci ekskurzije morajo opravljati zdrav razum, preudarnost in skrbnost, zlasti v zvezi z opremo, ki jo\u00a0dru\u017eba zagotovi med izletom, pri \u010demer se udele\u017eenci strinjajo, da jih bodo uporabljali na lastno\u00a0odgovornost.<br \/>\nKolesarski svet si pridr\u017euje pravico, da spremeni program ali potovanje zaradi zaprtja, posebnih dogodkov\u00a0in \/ ali edinstvenih okoli\u0161\u010din, ki so zunaj na\u0161ega nadzora.<br \/>\nUdele\u017eenci imajo pravico, da vzamejo in kupijo osebno zavarovanje, da pokrijejo morebitno \u0161kodo sebi,\u00a0tretjim osebam ali opremi.<br \/>\nKolesarski Svet se odpove vsem zahtevkom za od\u0161kodnino proti njim in ne prevzema odgovornosti za\u00a0morebitno \u0161kodo udele\u017eencu, tretjim osebam in opremi, povzro\u010deni med ogledi.<br \/>\nOrganizacija ne prevzema odgovornosti za izgubo prtljage, denarja, dragocenosti ali drugih predmetov med\u00a0potovanjem.<br \/>\nNadalje sprejemam, da so vse fotografije in videoposnetki, ki jih opravijo vodniki, last Kolesarskega Sveta.<br \/>\nVse te slike ali videoposnetke ima Kolesarski Svet nepreklicno, brezpla\u010dno po vsem svetu, nepreklicno\u00a0licenco za uporabo za kakr\u0161nikoli namen.<br \/>\nUdele\u017eenci so odgovorni za vso \u0161kodo, ki jo lahko povzro\u010di Kolesarski Svet zaradi neizpolnjevanja zgoraj\u00a0navedenih obveznosti.<br \/>\nV primeru, da organizator pred odhodom pisno sporo\u010di svojo nepripravljenost za opravljanje storitev po tej\u00a0pogodbi in predlaga alternativno re\u0161itev, lahko stranka uveljavlja pravico, da se v celoti povrne ali se odlo\u010di,\u00a0da se pridru\u017ei alternativni storitvi.<br \/>\nStranke se strinjajo, da mora vse spore, ki bi lahko nastali zaradi razlage ali uporabe tega sporazuma,\u00a0re\u0161evati izklju\u010dno sodi\u0161\u010de v Ljubljani. Vsako drugo sodi\u0161\u010de je izrecno opro\u0161\u010deno.<br \/>\n\u200b<br \/>\n<strong>Uporaba na\u0161e spletne strani\u00a0<\/strong><br \/>\nKolesarski svet ali katera koli druga fizi\u010dna ali pravna oseba, ki sodeluje pri oblikovanju in izdelavi te spletne<br \/>\nstrani, ni odgovorna za kakr\u0161no koli \u0161kodo, nastalo zaradi dostopa do, uporabe ali nezmo\u017enosti uporabe\u00a0informacij in gradiva na spletnem mestu ali kakr\u0161ne koli neto\u010dnosti ali nepopolnosti njegove vsebine .<br \/>\nEkipa Kolesarskega Sveta ne odgovarja za kakr\u0161no koli \u0161kodo na ra\u010dunalni\u0161ki opremi, mobilnih telefonih ali\u00a0kateri koli drugi aplikaciji, ki ponuja dostop do te spletne strani.<\/p>\n<p>Vse fotografije so v lasti Zavoda za \u0161port, turizem in ekolo\u0161ko mobilnost Ljubljana in so zato predmet\u00a0avtorskih pravic. Njihova nadaljnja uporaba je prepovedana brez pisnega dovoljenja.<\/p>\n<p>Vsako kopiranje,\u00a0distribucija, sprememba ali druga oblika prenosa informacij in gradiva brez predhodnega pisnega\u00a0dovoljenja Kolesarskega Sveta je strogo prepovedano.<br \/>\nKo dostopate do spletnega mesta Kolesarski Svet ali ga uporabljate, se strinjate, da vas zavezujejo na\u0161i\u00a0pogoji in sprejmete pi\u0161kotke, za katere menimo, da so potrebni za na\u0161e delovanje.<\/p>\n<p>Uporaba te spletne strani v nasprotju z navedenimi pogoji je prepovedana. Kdor kr\u0161i na\u0161a pravila in\u00a0predpise, je materialno odgovoren in odgovoren za \u0161kodo.<\/p>\n","protected":false},"excerpt":{"rendered":"<p>PRIZNAVANJE TVEGANJA, SPROSTITVE IN OD\u0160KODNINA \u201cKolesarski Svet\u201d vodeni kolesarski izleti in druge aktivnosti organizira Zavod za \u0161port, turizem in ekolo\u0161ko\u00a0mobilnost Ljubljana (v nadaljnjem besedilu: Kolesarski Svet, katerega izraz vklju\u010duje povezane dru\u017ebe\u00a0Kolesarskega Sveta ter njihove zaposlene, vodnike, direktorje in zastopnike). Splo\u0161ni pogoji urejajo odnose\u00a0med gostom na ogledu in Kolesarskim Svetom. Priznavam, da: Dejavnosti Kolesarskega Sveta so namerno namenjene strankam tako, da jih\u00a0 peljemo izven\u00a0utrjenih poti. Ogledi vklju\u010dujejo telesno dejavnost, ki je<\/p>\n<div class=\"padding-top text-center\"><a href=\"https:\/\/kolesarski-svet.si\/sl\/splosni-pogoji\/\" class=\"atbtn atbtn--medium atbtn--rounded atbtn--transparent\">Preberi ve\u010d<i class=\"atbtn__icon atbtn__icon--right fa fa-long-arrow-right\"><\/i><\/a><\/div>\n","protected":false},"author":2,"featured_media":0,"parent":0,"menu_order":0,"comment_status":"closed","ping_status":"closed","template":"template-boxed.php","meta":{"footnotes":""},"class_list":["post-1622","page","type-page","status-publish","hentry"],"yoast_head":"<!-- This site is optimized with the Yoast SEO plugin v26.6 - https:\/\/yoast.com\/wordpress\/plugins\/seo\/ -->\n<title>Splo\u0161ni pogoji - Kolesarski Svet<\/title>\n<meta name=\"robots\" content=\"index, follow, max-snippet:-1, max-image-preview:large, max-video-preview:-1\" \/>\n<link rel=\"canonical\" href=\"https:\/\/kolesarski-svet.si\/sl\/splosni-pogoji\/\" \/>\n<meta property=\"og:locale\" content=\"sl_SI\" \/>\n<meta property=\"og:type\" content=\"article\" \/>\n<meta property=\"og:title\" content=\"Splo\u0161ni pogoji - Kolesarski Svet\" \/>\n<meta property=\"og:description\" content=\"PRIZNAVANJE TVEGANJA, SPROSTITVE IN OD\u0160KODNINA \u201cKolesarski Svet\u201d vodeni kolesarski izleti in druge aktivnosti organizira Zavod za \u0161port, turizem in ekolo\u0161ko\u00a0mobilnost Ljubljana (v nadaljnjem besedilu: Kolesarski Svet, katerega izraz vklju\u010duje povezane dru\u017ebe\u00a0Kolesarskega Sveta ter njihove zaposlene, vodnike, direktorje in zastopnike). Splo\u0161ni pogoji urejajo odnose\u00a0med gostom na ogledu in Kolesarskim Svetom. Priznavam, da: Dejavnosti Kolesarskega Sveta so namerno namenjene strankam tako, da jih\u00a0 peljemo izven\u00a0utrjenih poti. Ogledi vklju\u010dujejo telesno dejavnost, ki jePreberi ve\u010d\" \/>\n<meta property=\"og:url\" content=\"https:\/\/kolesarski-svet.si\/sl\/splosni-pogoji\/\" \/>\n<meta property=\"og:site_name\" content=\"Kolesarski Svet\" \/>\n<meta property=\"article:publisher\" content=\"https:\/\/www.facebook.com\/KolesarskiSvet\/\" \/>\n<meta property=\"article:modified_time\" content=\"2018-08-02T21:13:45+00:00\" \/>\n<meta name=\"twitter:card\" content=\"summary_large_image\" \/>\n<meta name=\"twitter:label1\" content=\"Est. reading time\" \/>\n\t<meta name=\"twitter:data1\" content=\"5 minut\" \/>\n<script type=\"application\/ld+json\" class=\"yoast-schema-graph\">{\"@context\":\"https:\/\/schema.org\",\"@graph\":[{\"@type\":\"WebPage\",\"@id\":\"https:\/\/kolesarski-svet.si\/sl\/splosni-pogoji\/\",\"url\":\"https:\/\/kolesarski-svet.si\/sl\/splosni-pogoji\/\",\"name\":\"Splo\u0161ni pogoji - Kolesarski Svet\",\"isPartOf\":{\"@id\":\"https:\/\/kolesarski-svet.si\/#website\"},\"datePublished\":\"2018-08-02T19:18:49+00:00\",\"dateModified\":\"2018-08-02T21:13:45+00:00\",\"breadcrumb\":{\"@id\":\"https:\/\/kolesarski-svet.si\/sl\/splosni-pogoji\/#breadcrumb\"},\"inLanguage\":\"sl-SI\",\"potentialAction\":[{\"@type\":\"ReadAction\",\"target\":[\"https:\/\/kolesarski-svet.si\/sl\/splosni-pogoji\/\"]}]},{\"@type\":\"BreadcrumbList\",\"@id\":\"https:\/\/kolesarski-svet.si\/sl\/splosni-pogoji\/#breadcrumb\",\"itemListElement\":[{\"@type\":\"ListItem\",\"position\":1,\"name\":\"Home\",\"item\":\"https:\/\/kolesarski-svet.si\/sl\/kolesarski-svet-domov\/\"},{\"@type\":\"ListItem\",\"position\":2,\"name\":\"Splo\u0161ni pogoji\"}]},{\"@type\":\"WebSite\",\"@id\":\"https:\/\/kolesarski-svet.si\/#website\",\"url\":\"https:\/\/kolesarski-svet.si\/\",\"name\":\"Kolesarski Svet\",\"description\":\"Do\u017eivite lepote Slovenije na kolesu\",\"publisher\":{\"@id\":\"https:\/\/kolesarski-svet.si\/#organization\"},\"potentialAction\":[{\"@type\":\"SearchAction\",\"target\":{\"@type\":\"EntryPoint\",\"urlTemplate\":\"https:\/\/kolesarski-svet.si\/?s={search_term_string}\"},\"query-input\":{\"@type\":\"PropertyValueSpecification\",\"valueRequired\":true,\"valueName\":\"search_term_string\"}}],\"inLanguage\":\"sl-SI\"},{\"@type\":\"Organization\",\"@id\":\"https:\/\/kolesarski-svet.si\/#organization\",\"name\":\"Kolesarski Svet\",\"url\":\"https:\/\/kolesarski-svet.si\/\",\"logo\":{\"@type\":\"ImageObject\",\"inLanguage\":\"sl-SI\",\"@id\":\"https:\/\/kolesarski-svet.si\/#\/schema\/logo\/image\/\",\"url\":\"https:\/\/kolesarski-svet.si\/wp-content\/uploads\/2018\/03\/logo-KS-170.png\",\"contentUrl\":\"https:\/\/kolesarski-svet.si\/wp-content\/uploads\/2018\/03\/logo-KS-170.png\",\"width\":170,\"height\":120,\"caption\":\"Kolesarski Svet\"},\"image\":{\"@id\":\"https:\/\/kolesarski-svet.si\/#\/schema\/logo\/image\/\"},\"sameAs\":[\"https:\/\/www.facebook.com\/KolesarskiSvet\/\",\"https:\/\/www.youtube.com\/channel\/UCaR0d_D0MFnxI1Wpxa2nkAA\"]}]}<\/script>\n<!-- \/ Yoast SEO plugin. -->","yoast_head_json":{"title":"Splo\u0161ni pogoji - Kolesarski Svet","robots":{"index":"index","follow":"follow","max-snippet":"max-snippet:-1","max-image-preview":"max-image-preview:large","max-video-preview":"max-video-preview:-1"},"canonical":"https:\/\/kolesarski-svet.si\/sl\/splosni-pogoji\/","og_locale":"sl_SI","og_type":"article","og_title":"Splo\u0161ni pogoji - Kolesarski Svet","og_description":"PRIZNAVANJE TVEGANJA, SPROSTITVE IN OD\u0160KODNINA \u201cKolesarski Svet\u201d vodeni kolesarski izleti in druge aktivnosti organizira Zavod za \u0161port, turizem in ekolo\u0161ko\u00a0mobilnost Ljubljana (v nadaljnjem besedilu: Kolesarski Svet, katerega izraz vklju\u010duje povezane dru\u017ebe\u00a0Kolesarskega Sveta ter njihove zaposlene, vodnike, direktorje in zastopnike). Splo\u0161ni pogoji urejajo odnose\u00a0med gostom na ogledu in Kolesarskim Svetom. Priznavam, da: Dejavnosti Kolesarskega Sveta so namerno namenjene strankam tako, da jih\u00a0 peljemo izven\u00a0utrjenih poti. Ogledi vklju\u010dujejo telesno dejavnost, ki jePreberi ve\u010d","og_url":"https:\/\/kolesarski-svet.si\/sl\/splosni-pogoji\/","og_site_name":"Kolesarski Svet","article_publisher":"https:\/\/www.facebook.com\/KolesarskiSvet\/","article_modified_time":"2018-08-02T21:13:45+00:00","twitter_card":"summary_large_image","twitter_misc":{"Est. reading time":"5 minut"},"schema":{"@context":"https:\/\/schema.org","@graph":[{"@type":"WebPage","@id":"https:\/\/kolesarski-svet.si\/sl\/splosni-pogoji\/","url":"https:\/\/kolesarski-svet.si\/sl\/splosni-pogoji\/","name":"Splo\u0161ni pogoji - Kolesarski Svet","isPartOf":{"@id":"https:\/\/kolesarski-svet.si\/#website"},"datePublished":"2018-08-02T19:18:49+00:00","dateModified":"2018-08-02T21:13:45+00:00","breadcrumb":{"@id":"https:\/\/kolesarski-svet.si\/sl\/splosni-pogoji\/#breadcrumb"},"inLanguage":"sl-SI","potentialAction":[{"@type":"ReadAction","target":["https:\/\/kolesarski-svet.si\/sl\/splosni-pogoji\/"]}]},{"@type":"BreadcrumbList","@id":"https:\/\/kolesarski-svet.si\/sl\/splosni-pogoji\/#breadcrumb","itemListElement":[{"@type":"ListItem","position":1,"name":"Home","item":"https:\/\/kolesarski-svet.si\/sl\/kolesarski-svet-domov\/"},{"@type":"ListItem","position":2,"name":"Splo\u0161ni pogoji"}]},{"@type":"WebSite","@id":"https:\/\/kolesarski-svet.si\/#website","url":"https:\/\/kolesarski-svet.si\/","name":"Kolesarski Svet","description":"Do\u017eivite lepote Slovenije na kolesu","publisher":{"@id":"https:\/\/kolesarski-svet.si\/#organization"},"potentialAction":[{"@type":"SearchAction","target":{"@type":"EntryPoint","urlTemplate":"https:\/\/kolesarski-svet.si\/?s={search_term_string}"},"query-input":{"@type":"PropertyValueSpecification","valueRequired":true,"valueName":"search_term_string"}}],"inLanguage":"sl-SI"},{"@type":"Organization","@id":"https:\/\/kolesarski-svet.si\/#organization","name":"Kolesarski Svet","url":"https:\/\/kolesarski-svet.si\/","logo":{"@type":"ImageObject","inLanguage":"sl-SI","@id":"https:\/\/kolesarski-svet.si\/#\/schema\/logo\/image\/","url":"https:\/\/kolesarski-svet.si\/wp-content\/uploads\/2018\/03\/logo-KS-170.png","contentUrl":"https:\/\/kolesarski-svet.si\/wp-content\/uploads\/2018\/03\/logo-KS-170.png","width":170,"height":120,"caption":"Kolesarski Svet"},"image":{"@id":"https:\/\/kolesarski-svet.si\/#\/schema\/logo\/image\/"},"sameAs":["https:\/\/www.facebook.com\/KolesarskiSvet\/","https:\/\/www.youtube.com\/channel\/UCaR0d_D0MFnxI1Wpxa2nkAA"]}]}},"_links":{"self":[{"href":"https:\/\/kolesarski-svet.si\/sl\/wp-json\/wp\/v2\/pages\/1622","targetHints":{"allow":["GET"]}}],"collection":[{"href":"https:\/\/kolesarski-svet.si\/sl\/wp-json\/wp\/v2\/pages"}],"about":[{"href":"https:\/\/kolesarski-svet.si\/sl\/wp-json\/wp\/v2\/types\/page"}],"author":[{"embeddable":true,"href":"https:\/\/kolesarski-svet.si\/sl\/wp-json\/wp\/v2\/users\/2"}],"replies":[{"embeddable":true,"href":"https:\/\/kolesarski-svet.si\/sl\/wp-json\/wp\/v2\/comments?post=1622"}],"version-history":[{"count":1,"href":"https:\/\/kolesarski-svet.si\/sl\/wp-json\/wp\/v2\/pages\/1622\/revisions"}],"predecessor-version":[{"id":1623,"href":"https:\/\/kolesarski-svet.si\/sl\/wp-json\/wp\/v2\/pages\/1622\/revisions\/1623"}],"wp:attachment":[{"href":"https:\/\/kolesarski-svet.si\/sl\/wp-json\/wp\/v2\/media?parent=1622"}],"curies":[{"name":"wp","href":"https:\/\/api.w.org\/{rel}","templated":true}]}}