{"id":1680,"date":"2018-08-04T11:40:35","date_gmt":"2018-08-04T11:40:35","guid":{"rendered":"https:\/\/kolesarski-svet.si\/politika-zasebnosti\/"},"modified":"2019-12-18T21:13:55","modified_gmt":"2019-12-18T21:13:55","slug":"politika-zasebnosti","status":"publish","type":"page","link":"https:\/\/kolesarski-svet.si\/sl\/politika-zasebnosti\/","title":{"rendered":"Politika zasebnosti"},"content":{"rendered":"<p><strong>Registracija, vpis osebnih podatkov in naro\u010danje<\/strong><\/p>\n<p>Registracija in\/ali vpis osebnih podatkov v spletno trgovino Kolesarski Svet, je izklju\u010dno potrebna samo za pravilno izvajanje storitev spletne trgovine Kolesarski Svet.<\/p>\n<p>Obvezujemo se, da uporabnikovi podatki v nobenem primeru ne bodo predani tretji osebi. Uporabnikom je na voljo vpogled v podatke, ki jih hranimo o njih preko njihovega uporabni\u0161kega ra\u010duna.<\/p>\n<p>Pri procesu naro\u010danja so vsi podatki med prenosom za\u0161\u010diteni proti nepoobla\u0161\u010denim vpogledom s spletnim za\u0161\u010ditnim protokolom SSL (http:\/\/en.wikipedia.org\/wiki\/Secure_Sockets_Layer), saj stre\u017enik na kateregem gostuje www.kolesarski svet.si uporablja certifikat Thawte.<\/p>\n<p>S klikom na ikono lahko preverite veljavnost SSL certifikata za stre\u017enik www.kolesarski-svet.si<\/p>\n<p>Pri pla\u010dilu s kreditno kartico ali preko sistema PayPal podatke vna\u0161ate na spletnih straneh podjetij Bankart in PayPal. Po vnosu podatkov in preveritvi podatkov s strani teh podjetij boste preusmerjeni nazaj, kjer se bo naro\u010dilo zaklju\u010dilo.<\/p>\n<p>Spletna trgovina Kolesarski Svet na svojih stre\u017enikih tako <strong>NE HRANI<\/strong> nikakr\u0161nih podatkov o kreditnih karticah.<\/p>\n","protected":false},"excerpt":{"rendered":"<p>Registracija, vpis osebnih podatkov in naro\u010danje Registracija in\/ali vpis osebnih podatkov v spletno trgovino Kolesarski Svet, je izklju\u010dno potrebna samo za pravilno izvajanje storitev spletne trgovine Kolesarski Svet. Obvezujemo se, da uporabnikovi podatki v nobenem primeru ne bodo predani tretji osebi. Uporabnikom je na voljo vpogled v podatke, ki jih hranimo o njih preko njihovega uporabni\u0161kega ra\u010duna. Pri procesu naro\u010danja so vsi podatki med prenosom za\u0161\u010diteni proti nepoobla\u0161\u010denim vpogledom s<\/p>\n<div class=\"padding-top text-center\"><a href=\"https:\/\/kolesarski-svet.si\/sl\/politika-zasebnosti\/\" class=\"atbtn atbtn--medium atbtn--rounded atbtn--transparent\">Preberi ve\u010d<i class=\"atbtn__icon atbtn__icon--right fa fa-long-arrow-right\"><\/i><\/a><\/div>\n","protected":false},"author":2,"featured_media":0,"parent":0,"menu_order":0,"comment_status":"closed","ping_status":"closed","template":"template-page-with-sidebar.php","meta":{"footnotes":""},"class_list":["post-1680","page","type-page","status-publish","hentry"],"yoast_head":"<!-- This site is optimized with the Yoast SEO plugin v26.6 - https:\/\/yoast.com\/wordpress\/plugins\/seo\/ -->\n<title>Politika zasebnosti - Kolesarski Svet<\/title>\n<meta name=\"robots\" content=\"index, follow, max-snippet:-1, max-image-preview:large, max-video-preview:-1\" \/>\n<link rel=\"canonical\" href=\"https:\/\/kolesarski-svet.si\/sl\/politika-zasebnosti\/\" \/>\n<meta property=\"og:locale\" content=\"sl_SI\" \/>\n<meta property=\"og:type\" content=\"article\" \/>\n<meta property=\"og:title\" content=\"Politika zasebnosti - Kolesarski Svet\" \/>\n<meta property=\"og:description\" content=\"Registracija, vpis osebnih podatkov in naro\u010danje Registracija in\/ali vpis osebnih podatkov v spletno trgovino Kolesarski Svet, je izklju\u010dno potrebna samo za pravilno izvajanje storitev spletne trgovine Kolesarski Svet. Obvezujemo se, da uporabnikovi podatki v nobenem primeru ne bodo predani tretji osebi. Uporabnikom je na voljo vpogled v podatke, ki jih hranimo o njih preko njihovega uporabni\u0161kega ra\u010duna. Pri procesu naro\u010danja so vsi podatki med prenosom za\u0161\u010diteni proti nepoobla\u0161\u010denim vpogledom sPreberi ve\u010d\" \/>\n<meta property=\"og:url\" content=\"https:\/\/kolesarski-svet.si\/sl\/politika-zasebnosti\/\" \/>\n<meta property=\"og:site_name\" content=\"Kolesarski Svet\" \/>\n<meta property=\"article:publisher\" content=\"https:\/\/www.facebook.com\/KolesarskiSvet\/\" \/>\n<meta property=\"article:modified_time\" content=\"2019-12-18T21:13:55+00:00\" \/>\n<meta name=\"twitter:card\" content=\"summary_large_image\" \/>\n<meta name=\"twitter:label1\" content=\"Est. reading time\" \/>\n\t<meta name=\"twitter:data1\" content=\"1 minuta\" \/>\n<script type=\"application\/ld+json\" class=\"yoast-schema-graph\">{\"@context\":\"https:\/\/schema.org\",\"@graph\":[{\"@type\":\"WebPage\",\"@id\":\"https:\/\/kolesarski-svet.si\/sl\/politika-zasebnosti\/\",\"url\":\"https:\/\/kolesarski-svet.si\/sl\/politika-zasebnosti\/\",\"name\":\"Politika zasebnosti - Kolesarski Svet\",\"isPartOf\":{\"@id\":\"https:\/\/kolesarski-svet.si\/#website\"},\"datePublished\":\"2018-08-04T11:40:35+00:00\",\"dateModified\":\"2019-12-18T21:13:55+00:00\",\"breadcrumb\":{\"@id\":\"https:\/\/kolesarski-svet.si\/sl\/politika-zasebnosti\/#breadcrumb\"},\"inLanguage\":\"sl-SI\",\"potentialAction\":[{\"@type\":\"ReadAction\",\"target\":[\"https:\/\/kolesarski-svet.si\/sl\/politika-zasebnosti\/\"]}]},{\"@type\":\"BreadcrumbList\",\"@id\":\"https:\/\/kolesarski-svet.si\/sl\/politika-zasebnosti\/#breadcrumb\",\"itemListElement\":[{\"@type\":\"ListItem\",\"position\":1,\"name\":\"Home\",\"item\":\"https:\/\/kolesarski-svet.si\/sl\/kolesarski-svet-domov\/\"},{\"@type\":\"ListItem\",\"position\":2,\"name\":\"Politika zasebnosti\"}]},{\"@type\":\"WebSite\",\"@id\":\"https:\/\/kolesarski-svet.si\/#website\",\"url\":\"https:\/\/kolesarski-svet.si\/\",\"name\":\"Kolesarski Svet\",\"description\":\"Do\u017eivite lepote Slovenije na kolesu\",\"publisher\":{\"@id\":\"https:\/\/kolesarski-svet.si\/#organization\"},\"potentialAction\":[{\"@type\":\"SearchAction\",\"target\":{\"@type\":\"EntryPoint\",\"urlTemplate\":\"https:\/\/kolesarski-svet.si\/?s={search_term_string}\"},\"query-input\":{\"@type\":\"PropertyValueSpecification\",\"valueRequired\":true,\"valueName\":\"search_term_string\"}}],\"inLanguage\":\"sl-SI\"},{\"@type\":\"Organization\",\"@id\":\"https:\/\/kolesarski-svet.si\/#organization\",\"name\":\"Kolesarski Svet\",\"url\":\"https:\/\/kolesarski-svet.si\/\",\"logo\":{\"@type\":\"ImageObject\",\"inLanguage\":\"sl-SI\",\"@id\":\"https:\/\/kolesarski-svet.si\/#\/schema\/logo\/image\/\",\"url\":\"https:\/\/kolesarski-svet.si\/wp-content\/uploads\/2018\/03\/logo-KS-170.png\",\"contentUrl\":\"https:\/\/kolesarski-svet.si\/wp-content\/uploads\/2018\/03\/logo-KS-170.png\",\"width\":170,\"height\":120,\"caption\":\"Kolesarski Svet\"},\"image\":{\"@id\":\"https:\/\/kolesarski-svet.si\/#\/schema\/logo\/image\/\"},\"sameAs\":[\"https:\/\/www.facebook.com\/KolesarskiSvet\/\",\"https:\/\/www.youtube.com\/channel\/UCaR0d_D0MFnxI1Wpxa2nkAA\"]}]}<\/script>\n<!-- \/ Yoast SEO plugin. -->","yoast_head_json":{"title":"Politika zasebnosti - Kolesarski Svet","robots":{"index":"index","follow":"follow","max-snippet":"max-snippet:-1","max-image-preview":"max-image-preview:large","max-video-preview":"max-video-preview:-1"},"canonical":"https:\/\/kolesarski-svet.si\/sl\/politika-zasebnosti\/","og_locale":"sl_SI","og_type":"article","og_title":"Politika zasebnosti - Kolesarski Svet","og_description":"Registracija, vpis osebnih podatkov in naro\u010danje Registracija in\/ali vpis osebnih podatkov v spletno trgovino Kolesarski Svet, je izklju\u010dno potrebna samo za pravilno izvajanje storitev spletne trgovine Kolesarski Svet. Obvezujemo se, da uporabnikovi podatki v nobenem primeru ne bodo predani tretji osebi. Uporabnikom je na voljo vpogled v podatke, ki jih hranimo o njih preko njihovega uporabni\u0161kega ra\u010duna. Pri procesu naro\u010danja so vsi podatki med prenosom za\u0161\u010diteni proti nepoobla\u0161\u010denim vpogledom sPreberi ve\u010d","og_url":"https:\/\/kolesarski-svet.si\/sl\/politika-zasebnosti\/","og_site_name":"Kolesarski Svet","article_publisher":"https:\/\/www.facebook.com\/KolesarskiSvet\/","article_modified_time":"2019-12-18T21:13:55+00:00","twitter_card":"summary_large_image","twitter_misc":{"Est. reading time":"1 minuta"},"schema":{"@context":"https:\/\/schema.org","@graph":[{"@type":"WebPage","@id":"https:\/\/kolesarski-svet.si\/sl\/politika-zasebnosti\/","url":"https:\/\/kolesarski-svet.si\/sl\/politika-zasebnosti\/","name":"Politika zasebnosti - Kolesarski Svet","isPartOf":{"@id":"https:\/\/kolesarski-svet.si\/#website"},"datePublished":"2018-08-04T11:40:35+00:00","dateModified":"2019-12-18T21:13:55+00:00","breadcrumb":{"@id":"https:\/\/kolesarski-svet.si\/sl\/politika-zasebnosti\/#breadcrumb"},"inLanguage":"sl-SI","potentialAction":[{"@type":"ReadAction","target":["https:\/\/kolesarski-svet.si\/sl\/politika-zasebnosti\/"]}]},{"@type":"BreadcrumbList","@id":"https:\/\/kolesarski-svet.si\/sl\/politika-zasebnosti\/#breadcrumb","itemListElement":[{"@type":"ListItem","position":1,"name":"Home","item":"https:\/\/kolesarski-svet.si\/sl\/kolesarski-svet-domov\/"},{"@type":"ListItem","position":2,"name":"Politika zasebnosti"}]},{"@type":"WebSite","@id":"https:\/\/kolesarski-svet.si\/#website","url":"https:\/\/kolesarski-svet.si\/","name":"Kolesarski Svet","description":"Do\u017eivite lepote Slovenije na kolesu","publisher":{"@id":"https:\/\/kolesarski-svet.si\/#organization"},"potentialAction":[{"@type":"SearchAction","target":{"@type":"EntryPoint","urlTemplate":"https:\/\/kolesarski-svet.si\/?s={search_term_string}"},"query-input":{"@type":"PropertyValueSpecification","valueRequired":true,"valueName":"search_term_string"}}],"inLanguage":"sl-SI"},{"@type":"Organization","@id":"https:\/\/kolesarski-svet.si\/#organization","name":"Kolesarski Svet","url":"https:\/\/kolesarski-svet.si\/","logo":{"@type":"ImageObject","inLanguage":"sl-SI","@id":"https:\/\/kolesarski-svet.si\/#\/schema\/logo\/image\/","url":"https:\/\/kolesarski-svet.si\/wp-content\/uploads\/2018\/03\/logo-KS-170.png","contentUrl":"https:\/\/kolesarski-svet.si\/wp-content\/uploads\/2018\/03\/logo-KS-170.png","width":170,"height":120,"caption":"Kolesarski Svet"},"image":{"@id":"https:\/\/kolesarski-svet.si\/#\/schema\/logo\/image\/"},"sameAs":["https:\/\/www.facebook.com\/KolesarskiSvet\/","https:\/\/www.youtube.com\/channel\/UCaR0d_D0MFnxI1Wpxa2nkAA"]}]}},"_links":{"self":[{"href":"https:\/\/kolesarski-svet.si\/sl\/wp-json\/wp\/v2\/pages\/1680","targetHints":{"allow":["GET"]}}],"collection":[{"href":"https:\/\/kolesarski-svet.si\/sl\/wp-json\/wp\/v2\/pages"}],"about":[{"href":"https:\/\/kolesarski-svet.si\/sl\/wp-json\/wp\/v2\/types\/page"}],"author":[{"embeddable":true,"href":"https:\/\/kolesarski-svet.si\/sl\/wp-json\/wp\/v2\/users\/2"}],"replies":[{"embeddable":true,"href":"https:\/\/kolesarski-svet.si\/sl\/wp-json\/wp\/v2\/comments?post=1680"}],"version-history":[{"count":1,"href":"https:\/\/kolesarski-svet.si\/sl\/wp-json\/wp\/v2\/pages\/1680\/revisions"}],"predecessor-version":[{"id":2818,"href":"https:\/\/kolesarski-svet.si\/sl\/wp-json\/wp\/v2\/pages\/1680\/revisions\/2818"}],"wp:attachment":[{"href":"https:\/\/kolesarski-svet.si\/sl\/wp-json\/wp\/v2\/media?parent=1680"}],"curies":[{"name":"wp","href":"https:\/\/api.w.org\/{rel}","templated":true}]}}