{"id":2121,"date":"2018-09-01T16:17:55","date_gmt":"2018-09-01T16:17:55","guid":{"rendered":"https:\/\/kolesarski-svet.si\/gdpr-center-zasebnosti\/"},"modified":"2018-09-01T16:17:55","modified_gmt":"2018-09-01T16:17:55","slug":"gdpr-center-zasebnosti","status":"publish","type":"page","link":"https:\/\/kolesarski-svet.si\/sl\/gdpr-center-zasebnosti\/","title":{"rendered":"GDPR center zasebnosti"},"content":{"rendered":"<div class=\"wordpress-gdpr-privacy-center\"><div class=\"wordpress-gdpr-privacy-center-items\"><a href=\"https:\/\/kolesarski-svet.si\/contact-dpo\/\" class=\"wordpress-gdpr-privacy-center-item\"><div class=\"wordpress-gdpr-privacy-center-item-contactDPO\"><i class=\"fa fa-user-circle-o\"><\/i><h2 class=\"wordpress-gdpr-privacy-center-item-headline\">DPO Kontakt<\/h2><p class=\"wordpress-gdpr-privacy-center-item-desc\">Kontaktirajte osebno zadol\u017eeno za va\u0161e podatke.<\/p><div class=\"wordpress-gdpr-privacy-center-item-action\">Preberi ve\u010d<\/div><\/div><\/a><a href=\"https:\/\/kolesarski-svet.si\/cookies\/\" class=\"wordpress-gdpr-privacy-center-item\"><div class=\"wordpress-gdpr-privacy-center-item-cookiePolicy\"><i class=\"fa  fa-list-alt\"><\/i><h2 class=\"wordpress-gdpr-privacy-center-item-headline\">Pravilnik o pi\u0161kotkih<\/h2><p class=\"wordpress-gdpr-privacy-center-item-desc\">Preberite ve\u010d o pi\u0161kotkih, ki jih uporabljamo.<\/p><div class=\"wordpress-gdpr-privacy-center-item-action\">Preberi ve\u010d<\/div><\/div><\/a><a href=\"https:\/\/kolesarski-svet.si\/forget-me\/\" class=\"wordpress-gdpr-privacy-center-item wordpress-gdpr-privacy-center-item-last\"><div class=\"wordpress-gdpr-privacy-center-item-forgetMe\"><i class=\"fa fa-eraser\"><\/i><h2 class=\"wordpress-gdpr-privacy-center-item-headline\">Izbris mojih podatkov<\/h2><p class=\"wordpress-gdpr-privacy-center-item-desc\">Po\u0161lji zahtevek za izbris va\u0161ih osebnih podatkov.<\/p><div class=\"wordpress-gdpr-privacy-center-item-action\">Preberi ve\u010d<\/div><\/div><\/a><a href=\"https:\/\/kolesarski-svet.si\/request-data\/\" class=\"wordpress-gdpr-privacy-center-item\"><div class=\"wordpress-gdpr-privacy-center-item-requestData\"><i class=\"fa fa-database\"><\/i><h2 class=\"wordpress-gdpr-privacy-center-item-headline\">Zahtevaj podatke<\/h2><p class=\"wordpress-gdpr-privacy-center-item-desc\">Po\u0161ljite zahtevo, da dobite kopijo vseh shranjenih podatkov.<\/p><div class=\"wordpress-gdpr-privacy-center-item-action\">Preberi ve\u010d<\/div><\/div><\/a><a href=\"https:\/\/kolesarski-svet.si\/privacy-policy\/\" class=\"wordpress-gdpr-privacy-center-item\"><div class=\"wordpress-gdpr-privacy-center-item-privacyPolicy\"><i class=\"fa fa-file-text\"><\/i><h2 class=\"wordpress-gdpr-privacy-center-item-headline\">Politika zasebnosti<\/h2><p class=\"wordpress-gdpr-privacy-center-item-desc\">Ve\u010d o pravilniku zasebnosti najdete tu.<\/p><div class=\"wordpress-gdpr-privacy-center-item-action\">Preberi ve\u010d<\/div><\/div><\/a><a href=\"#\" class=\"wordpress-gdpr-privacy-center-item wordpress-gdpr-open-privacy-settings-modal wordpress-gdpr-privacy-center-item-last\"><div class=\"wordpress-gdpr-privacy-center-item-privacySettings\"><i class=\"fa fa-user-secret\"><\/i><h2 class=\"wordpress-gdpr-privacy-center-item-headline\">Nastavitve zasebnosti<\/h2><p class=\"wordpress-gdpr-privacy-center-item-desc\">Tu lahko uredite svoje osebne nastavitve zasebnosti<\/p><div class=\"wordpress-gdpr-privacy-center-item-action\">Preberi ve\u010d<\/div><\/div><\/a><a href=\"https:\/\/kolesarski-svet.si\/terms-conditions\/\" class=\"wordpress-gdpr-privacy-center-item\"><div class=\"wordpress-gdpr-privacy-center-item-termsConditions\"><i class=\"fa fa-align-left\"><\/i><h2 class=\"wordpress-gdpr-privacy-center-item-headline\">Pogoji poslovanja<\/h2><p class=\"wordpress-gdpr-privacy-center-item-desc\">Preberite ve\u010d o pogojih poslovanja na na\u0161i strani.<\/p><div class=\"wordpress-gdpr-privacy-center-item-action\">Preberi ve\u010d<\/div><\/div><\/a><\/div><\/div>\n","protected":false},"excerpt":{"rendered":"DPO KontaktKontaktirajte osebno zadol\u017eeno za va\u0161e podatke.Preberi ve\u010dPravilnik o pi\u0161kotkihPreberite ve\u010d o pi\u0161kotkih, ki jih uporabljamo.Preberi ve\u010dIzbris mojih podatkovPo\u0161lji zahtevek za izbris va\u0161ih osebnih podatkov.Preberi ve\u010dZahtevaj podatkePo\u0161ljite zahtevo, da dobite kopijo vseh shranjenih podatkov.Preberi ve\u010dPolitika zasebnostiVe\u010d o pravilniku zasebnosti najdete tu.Preberi ve\u010dNastavitve zasebnostiTu lahko uredite svoje osebne nastavitve zasebnostiPreberi ve\u010dPogoji poslovanjaPreberite ve\u010d o pogojih poslovanja na na\u0161i strani.Preberi ve\u010d","protected":false},"author":2,"featured_media":0,"parent":0,"menu_order":0,"comment_status":"closed","ping_status":"closed","template":"","meta":{"footnotes":""},"class_list":["post-2121","page","type-page","status-publish","hentry"],"yoast_head":"<!-- This site is optimized with the Yoast SEO plugin v26.6 - https:\/\/yoast.com\/wordpress\/plugins\/seo\/ -->\n<title>GDPR center zasebnosti - Kolesarski Svet<\/title>\n<meta name=\"robots\" content=\"index, follow, max-snippet:-1, max-image-preview:large, max-video-preview:-1\" \/>\n<link rel=\"canonical\" href=\"https:\/\/kolesarski-svet.si\/sl\/gdpr-center-zasebnosti\/\" \/>\n<meta property=\"og:locale\" content=\"sl_SI\" \/>\n<meta property=\"og:type\" content=\"article\" \/>\n<meta property=\"og:title\" content=\"GDPR center zasebnosti - Kolesarski Svet\" \/>\n<meta property=\"og:url\" content=\"https:\/\/kolesarski-svet.si\/sl\/gdpr-center-zasebnosti\/\" \/>\n<meta property=\"og:site_name\" content=\"Kolesarski Svet\" \/>\n<meta property=\"article:publisher\" content=\"https:\/\/www.facebook.com\/KolesarskiSvet\/\" \/>\n<meta name=\"twitter:card\" content=\"summary_large_image\" \/>\n<script type=\"application\/ld+json\" class=\"yoast-schema-graph\">{\"@context\":\"https:\/\/schema.org\",\"@graph\":[{\"@type\":\"WebPage\",\"@id\":\"https:\/\/kolesarski-svet.si\/sl\/gdpr-center-zasebnosti\/\",\"url\":\"https:\/\/kolesarski-svet.si\/sl\/gdpr-center-zasebnosti\/\",\"name\":\"GDPR center zasebnosti - Kolesarski Svet\",\"isPartOf\":{\"@id\":\"https:\/\/kolesarski-svet.si\/#website\"},\"datePublished\":\"2018-09-01T16:17:55+00:00\",\"breadcrumb\":{\"@id\":\"https:\/\/kolesarski-svet.si\/sl\/gdpr-center-zasebnosti\/#breadcrumb\"},\"inLanguage\":\"sl-SI\",\"potentialAction\":[{\"@type\":\"ReadAction\",\"target\":[\"https:\/\/kolesarski-svet.si\/sl\/gdpr-center-zasebnosti\/\"]}]},{\"@type\":\"BreadcrumbList\",\"@id\":\"https:\/\/kolesarski-svet.si\/sl\/gdpr-center-zasebnosti\/#breadcrumb\",\"itemListElement\":[{\"@type\":\"ListItem\",\"position\":1,\"name\":\"Home\",\"item\":\"https:\/\/kolesarski-svet.si\/sl\/kolesarski-svet-domov\/\"},{\"@type\":\"ListItem\",\"position\":2,\"name\":\"GDPR center zasebnosti\"}]},{\"@type\":\"WebSite\",\"@id\":\"https:\/\/kolesarski-svet.si\/#website\",\"url\":\"https:\/\/kolesarski-svet.si\/\",\"name\":\"Kolesarski Svet\",\"description\":\"Do\u017eivite lepote Slovenije na kolesu\",\"publisher\":{\"@id\":\"https:\/\/kolesarski-svet.si\/#organization\"},\"potentialAction\":[{\"@type\":\"SearchAction\",\"target\":{\"@type\":\"EntryPoint\",\"urlTemplate\":\"https:\/\/kolesarski-svet.si\/?s={search_term_string}\"},\"query-input\":{\"@type\":\"PropertyValueSpecification\",\"valueRequired\":true,\"valueName\":\"search_term_string\"}}],\"inLanguage\":\"sl-SI\"},{\"@type\":\"Organization\",\"@id\":\"https:\/\/kolesarski-svet.si\/#organization\",\"name\":\"Kolesarski Svet\",\"url\":\"https:\/\/kolesarski-svet.si\/\",\"logo\":{\"@type\":\"ImageObject\",\"inLanguage\":\"sl-SI\",\"@id\":\"https:\/\/kolesarski-svet.si\/#\/schema\/logo\/image\/\",\"url\":\"https:\/\/kolesarski-svet.si\/wp-content\/uploads\/2018\/03\/logo-KS-170.png\",\"contentUrl\":\"https:\/\/kolesarski-svet.si\/wp-content\/uploads\/2018\/03\/logo-KS-170.png\",\"width\":170,\"height\":120,\"caption\":\"Kolesarski Svet\"},\"image\":{\"@id\":\"https:\/\/kolesarski-svet.si\/#\/schema\/logo\/image\/\"},\"sameAs\":[\"https:\/\/www.facebook.com\/KolesarskiSvet\/\",\"https:\/\/www.youtube.com\/channel\/UCaR0d_D0MFnxI1Wpxa2nkAA\"]}]}<\/script>\n<!-- \/ Yoast SEO plugin. -->","yoast_head_json":{"title":"GDPR center zasebnosti - Kolesarski Svet","robots":{"index":"index","follow":"follow","max-snippet":"max-snippet:-1","max-image-preview":"max-image-preview:large","max-video-preview":"max-video-preview:-1"},"canonical":"https:\/\/kolesarski-svet.si\/sl\/gdpr-center-zasebnosti\/","og_locale":"sl_SI","og_type":"article","og_title":"GDPR center zasebnosti - Kolesarski Svet","og_url":"https:\/\/kolesarski-svet.si\/sl\/gdpr-center-zasebnosti\/","og_site_name":"Kolesarski Svet","article_publisher":"https:\/\/www.facebook.com\/KolesarskiSvet\/","twitter_card":"summary_large_image","schema":{"@context":"https:\/\/schema.org","@graph":[{"@type":"WebPage","@id":"https:\/\/kolesarski-svet.si\/sl\/gdpr-center-zasebnosti\/","url":"https:\/\/kolesarski-svet.si\/sl\/gdpr-center-zasebnosti\/","name":"GDPR center zasebnosti - Kolesarski Svet","isPartOf":{"@id":"https:\/\/kolesarski-svet.si\/#website"},"datePublished":"2018-09-01T16:17:55+00:00","breadcrumb":{"@id":"https:\/\/kolesarski-svet.si\/sl\/gdpr-center-zasebnosti\/#breadcrumb"},"inLanguage":"sl-SI","potentialAction":[{"@type":"ReadAction","target":["https:\/\/kolesarski-svet.si\/sl\/gdpr-center-zasebnosti\/"]}]},{"@type":"BreadcrumbList","@id":"https:\/\/kolesarski-svet.si\/sl\/gdpr-center-zasebnosti\/#breadcrumb","itemListElement":[{"@type":"ListItem","position":1,"name":"Home","item":"https:\/\/kolesarski-svet.si\/sl\/kolesarski-svet-domov\/"},{"@type":"ListItem","position":2,"name":"GDPR center zasebnosti"}]},{"@type":"WebSite","@id":"https:\/\/kolesarski-svet.si\/#website","url":"https:\/\/kolesarski-svet.si\/","name":"Kolesarski Svet","description":"Do\u017eivite lepote Slovenije na kolesu","publisher":{"@id":"https:\/\/kolesarski-svet.si\/#organization"},"potentialAction":[{"@type":"SearchAction","target":{"@type":"EntryPoint","urlTemplate":"https:\/\/kolesarski-svet.si\/?s={search_term_string}"},"query-input":{"@type":"PropertyValueSpecification","valueRequired":true,"valueName":"search_term_string"}}],"inLanguage":"sl-SI"},{"@type":"Organization","@id":"https:\/\/kolesarski-svet.si\/#organization","name":"Kolesarski Svet","url":"https:\/\/kolesarski-svet.si\/","logo":{"@type":"ImageObject","inLanguage":"sl-SI","@id":"https:\/\/kolesarski-svet.si\/#\/schema\/logo\/image\/","url":"https:\/\/kolesarski-svet.si\/wp-content\/uploads\/2018\/03\/logo-KS-170.png","contentUrl":"https:\/\/kolesarski-svet.si\/wp-content\/uploads\/2018\/03\/logo-KS-170.png","width":170,"height":120,"caption":"Kolesarski Svet"},"image":{"@id":"https:\/\/kolesarski-svet.si\/#\/schema\/logo\/image\/"},"sameAs":["https:\/\/www.facebook.com\/KolesarskiSvet\/","https:\/\/www.youtube.com\/channel\/UCaR0d_D0MFnxI1Wpxa2nkAA"]}]}},"_links":{"self":[{"href":"https:\/\/kolesarski-svet.si\/sl\/wp-json\/wp\/v2\/pages\/2121","targetHints":{"allow":["GET"]}}],"collection":[{"href":"https:\/\/kolesarski-svet.si\/sl\/wp-json\/wp\/v2\/pages"}],"about":[{"href":"https:\/\/kolesarski-svet.si\/sl\/wp-json\/wp\/v2\/types\/page"}],"author":[{"embeddable":true,"href":"https:\/\/kolesarski-svet.si\/sl\/wp-json\/wp\/v2\/users\/2"}],"replies":[{"embeddable":true,"href":"https:\/\/kolesarski-svet.si\/sl\/wp-json\/wp\/v2\/comments?post=2121"}],"version-history":[{"count":0,"href":"https:\/\/kolesarski-svet.si\/sl\/wp-json\/wp\/v2\/pages\/2121\/revisions"}],"wp:attachment":[{"href":"https:\/\/kolesarski-svet.si\/sl\/wp-json\/wp\/v2\/media?parent=2121"}],"curies":[{"name":"wp","href":"https:\/\/api.w.org\/{rel}","templated":true}]}}