{"id":1699,"date":"2018-04-06T20:22:59","date_gmt":"2018-04-06T20:22:59","guid":{"rendered":"https:\/\/kolesarski-svet.si\/product\/kolesarjenje-po-plecnikovi-ljubljani\/"},"modified":"2025-09-25T11:13:54","modified_gmt":"2025-09-25T11:13:54","slug":"kolesarjenje-po-plecnikovi-ljubljani","status":"publish","type":"product","link":"https:\/\/kolesarski-svet.si\/sl\/izleti\/kolesarjenje-po-plecnikovi-ljubljani\/","title":{"rendered":"Kolesarski izlet po Ple\u010dnikovi Ljubljani"},"content":{"rendered":"<p>Arhitekt Jo\u017ee Ple\u010dnik je pustil velik pe\u010dat v Ljubljani. Vse svoje ustvarjalne mo\u010di je posvetil urbanisti\u010dnemu\u00a0oblikovanju tega mesta in ga spremenil v slovensko prestolnico. Ple\u010dnikova Ljubljana se uvr\u0161\u010da med\u00a0najpomembnej\u0161e umetnine 20. stoletja.<\/p>\n<p>Ple\u010dnika je v Ljubljani te\u017eko obhodit, zato smo za vas pripravili kolesarski izlet po Ple\u010dnikovi Ljubljani. Vse podrobnosti o njegovih arhitekturnih mojstrovinah bo podal na\u0161 turisti\u010dni vodnik, po mestnih poteh pa vas bo varno vodil vodnik Kolesarskega Sveta.<\/p>\n<p><!--more--><\/p>\n<table class=\"table table-bordered tours-tabs__table\" style=\"height: 233px; width: 840px;\">\n<tbody>\n<tr>\n<td style=\"width: 226px;\"><strong>LOKACIJA ODHODA\/PRIHODA<\/strong><\/td>\n<td style=\"width: 620px;\">na kri\u017ei\u0161\u010du tr\u017enice in Zmajskega mostu<\/td>\n<\/tr>\n<tr>\n<td style=\"width: 226px;\"><strong>ZBOR<\/strong><\/td>\n<td style=\"width: 620px;\"><strong>ob 10:15<br \/>\n<\/strong><\/td>\n<\/tr>\n<tr>\n<td style=\"width: 226px;\"><strong>\u010cAS ODHODA<\/strong><\/td>\n<td style=\"width: 620px;\"><strong>ob 10:30<\/strong><\/td>\n<\/tr>\n<tr>\n<td style=\"width: 226px;\"><strong>\u010cAS PRIHODA<\/strong><\/td>\n<td style=\"width: 620px;\">ob 12:30 \/ pribli\u017eno<\/td>\n<\/tr>\n<tr>\n<td style=\"width: 226px;\"><strong>VKLJU\u010cENO<\/strong><\/td>\n<td style=\"width: 620px;\">\n<table class=\"table table-bordered\" style=\"height: 62px; width: 449px;\">\n<tbody>\n<tr>\n<td style=\"width: 443px;\"><\/td>\n<\/tr>\n<tr>\n<td style=\"width: 443px;\"><i class=\"fa fa-check icon-tick icon-tick--on\"><\/i>fantasti\u010dne fotografske prilo\u017enosti<\/td>\n<\/tr>\n<tr>\n<td style=\"width: 443px;\"><i class=\"fa fa-check icon-tick icon-tick--on\"><\/i>strokovno vodenje prijaznega vodnika<\/td>\n<\/tr>\n<\/tbody>\n<\/table>\n<\/td>\n<\/tr>\n<tr>\n<td style=\"width: 226px;\"><b>NI VKLJU\u010cENO<\/b><\/td>\n<td style=\"width: 620px;\">\n<table class=\"table table-bordered\" style=\"height: 48px; width: 451px;\">\n<tbody>\n<tr style=\"height: 24px;\">\n<td style=\"width: 441px; height: 24px;\"><i class=\"fa fa-times icon-tick icon-tick--off\"><\/i>napitki<\/td>\n<\/tr>\n<tr style=\"height: 24px;\">\n<td style=\"width: 441px; height: 24px;\"><i class=\"fa fa-times icon-tick icon-tick--off\"><\/i>prigrizki<\/td>\n<\/tr>\n<\/tbody>\n<\/table>\n<\/td>\n<\/tr>\n<\/tbody>\n<\/table>\n<p>Kolesarski izlet se izvede ob udele\u017ebi najmanj 5-ih kolesarjev.<\/p>\n<p>V primeru slabega vremena se izlet prestavi.<\/p>\n","protected":false},"excerpt":{"rendered":"<p>Pokazali vam bomo mojstrovine Jo\u017eeta Ple\u010dnika.<\/p>\n","protected":false},"featured_media":1601,"comment_status":"open","ping_status":"closed","template":"","meta":[],"product_brand":[],"product_cat":[258],"product_tag":[148,530,531],"class_list":{"0":"post-1699","1":"product","2":"type-product","3":"status-publish","4":"has-post-thumbnail","6":"product_cat-izleti","7":"product_tag-kolesarski-izlet","8":"product_tag-kolesarski-izlet-po-plecnikovi-ljubljani","9":"product_tag-plecnikova-ljubljana","10":"tour_category-arhitecture-sl","11":"tour_category-izlet-po-mestu","12":"tour_category-kolesarski-izlet","13":"tour_category-ljubljana-sl","15":"first","16":"instock","17":"featured","18":"shipping-taxable","19":"purchasable","20":"product-type-tour"},"yoast_head":"<!-- This site is optimized with the Yoast SEO plugin v26.6 - https:\/\/yoast.com\/wordpress\/plugins\/seo\/ -->\n<title>Kolesarski izlet po Ple\u010dnikovi Ljubljani - Kolesarski Svet<\/title>\n<meta name=\"description\" content=\"U\u017eivajte v Kolesarskem izletu po Ple\u010dnikovi Ljubljani z izku\u0161enim, zabavnim, prijaznim in profesionalnim angle\u0161ko govore\u010dim vodnikom.\" \/>\n<meta name=\"robots\" content=\"index, follow, max-snippet:-1, max-image-preview:large, max-video-preview:-1\" \/>\n<link rel=\"canonical\" href=\"https:\/\/kolesarski-svet.si\/sl\/izleti\/kolesarjenje-po-plecnikovi-ljubljani\/\" \/>\n<meta property=\"og:locale\" content=\"sl_SI\" \/>\n<meta property=\"og:type\" content=\"article\" \/>\n<meta property=\"og:title\" content=\"Kolesarski izlet po Ple\u010dnikovi Ljubljani - Kolesarski Svet\" \/>\n<meta property=\"og:description\" content=\"U\u017eivajte v Kolesarskem izletu po Ple\u010dnikovi Ljubljani z izku\u0161enim, zabavnim, prijaznim in profesionalnim angle\u0161ko govore\u010dim vodnikom.\" \/>\n<meta property=\"og:url\" content=\"https:\/\/kolesarski-svet.si\/sl\/izleti\/kolesarjenje-po-plecnikovi-ljubljani\/\" \/>\n<meta property=\"og:site_name\" content=\"Kolesarski Svet\" \/>\n<meta property=\"article:publisher\" content=\"https:\/\/www.facebook.com\/KolesarskiSvet\/\" \/>\n<meta property=\"article:modified_time\" content=\"2025-09-25T11:13:54+00:00\" \/>\n<meta property=\"og:image\" content=\"https:\/\/kolesarski-svet.si\/wp-content\/uploads\/2018\/04\/Kolesarski-Svet-62.jpg\" \/>\n\t<meta property=\"og:image:width\" content=\"1536\" \/>\n\t<meta property=\"og:image:height\" content=\"1152\" \/>\n\t<meta property=\"og:image:type\" content=\"image\/jpeg\" \/>\n<meta name=\"twitter:card\" content=\"summary_large_image\" \/>\n<meta name=\"twitter:label1\" content=\"Est. reading time\" \/>\n\t<meta name=\"twitter:data1\" content=\"1 minuta\" \/>\n<script type=\"application\/ld+json\" class=\"yoast-schema-graph\">{\"@context\":\"https:\/\/schema.org\",\"@graph\":[{\"@type\":\"WebPage\",\"@id\":\"https:\/\/kolesarski-svet.si\/sl\/izleti\/kolesarjenje-po-plecnikovi-ljubljani\/\",\"url\":\"https:\/\/kolesarski-svet.si\/sl\/izleti\/kolesarjenje-po-plecnikovi-ljubljani\/\",\"name\":\"Kolesarski izlet po Ple\u010dnikovi Ljubljani - Kolesarski Svet\",\"isPartOf\":{\"@id\":\"https:\/\/kolesarski-svet.si\/#website\"},\"primaryImageOfPage\":{\"@id\":\"https:\/\/kolesarski-svet.si\/sl\/izleti\/kolesarjenje-po-plecnikovi-ljubljani\/#primaryimage\"},\"image\":{\"@id\":\"https:\/\/kolesarski-svet.si\/sl\/izleti\/kolesarjenje-po-plecnikovi-ljubljani\/#primaryimage\"},\"thumbnailUrl\":\"https:\/\/kolesarski-svet.si\/wp-content\/uploads\/2018\/04\/Kolesarski-Svet-62.jpg\",\"datePublished\":\"2018-04-06T20:22:59+00:00\",\"dateModified\":\"2025-09-25T11:13:54+00:00\",\"description\":\"U\u017eivajte v Kolesarskem izletu po Ple\u010dnikovi Ljubljani z izku\u0161enim, zabavnim, prijaznim in profesionalnim angle\u0161ko govore\u010dim vodnikom.\",\"breadcrumb\":{\"@id\":\"https:\/\/kolesarski-svet.si\/sl\/izleti\/kolesarjenje-po-plecnikovi-ljubljani\/#breadcrumb\"},\"inLanguage\":\"sl-SI\",\"potentialAction\":[{\"@type\":\"ReadAction\",\"target\":[\"https:\/\/kolesarski-svet.si\/sl\/izleti\/kolesarjenje-po-plecnikovi-ljubljani\/\"]}]},{\"@type\":\"ImageObject\",\"inLanguage\":\"sl-SI\",\"@id\":\"https:\/\/kolesarski-svet.si\/sl\/izleti\/kolesarjenje-po-plecnikovi-ljubljani\/#primaryimage\",\"url\":\"https:\/\/kolesarski-svet.si\/wp-content\/uploads\/2018\/04\/Kolesarski-Svet-62.jpg\",\"contentUrl\":\"https:\/\/kolesarski-svet.si\/wp-content\/uploads\/2018\/04\/Kolesarski-Svet-62.jpg\",\"width\":1536,\"height\":1152,\"caption\":\"Kolesarski Svet, Kolesarski izlet po Ple\u010dnikovi Ljubljani\"},{\"@type\":\"BreadcrumbList\",\"@id\":\"https:\/\/kolesarski-svet.si\/sl\/izleti\/kolesarjenje-po-plecnikovi-ljubljani\/#breadcrumb\",\"itemListElement\":[{\"@type\":\"ListItem\",\"position\":1,\"name\":\"Home\",\"item\":\"https:\/\/kolesarski-svet.si\/sl\/kolesarski-svet-domov\/\"},{\"@type\":\"ListItem\",\"position\":2,\"name\":\"Trgovina\",\"item\":\"https:\/\/kolesarski-svet.si\/sl\/trgovina\/\"},{\"@type\":\"ListItem\",\"position\":3,\"name\":\"Kolesarski izlet po Ple\u010dnikovi Ljubljani\"}]},{\"@type\":\"WebSite\",\"@id\":\"https:\/\/kolesarski-svet.si\/#website\",\"url\":\"https:\/\/kolesarski-svet.si\/\",\"name\":\"Kolesarski Svet\",\"description\":\"Do\u017eivite lepote Slovenije na kolesu\",\"publisher\":{\"@id\":\"https:\/\/kolesarski-svet.si\/#organization\"},\"potentialAction\":[{\"@type\":\"SearchAction\",\"target\":{\"@type\":\"EntryPoint\",\"urlTemplate\":\"https:\/\/kolesarski-svet.si\/?s={search_term_string}\"},\"query-input\":{\"@type\":\"PropertyValueSpecification\",\"valueRequired\":true,\"valueName\":\"search_term_string\"}}],\"inLanguage\":\"sl-SI\"},{\"@type\":\"Organization\",\"@id\":\"https:\/\/kolesarski-svet.si\/#organization\",\"name\":\"Kolesarski Svet\",\"url\":\"https:\/\/kolesarski-svet.si\/\",\"logo\":{\"@type\":\"ImageObject\",\"inLanguage\":\"sl-SI\",\"@id\":\"https:\/\/kolesarski-svet.si\/#\/schema\/logo\/image\/\",\"url\":\"https:\/\/kolesarski-svet.si\/wp-content\/uploads\/2018\/03\/logo-KS-170.png\",\"contentUrl\":\"https:\/\/kolesarski-svet.si\/wp-content\/uploads\/2018\/03\/logo-KS-170.png\",\"width\":170,\"height\":120,\"caption\":\"Kolesarski Svet\"},\"image\":{\"@id\":\"https:\/\/kolesarski-svet.si\/#\/schema\/logo\/image\/\"},\"sameAs\":[\"https:\/\/www.facebook.com\/KolesarskiSvet\/\",\"https:\/\/www.youtube.com\/channel\/UCaR0d_D0MFnxI1Wpxa2nkAA\"]}]}<\/script>\n<!-- \/ Yoast SEO plugin. -->","yoast_head_json":{"title":"Kolesarski izlet po Ple\u010dnikovi Ljubljani - Kolesarski Svet","description":"U\u017eivajte v Kolesarskem izletu po Ple\u010dnikovi Ljubljani z izku\u0161enim, zabavnim, prijaznim in profesionalnim angle\u0161ko govore\u010dim vodnikom.","robots":{"index":"index","follow":"follow","max-snippet":"max-snippet:-1","max-image-preview":"max-image-preview:large","max-video-preview":"max-video-preview:-1"},"canonical":"https:\/\/kolesarski-svet.si\/sl\/izleti\/kolesarjenje-po-plecnikovi-ljubljani\/","og_locale":"sl_SI","og_type":"article","og_title":"Kolesarski izlet po Ple\u010dnikovi Ljubljani - Kolesarski Svet","og_description":"U\u017eivajte v Kolesarskem izletu po Ple\u010dnikovi Ljubljani z izku\u0161enim, zabavnim, prijaznim in profesionalnim angle\u0161ko govore\u010dim vodnikom.","og_url":"https:\/\/kolesarski-svet.si\/sl\/izleti\/kolesarjenje-po-plecnikovi-ljubljani\/","og_site_name":"Kolesarski Svet","article_publisher":"https:\/\/www.facebook.com\/KolesarskiSvet\/","article_modified_time":"2025-09-25T11:13:54+00:00","og_image":[{"width":1536,"height":1152,"url":"https:\/\/kolesarski-svet.si\/wp-content\/uploads\/2018\/04\/Kolesarski-Svet-62.jpg","type":"image\/jpeg"}],"twitter_card":"summary_large_image","twitter_misc":{"Est. reading time":"1 minuta"},"schema":{"@context":"https:\/\/schema.org","@graph":[{"@type":"WebPage","@id":"https:\/\/kolesarski-svet.si\/sl\/izleti\/kolesarjenje-po-plecnikovi-ljubljani\/","url":"https:\/\/kolesarski-svet.si\/sl\/izleti\/kolesarjenje-po-plecnikovi-ljubljani\/","name":"Kolesarski izlet po Ple\u010dnikovi Ljubljani - Kolesarski Svet","isPartOf":{"@id":"https:\/\/kolesarski-svet.si\/#website"},"primaryImageOfPage":{"@id":"https:\/\/kolesarski-svet.si\/sl\/izleti\/kolesarjenje-po-plecnikovi-ljubljani\/#primaryimage"},"image":{"@id":"https:\/\/kolesarski-svet.si\/sl\/izleti\/kolesarjenje-po-plecnikovi-ljubljani\/#primaryimage"},"thumbnailUrl":"https:\/\/kolesarski-svet.si\/wp-content\/uploads\/2018\/04\/Kolesarski-Svet-62.jpg","datePublished":"2018-04-06T20:22:59+00:00","dateModified":"2025-09-25T11:13:54+00:00","description":"U\u017eivajte v Kolesarskem izletu po Ple\u010dnikovi Ljubljani z izku\u0161enim, zabavnim, prijaznim in profesionalnim angle\u0161ko govore\u010dim vodnikom.","breadcrumb":{"@id":"https:\/\/kolesarski-svet.si\/sl\/izleti\/kolesarjenje-po-plecnikovi-ljubljani\/#breadcrumb"},"inLanguage":"sl-SI","potentialAction":[{"@type":"ReadAction","target":["https:\/\/kolesarski-svet.si\/sl\/izleti\/kolesarjenje-po-plecnikovi-ljubljani\/"]}]},{"@type":"ImageObject","inLanguage":"sl-SI","@id":"https:\/\/kolesarski-svet.si\/sl\/izleti\/kolesarjenje-po-plecnikovi-ljubljani\/#primaryimage","url":"https:\/\/kolesarski-svet.si\/wp-content\/uploads\/2018\/04\/Kolesarski-Svet-62.jpg","contentUrl":"https:\/\/kolesarski-svet.si\/wp-content\/uploads\/2018\/04\/Kolesarski-Svet-62.jpg","width":1536,"height":1152,"caption":"Kolesarski Svet, Kolesarski izlet po Ple\u010dnikovi Ljubljani"},{"@type":"BreadcrumbList","@id":"https:\/\/kolesarski-svet.si\/sl\/izleti\/kolesarjenje-po-plecnikovi-ljubljani\/#breadcrumb","itemListElement":[{"@type":"ListItem","position":1,"name":"Home","item":"https:\/\/kolesarski-svet.si\/sl\/kolesarski-svet-domov\/"},{"@type":"ListItem","position":2,"name":"Trgovina","item":"https:\/\/kolesarski-svet.si\/sl\/trgovina\/"},{"@type":"ListItem","position":3,"name":"Kolesarski izlet po Ple\u010dnikovi Ljubljani"}]},{"@type":"WebSite","@id":"https:\/\/kolesarski-svet.si\/#website","url":"https:\/\/kolesarski-svet.si\/","name":"Kolesarski Svet","description":"Do\u017eivite lepote Slovenije na kolesu","publisher":{"@id":"https:\/\/kolesarski-svet.si\/#organization"},"potentialAction":[{"@type":"SearchAction","target":{"@type":"EntryPoint","urlTemplate":"https:\/\/kolesarski-svet.si\/?s={search_term_string}"},"query-input":{"@type":"PropertyValueSpecification","valueRequired":true,"valueName":"search_term_string"}}],"inLanguage":"sl-SI"},{"@type":"Organization","@id":"https:\/\/kolesarski-svet.si\/#organization","name":"Kolesarski Svet","url":"https:\/\/kolesarski-svet.si\/","logo":{"@type":"ImageObject","inLanguage":"sl-SI","@id":"https:\/\/kolesarski-svet.si\/#\/schema\/logo\/image\/","url":"https:\/\/kolesarski-svet.si\/wp-content\/uploads\/2018\/03\/logo-KS-170.png","contentUrl":"https:\/\/kolesarski-svet.si\/wp-content\/uploads\/2018\/03\/logo-KS-170.png","width":170,"height":120,"caption":"Kolesarski Svet"},"image":{"@id":"https:\/\/kolesarski-svet.si\/#\/schema\/logo\/image\/"},"sameAs":["https:\/\/www.facebook.com\/KolesarskiSvet\/","https:\/\/www.youtube.com\/channel\/UCaR0d_D0MFnxI1Wpxa2nkAA"]}]}},"_links":{"self":[{"href":"https:\/\/kolesarski-svet.si\/sl\/wp-json\/wp\/v2\/product\/1699","targetHints":{"allow":["GET"]}}],"collection":[{"href":"https:\/\/kolesarski-svet.si\/sl\/wp-json\/wp\/v2\/product"}],"about":[{"href":"https:\/\/kolesarski-svet.si\/sl\/wp-json\/wp\/v2\/types\/product"}],"replies":[{"embeddable":true,"href":"https:\/\/kolesarski-svet.si\/sl\/wp-json\/wp\/v2\/comments?post=1699"}],"wp:featuredmedia":[{"embeddable":true,"href":"https:\/\/kolesarski-svet.si\/sl\/wp-json\/wp\/v2\/media\/1601"}],"wp:attachment":[{"href":"https:\/\/kolesarski-svet.si\/sl\/wp-json\/wp\/v2\/media?parent=1699"}],"wp:term":[{"taxonomy":"product_brand","embeddable":true,"href":"https:\/\/kolesarski-svet.si\/sl\/wp-json\/wp\/v2\/product_brand?post=1699"},{"taxonomy":"product_cat","embeddable":true,"href":"https:\/\/kolesarski-svet.si\/sl\/wp-json\/wp\/v2\/product_cat?post=1699"},{"taxonomy":"product_tag","embeddable":true,"href":"https:\/\/kolesarski-svet.si\/sl\/wp-json\/wp\/v2\/product_tag?post=1699"}],"curies":[{"name":"wp","href":"https:\/\/api.w.org\/{rel}","templated":true}]}}