{"id":2017,"date":"2015-07-15T12:01:46","date_gmt":"2015-07-15T12:01:46","guid":{"rendered":"https:\/\/kolesarski-svet.si\/product\/kolesarjenje-po-ljubljanskem-barju\/"},"modified":"2025-09-25T11:09:02","modified_gmt":"2025-09-25T11:09:02","slug":"kolesarski-izlet-po-ljubljanskem-barju","status":"publish","type":"product","link":"https:\/\/kolesarski-svet.si\/sl\/izleti\/kolesarski-izlet-po-ljubljanskem-barju\/","title":{"rendered":"Kolesarski izlet po Ljubljanskem barju"},"content":{"rendered":"<p>Na pragu glavnega mesta Ljubljane, se razprostira Ljubljansko barje, na okoli 160 kvadratnih km povr\u0161ine. Ljubljansko barje je preplet ob\u0161irnega zelenega prostora, v katerem biva paleta razli\u010dnih rastlinskih in \u017eivalskih vrst. Ponuja ne\u0161teto \u010dudovitih prizorov, zato je vredno ogleda. Na kolesarskem izletu po Ljubljanskem barju vam bomo pokazali najlep\u0161e lokacije Ljubljanskega barja.<\/p>\n<p><!--more--><\/p>\n<table class=\"table table-bordered tours-tabs__table\" style=\"height: 265px; width: 83.5933%;\" width=\"862\">\n<tbody>\n<tr style=\"height: 24px;\">\n<td style=\"width: 26.5882%; height: 24px;\"><strong>ODHOD<br \/>\n<\/strong><\/td>\n<td style=\"width: 89.8824%; height: 24px;\">Zberemo se pred Trnovsko cerkvijo<\/td>\n<\/tr>\n<tr style=\"height: 24px;\">\n<td style=\"width: 26.5882%; height: 24px;\"><strong>PRIHOD<\/strong><\/td>\n<td style=\"width: 89.8824%; height: 24px;\">Ple\u010dnikova cerkev v \u010crni vasi<\/td>\n<\/tr>\n<tr style=\"height: 24px;\">\n<td style=\"width: 26.5882%; height: 24px;\"><strong>ZBOR<\/strong><\/td>\n<td style=\"width: 89.8824%; height: 24px;\"><strong>ob 8:45 <\/strong>(Prosimo bodite to\u010dni)<strong><br \/>\n<\/strong><\/td>\n<\/tr>\n<tr style=\"height: 24px;\">\n<td style=\"width: 26.5882%; height: 24px;\"><strong>\u010cAS ODHODA<\/strong><\/td>\n<td style=\"width: 89.8824%; height: 24px;\">ob 9:00<strong><br \/>\n<\/strong><\/td>\n<\/tr>\n<tr style=\"height: 24px;\">\n<td style=\"width: 26.5882%; height: 24px;\"><strong>\u010cAS PRIHODA<\/strong><\/td>\n<td style=\"width: 89.8824%; height: 24px;\">ob 13:30 \/ pribli\u017eno<\/td>\n<\/tr>\n<tr style=\"height: 24px;\">\n<td style=\"width: 26.5882%; height: 27px;\"><strong>RAZDALJA<\/strong><\/td>\n<td style=\"width: 89.8824%; height: 27px;\"><span id=\"result_box\" class=\"\" lang=\"en\"><span class=\"\">29 km (pribli\u017eno 4 ure)<br \/>\n<\/span><\/span><\/td>\n<\/tr>\n<tr style=\"height: 160px;\">\n<td style=\"width: 26.5882%; height: 17px;\"><strong>VKLJU\u010cENO<\/strong><\/td>\n<td style=\"width: 89.8824%; height: 17px;\">\n<table class=\"table table-bordered\" style=\"height: 112px; width: 98.5156%;\" width=\"300\">\n<tbody>\n<tr style=\"height: 24px;\">\n<td style=\"width: 100%; height: 24px;\"><i class=\"fa fa-check icon-tick icon-tick--on\"><\/i>Kolesarski vodnik z licenco<\/td>\n<\/tr>\n<tr style=\"height: 27px;\">\n<td style=\"width: 100%; height: 27px; text-align: left;\"><i class=\"fa fa-check icon-tick icon-tick--on\"><\/i>Strokovno vodenje<span id=\"result_box\" class=\"short_text\" lang=\"en\"><span class=\"\"><br \/>\n<\/span><\/span><\/td>\n<\/tr>\n<tr style=\"height: 26px;\">\n<td style=\"width: 100%; height: 26px;\"><span id=\"result_box\" class=\"short_text\" lang=\"en\"><span class=\"\"><i class=\"fa fa-check icon-tick icon-tick--on\"><\/i>Spremstvo na kolesarskem izletu<\/span><\/span><\/td>\n<\/tr>\n<\/tbody>\n<\/table>\n<\/td>\n<\/tr>\n<tr style=\"height: 94px;\">\n<td style=\"width: 26.5882%; height: 101px;\"><b>NI VKLJU\u010cENO<\/b><\/td>\n<td style=\"width: 89.8824%; height: 101px;\">\n<table class=\"table table-bordered\" style=\"height: 62px;\" width=\"300\">\n<tbody>\n<tr>\n<td><i class=\"fa fa-times icon-tick icon-tick--off\"><\/i>Najem kolesa<\/td>\n<\/tr>\n<tr>\n<td><i class=\"fa fa-times icon-tick icon-tick--off\"><\/i>Obrok<span id=\"result_box\" class=\"short_text\" lang=\"en\"><\/span><\/td>\n<\/tr>\n<tr>\n<td><i class=\"fa fa-times icon-tick icon-tick--off\"><\/i>Napitki<\/td>\n<\/tr>\n<\/tbody>\n<\/table>\n<\/td>\n<\/tr>\n<\/tbody>\n<\/table>\n","protected":false},"excerpt":{"rendered":"<p>Na pragu Ljubljane je zelena oaza.<\/p>\n","protected":false},"featured_media":1648,"comment_status":"open","ping_status":"closed","template":"","meta":[],"product_brand":[],"product_cat":[258],"product_tag":[148,532,283],"class_list":{"0":"post-2017","1":"product","2":"type-product","3":"status-publish","4":"has-post-thumbnail","6":"product_cat-izleti","7":"product_tag-kolesarski-izlet","8":"product_tag-kolesarski-izlet-po-ljubljanskem-barju","9":"product_tag-voden-kolesarski-izlet","10":"tour_category-izlet-v-naravo","11":"tour_category-kolesarski-izlet","12":"tour_category-ljubljana-sl","13":"tour_category-sport","15":"first","16":"instock","17":"featured","18":"shipping-taxable","19":"purchasable","20":"product-type-tour"},"yoast_head":"<!-- This site is optimized with the Yoast SEO plugin v26.6 - https:\/\/yoast.com\/wordpress\/plugins\/seo\/ -->\n<title>Kolesarski izlet po Ljubljanskem barju - Kolesarski Svet<\/title>\n<meta name=\"description\" content=\"Na kolesarskem izletu vam bomo pokazali najlep\u0161e lokacije Ljubljanskega barja. Ta ponuja ne\u0161teto \u010dudovitih prizorov, zato je vredno ogleda.\" \/>\n<meta name=\"robots\" content=\"index, follow, max-snippet:-1, max-image-preview:large, max-video-preview:-1\" \/>\n<link rel=\"canonical\" href=\"https:\/\/kolesarski-svet.si\/sl\/izleti\/kolesarski-izlet-po-ljubljanskem-barju\/\" \/>\n<meta property=\"og:locale\" content=\"sl_SI\" \/>\n<meta property=\"og:type\" content=\"article\" \/>\n<meta property=\"og:title\" content=\"Kolesarski izlet po Ljubljanskem barju - Kolesarski Svet\" \/>\n<meta property=\"og:description\" content=\"Na kolesarskem izletu vam bomo pokazali najlep\u0161e lokacije Ljubljanskega barja. Ta ponuja ne\u0161teto \u010dudovitih prizorov, zato je vredno ogleda.\" \/>\n<meta property=\"og:url\" content=\"https:\/\/kolesarski-svet.si\/sl\/izleti\/kolesarski-izlet-po-ljubljanskem-barju\/\" \/>\n<meta property=\"og:site_name\" content=\"Kolesarski Svet\" \/>\n<meta property=\"article:publisher\" content=\"https:\/\/www.facebook.com\/KolesarskiSvet\/\" \/>\n<meta property=\"article:modified_time\" content=\"2025-09-25T11:09:02+00:00\" \/>\n<meta property=\"og:image\" content=\"https:\/\/kolesarski-svet.si\/wp-content\/uploads\/2015\/07\/Ljubljansko-Barje-60-1-scaled.jpg\" \/>\n\t<meta property=\"og:image:width\" content=\"4608\" \/>\n\t<meta property=\"og:image:height\" content=\"3456\" \/>\n\t<meta property=\"og:image:type\" content=\"image\/jpeg\" \/>\n<meta name=\"twitter:card\" content=\"summary_large_image\" \/>\n<meta name=\"twitter:label1\" content=\"Est. reading time\" \/>\n\t<meta name=\"twitter:data1\" content=\"1 minuta\" \/>\n<script type=\"application\/ld+json\" class=\"yoast-schema-graph\">{\"@context\":\"https:\/\/schema.org\",\"@graph\":[{\"@type\":\"WebPage\",\"@id\":\"https:\/\/kolesarski-svet.si\/sl\/izleti\/kolesarski-izlet-po-ljubljanskem-barju\/\",\"url\":\"https:\/\/kolesarski-svet.si\/sl\/izleti\/kolesarski-izlet-po-ljubljanskem-barju\/\",\"name\":\"Kolesarski izlet po Ljubljanskem barju - Kolesarski Svet\",\"isPartOf\":{\"@id\":\"https:\/\/kolesarski-svet.si\/#website\"},\"primaryImageOfPage\":{\"@id\":\"https:\/\/kolesarski-svet.si\/sl\/izleti\/kolesarski-izlet-po-ljubljanskem-barju\/#primaryimage\"},\"image\":{\"@id\":\"https:\/\/kolesarski-svet.si\/sl\/izleti\/kolesarski-izlet-po-ljubljanskem-barju\/#primaryimage\"},\"thumbnailUrl\":\"https:\/\/kolesarski-svet.si\/wp-content\/uploads\/2015\/07\/Ljubljansko-Barje-60-1-scaled.jpg\",\"datePublished\":\"2015-07-15T12:01:46+00:00\",\"dateModified\":\"2025-09-25T11:09:02+00:00\",\"description\":\"Na kolesarskem izletu vam bomo pokazali najlep\u0161e lokacije Ljubljanskega barja. Ta ponuja ne\u0161teto \u010dudovitih prizorov, zato je vredno ogleda.\",\"breadcrumb\":{\"@id\":\"https:\/\/kolesarski-svet.si\/sl\/izleti\/kolesarski-izlet-po-ljubljanskem-barju\/#breadcrumb\"},\"inLanguage\":\"sl-SI\",\"potentialAction\":[{\"@type\":\"ReadAction\",\"target\":[\"https:\/\/kolesarski-svet.si\/sl\/izleti\/kolesarski-izlet-po-ljubljanskem-barju\/\"]}]},{\"@type\":\"ImageObject\",\"inLanguage\":\"sl-SI\",\"@id\":\"https:\/\/kolesarski-svet.si\/sl\/izleti\/kolesarski-izlet-po-ljubljanskem-barju\/#primaryimage\",\"url\":\"https:\/\/kolesarski-svet.si\/wp-content\/uploads\/2015\/07\/Ljubljansko-Barje-60-1-scaled.jpg\",\"contentUrl\":\"https:\/\/kolesarski-svet.si\/wp-content\/uploads\/2015\/07\/Ljubljansko-Barje-60-1-scaled.jpg\",\"width\":4608,\"height\":3456,\"caption\":\"Kolesarski izlet po Ljubljanskem barju\"},{\"@type\":\"BreadcrumbList\",\"@id\":\"https:\/\/kolesarski-svet.si\/sl\/izleti\/kolesarski-izlet-po-ljubljanskem-barju\/#breadcrumb\",\"itemListElement\":[{\"@type\":\"ListItem\",\"position\":1,\"name\":\"Home\",\"item\":\"https:\/\/kolesarski-svet.si\/sl\/kolesarski-svet-domov\/\"},{\"@type\":\"ListItem\",\"position\":2,\"name\":\"Trgovina\",\"item\":\"https:\/\/kolesarski-svet.si\/sl\/trgovina\/\"},{\"@type\":\"ListItem\",\"position\":3,\"name\":\"Kolesarski izlet po Ljubljanskem barju\"}]},{\"@type\":\"WebSite\",\"@id\":\"https:\/\/kolesarski-svet.si\/#website\",\"url\":\"https:\/\/kolesarski-svet.si\/\",\"name\":\"Kolesarski Svet\",\"description\":\"Do\u017eivite lepote Slovenije na kolesu\",\"publisher\":{\"@id\":\"https:\/\/kolesarski-svet.si\/#organization\"},\"potentialAction\":[{\"@type\":\"SearchAction\",\"target\":{\"@type\":\"EntryPoint\",\"urlTemplate\":\"https:\/\/kolesarski-svet.si\/?s={search_term_string}\"},\"query-input\":{\"@type\":\"PropertyValueSpecification\",\"valueRequired\":true,\"valueName\":\"search_term_string\"}}],\"inLanguage\":\"sl-SI\"},{\"@type\":\"Organization\",\"@id\":\"https:\/\/kolesarski-svet.si\/#organization\",\"name\":\"Kolesarski Svet\",\"url\":\"https:\/\/kolesarski-svet.si\/\",\"logo\":{\"@type\":\"ImageObject\",\"inLanguage\":\"sl-SI\",\"@id\":\"https:\/\/kolesarski-svet.si\/#\/schema\/logo\/image\/\",\"url\":\"https:\/\/kolesarski-svet.si\/wp-content\/uploads\/2018\/03\/logo-KS-170.png\",\"contentUrl\":\"https:\/\/kolesarski-svet.si\/wp-content\/uploads\/2018\/03\/logo-KS-170.png\",\"width\":170,\"height\":120,\"caption\":\"Kolesarski Svet\"},\"image\":{\"@id\":\"https:\/\/kolesarski-svet.si\/#\/schema\/logo\/image\/\"},\"sameAs\":[\"https:\/\/www.facebook.com\/KolesarskiSvet\/\",\"https:\/\/www.youtube.com\/channel\/UCaR0d_D0MFnxI1Wpxa2nkAA\"]}]}<\/script>\n<!-- \/ Yoast SEO plugin. -->","yoast_head_json":{"title":"Kolesarski izlet po Ljubljanskem barju - Kolesarski Svet","description":"Na kolesarskem izletu vam bomo pokazali najlep\u0161e lokacije Ljubljanskega barja. Ta ponuja ne\u0161teto \u010dudovitih prizorov, zato je vredno ogleda.","robots":{"index":"index","follow":"follow","max-snippet":"max-snippet:-1","max-image-preview":"max-image-preview:large","max-video-preview":"max-video-preview:-1"},"canonical":"https:\/\/kolesarski-svet.si\/sl\/izleti\/kolesarski-izlet-po-ljubljanskem-barju\/","og_locale":"sl_SI","og_type":"article","og_title":"Kolesarski izlet po Ljubljanskem barju - Kolesarski Svet","og_description":"Na kolesarskem izletu vam bomo pokazali najlep\u0161e lokacije Ljubljanskega barja. Ta ponuja ne\u0161teto \u010dudovitih prizorov, zato je vredno ogleda.","og_url":"https:\/\/kolesarski-svet.si\/sl\/izleti\/kolesarski-izlet-po-ljubljanskem-barju\/","og_site_name":"Kolesarski Svet","article_publisher":"https:\/\/www.facebook.com\/KolesarskiSvet\/","article_modified_time":"2025-09-25T11:09:02+00:00","og_image":[{"width":4608,"height":3456,"url":"https:\/\/kolesarski-svet.si\/wp-content\/uploads\/2015\/07\/Ljubljansko-Barje-60-1-scaled.jpg","type":"image\/jpeg"}],"twitter_card":"summary_large_image","twitter_misc":{"Est. reading time":"1 minuta"},"schema":{"@context":"https:\/\/schema.org","@graph":[{"@type":"WebPage","@id":"https:\/\/kolesarski-svet.si\/sl\/izleti\/kolesarski-izlet-po-ljubljanskem-barju\/","url":"https:\/\/kolesarski-svet.si\/sl\/izleti\/kolesarski-izlet-po-ljubljanskem-barju\/","name":"Kolesarski izlet po Ljubljanskem barju - Kolesarski Svet","isPartOf":{"@id":"https:\/\/kolesarski-svet.si\/#website"},"primaryImageOfPage":{"@id":"https:\/\/kolesarski-svet.si\/sl\/izleti\/kolesarski-izlet-po-ljubljanskem-barju\/#primaryimage"},"image":{"@id":"https:\/\/kolesarski-svet.si\/sl\/izleti\/kolesarski-izlet-po-ljubljanskem-barju\/#primaryimage"},"thumbnailUrl":"https:\/\/kolesarski-svet.si\/wp-content\/uploads\/2015\/07\/Ljubljansko-Barje-60-1-scaled.jpg","datePublished":"2015-07-15T12:01:46+00:00","dateModified":"2025-09-25T11:09:02+00:00","description":"Na kolesarskem izletu vam bomo pokazali najlep\u0161e lokacije Ljubljanskega barja. Ta ponuja ne\u0161teto \u010dudovitih prizorov, zato je vredno ogleda.","breadcrumb":{"@id":"https:\/\/kolesarski-svet.si\/sl\/izleti\/kolesarski-izlet-po-ljubljanskem-barju\/#breadcrumb"},"inLanguage":"sl-SI","potentialAction":[{"@type":"ReadAction","target":["https:\/\/kolesarski-svet.si\/sl\/izleti\/kolesarski-izlet-po-ljubljanskem-barju\/"]}]},{"@type":"ImageObject","inLanguage":"sl-SI","@id":"https:\/\/kolesarski-svet.si\/sl\/izleti\/kolesarski-izlet-po-ljubljanskem-barju\/#primaryimage","url":"https:\/\/kolesarski-svet.si\/wp-content\/uploads\/2015\/07\/Ljubljansko-Barje-60-1-scaled.jpg","contentUrl":"https:\/\/kolesarski-svet.si\/wp-content\/uploads\/2015\/07\/Ljubljansko-Barje-60-1-scaled.jpg","width":4608,"height":3456,"caption":"Kolesarski izlet po Ljubljanskem barju"},{"@type":"BreadcrumbList","@id":"https:\/\/kolesarski-svet.si\/sl\/izleti\/kolesarski-izlet-po-ljubljanskem-barju\/#breadcrumb","itemListElement":[{"@type":"ListItem","position":1,"name":"Home","item":"https:\/\/kolesarski-svet.si\/sl\/kolesarski-svet-domov\/"},{"@type":"ListItem","position":2,"name":"Trgovina","item":"https:\/\/kolesarski-svet.si\/sl\/trgovina\/"},{"@type":"ListItem","position":3,"name":"Kolesarski izlet po Ljubljanskem barju"}]},{"@type":"WebSite","@id":"https:\/\/kolesarski-svet.si\/#website","url":"https:\/\/kolesarski-svet.si\/","name":"Kolesarski Svet","description":"Do\u017eivite lepote Slovenije na kolesu","publisher":{"@id":"https:\/\/kolesarski-svet.si\/#organization"},"potentialAction":[{"@type":"SearchAction","target":{"@type":"EntryPoint","urlTemplate":"https:\/\/kolesarski-svet.si\/?s={search_term_string}"},"query-input":{"@type":"PropertyValueSpecification","valueRequired":true,"valueName":"search_term_string"}}],"inLanguage":"sl-SI"},{"@type":"Organization","@id":"https:\/\/kolesarski-svet.si\/#organization","name":"Kolesarski Svet","url":"https:\/\/kolesarski-svet.si\/","logo":{"@type":"ImageObject","inLanguage":"sl-SI","@id":"https:\/\/kolesarski-svet.si\/#\/schema\/logo\/image\/","url":"https:\/\/kolesarski-svet.si\/wp-content\/uploads\/2018\/03\/logo-KS-170.png","contentUrl":"https:\/\/kolesarski-svet.si\/wp-content\/uploads\/2018\/03\/logo-KS-170.png","width":170,"height":120,"caption":"Kolesarski Svet"},"image":{"@id":"https:\/\/kolesarski-svet.si\/#\/schema\/logo\/image\/"},"sameAs":["https:\/\/www.facebook.com\/KolesarskiSvet\/","https:\/\/www.youtube.com\/channel\/UCaR0d_D0MFnxI1Wpxa2nkAA"]}]}},"_links":{"self":[{"href":"https:\/\/kolesarski-svet.si\/sl\/wp-json\/wp\/v2\/product\/2017","targetHints":{"allow":["GET"]}}],"collection":[{"href":"https:\/\/kolesarski-svet.si\/sl\/wp-json\/wp\/v2\/product"}],"about":[{"href":"https:\/\/kolesarski-svet.si\/sl\/wp-json\/wp\/v2\/types\/product"}],"replies":[{"embeddable":true,"href":"https:\/\/kolesarski-svet.si\/sl\/wp-json\/wp\/v2\/comments?post=2017"}],"wp:featuredmedia":[{"embeddable":true,"href":"https:\/\/kolesarski-svet.si\/sl\/wp-json\/wp\/v2\/media\/1648"}],"wp:attachment":[{"href":"https:\/\/kolesarski-svet.si\/sl\/wp-json\/wp\/v2\/media?parent=2017"}],"wp:term":[{"taxonomy":"product_brand","embeddable":true,"href":"https:\/\/kolesarski-svet.si\/sl\/wp-json\/wp\/v2\/product_brand?post=2017"},{"taxonomy":"product_cat","embeddable":true,"href":"https:\/\/kolesarski-svet.si\/sl\/wp-json\/wp\/v2\/product_cat?post=2017"},{"taxonomy":"product_tag","embeddable":true,"href":"https:\/\/kolesarski-svet.si\/sl\/wp-json\/wp\/v2\/product_tag?post=2017"}],"curies":[{"name":"wp","href":"https:\/\/api.w.org\/{rel}","templated":true}]}}