{"id":2034,"date":"2015-07-08T09:56:29","date_gmt":"2015-07-08T09:56:29","guid":{"rendered":"https:\/\/kolesarski-svet.si\/product\/kolesarjenje-po-best-of-ljubljana\/"},"modified":"2025-02-08T12:57:53","modified_gmt":"2025-02-08T12:57:53","slug":"kolesarski-izlet-po-best-of-ljubljana","status":"publish","type":"product","link":"https:\/\/kolesarski-svet.si\/sl\/izleti\/kolesarski-izlet-po-best-of-ljubljana\/","title":{"rendered":"Kolesarski izlet po \u00bbBest of Ljubljana\u00ab"},"content":{"rendered":"<p>Ljubljana je zeleno mesto, ki se pona\u0161a s \u0161tevilnimi znamenitostmi, velikim \u0161tevilom \u010dudovitih parkov in<br \/>\nbotani\u010dnim vrtom, katerega zgodovina sega v leto 1810. Najve\u010dji mestni park v sredi\u0161\u010du mesta Tivoli je priljubljeno mesto za sprostitev in pre\u017eivljanje \u010dasa s prijatelji in dru\u017eino. Na kolesarskem izletu po \u00bbBest of Ljubljana\u00ab vam bomo pokazali\u00a0 najpomembnej\u0161e znamenitosti Ljubljane &#8211; tiste, ki jih preprosto ne smete zamuditi.<\/p>\n<p><!--more--><\/p>\n<table class=\"table table-bordered tours-tabs__table\" style=\"height: 338px; width: 76.4541%;\" width=\"862\">\n<tbody>\n<tr style=\"height: 24px;\">\n<td style=\"height: 24px;\"><strong>ODHOD &amp; PRIHOD<\/strong><\/td>\n<td style=\"height: 24px;\"><span id=\"result_box\" class=\"short_text\" lang=\"en\"><\/span>na kri\u017ei\u0161\u010du tr\u017enice in Zmajskega mostu<\/td>\n<\/tr>\n<tr style=\"height: 24px;\">\n<td style=\"height: 24px;\"><strong>ZBOR<br \/>\n<\/strong><\/td>\n<td style=\"height: 24px;\"><strong>ob 10:45 uri<br \/>\n<\/strong><\/td>\n<\/tr>\n<tr style=\"height: 24px;\">\n<td style=\"height: 24px;\"><strong>\u010cAS ODHODA<\/strong><\/td>\n<td style=\"height: 24px;\"><strong>ob 11:00\u00a0 uri<br \/>\n<\/strong><\/td>\n<\/tr>\n<tr style=\"height: 24px;\">\n<td style=\"height: 24px;\"><strong>\u010cAS PRIHODA<\/strong><\/td>\n<td style=\"height: 24px;\">ob 13:15\u00a0 uri\/ pribli\u017eno<\/td>\n<\/tr>\n<tr style=\"height: 24px;\">\n<td style=\"height: 24px;\"><strong>RAZDALJA<\/strong><\/td>\n<td style=\"height: 24px;\"><span id=\"result_box\" class=\"\" lang=\"en\"><span class=\"\">13 km &#8211; 2,5 ure<br \/>\n<\/span><\/span><\/td>\n<\/tr>\n<tr style=\"height: 154px;\">\n<td style=\"height: 154px;\"><strong>VKLJU\u010cENO<\/strong><\/td>\n<td style=\"height: 154px;\">\n<table class=\"table table-bordered\" style=\"height: 62px; width: 99.8806%;\" width=\"300\">\n<tbody>\n<tr>\n<td style=\"width: 99.095%;\"><i class=\"fa fa-check icon-tick icon-tick--on\"><\/i>strokovno vodenje turisti\u010dnega vodnika z licenco<span id=\"result_box\" class=\"short_text\" lang=\"en\"><span class=\"\"><br \/>\n<\/span><\/span><\/td>\n<\/tr>\n<tr>\n<td style=\"width: 99.095%;\"><i class=\"fa fa-check icon-tick icon-tick--on\"><\/i>s<span id=\"result_box\" class=\"short_text\" lang=\"en\"><span class=\"\">premstvo na kolesarskem izletu<\/span><\/span><\/td>\n<\/tr>\n<tr>\n<td style=\"width: 99.095%;\"><i class=\"fa fa-check icon-tick icon-tick--on\"><\/i>voden kolesarski izlet<\/td>\n<\/tr>\n<tr>\n<td style=\"width: 99.095%;\"><i class=\"fa fa-check icon-tick icon-tick--on\"><\/i>fantasti\u010dne fotografske prilo\u017enosti<\/td>\n<\/tr>\n<\/tbody>\n<\/table>\n<\/td>\n<\/tr>\n<tr style=\"height: 64px;\">\n<td style=\"height: 64px;\"><b>NI VKLJU\u010cENO<\/b><\/td>\n<td style=\"height: 64px;\">\n<table class=\"table table-bordered\" style=\"height: 62px;\" width=\"300\">\n<tbody>\n<tr>\n<td><i class=\"fa fa-times icon-tick icon-tick--off\"><\/i>Obrok<span id=\"result_box\" class=\"short_text\" lang=\"en\"><\/span><\/td>\n<\/tr>\n<tr>\n<td><i class=\"fa fa-times icon-tick icon-tick--off\"><\/i>Napitki<\/td>\n<\/tr>\n<\/tbody>\n<\/table>\n<\/td>\n<\/tr>\n<\/tbody>\n<\/table>\n<p>U\u017eivajte v kolesarskih turah z izku\u0161enim, zabavnim, prijaznim in profesionalnim vodnikom.<br \/>\nV bistvu si \u017eelimo, da vzljubite Ljubljano, kot smo jo tudi sami.<\/p>\n<p>Kolesarski izlet se izvede ob udele\u017ebi najmanj 6-ih kolesarjev.<br \/>\nV primeru slabega vremena se izlet prestavi.<\/p>\n","protected":false},"excerpt":{"rendered":"<p>Ljubljana je najlep\u0161e mesto na svetu.<\/p>\n","protected":false},"featured_media":1589,"comment_status":"open","ping_status":"closed","template":"","meta":[],"product_brand":[],"product_cat":[258],"product_tag":[149,148,665],"class_list":{"0":"post-2034","1":"product","2":"type-product","3":"status-publish","4":"has-post-thumbnail","6":"product_cat-izleti","7":"product_tag-izlet-v-mestu","8":"product_tag-kolesarski-izlet","9":"product_tag-kolesarski-izlet-po-best-of-ljubljana","10":"tour_category-druzini-prijazno","11":"tour_category-enodnevni-izlet","12":"tour_category-izlet-po-mestu","13":"tour_category-kolesarski-izlet","14":"tour_category-ljubljana-sl","15":"tour_category-nezahtevni-izlet","17":"first","18":"instock","19":"featured","20":"shipping-taxable","21":"purchasable","22":"product-type-tour"},"yoast_head":"<!-- This site is optimized with the Yoast SEO plugin v26.6 - https:\/\/yoast.com\/wordpress\/plugins\/seo\/ -->\n<title>Kolesarski izlet po \u00bbBest of Ljubljana\u00ab - Kolesarski Svet<\/title>\n<meta name=\"description\" content=\"Na kolesarskem izletu vam bomo pokazali\u00a0 najpomembnej\u0161e znamenitosti Ljubljane - tiste, ki jih preprosto ne smete zamuditi.\" \/>\n<meta name=\"robots\" content=\"index, follow, max-snippet:-1, max-image-preview:large, max-video-preview:-1\" \/>\n<link rel=\"canonical\" href=\"https:\/\/kolesarski-svet.si\/sl\/izleti\/kolesarski-izlet-po-best-of-ljubljana\/\" \/>\n<meta property=\"og:locale\" content=\"sl_SI\" \/>\n<meta property=\"og:type\" content=\"article\" \/>\n<meta property=\"og:title\" content=\"Kolesarski izlet po \u00bbBest of Ljubljana\u00ab - Kolesarski Svet\" \/>\n<meta property=\"og:description\" content=\"Na kolesarskem izletu vam bomo pokazali\u00a0 najpomembnej\u0161e znamenitosti Ljubljane - tiste, ki jih preprosto ne smete zamuditi.\" \/>\n<meta property=\"og:url\" content=\"https:\/\/kolesarski-svet.si\/sl\/izleti\/kolesarski-izlet-po-best-of-ljubljana\/\" \/>\n<meta property=\"og:site_name\" content=\"Kolesarski Svet\" \/>\n<meta property=\"article:publisher\" content=\"https:\/\/www.facebook.com\/KolesarskiSvet\/\" \/>\n<meta property=\"article:modified_time\" content=\"2025-02-08T12:57:53+00:00\" \/>\n<meta property=\"og:image\" content=\"https:\/\/kolesarski-svet.si\/wp-content\/uploads\/2015\/07\/Kolesarski-Svet-Best-of-Ljubljana-57-1.jpg\" \/>\n\t<meta property=\"og:image:width\" content=\"1536\" \/>\n\t<meta property=\"og:image:height\" content=\"1152\" \/>\n\t<meta property=\"og:image:type\" content=\"image\/jpeg\" \/>\n<meta name=\"twitter:card\" content=\"summary_large_image\" \/>\n<meta name=\"twitter:label1\" content=\"Est. reading time\" \/>\n\t<meta name=\"twitter:data1\" content=\"1 minuta\" \/>\n<script type=\"application\/ld+json\" class=\"yoast-schema-graph\">{\"@context\":\"https:\/\/schema.org\",\"@graph\":[{\"@type\":\"WebPage\",\"@id\":\"https:\/\/kolesarski-svet.si\/sl\/izleti\/kolesarski-izlet-po-best-of-ljubljana\/\",\"url\":\"https:\/\/kolesarski-svet.si\/sl\/izleti\/kolesarski-izlet-po-best-of-ljubljana\/\",\"name\":\"Kolesarski izlet po \u00bbBest of Ljubljana\u00ab - Kolesarski Svet\",\"isPartOf\":{\"@id\":\"https:\/\/kolesarski-svet.si\/#website\"},\"primaryImageOfPage\":{\"@id\":\"https:\/\/kolesarski-svet.si\/sl\/izleti\/kolesarski-izlet-po-best-of-ljubljana\/#primaryimage\"},\"image\":{\"@id\":\"https:\/\/kolesarski-svet.si\/sl\/izleti\/kolesarski-izlet-po-best-of-ljubljana\/#primaryimage\"},\"thumbnailUrl\":\"https:\/\/kolesarski-svet.si\/wp-content\/uploads\/2015\/07\/Kolesarski-Svet-Best-of-Ljubljana-57-1.jpg\",\"datePublished\":\"2015-07-08T09:56:29+00:00\",\"dateModified\":\"2025-02-08T12:57:53+00:00\",\"description\":\"Na kolesarskem izletu vam bomo pokazali\u00a0 najpomembnej\u0161e znamenitosti Ljubljane - tiste, ki jih preprosto ne smete zamuditi.\",\"breadcrumb\":{\"@id\":\"https:\/\/kolesarski-svet.si\/sl\/izleti\/kolesarski-izlet-po-best-of-ljubljana\/#breadcrumb\"},\"inLanguage\":\"sl-SI\",\"potentialAction\":[{\"@type\":\"ReadAction\",\"target\":[\"https:\/\/kolesarski-svet.si\/sl\/izleti\/kolesarski-izlet-po-best-of-ljubljana\/\"]}]},{\"@type\":\"ImageObject\",\"inLanguage\":\"sl-SI\",\"@id\":\"https:\/\/kolesarski-svet.si\/sl\/izleti\/kolesarski-izlet-po-best-of-ljubljana\/#primaryimage\",\"url\":\"https:\/\/kolesarski-svet.si\/wp-content\/uploads\/2015\/07\/Kolesarski-Svet-Best-of-Ljubljana-57-1.jpg\",\"contentUrl\":\"https:\/\/kolesarski-svet.si\/wp-content\/uploads\/2015\/07\/Kolesarski-Svet-Best-of-Ljubljana-57-1.jpg\",\"width\":1536,\"height\":1152},{\"@type\":\"BreadcrumbList\",\"@id\":\"https:\/\/kolesarski-svet.si\/sl\/izleti\/kolesarski-izlet-po-best-of-ljubljana\/#breadcrumb\",\"itemListElement\":[{\"@type\":\"ListItem\",\"position\":1,\"name\":\"Home\",\"item\":\"https:\/\/kolesarski-svet.si\/sl\/kolesarski-svet-domov\/\"},{\"@type\":\"ListItem\",\"position\":2,\"name\":\"Trgovina\",\"item\":\"https:\/\/kolesarski-svet.si\/sl\/trgovina\/\"},{\"@type\":\"ListItem\",\"position\":3,\"name\":\"Kolesarski izlet po \u00bbBest of Ljubljana\u00ab\"}]},{\"@type\":\"WebSite\",\"@id\":\"https:\/\/kolesarski-svet.si\/#website\",\"url\":\"https:\/\/kolesarski-svet.si\/\",\"name\":\"Kolesarski Svet\",\"description\":\"Do\u017eivite lepote Slovenije na kolesu\",\"publisher\":{\"@id\":\"https:\/\/kolesarski-svet.si\/#organization\"},\"potentialAction\":[{\"@type\":\"SearchAction\",\"target\":{\"@type\":\"EntryPoint\",\"urlTemplate\":\"https:\/\/kolesarski-svet.si\/?s={search_term_string}\"},\"query-input\":{\"@type\":\"PropertyValueSpecification\",\"valueRequired\":true,\"valueName\":\"search_term_string\"}}],\"inLanguage\":\"sl-SI\"},{\"@type\":\"Organization\",\"@id\":\"https:\/\/kolesarski-svet.si\/#organization\",\"name\":\"Kolesarski Svet\",\"url\":\"https:\/\/kolesarski-svet.si\/\",\"logo\":{\"@type\":\"ImageObject\",\"inLanguage\":\"sl-SI\",\"@id\":\"https:\/\/kolesarski-svet.si\/#\/schema\/logo\/image\/\",\"url\":\"https:\/\/kolesarski-svet.si\/wp-content\/uploads\/2018\/03\/logo-KS-170.png\",\"contentUrl\":\"https:\/\/kolesarski-svet.si\/wp-content\/uploads\/2018\/03\/logo-KS-170.png\",\"width\":170,\"height\":120,\"caption\":\"Kolesarski Svet\"},\"image\":{\"@id\":\"https:\/\/kolesarski-svet.si\/#\/schema\/logo\/image\/\"},\"sameAs\":[\"https:\/\/www.facebook.com\/KolesarskiSvet\/\",\"https:\/\/www.youtube.com\/channel\/UCaR0d_D0MFnxI1Wpxa2nkAA\"]}]}<\/script>\n<!-- \/ Yoast SEO plugin. -->","yoast_head_json":{"title":"Kolesarski izlet po \u00bbBest of Ljubljana\u00ab - Kolesarski Svet","description":"Na kolesarskem izletu vam bomo pokazali\u00a0 najpomembnej\u0161e znamenitosti Ljubljane - tiste, ki jih preprosto ne smete zamuditi.","robots":{"index":"index","follow":"follow","max-snippet":"max-snippet:-1","max-image-preview":"max-image-preview:large","max-video-preview":"max-video-preview:-1"},"canonical":"https:\/\/kolesarski-svet.si\/sl\/izleti\/kolesarski-izlet-po-best-of-ljubljana\/","og_locale":"sl_SI","og_type":"article","og_title":"Kolesarski izlet po \u00bbBest of Ljubljana\u00ab - Kolesarski Svet","og_description":"Na kolesarskem izletu vam bomo pokazali\u00a0 najpomembnej\u0161e znamenitosti Ljubljane - tiste, ki jih preprosto ne smete zamuditi.","og_url":"https:\/\/kolesarski-svet.si\/sl\/izleti\/kolesarski-izlet-po-best-of-ljubljana\/","og_site_name":"Kolesarski Svet","article_publisher":"https:\/\/www.facebook.com\/KolesarskiSvet\/","article_modified_time":"2025-02-08T12:57:53+00:00","og_image":[{"width":1536,"height":1152,"url":"https:\/\/kolesarski-svet.si\/wp-content\/uploads\/2015\/07\/Kolesarski-Svet-Best-of-Ljubljana-57-1.jpg","type":"image\/jpeg"}],"twitter_card":"summary_large_image","twitter_misc":{"Est. reading time":"1 minuta"},"schema":{"@context":"https:\/\/schema.org","@graph":[{"@type":"WebPage","@id":"https:\/\/kolesarski-svet.si\/sl\/izleti\/kolesarski-izlet-po-best-of-ljubljana\/","url":"https:\/\/kolesarski-svet.si\/sl\/izleti\/kolesarski-izlet-po-best-of-ljubljana\/","name":"Kolesarski izlet po \u00bbBest of Ljubljana\u00ab - Kolesarski Svet","isPartOf":{"@id":"https:\/\/kolesarski-svet.si\/#website"},"primaryImageOfPage":{"@id":"https:\/\/kolesarski-svet.si\/sl\/izleti\/kolesarski-izlet-po-best-of-ljubljana\/#primaryimage"},"image":{"@id":"https:\/\/kolesarski-svet.si\/sl\/izleti\/kolesarski-izlet-po-best-of-ljubljana\/#primaryimage"},"thumbnailUrl":"https:\/\/kolesarski-svet.si\/wp-content\/uploads\/2015\/07\/Kolesarski-Svet-Best-of-Ljubljana-57-1.jpg","datePublished":"2015-07-08T09:56:29+00:00","dateModified":"2025-02-08T12:57:53+00:00","description":"Na kolesarskem izletu vam bomo pokazali\u00a0 najpomembnej\u0161e znamenitosti Ljubljane - tiste, ki jih preprosto ne smete zamuditi.","breadcrumb":{"@id":"https:\/\/kolesarski-svet.si\/sl\/izleti\/kolesarski-izlet-po-best-of-ljubljana\/#breadcrumb"},"inLanguage":"sl-SI","potentialAction":[{"@type":"ReadAction","target":["https:\/\/kolesarski-svet.si\/sl\/izleti\/kolesarski-izlet-po-best-of-ljubljana\/"]}]},{"@type":"ImageObject","inLanguage":"sl-SI","@id":"https:\/\/kolesarski-svet.si\/sl\/izleti\/kolesarski-izlet-po-best-of-ljubljana\/#primaryimage","url":"https:\/\/kolesarski-svet.si\/wp-content\/uploads\/2015\/07\/Kolesarski-Svet-Best-of-Ljubljana-57-1.jpg","contentUrl":"https:\/\/kolesarski-svet.si\/wp-content\/uploads\/2015\/07\/Kolesarski-Svet-Best-of-Ljubljana-57-1.jpg","width":1536,"height":1152},{"@type":"BreadcrumbList","@id":"https:\/\/kolesarski-svet.si\/sl\/izleti\/kolesarski-izlet-po-best-of-ljubljana\/#breadcrumb","itemListElement":[{"@type":"ListItem","position":1,"name":"Home","item":"https:\/\/kolesarski-svet.si\/sl\/kolesarski-svet-domov\/"},{"@type":"ListItem","position":2,"name":"Trgovina","item":"https:\/\/kolesarski-svet.si\/sl\/trgovina\/"},{"@type":"ListItem","position":3,"name":"Kolesarski izlet po \u00bbBest of Ljubljana\u00ab"}]},{"@type":"WebSite","@id":"https:\/\/kolesarski-svet.si\/#website","url":"https:\/\/kolesarski-svet.si\/","name":"Kolesarski Svet","description":"Do\u017eivite lepote Slovenije na kolesu","publisher":{"@id":"https:\/\/kolesarski-svet.si\/#organization"},"potentialAction":[{"@type":"SearchAction","target":{"@type":"EntryPoint","urlTemplate":"https:\/\/kolesarski-svet.si\/?s={search_term_string}"},"query-input":{"@type":"PropertyValueSpecification","valueRequired":true,"valueName":"search_term_string"}}],"inLanguage":"sl-SI"},{"@type":"Organization","@id":"https:\/\/kolesarski-svet.si\/#organization","name":"Kolesarski Svet","url":"https:\/\/kolesarski-svet.si\/","logo":{"@type":"ImageObject","inLanguage":"sl-SI","@id":"https:\/\/kolesarski-svet.si\/#\/schema\/logo\/image\/","url":"https:\/\/kolesarski-svet.si\/wp-content\/uploads\/2018\/03\/logo-KS-170.png","contentUrl":"https:\/\/kolesarski-svet.si\/wp-content\/uploads\/2018\/03\/logo-KS-170.png","width":170,"height":120,"caption":"Kolesarski Svet"},"image":{"@id":"https:\/\/kolesarski-svet.si\/#\/schema\/logo\/image\/"},"sameAs":["https:\/\/www.facebook.com\/KolesarskiSvet\/","https:\/\/www.youtube.com\/channel\/UCaR0d_D0MFnxI1Wpxa2nkAA"]}]}},"_links":{"self":[{"href":"https:\/\/kolesarski-svet.si\/sl\/wp-json\/wp\/v2\/product\/2034","targetHints":{"allow":["GET"]}}],"collection":[{"href":"https:\/\/kolesarski-svet.si\/sl\/wp-json\/wp\/v2\/product"}],"about":[{"href":"https:\/\/kolesarski-svet.si\/sl\/wp-json\/wp\/v2\/types\/product"}],"replies":[{"embeddable":true,"href":"https:\/\/kolesarski-svet.si\/sl\/wp-json\/wp\/v2\/comments?post=2034"}],"wp:featuredmedia":[{"embeddable":true,"href":"https:\/\/kolesarski-svet.si\/sl\/wp-json\/wp\/v2\/media\/1589"}],"wp:attachment":[{"href":"https:\/\/kolesarski-svet.si\/sl\/wp-json\/wp\/v2\/media?parent=2034"}],"wp:term":[{"taxonomy":"product_brand","embeddable":true,"href":"https:\/\/kolesarski-svet.si\/sl\/wp-json\/wp\/v2\/product_brand?post=2034"},{"taxonomy":"product_cat","embeddable":true,"href":"https:\/\/kolesarski-svet.si\/sl\/wp-json\/wp\/v2\/product_cat?post=2034"},{"taxonomy":"product_tag","embeddable":true,"href":"https:\/\/kolesarski-svet.si\/sl\/wp-json\/wp\/v2\/product_tag?post=2034"}],"curies":[{"name":"wp","href":"https:\/\/api.w.org\/{rel}","templated":true}]}}