{"id":2051,"date":"2018-08-17T08:26:33","date_gmt":"2018-08-17T08:26:34","guid":{"rendered":"https:\/\/kolesarski-svet.si\/?post_type=product&#038;p=2051"},"modified":"2024-05-11T18:44:36","modified_gmt":"2024-05-11T18:44:36","slug":"kolesarski-izlet-iz-maribora-do-miklavza-na-dravskem-polju","status":"publish","type":"product","link":"https:\/\/kolesarski-svet.si\/sl\/izleti\/kolesarski-izlet-iz-maribora-do-miklavza-na-dravskem-polju\/","title":{"rendered":"Kolesarski izlet iz Maribora do Miklav\u017ea na Dravskem polju"},"content":{"rendered":"<p>V neposredni bli\u017eini Maribora, le\u017ei mesto Miklav\u017e na Dravskem polju. Do na\u0161e \u010dudovite destinacije bomo kolesarili po stranskih poteh od tega bo velik del poti skozi polja po utrjenih kolovozih. Na\u0161a destinacija je \u010dudovito in neokrnjeno majhno jezerce blizu Miklav\u017ea na Dravskem polju. Tam si bomo privo\u0161\u010dili postanek in malico.<\/p>\n<p><!--more--><\/p>\n<table class=\"table table-bordered tours-tabs__table\" style=\"height: 233px; width: 840px;\">\n<tbody>\n<tr>\n<td style=\"width: 226px;\"><strong>LOKACIJA ODHODA\/PRIHODA<\/strong><\/td>\n<td style=\"width: 620px;\">pred vhodom v Fran\u010di\u0161kansko cerkev v centru mesta Maribor<\/td>\n<\/tr>\n<tr>\n<td style=\"width: 226px;\"><strong>\u010cAS ODHODA<\/strong><\/td>\n<td style=\"width: 620px;\"><strong>Vsako soboto in nedeljo ob<\/strong><strong> 10:00 uri<\/strong>\n<p>zbor 15 minut prej, ob 9:45 uri\u00a0 (od Aprila &#8211; do Oktobra)<\/p><\/td>\n<\/tr>\n<tr>\n<td style=\"width: 226px;\"><strong>\u010cAS PRIHODA<\/strong><\/td>\n<td style=\"width: 620px;\">ob 13:00 uri \/ pribli\u017eno<\/td>\n<\/tr>\n<tr>\n<td style=\"width: 226px;\"><strong>VKLJU\u010cENO<\/strong><\/td>\n<td style=\"width: 620px;\">\n<table class=\"table table-bordered\" style=\"height: 62px; width: 443px;\">\n<tbody>\n<tr>\n<td style=\"width: 443px;\">icon_tick state=&#8221;on&#8221;]3-ure prijetnega in dinami\u010dnega kolesarjenja<\/td>\n<\/tr>\n<tr>\n<td style=\"width: 443px;\"><i class=\"fa fa-check icon-tick icon-tick--on\"><\/i>izposoja kolesa<\/td>\n<\/tr>\n<tr>\n<td style=\"width: 443px;\"><i class=\"fa fa-check icon-tick icon-tick--on\"><\/i>strokovno vodstvo prijaznega kolesarskega vodnika<\/td>\n<\/tr>\n<tr>\n<td style=\"width: 443px;\"><i class=\"fa fa-check icon-tick icon-tick--on\"><\/i>fantasti\u010dne fotografske prilo\u017enosti<\/td>\n<\/tr>\n<tr>\n<td style=\"width: 443px;\"><i class=\"fa fa-check icon-tick icon-tick--on\"><\/i>Malica na cilju tik ob jezeru ( \u00bd ure pauze)<\/td>\n<\/tr>\n<\/tbody>\n<\/table>\n<\/td>\n<\/tr>\n<tr>\n<td style=\"width: 226px;\"><b>NI VKLUJ\u010cENO<\/b><\/td>\n<td style=\"width: 620px;\">\n<table class=\"table table-bordered\" style=\"height: 62px; width: 451px;\">\n<tbody>\n<tr>\n<td style=\"width: 449px;\"><i class=\"fa fa-times icon-tick icon-tick--off\"><\/i>napitki<\/td>\n<\/tr>\n<tr>\n<td style=\"width: 449px;\"><\/td>\n<\/tr>\n<\/tbody>\n<\/table>\n<\/td>\n<\/tr>\n<\/tbody>\n<\/table>\n<p>Kolesarski izlet se izvede ob udele\u017ebi najmanj 3-eh kolesarjev.<\/p>\n<p>V primeru slabega vremena se izlet prestavi.<\/p>\n<p>S prijavo udele\u017eenec potrdi, da se zaveda zahtevnosti kolesarskega izleta, ter da izpolnjuje zdravstvene in fizi\u010dne pogoje za varno sodelovanje.\u00a0 V primeru slabega vremena se izlet prestavi.<\/p>\n","protected":false},"excerpt":{"rendered":"<p>Na\u0161a destinacija je \u010dudovito in neokrnjeno majhno jezerce blizu Miklav\u017ea na Dravskem polju.<\/p>\n","protected":false},"featured_media":2085,"comment_status":"open","ping_status":"closed","template":"","meta":[],"product_brand":[],"product_cat":[258],"product_tag":[],"class_list":{"0":"post-2051","1":"product","2":"type-product","3":"status-publish","4":"has-post-thumbnail","6":"product_cat-izleti","7":"tour_category-enodnevni-izlet","8":"tour_category-izlet-v-naravo","9":"tour_category-kolesarski-izlet","10":"tour_category-maribor-sl","11":"tour_category-nezahtevni-izlet","13":"first","14":"instock","15":"featured","16":"shipping-taxable","17":"purchasable","18":"product-type-tour"},"yoast_head":"<!-- This site is optimized with the Yoast SEO plugin v26.6 - https:\/\/yoast.com\/wordpress\/plugins\/seo\/ -->\n<title>Kolesarski izlet iz Maribora do Miklav\u017ea na Dravskem polju - Kolesarski Svet<\/title>\n<meta name=\"description\" content=\"V neposredni bli\u017eini Maribora, le\u017ei mesto Miklav\u017e na Dravskem polju. Do na\u0161e \u010dudovite destinacije bomo kolesarili po stranskih poteh od tega bo velik del poti skozi polja po utrjenih kolovozih. Na\u0161a destinacija je \u010dudovito in neokrnjeno majhno jezerce blizu Miklav\u017ea na Dravskem polju. Tam si bomo privo\u0161\u010dili postanek in malico.\" \/>\n<meta name=\"robots\" content=\"index, follow, max-snippet:-1, max-image-preview:large, max-video-preview:-1\" \/>\n<link rel=\"canonical\" href=\"https:\/\/kolesarski-svet.si\/sl\/izleti\/kolesarski-izlet-iz-maribora-do-miklavza-na-dravskem-polju\/\" \/>\n<meta property=\"og:locale\" content=\"sl_SI\" \/>\n<meta property=\"og:type\" content=\"article\" \/>\n<meta property=\"og:title\" content=\"Kolesarski izlet iz Maribora do Miklav\u017ea na Dravskem polju - Kolesarski Svet\" \/>\n<meta property=\"og:description\" content=\"V neposredni bli\u017eini Maribora, le\u017ei mesto Miklav\u017e na Dravskem polju. Do na\u0161e \u010dudovite destinacije bomo kolesarili po stranskih poteh od tega bo velik del poti skozi polja po utrjenih kolovozih. Na\u0161a destinacija je \u010dudovito in neokrnjeno majhno jezerce blizu Miklav\u017ea na Dravskem polju. Tam si bomo privo\u0161\u010dili postanek in malico.\" \/>\n<meta property=\"og:url\" content=\"https:\/\/kolesarski-svet.si\/sl\/izleti\/kolesarski-izlet-iz-maribora-do-miklavza-na-dravskem-polju\/\" \/>\n<meta property=\"og:site_name\" content=\"Kolesarski Svet\" \/>\n<meta property=\"article:publisher\" content=\"https:\/\/www.facebook.com\/KolesarskiSvet\/\" \/>\n<meta property=\"article:modified_time\" content=\"2024-05-11T18:44:36+00:00\" \/>\n<meta property=\"og:image\" content=\"https:\/\/kolesarski-svet.si\/wp-content\/uploads\/2018\/08\/Miklavz-134.jpg\" \/>\n\t<meta property=\"og:image:width\" content=\"1419\" \/>\n\t<meta property=\"og:image:height\" content=\"944\" \/>\n\t<meta property=\"og:image:type\" content=\"image\/jpeg\" \/>\n<meta name=\"twitter:card\" content=\"summary_large_image\" \/>\n<meta name=\"twitter:label1\" content=\"Est. reading time\" \/>\n\t<meta name=\"twitter:data1\" content=\"1 minuta\" \/>\n<script type=\"application\/ld+json\" class=\"yoast-schema-graph\">{\"@context\":\"https:\/\/schema.org\",\"@graph\":[{\"@type\":\"WebPage\",\"@id\":\"https:\/\/kolesarski-svet.si\/sl\/izleti\/kolesarski-izlet-iz-maribora-do-miklavza-na-dravskem-polju\/\",\"url\":\"https:\/\/kolesarski-svet.si\/sl\/izleti\/kolesarski-izlet-iz-maribora-do-miklavza-na-dravskem-polju\/\",\"name\":\"Kolesarski izlet iz Maribora do Miklav\u017ea na Dravskem polju - Kolesarski Svet\",\"isPartOf\":{\"@id\":\"https:\/\/kolesarski-svet.si\/#website\"},\"primaryImageOfPage\":{\"@id\":\"https:\/\/kolesarski-svet.si\/sl\/izleti\/kolesarski-izlet-iz-maribora-do-miklavza-na-dravskem-polju\/#primaryimage\"},\"image\":{\"@id\":\"https:\/\/kolesarski-svet.si\/sl\/izleti\/kolesarski-izlet-iz-maribora-do-miklavza-na-dravskem-polju\/#primaryimage\"},\"thumbnailUrl\":\"https:\/\/kolesarski-svet.si\/wp-content\/uploads\/2018\/08\/Miklavz-134.jpg\",\"datePublished\":\"2018-08-17T08:26:34+00:00\",\"dateModified\":\"2024-05-11T18:44:36+00:00\",\"description\":\"V neposredni bli\u017eini Maribora, le\u017ei mesto Miklav\u017e na Dravskem polju. Do na\u0161e \u010dudovite destinacije bomo kolesarili po stranskih poteh od tega bo velik del poti skozi polja po utrjenih kolovozih. Na\u0161a destinacija je \u010dudovito in neokrnjeno majhno jezerce blizu Miklav\u017ea na Dravskem polju. Tam si bomo privo\u0161\u010dili postanek in malico.\",\"breadcrumb\":{\"@id\":\"https:\/\/kolesarski-svet.si\/sl\/izleti\/kolesarski-izlet-iz-maribora-do-miklavza-na-dravskem-polju\/#breadcrumb\"},\"inLanguage\":\"sl-SI\",\"potentialAction\":[{\"@type\":\"ReadAction\",\"target\":[\"https:\/\/kolesarski-svet.si\/sl\/izleti\/kolesarski-izlet-iz-maribora-do-miklavza-na-dravskem-polju\/\"]}]},{\"@type\":\"ImageObject\",\"inLanguage\":\"sl-SI\",\"@id\":\"https:\/\/kolesarski-svet.si\/sl\/izleti\/kolesarski-izlet-iz-maribora-do-miklavza-na-dravskem-polju\/#primaryimage\",\"url\":\"https:\/\/kolesarski-svet.si\/wp-content\/uploads\/2018\/08\/Miklavz-134.jpg\",\"contentUrl\":\"https:\/\/kolesarski-svet.si\/wp-content\/uploads\/2018\/08\/Miklavz-134.jpg\",\"width\":1419,\"height\":944,\"caption\":\"Kolesarski izlet iz Maribora do Miklav\u017ea na Dravskem polju\"},{\"@type\":\"BreadcrumbList\",\"@id\":\"https:\/\/kolesarski-svet.si\/sl\/izleti\/kolesarski-izlet-iz-maribora-do-miklavza-na-dravskem-polju\/#breadcrumb\",\"itemListElement\":[{\"@type\":\"ListItem\",\"position\":1,\"name\":\"Home\",\"item\":\"https:\/\/kolesarski-svet.si\/sl\/kolesarski-svet-domov\/\"},{\"@type\":\"ListItem\",\"position\":2,\"name\":\"Trgovina\",\"item\":\"https:\/\/kolesarski-svet.si\/sl\/trgovina\/\"},{\"@type\":\"ListItem\",\"position\":3,\"name\":\"Kolesarski izlet iz Maribora do Miklav\u017ea na Dravskem polju\"}]},{\"@type\":\"WebSite\",\"@id\":\"https:\/\/kolesarski-svet.si\/#website\",\"url\":\"https:\/\/kolesarski-svet.si\/\",\"name\":\"Kolesarski Svet\",\"description\":\"Do\u017eivite lepote Slovenije na kolesu\",\"publisher\":{\"@id\":\"https:\/\/kolesarski-svet.si\/#organization\"},\"potentialAction\":[{\"@type\":\"SearchAction\",\"target\":{\"@type\":\"EntryPoint\",\"urlTemplate\":\"https:\/\/kolesarski-svet.si\/?s={search_term_string}\"},\"query-input\":{\"@type\":\"PropertyValueSpecification\",\"valueRequired\":true,\"valueName\":\"search_term_string\"}}],\"inLanguage\":\"sl-SI\"},{\"@type\":\"Organization\",\"@id\":\"https:\/\/kolesarski-svet.si\/#organization\",\"name\":\"Kolesarski Svet\",\"url\":\"https:\/\/kolesarski-svet.si\/\",\"logo\":{\"@type\":\"ImageObject\",\"inLanguage\":\"sl-SI\",\"@id\":\"https:\/\/kolesarski-svet.si\/#\/schema\/logo\/image\/\",\"url\":\"https:\/\/kolesarski-svet.si\/wp-content\/uploads\/2018\/03\/logo-KS-170.png\",\"contentUrl\":\"https:\/\/kolesarski-svet.si\/wp-content\/uploads\/2018\/03\/logo-KS-170.png\",\"width\":170,\"height\":120,\"caption\":\"Kolesarski Svet\"},\"image\":{\"@id\":\"https:\/\/kolesarski-svet.si\/#\/schema\/logo\/image\/\"},\"sameAs\":[\"https:\/\/www.facebook.com\/KolesarskiSvet\/\",\"https:\/\/www.youtube.com\/channel\/UCaR0d_D0MFnxI1Wpxa2nkAA\"]}]}<\/script>\n<!-- \/ Yoast SEO plugin. -->","yoast_head_json":{"title":"Kolesarski izlet iz Maribora do Miklav\u017ea na Dravskem polju - Kolesarski Svet","description":"V neposredni bli\u017eini Maribora, le\u017ei mesto Miklav\u017e na Dravskem polju. Do na\u0161e \u010dudovite destinacije bomo kolesarili po stranskih poteh od tega bo velik del poti skozi polja po utrjenih kolovozih. Na\u0161a destinacija je \u010dudovito in neokrnjeno majhno jezerce blizu Miklav\u017ea na Dravskem polju. Tam si bomo privo\u0161\u010dili postanek in malico.","robots":{"index":"index","follow":"follow","max-snippet":"max-snippet:-1","max-image-preview":"max-image-preview:large","max-video-preview":"max-video-preview:-1"},"canonical":"https:\/\/kolesarski-svet.si\/sl\/izleti\/kolesarski-izlet-iz-maribora-do-miklavza-na-dravskem-polju\/","og_locale":"sl_SI","og_type":"article","og_title":"Kolesarski izlet iz Maribora do Miklav\u017ea na Dravskem polju - Kolesarski Svet","og_description":"V neposredni bli\u017eini Maribora, le\u017ei mesto Miklav\u017e na Dravskem polju. Do na\u0161e \u010dudovite destinacije bomo kolesarili po stranskih poteh od tega bo velik del poti skozi polja po utrjenih kolovozih. Na\u0161a destinacija je \u010dudovito in neokrnjeno majhno jezerce blizu Miklav\u017ea na Dravskem polju. Tam si bomo privo\u0161\u010dili postanek in malico.","og_url":"https:\/\/kolesarski-svet.si\/sl\/izleti\/kolesarski-izlet-iz-maribora-do-miklavza-na-dravskem-polju\/","og_site_name":"Kolesarski Svet","article_publisher":"https:\/\/www.facebook.com\/KolesarskiSvet\/","article_modified_time":"2024-05-11T18:44:36+00:00","og_image":[{"width":1419,"height":944,"url":"https:\/\/kolesarski-svet.si\/wp-content\/uploads\/2018\/08\/Miklavz-134.jpg","type":"image\/jpeg"}],"twitter_card":"summary_large_image","twitter_misc":{"Est. reading time":"1 minuta"},"schema":{"@context":"https:\/\/schema.org","@graph":[{"@type":"WebPage","@id":"https:\/\/kolesarski-svet.si\/sl\/izleti\/kolesarski-izlet-iz-maribora-do-miklavza-na-dravskem-polju\/","url":"https:\/\/kolesarski-svet.si\/sl\/izleti\/kolesarski-izlet-iz-maribora-do-miklavza-na-dravskem-polju\/","name":"Kolesarski izlet iz Maribora do Miklav\u017ea na Dravskem polju - Kolesarski Svet","isPartOf":{"@id":"https:\/\/kolesarski-svet.si\/#website"},"primaryImageOfPage":{"@id":"https:\/\/kolesarski-svet.si\/sl\/izleti\/kolesarski-izlet-iz-maribora-do-miklavza-na-dravskem-polju\/#primaryimage"},"image":{"@id":"https:\/\/kolesarski-svet.si\/sl\/izleti\/kolesarski-izlet-iz-maribora-do-miklavza-na-dravskem-polju\/#primaryimage"},"thumbnailUrl":"https:\/\/kolesarski-svet.si\/wp-content\/uploads\/2018\/08\/Miklavz-134.jpg","datePublished":"2018-08-17T08:26:34+00:00","dateModified":"2024-05-11T18:44:36+00:00","description":"V neposredni bli\u017eini Maribora, le\u017ei mesto Miklav\u017e na Dravskem polju. Do na\u0161e \u010dudovite destinacije bomo kolesarili po stranskih poteh od tega bo velik del poti skozi polja po utrjenih kolovozih. Na\u0161a destinacija je \u010dudovito in neokrnjeno majhno jezerce blizu Miklav\u017ea na Dravskem polju. Tam si bomo privo\u0161\u010dili postanek in malico.","breadcrumb":{"@id":"https:\/\/kolesarski-svet.si\/sl\/izleti\/kolesarski-izlet-iz-maribora-do-miklavza-na-dravskem-polju\/#breadcrumb"},"inLanguage":"sl-SI","potentialAction":[{"@type":"ReadAction","target":["https:\/\/kolesarski-svet.si\/sl\/izleti\/kolesarski-izlet-iz-maribora-do-miklavza-na-dravskem-polju\/"]}]},{"@type":"ImageObject","inLanguage":"sl-SI","@id":"https:\/\/kolesarski-svet.si\/sl\/izleti\/kolesarski-izlet-iz-maribora-do-miklavza-na-dravskem-polju\/#primaryimage","url":"https:\/\/kolesarski-svet.si\/wp-content\/uploads\/2018\/08\/Miklavz-134.jpg","contentUrl":"https:\/\/kolesarski-svet.si\/wp-content\/uploads\/2018\/08\/Miklavz-134.jpg","width":1419,"height":944,"caption":"Kolesarski izlet iz Maribora do Miklav\u017ea na Dravskem polju"},{"@type":"BreadcrumbList","@id":"https:\/\/kolesarski-svet.si\/sl\/izleti\/kolesarski-izlet-iz-maribora-do-miklavza-na-dravskem-polju\/#breadcrumb","itemListElement":[{"@type":"ListItem","position":1,"name":"Home","item":"https:\/\/kolesarski-svet.si\/sl\/kolesarski-svet-domov\/"},{"@type":"ListItem","position":2,"name":"Trgovina","item":"https:\/\/kolesarski-svet.si\/sl\/trgovina\/"},{"@type":"ListItem","position":3,"name":"Kolesarski izlet iz Maribora do Miklav\u017ea na Dravskem polju"}]},{"@type":"WebSite","@id":"https:\/\/kolesarski-svet.si\/#website","url":"https:\/\/kolesarski-svet.si\/","name":"Kolesarski Svet","description":"Do\u017eivite lepote Slovenije na kolesu","publisher":{"@id":"https:\/\/kolesarski-svet.si\/#organization"},"potentialAction":[{"@type":"SearchAction","target":{"@type":"EntryPoint","urlTemplate":"https:\/\/kolesarski-svet.si\/?s={search_term_string}"},"query-input":{"@type":"PropertyValueSpecification","valueRequired":true,"valueName":"search_term_string"}}],"inLanguage":"sl-SI"},{"@type":"Organization","@id":"https:\/\/kolesarski-svet.si\/#organization","name":"Kolesarski Svet","url":"https:\/\/kolesarski-svet.si\/","logo":{"@type":"ImageObject","inLanguage":"sl-SI","@id":"https:\/\/kolesarski-svet.si\/#\/schema\/logo\/image\/","url":"https:\/\/kolesarski-svet.si\/wp-content\/uploads\/2018\/03\/logo-KS-170.png","contentUrl":"https:\/\/kolesarski-svet.si\/wp-content\/uploads\/2018\/03\/logo-KS-170.png","width":170,"height":120,"caption":"Kolesarski Svet"},"image":{"@id":"https:\/\/kolesarski-svet.si\/#\/schema\/logo\/image\/"},"sameAs":["https:\/\/www.facebook.com\/KolesarskiSvet\/","https:\/\/www.youtube.com\/channel\/UCaR0d_D0MFnxI1Wpxa2nkAA"]}]}},"_links":{"self":[{"href":"https:\/\/kolesarski-svet.si\/sl\/wp-json\/wp\/v2\/product\/2051","targetHints":{"allow":["GET"]}}],"collection":[{"href":"https:\/\/kolesarski-svet.si\/sl\/wp-json\/wp\/v2\/product"}],"about":[{"href":"https:\/\/kolesarski-svet.si\/sl\/wp-json\/wp\/v2\/types\/product"}],"replies":[{"embeddable":true,"href":"https:\/\/kolesarski-svet.si\/sl\/wp-json\/wp\/v2\/comments?post=2051"}],"wp:featuredmedia":[{"embeddable":true,"href":"https:\/\/kolesarski-svet.si\/sl\/wp-json\/wp\/v2\/media\/2085"}],"wp:attachment":[{"href":"https:\/\/kolesarski-svet.si\/sl\/wp-json\/wp\/v2\/media?parent=2051"}],"wp:term":[{"taxonomy":"product_brand","embeddable":true,"href":"https:\/\/kolesarski-svet.si\/sl\/wp-json\/wp\/v2\/product_brand?post=2051"},{"taxonomy":"product_cat","embeddable":true,"href":"https:\/\/kolesarski-svet.si\/sl\/wp-json\/wp\/v2\/product_cat?post=2051"},{"taxonomy":"product_tag","embeddable":true,"href":"https:\/\/kolesarski-svet.si\/sl\/wp-json\/wp\/v2\/product_tag?post=2051"}],"curies":[{"name":"wp","href":"https:\/\/api.w.org\/{rel}","templated":true}]}}