{"id":2233,"date":"2018-11-14T18:03:49","date_gmt":"2018-11-14T18:03:50","guid":{"rendered":"https:\/\/kolesarski-svet.si\/?post_type=product&#038;p=2233"},"modified":"2021-07-01T08:31:13","modified_gmt":"2021-07-01T08:31:13","slug":"s-bikes-electric-kolo-c70e-28","status":"publish","type":"product","link":"https:\/\/kolesarski-svet.si\/sl\/izdelek\/s-bikes-electric-kolo-c70e-28\/","title":{"rendered":"S-BIKES Elektri\u010dno kolo C70e 28&#8243;"},"content":{"rendered":"<p>Elektri\u010dna kolesa \u017ee zavzemajo mestna sredi\u0161\u010da po celem svetu. Predstavljajo zdravo alternativo vo\u017enji z javnim prevozom in omogo\u010dajo svobodo gibanja. Ne glede na vse vzpone in \u0161e tako oddaljene cilje. Povsem novo elektri\u010dno kolo C70e je ustvarjen, da postane zmagovalec vseh mestnih obra\u010dunov.<\/p>\n<p>Z izjemno nizko vztopno vi\u0161ino omogo\u010da vo\u017enjo ljudem vseh starosti. Poenostavlja gibanje. Hkrati pa s skrito baterijo LG odli\u010dno prikriva svoj elektri\u010dni karakter. Po zaslugi zmogljivega motorja Bafang boste ob\u010dudovali pospe\u0161ke in nizko porab<\/p>\n<p><img decoding=\"async\" class=\"wp-image-2235 alignnone\" src=\"https:\/\/kolesarski-svet.si\/wp-content\/uploads\/2018\/11\/S-bikes_elektricno_kolo_C70e-Tehni\u010dne-karakteristike.jpg\" alt=\"\" width=\"678\" height=\"518\" srcset=\"https:\/\/kolesarski-svet.si\/wp-content\/uploads\/2018\/11\/S-bikes_elektricno_kolo_C70e-Tehni\u010dne-karakteristike.jpg 752w, https:\/\/kolesarski-svet.si\/wp-content\/uploads\/2018\/11\/S-bikes_elektricno_kolo_C70e-Tehni\u010dne-karakteristike-300x229.jpg 300w, https:\/\/kolesarski-svet.si\/wp-content\/uploads\/2018\/11\/S-bikes_elektricno_kolo_C70e-Tehni\u010dne-karakteristike-600x459.jpg 600w\" sizes=\"(max-width: 678px) 100vw, 678px\" \/><\/p>\n<h3><strong>Ustvarjen za mesto<\/strong><\/h3>\n<p>C70e je razvit in ustvarjen za mestno uporabo. Energetsko u\u010dinkovite pnevmatike so opremljene z odsevnim robom za bolj\u0161o vidljivost pono\u010di. Serijsko je kolo opremljeno z LED svetili, da boste la\u017eje vozili tudi v mraku.<\/p>\n<h3><strong>Enostavno upravljanje in uporaba<\/strong><\/h3>\n<p>C70e za svoje delovanje uporablja tehnologijo S-BIKES iQ. Enostaven uporabni\u0161ki vmesnik je preprost za uporabo in hkrati u\u010dinkovit. Za la\u017eje upravljanje z energijo in maksimalen \u017eeleni doseg. Za mlade in starej\u0161e. Vsi obo\u017eujejo uporabni\u0161ki vmesnik iQ.<\/p>\n<h3><strong>Dizajn S-BIKES<\/strong><\/h3>\n<p>C70e zdru\u017euje nezamenljiv dizajn blagovne znamke S-BIKES. Kakovosten aluminijast okvir je zasnovan, da navdu\u0161i z izgledom in hkrati izjemno uporabno vrednostjo.<\/p>\n<h3><strong>Pametne re\u0161itve S-BIKES<\/strong><\/h3>\n<p>C70e nadaljuje tradicijo pametnih re\u0161itev v kolesarstvu. Sede\u017e je opremljen z dodatnim dr\u017ealom, ki omogo\u010da la\u017eje prestavljanje kolesa, ko le to ni v uporabi. Po zaslugi lahkega okvirja in integrirane baterije je skupna te\u017ea kolesa le 21 kg. V kombinaciji z elektro motorjem ste v mestu zlahka kos vsakemu nasprotniku.<\/p>\n<h3><strong>Najudobnej\u0161e mestno kolo<\/strong><\/h3>\n<p>Oprema modela C70e je zasnovana tako, da v vo\u017enji z elektri\u010dnim kolesom maksimalno izkoristite vse prednosti elektrike in hkrati u\u017eivate v enostavnosti uporabe mestnega kolesa. Za maksimalno udobje smo kolo opremlili s prednjim amortizerjem s hodom 4 cm in vzmetenim gel sede\u017eem.<\/p>\n<h3><strong>Najbolj\u0161e komponente<\/strong><\/h3>\n<p>C70e zdru\u017euje vse do sedaj znane prednosti koles S-BIKES. Opremljen je z komponentami vodilnih svetovnih proizvajalcev, kot so Shimano, LG, Tektro in BAFANG. Podjetje Bafang je vodilni proizvajalec in razvijalec motorjev ter komponent za e-mobilnost. Podjetje je prisotno v Evropi, na Kitajskem in v ZDA. Ve\u010d kot 10 let \u017ee razvijajo komponente za elektri\u010dna kolesa.<\/p>\n<h3><strong>Zakaj izbrati elektri\u010dno kolo?<\/strong><\/h3>\n<p>Sodoben na\u010din \u017eivljenja in gibanja ustvarja nove oblike prevoza. Elektri\u010dno kolo je tako najsodobnej\u0161i med njimi. Vo\u017enja poteka enako, kot pri obi\u010dajnem kolesu. Le da je manj naporna in hitrej\u0161a po zaslugi elektri\u010dnega motorja. Ta vam v kombinaciji s tehnologijo S-BIKES iQ pomaga hitreje in udobneje dose\u010di hitrost 25 km\/h. Kon\u010dno se lahko na cilj pripeljete precej hitreje in brez nepotrebnega potenja. In to s kolesom.Pozabite na vzpone, ki so vas do sedaj utrujali in jemali voljo do kolesarstva. Tudi mo\u010dan protiveter je po zaslugi elektri\u010dne pomo\u010di zanemarljiv. Elektri\u010dno kolo ni le prevozno sredstvo. Je znanilec nove dobe mobilnosti in sodobnega \u017eivljenjskega sloga. Elektri\u010dna kolesa po svetu postavljajo mo\u010dno alternativo javnemu prevozu.<\/p>\n<h3><strong>Kako poteka polnjenje?<\/strong><\/h3>\n<p>Samo polnjenje je hitro in enostavno, saj poteka preko obi\u010dajne hi\u0161ne elektri\u010dne vti\u010dnice z napetostjo 230V. Polnjenje poteka do 5h, odvisno od izpraznjenosti baterije. Polnilnik baterije ima vgrajeno tudi funkcijo ohranjanja baterije, tako da vas kolo vedno pri\u010daka pripravljeno. Doseg kolesa s polno baterijo je do 70 km. Zmogljivost baterije: 7800 mAh. Proizvajalec baterije: LG. Maloprodajna cena nove baterije: 150 eur z ddv<\/p>\n<h3><strong>S-BIKES iQ<\/strong><\/h3>\n<p>Kolesa S-BIKES so opremljena s sodobno elektroniko S-BIKES iQ, ki nadzira delovanje kolesa in elektro motorja, ki pomaga uporabniku pri vo\u017enji. Razli\u010dni programi vo\u017enje omogo\u010dajo tudi razli\u010den doseg in maksimalno potovalno hitrost. \u010ce \u017eelite pove\u010dati maksimalno hitrost uporabljajte vi\u0161je programe pomo\u010di. Za dalj\u0161i doseg uporabljajte ni\u017eje programe pomo\u010di.<\/p>\n<p>Nova generacija sistema S-BIKES iQ je bila razvita v sodelovanju s proizvajalcem motorjev BAFANG, ki velja za vodilnega na podro\u010dju razvoja elektri\u010dnih motorjev. Elektronika izklaplja motor ob zaviranju in samodejno prilagaja mo\u010d motorja glede na hitrost vrtenja pedal. Za optimalno delovanje in najbolj enostavno kolesarjenje skrbi kontrolna enota, ki nenehno prera\u010dunava podatke iz senzorjev v gonilki in v zavorah. Hitro in neopazno za uporabnika. Da je va\u0161a uporabni\u0161ka izku\u0161nja lahko res najbolj\u0161a.<\/p>\n","protected":false},"excerpt":{"rendered":"<p>Od trenutka, ko se boste usedli na S-BIKE elektri\u010dno kolo vam bo jasno, da \u010desa takega \u0161e niste ob\u010dutili.<\/p>\n","protected":false},"featured_media":2239,"comment_status":"open","ping_status":"closed","template":"","meta":[],"product_brand":[],"product_cat":[650,619],"product_tag":[395,469,478],"class_list":{"0":"post-2233","1":"product","2":"type-product","3":"status-publish","4":"has-post-thumbnail","6":"product_cat-e-mestna-kolesa","7":"product_cat-elektricna-kolesa-sl","8":"product_tag-elektricno-kolo","9":"product_tag-s-bikes-sl","10":"product_tag-s-bikes-e-kolo-c70e-28","12":"first","13":"instock","14":"featured","15":"shipping-taxable","16":"purchasable","17":"product-type-simple"},"yoast_head":"<!-- This site is optimized with the Yoast SEO plugin v26.6 - https:\/\/yoast.com\/wordpress\/plugins\/seo\/ -->\n<title>S-BIKES Elektri\u010dno kolo C70e 28&quot; - Kolesarski Svet<\/title>\n<meta name=\"description\" content=\"Elektri\u010dno kolo C70e 28&quot; je idealno za dalj\u0161e mestne vo\u017enje. Primeren je za kolesarje vseh starosti.\" \/>\n<meta name=\"robots\" content=\"index, follow, max-snippet:-1, max-image-preview:large, max-video-preview:-1\" \/>\n<link rel=\"canonical\" href=\"https:\/\/kolesarski-svet.si\/sl\/izdelek\/s-bikes-electric-kolo-c70e-28\/\" \/>\n<meta property=\"og:locale\" content=\"sl_SI\" \/>\n<meta property=\"og:type\" content=\"article\" \/>\n<meta property=\"og:title\" content=\"S-BIKES Elektri\u010dno kolo C70e 28&quot; - Kolesarski Svet\" \/>\n<meta property=\"og:description\" content=\"Elektri\u010dno kolo C70e 28&quot; je idealno za dalj\u0161e mestne vo\u017enje. Primeren je za kolesarje vseh starosti.\" \/>\n<meta property=\"og:url\" content=\"https:\/\/kolesarski-svet.si\/sl\/izdelek\/s-bikes-electric-kolo-c70e-28\/\" \/>\n<meta property=\"og:site_name\" content=\"Kolesarski Svet\" \/>\n<meta property=\"article:publisher\" content=\"https:\/\/www.facebook.com\/KolesarskiSvet\/\" \/>\n<meta property=\"article:modified_time\" content=\"2021-07-01T08:31:13+00:00\" \/>\n<meta property=\"og:image\" content=\"https:\/\/kolesarski-svet.si\/wp-content\/uploads\/2018\/11\/S-bikes_elektricno_kolo_C70e.jpg\" \/>\n\t<meta property=\"og:image:width\" content=\"1200\" \/>\n\t<meta property=\"og:image:height\" content=\"800\" \/>\n\t<meta property=\"og:image:type\" content=\"image\/jpeg\" \/>\n<meta name=\"twitter:card\" content=\"summary_large_image\" \/>\n<meta name=\"twitter:label1\" content=\"Est. reading time\" \/>\n\t<meta name=\"twitter:data1\" content=\"4 minute\" \/>\n<script type=\"application\/ld+json\" class=\"yoast-schema-graph\">{\"@context\":\"https:\/\/schema.org\",\"@graph\":[{\"@type\":\"WebPage\",\"@id\":\"https:\/\/kolesarski-svet.si\/sl\/izdelek\/s-bikes-electric-kolo-c70e-28\/\",\"url\":\"https:\/\/kolesarski-svet.si\/sl\/izdelek\/s-bikes-electric-kolo-c70e-28\/\",\"name\":\"S-BIKES Elektri\u010dno kolo C70e 28\\\" - Kolesarski Svet\",\"isPartOf\":{\"@id\":\"https:\/\/kolesarski-svet.si\/#website\"},\"primaryImageOfPage\":{\"@id\":\"https:\/\/kolesarski-svet.si\/sl\/izdelek\/s-bikes-electric-kolo-c70e-28\/#primaryimage\"},\"image\":{\"@id\":\"https:\/\/kolesarski-svet.si\/sl\/izdelek\/s-bikes-electric-kolo-c70e-28\/#primaryimage\"},\"thumbnailUrl\":\"https:\/\/kolesarski-svet.si\/wp-content\/uploads\/2018\/11\/S-bikes_elektricno_kolo_C70e.jpg\",\"datePublished\":\"2018-11-14T18:03:50+00:00\",\"dateModified\":\"2021-07-01T08:31:13+00:00\",\"description\":\"Elektri\u010dno kolo C70e 28\\\" je idealno za dalj\u0161e mestne vo\u017enje. Primeren je za kolesarje vseh starosti.\",\"breadcrumb\":{\"@id\":\"https:\/\/kolesarski-svet.si\/sl\/izdelek\/s-bikes-electric-kolo-c70e-28\/#breadcrumb\"},\"inLanguage\":\"sl-SI\",\"potentialAction\":[{\"@type\":\"ReadAction\",\"target\":[\"https:\/\/kolesarski-svet.si\/sl\/izdelek\/s-bikes-electric-kolo-c70e-28\/\"]}]},{\"@type\":\"ImageObject\",\"inLanguage\":\"sl-SI\",\"@id\":\"https:\/\/kolesarski-svet.si\/sl\/izdelek\/s-bikes-electric-kolo-c70e-28\/#primaryimage\",\"url\":\"https:\/\/kolesarski-svet.si\/wp-content\/uploads\/2018\/11\/S-bikes_elektricno_kolo_C70e.jpg\",\"contentUrl\":\"https:\/\/kolesarski-svet.si\/wp-content\/uploads\/2018\/11\/S-bikes_elektricno_kolo_C70e.jpg\",\"width\":1200,\"height\":800,\"caption\":\"S-BIKES Elektri\u010dno kolo \u017eensko C70e, Kolesarski Svet\"},{\"@type\":\"BreadcrumbList\",\"@id\":\"https:\/\/kolesarski-svet.si\/sl\/izdelek\/s-bikes-electric-kolo-c70e-28\/#breadcrumb\",\"itemListElement\":[{\"@type\":\"ListItem\",\"position\":1,\"name\":\"Home\",\"item\":\"https:\/\/kolesarski-svet.si\/sl\/kolesarski-svet-domov\/\"},{\"@type\":\"ListItem\",\"position\":2,\"name\":\"Trgovina\",\"item\":\"https:\/\/kolesarski-svet.si\/sl\/trgovina\/\"},{\"@type\":\"ListItem\",\"position\":3,\"name\":\"S-BIKES Elektri\u010dno kolo C70e 28&#8243;\"}]},{\"@type\":\"WebSite\",\"@id\":\"https:\/\/kolesarski-svet.si\/#website\",\"url\":\"https:\/\/kolesarski-svet.si\/\",\"name\":\"Kolesarski Svet\",\"description\":\"Do\u017eivite lepote Slovenije na kolesu\",\"publisher\":{\"@id\":\"https:\/\/kolesarski-svet.si\/#organization\"},\"potentialAction\":[{\"@type\":\"SearchAction\",\"target\":{\"@type\":\"EntryPoint\",\"urlTemplate\":\"https:\/\/kolesarski-svet.si\/?s={search_term_string}\"},\"query-input\":{\"@type\":\"PropertyValueSpecification\",\"valueRequired\":true,\"valueName\":\"search_term_string\"}}],\"inLanguage\":\"sl-SI\"},{\"@type\":\"Organization\",\"@id\":\"https:\/\/kolesarski-svet.si\/#organization\",\"name\":\"Kolesarski Svet\",\"url\":\"https:\/\/kolesarski-svet.si\/\",\"logo\":{\"@type\":\"ImageObject\",\"inLanguage\":\"sl-SI\",\"@id\":\"https:\/\/kolesarski-svet.si\/#\/schema\/logo\/image\/\",\"url\":\"https:\/\/kolesarski-svet.si\/wp-content\/uploads\/2018\/03\/logo-KS-170.png\",\"contentUrl\":\"https:\/\/kolesarski-svet.si\/wp-content\/uploads\/2018\/03\/logo-KS-170.png\",\"width\":170,\"height\":120,\"caption\":\"Kolesarski Svet\"},\"image\":{\"@id\":\"https:\/\/kolesarski-svet.si\/#\/schema\/logo\/image\/\"},\"sameAs\":[\"https:\/\/www.facebook.com\/KolesarskiSvet\/\",\"https:\/\/www.youtube.com\/channel\/UCaR0d_D0MFnxI1Wpxa2nkAA\"]}]}<\/script>\n<!-- \/ Yoast SEO plugin. -->","yoast_head_json":{"title":"S-BIKES Elektri\u010dno kolo C70e 28\" - Kolesarski Svet","description":"Elektri\u010dno kolo C70e 28\" je idealno za dalj\u0161e mestne vo\u017enje. Primeren je za kolesarje vseh starosti.","robots":{"index":"index","follow":"follow","max-snippet":"max-snippet:-1","max-image-preview":"max-image-preview:large","max-video-preview":"max-video-preview:-1"},"canonical":"https:\/\/kolesarski-svet.si\/sl\/izdelek\/s-bikes-electric-kolo-c70e-28\/","og_locale":"sl_SI","og_type":"article","og_title":"S-BIKES Elektri\u010dno kolo C70e 28\" - Kolesarski Svet","og_description":"Elektri\u010dno kolo C70e 28\" je idealno za dalj\u0161e mestne vo\u017enje. Primeren je za kolesarje vseh starosti.","og_url":"https:\/\/kolesarski-svet.si\/sl\/izdelek\/s-bikes-electric-kolo-c70e-28\/","og_site_name":"Kolesarski Svet","article_publisher":"https:\/\/www.facebook.com\/KolesarskiSvet\/","article_modified_time":"2021-07-01T08:31:13+00:00","og_image":[{"width":1200,"height":800,"url":"https:\/\/kolesarski-svet.si\/wp-content\/uploads\/2018\/11\/S-bikes_elektricno_kolo_C70e.jpg","type":"image\/jpeg"}],"twitter_card":"summary_large_image","twitter_misc":{"Est. reading time":"4 minute"},"schema":{"@context":"https:\/\/schema.org","@graph":[{"@type":"WebPage","@id":"https:\/\/kolesarski-svet.si\/sl\/izdelek\/s-bikes-electric-kolo-c70e-28\/","url":"https:\/\/kolesarski-svet.si\/sl\/izdelek\/s-bikes-electric-kolo-c70e-28\/","name":"S-BIKES Elektri\u010dno kolo C70e 28\" - Kolesarski Svet","isPartOf":{"@id":"https:\/\/kolesarski-svet.si\/#website"},"primaryImageOfPage":{"@id":"https:\/\/kolesarski-svet.si\/sl\/izdelek\/s-bikes-electric-kolo-c70e-28\/#primaryimage"},"image":{"@id":"https:\/\/kolesarski-svet.si\/sl\/izdelek\/s-bikes-electric-kolo-c70e-28\/#primaryimage"},"thumbnailUrl":"https:\/\/kolesarski-svet.si\/wp-content\/uploads\/2018\/11\/S-bikes_elektricno_kolo_C70e.jpg","datePublished":"2018-11-14T18:03:50+00:00","dateModified":"2021-07-01T08:31:13+00:00","description":"Elektri\u010dno kolo C70e 28\" je idealno za dalj\u0161e mestne vo\u017enje. Primeren je za kolesarje vseh starosti.","breadcrumb":{"@id":"https:\/\/kolesarski-svet.si\/sl\/izdelek\/s-bikes-electric-kolo-c70e-28\/#breadcrumb"},"inLanguage":"sl-SI","potentialAction":[{"@type":"ReadAction","target":["https:\/\/kolesarski-svet.si\/sl\/izdelek\/s-bikes-electric-kolo-c70e-28\/"]}]},{"@type":"ImageObject","inLanguage":"sl-SI","@id":"https:\/\/kolesarski-svet.si\/sl\/izdelek\/s-bikes-electric-kolo-c70e-28\/#primaryimage","url":"https:\/\/kolesarski-svet.si\/wp-content\/uploads\/2018\/11\/S-bikes_elektricno_kolo_C70e.jpg","contentUrl":"https:\/\/kolesarski-svet.si\/wp-content\/uploads\/2018\/11\/S-bikes_elektricno_kolo_C70e.jpg","width":1200,"height":800,"caption":"S-BIKES Elektri\u010dno kolo \u017eensko C70e, Kolesarski Svet"},{"@type":"BreadcrumbList","@id":"https:\/\/kolesarski-svet.si\/sl\/izdelek\/s-bikes-electric-kolo-c70e-28\/#breadcrumb","itemListElement":[{"@type":"ListItem","position":1,"name":"Home","item":"https:\/\/kolesarski-svet.si\/sl\/kolesarski-svet-domov\/"},{"@type":"ListItem","position":2,"name":"Trgovina","item":"https:\/\/kolesarski-svet.si\/sl\/trgovina\/"},{"@type":"ListItem","position":3,"name":"S-BIKES Elektri\u010dno kolo C70e 28&#8243;"}]},{"@type":"WebSite","@id":"https:\/\/kolesarski-svet.si\/#website","url":"https:\/\/kolesarski-svet.si\/","name":"Kolesarski Svet","description":"Do\u017eivite lepote Slovenije na kolesu","publisher":{"@id":"https:\/\/kolesarski-svet.si\/#organization"},"potentialAction":[{"@type":"SearchAction","target":{"@type":"EntryPoint","urlTemplate":"https:\/\/kolesarski-svet.si\/?s={search_term_string}"},"query-input":{"@type":"PropertyValueSpecification","valueRequired":true,"valueName":"search_term_string"}}],"inLanguage":"sl-SI"},{"@type":"Organization","@id":"https:\/\/kolesarski-svet.si\/#organization","name":"Kolesarski Svet","url":"https:\/\/kolesarski-svet.si\/","logo":{"@type":"ImageObject","inLanguage":"sl-SI","@id":"https:\/\/kolesarski-svet.si\/#\/schema\/logo\/image\/","url":"https:\/\/kolesarski-svet.si\/wp-content\/uploads\/2018\/03\/logo-KS-170.png","contentUrl":"https:\/\/kolesarski-svet.si\/wp-content\/uploads\/2018\/03\/logo-KS-170.png","width":170,"height":120,"caption":"Kolesarski Svet"},"image":{"@id":"https:\/\/kolesarski-svet.si\/#\/schema\/logo\/image\/"},"sameAs":["https:\/\/www.facebook.com\/KolesarskiSvet\/","https:\/\/www.youtube.com\/channel\/UCaR0d_D0MFnxI1Wpxa2nkAA"]}]}},"_links":{"self":[{"href":"https:\/\/kolesarski-svet.si\/sl\/wp-json\/wp\/v2\/product\/2233","targetHints":{"allow":["GET"]}}],"collection":[{"href":"https:\/\/kolesarski-svet.si\/sl\/wp-json\/wp\/v2\/product"}],"about":[{"href":"https:\/\/kolesarski-svet.si\/sl\/wp-json\/wp\/v2\/types\/product"}],"replies":[{"embeddable":true,"href":"https:\/\/kolesarski-svet.si\/sl\/wp-json\/wp\/v2\/comments?post=2233"}],"wp:featuredmedia":[{"embeddable":true,"href":"https:\/\/kolesarski-svet.si\/sl\/wp-json\/wp\/v2\/media\/2239"}],"wp:attachment":[{"href":"https:\/\/kolesarski-svet.si\/sl\/wp-json\/wp\/v2\/media?parent=2233"}],"wp:term":[{"taxonomy":"product_brand","embeddable":true,"href":"https:\/\/kolesarski-svet.si\/sl\/wp-json\/wp\/v2\/product_brand?post=2233"},{"taxonomy":"product_cat","embeddable":true,"href":"https:\/\/kolesarski-svet.si\/sl\/wp-json\/wp\/v2\/product_cat?post=2233"},{"taxonomy":"product_tag","embeddable":true,"href":"https:\/\/kolesarski-svet.si\/sl\/wp-json\/wp\/v2\/product_tag?post=2233"}],"curies":[{"name":"wp","href":"https:\/\/api.w.org\/{rel}","templated":true}]}}