{"id":2258,"date":"2018-11-15T11:55:05","date_gmt":"2018-11-15T11:55:06","guid":{"rendered":"https:\/\/kolesarski-svet.si\/?post_type=product&#038;p=2258"},"modified":"2023-12-29T19:34:48","modified_gmt":"2023-12-29T19:34:48","slug":"s-bikes-elektricno-zlozljivo-kolo-f50e-20-belo","status":"publish","type":"product","link":"https:\/\/kolesarski-svet.si\/sl\/izdelek\/s-bikes-elektricno-zlozljivo-kolo-f50e-20-belo\/","title":{"rendered":"S-BIKES Elektri\u010dno zlo\u017eljivo kolo F50e, 20&#8221; belo"},"content":{"rendered":"<p>Od trenutka, ko se boste usedli na S-BIKE elektri\u010dno zlo\u017eljivo kolo vam bo jasno, da \u010desa takega \u0161e niste ob\u010dutili. Elektri\u010dno zlo\u017eljivo kolo F50e vam bo za vedno spremenilo pogled na kolesarjenje. Potovanja bodo dobila novo razse\u017enost in \u0161e tako oddaljeni kraji bodo za vas postali lahko dosegljivi. S-BIKES F50e odlikuje lahko aluminijasto ohi\u0161je.<\/p>\n<p>Celotno elektri\u010dno kolo tako z baterijo in vso opremo tehta manj kot 22 kg. Po zaslugi zmogljive baterije priznanega proizvajalca Samsung vam pomaga pri va\u0161i vo\u017enji do kar 65 km dale\u010d v ECO na\u010dinu s samo enim polnjenjem. Polnjenje je enostavno. Poteka preko obi\u010dajne hi\u0161ne elektri\u010dne vti\u010dnice.<\/p>\n<p><img decoding=\"async\" class=\"size-full wp-image-2256 aligncenter\" src=\"https:\/\/kolesarski-svet.si\/wp-content\/uploads\/2018\/11\/S-BIKES-Tehni\u010dne-karakteristike-e-kolesa-F50e.jpg\" alt=\"\" width=\"782\" height=\"575\" srcset=\"https:\/\/kolesarski-svet.si\/wp-content\/uploads\/2018\/11\/S-BIKES-Tehni\u010dne-karakteristike-e-kolesa-F50e.jpg 782w, https:\/\/kolesarski-svet.si\/wp-content\/uploads\/2018\/11\/S-BIKES-Tehni\u010dne-karakteristike-e-kolesa-F50e-300x221.jpg 300w, https:\/\/kolesarski-svet.si\/wp-content\/uploads\/2018\/11\/S-BIKES-Tehni\u010dne-karakteristike-e-kolesa-F50e-768x565.jpg 768w, https:\/\/kolesarski-svet.si\/wp-content\/uploads\/2018\/11\/S-BIKES-Tehni\u010dne-karakteristike-e-kolesa-F50e-600x441.jpg 600w\" sizes=\"(max-width: 782px) 100vw, 782px\" \/><\/p>\n","protected":false},"excerpt":{"rendered":"<p>Od trenutka, ko se boste usedli na elektri\u010dno zlo\u017eljivo kolo vam bo jasno, da \u010desa takega \u0161e niste ob\u010dutili.<\/p>\n","protected":false},"featured_media":2264,"comment_status":"open","ping_status":"closed","template":"","meta":[],"product_brand":[],"product_cat":[650,619],"product_tag":[467,469,468],"class_list":{"0":"post-2258","1":"product","2":"type-product","3":"status-publish","4":"has-post-thumbnail","6":"product_cat-e-mestna-kolesa","7":"product_cat-elektricna-kolesa-sl","8":"product_tag-elektricno-zlozljivo-kolo","9":"product_tag-s-bikes-sl","10":"product_tag-s-bikes-f50e","12":"first","13":"instock","14":"sale","15":"featured","16":"shipping-taxable","17":"purchasable","18":"product-type-simple"},"yoast_head":"<!-- This site is optimized with the Yoast SEO plugin v26.6 - https:\/\/yoast.com\/wordpress\/plugins\/seo\/ -->\n<title>S-BIKES Elektri\u010dno zlo\u017eljivo kolo F50e, 20&#039;&#039; belo - Kolesarski Svet<\/title>\n<meta name=\"description\" content=\"S-BIKE elektri\u010dno zlo\u017eljivo kolo F50e hitro dose\u017ee hitrost 25 km\/h.\" \/>\n<meta name=\"robots\" content=\"index, follow, max-snippet:-1, max-image-preview:large, max-video-preview:-1\" \/>\n<link rel=\"canonical\" href=\"https:\/\/kolesarski-svet.si\/sl\/izdelek\/s-bikes-elektricno-zlozljivo-kolo-f50e-20-belo\/\" \/>\n<meta property=\"og:locale\" content=\"sl_SI\" \/>\n<meta property=\"og:type\" content=\"article\" \/>\n<meta property=\"og:title\" content=\"S-BIKES Elektri\u010dno zlo\u017eljivo kolo F50e, 20&#039;&#039; belo - Kolesarski Svet\" \/>\n<meta property=\"og:description\" content=\"S-BIKE elektri\u010dno zlo\u017eljivo kolo F50e hitro dose\u017ee hitrost 25 km\/h.\" \/>\n<meta property=\"og:url\" content=\"https:\/\/kolesarski-svet.si\/sl\/izdelek\/s-bikes-elektricno-zlozljivo-kolo-f50e-20-belo\/\" \/>\n<meta property=\"og:site_name\" content=\"Kolesarski Svet\" \/>\n<meta property=\"article:publisher\" content=\"https:\/\/www.facebook.com\/KolesarskiSvet\/\" \/>\n<meta property=\"article:modified_time\" content=\"2023-12-29T19:34:48+00:00\" \/>\n<meta property=\"og:image\" content=\"https:\/\/kolesarski-svet.si\/wp-content\/uploads\/2018\/11\/S-bikes_elektricno_kolo_F50e_bel.jpg\" \/>\n\t<meta property=\"og:image:width\" content=\"1200\" \/>\n\t<meta property=\"og:image:height\" content=\"800\" \/>\n\t<meta property=\"og:image:type\" content=\"image\/jpeg\" \/>\n<meta name=\"twitter:card\" content=\"summary_large_image\" \/>\n<meta name=\"twitter:label1\" content=\"Est. reading time\" \/>\n\t<meta name=\"twitter:data1\" content=\"1 minuta\" \/>\n<script type=\"application\/ld+json\" class=\"yoast-schema-graph\">{\"@context\":\"https:\/\/schema.org\",\"@graph\":[{\"@type\":\"WebPage\",\"@id\":\"https:\/\/kolesarski-svet.si\/sl\/izdelek\/s-bikes-elektricno-zlozljivo-kolo-f50e-20-belo\/\",\"url\":\"https:\/\/kolesarski-svet.si\/sl\/izdelek\/s-bikes-elektricno-zlozljivo-kolo-f50e-20-belo\/\",\"name\":\"S-BIKES Elektri\u010dno zlo\u017eljivo kolo F50e, 20'' belo - Kolesarski Svet\",\"isPartOf\":{\"@id\":\"https:\/\/kolesarski-svet.si\/#website\"},\"primaryImageOfPage\":{\"@id\":\"https:\/\/kolesarski-svet.si\/sl\/izdelek\/s-bikes-elektricno-zlozljivo-kolo-f50e-20-belo\/#primaryimage\"},\"image\":{\"@id\":\"https:\/\/kolesarski-svet.si\/sl\/izdelek\/s-bikes-elektricno-zlozljivo-kolo-f50e-20-belo\/#primaryimage\"},\"thumbnailUrl\":\"https:\/\/kolesarski-svet.si\/wp-content\/uploads\/2018\/11\/S-bikes_elektricno_kolo_F50e_bel.jpg\",\"datePublished\":\"2018-11-15T11:55:06+00:00\",\"dateModified\":\"2023-12-29T19:34:48+00:00\",\"description\":\"S-BIKE elektri\u010dno zlo\u017eljivo kolo F50e hitro dose\u017ee hitrost 25 km\/h.\",\"breadcrumb\":{\"@id\":\"https:\/\/kolesarski-svet.si\/sl\/izdelek\/s-bikes-elektricno-zlozljivo-kolo-f50e-20-belo\/#breadcrumb\"},\"inLanguage\":\"sl-SI\",\"potentialAction\":[{\"@type\":\"ReadAction\",\"target\":[\"https:\/\/kolesarski-svet.si\/sl\/izdelek\/s-bikes-elektricno-zlozljivo-kolo-f50e-20-belo\/\"]}]},{\"@type\":\"ImageObject\",\"inLanguage\":\"sl-SI\",\"@id\":\"https:\/\/kolesarski-svet.si\/sl\/izdelek\/s-bikes-elektricno-zlozljivo-kolo-f50e-20-belo\/#primaryimage\",\"url\":\"https:\/\/kolesarski-svet.si\/wp-content\/uploads\/2018\/11\/S-bikes_elektricno_kolo_F50e_bel.jpg\",\"contentUrl\":\"https:\/\/kolesarski-svet.si\/wp-content\/uploads\/2018\/11\/S-bikes_elektricno_kolo_F50e_bel.jpg\",\"width\":1200,\"height\":800,\"caption\":\"Kolesarski Svet; Cycling World; S-bikes elektricno; kolo; F50e; S-Bikes; electric; bicycle; F50e\"},{\"@type\":\"BreadcrumbList\",\"@id\":\"https:\/\/kolesarski-svet.si\/sl\/izdelek\/s-bikes-elektricno-zlozljivo-kolo-f50e-20-belo\/#breadcrumb\",\"itemListElement\":[{\"@type\":\"ListItem\",\"position\":1,\"name\":\"Home\",\"item\":\"https:\/\/kolesarski-svet.si\/sl\/kolesarski-svet-domov\/\"},{\"@type\":\"ListItem\",\"position\":2,\"name\":\"Trgovina\",\"item\":\"https:\/\/kolesarski-svet.si\/sl\/trgovina\/\"},{\"@type\":\"ListItem\",\"position\":3,\"name\":\"S-BIKES Elektri\u010dno zlo\u017eljivo kolo F50e, 20&#8221; belo\"}]},{\"@type\":\"WebSite\",\"@id\":\"https:\/\/kolesarski-svet.si\/#website\",\"url\":\"https:\/\/kolesarski-svet.si\/\",\"name\":\"Kolesarski Svet\",\"description\":\"Do\u017eivite lepote Slovenije na kolesu\",\"publisher\":{\"@id\":\"https:\/\/kolesarski-svet.si\/#organization\"},\"potentialAction\":[{\"@type\":\"SearchAction\",\"target\":{\"@type\":\"EntryPoint\",\"urlTemplate\":\"https:\/\/kolesarski-svet.si\/?s={search_term_string}\"},\"query-input\":{\"@type\":\"PropertyValueSpecification\",\"valueRequired\":true,\"valueName\":\"search_term_string\"}}],\"inLanguage\":\"sl-SI\"},{\"@type\":\"Organization\",\"@id\":\"https:\/\/kolesarski-svet.si\/#organization\",\"name\":\"Kolesarski Svet\",\"url\":\"https:\/\/kolesarski-svet.si\/\",\"logo\":{\"@type\":\"ImageObject\",\"inLanguage\":\"sl-SI\",\"@id\":\"https:\/\/kolesarski-svet.si\/#\/schema\/logo\/image\/\",\"url\":\"https:\/\/kolesarski-svet.si\/wp-content\/uploads\/2018\/03\/logo-KS-170.png\",\"contentUrl\":\"https:\/\/kolesarski-svet.si\/wp-content\/uploads\/2018\/03\/logo-KS-170.png\",\"width\":170,\"height\":120,\"caption\":\"Kolesarski Svet\"},\"image\":{\"@id\":\"https:\/\/kolesarski-svet.si\/#\/schema\/logo\/image\/\"},\"sameAs\":[\"https:\/\/www.facebook.com\/KolesarskiSvet\/\",\"https:\/\/www.youtube.com\/channel\/UCaR0d_D0MFnxI1Wpxa2nkAA\"]}]}<\/script>\n<!-- \/ Yoast SEO plugin. -->","yoast_head_json":{"title":"S-BIKES Elektri\u010dno zlo\u017eljivo kolo F50e, 20'' belo - Kolesarski Svet","description":"S-BIKE elektri\u010dno zlo\u017eljivo kolo F50e hitro dose\u017ee hitrost 25 km\/h.","robots":{"index":"index","follow":"follow","max-snippet":"max-snippet:-1","max-image-preview":"max-image-preview:large","max-video-preview":"max-video-preview:-1"},"canonical":"https:\/\/kolesarski-svet.si\/sl\/izdelek\/s-bikes-elektricno-zlozljivo-kolo-f50e-20-belo\/","og_locale":"sl_SI","og_type":"article","og_title":"S-BIKES Elektri\u010dno zlo\u017eljivo kolo F50e, 20'' belo - Kolesarski Svet","og_description":"S-BIKE elektri\u010dno zlo\u017eljivo kolo F50e hitro dose\u017ee hitrost 25 km\/h.","og_url":"https:\/\/kolesarski-svet.si\/sl\/izdelek\/s-bikes-elektricno-zlozljivo-kolo-f50e-20-belo\/","og_site_name":"Kolesarski Svet","article_publisher":"https:\/\/www.facebook.com\/KolesarskiSvet\/","article_modified_time":"2023-12-29T19:34:48+00:00","og_image":[{"width":1200,"height":800,"url":"https:\/\/kolesarski-svet.si\/wp-content\/uploads\/2018\/11\/S-bikes_elektricno_kolo_F50e_bel.jpg","type":"image\/jpeg"}],"twitter_card":"summary_large_image","twitter_misc":{"Est. reading time":"1 minuta"},"schema":{"@context":"https:\/\/schema.org","@graph":[{"@type":"WebPage","@id":"https:\/\/kolesarski-svet.si\/sl\/izdelek\/s-bikes-elektricno-zlozljivo-kolo-f50e-20-belo\/","url":"https:\/\/kolesarski-svet.si\/sl\/izdelek\/s-bikes-elektricno-zlozljivo-kolo-f50e-20-belo\/","name":"S-BIKES Elektri\u010dno zlo\u017eljivo kolo F50e, 20'' belo - Kolesarski Svet","isPartOf":{"@id":"https:\/\/kolesarski-svet.si\/#website"},"primaryImageOfPage":{"@id":"https:\/\/kolesarski-svet.si\/sl\/izdelek\/s-bikes-elektricno-zlozljivo-kolo-f50e-20-belo\/#primaryimage"},"image":{"@id":"https:\/\/kolesarski-svet.si\/sl\/izdelek\/s-bikes-elektricno-zlozljivo-kolo-f50e-20-belo\/#primaryimage"},"thumbnailUrl":"https:\/\/kolesarski-svet.si\/wp-content\/uploads\/2018\/11\/S-bikes_elektricno_kolo_F50e_bel.jpg","datePublished":"2018-11-15T11:55:06+00:00","dateModified":"2023-12-29T19:34:48+00:00","description":"S-BIKE elektri\u010dno zlo\u017eljivo kolo F50e hitro dose\u017ee hitrost 25 km\/h.","breadcrumb":{"@id":"https:\/\/kolesarski-svet.si\/sl\/izdelek\/s-bikes-elektricno-zlozljivo-kolo-f50e-20-belo\/#breadcrumb"},"inLanguage":"sl-SI","potentialAction":[{"@type":"ReadAction","target":["https:\/\/kolesarski-svet.si\/sl\/izdelek\/s-bikes-elektricno-zlozljivo-kolo-f50e-20-belo\/"]}]},{"@type":"ImageObject","inLanguage":"sl-SI","@id":"https:\/\/kolesarski-svet.si\/sl\/izdelek\/s-bikes-elektricno-zlozljivo-kolo-f50e-20-belo\/#primaryimage","url":"https:\/\/kolesarski-svet.si\/wp-content\/uploads\/2018\/11\/S-bikes_elektricno_kolo_F50e_bel.jpg","contentUrl":"https:\/\/kolesarski-svet.si\/wp-content\/uploads\/2018\/11\/S-bikes_elektricno_kolo_F50e_bel.jpg","width":1200,"height":800,"caption":"Kolesarski Svet; Cycling World; S-bikes elektricno; kolo; F50e; S-Bikes; electric; bicycle; F50e"},{"@type":"BreadcrumbList","@id":"https:\/\/kolesarski-svet.si\/sl\/izdelek\/s-bikes-elektricno-zlozljivo-kolo-f50e-20-belo\/#breadcrumb","itemListElement":[{"@type":"ListItem","position":1,"name":"Home","item":"https:\/\/kolesarski-svet.si\/sl\/kolesarski-svet-domov\/"},{"@type":"ListItem","position":2,"name":"Trgovina","item":"https:\/\/kolesarski-svet.si\/sl\/trgovina\/"},{"@type":"ListItem","position":3,"name":"S-BIKES Elektri\u010dno zlo\u017eljivo kolo F50e, 20&#8221; belo"}]},{"@type":"WebSite","@id":"https:\/\/kolesarski-svet.si\/#website","url":"https:\/\/kolesarski-svet.si\/","name":"Kolesarski Svet","description":"Do\u017eivite lepote Slovenije na kolesu","publisher":{"@id":"https:\/\/kolesarski-svet.si\/#organization"},"potentialAction":[{"@type":"SearchAction","target":{"@type":"EntryPoint","urlTemplate":"https:\/\/kolesarski-svet.si\/?s={search_term_string}"},"query-input":{"@type":"PropertyValueSpecification","valueRequired":true,"valueName":"search_term_string"}}],"inLanguage":"sl-SI"},{"@type":"Organization","@id":"https:\/\/kolesarski-svet.si\/#organization","name":"Kolesarski Svet","url":"https:\/\/kolesarski-svet.si\/","logo":{"@type":"ImageObject","inLanguage":"sl-SI","@id":"https:\/\/kolesarski-svet.si\/#\/schema\/logo\/image\/","url":"https:\/\/kolesarski-svet.si\/wp-content\/uploads\/2018\/03\/logo-KS-170.png","contentUrl":"https:\/\/kolesarski-svet.si\/wp-content\/uploads\/2018\/03\/logo-KS-170.png","width":170,"height":120,"caption":"Kolesarski Svet"},"image":{"@id":"https:\/\/kolesarski-svet.si\/#\/schema\/logo\/image\/"},"sameAs":["https:\/\/www.facebook.com\/KolesarskiSvet\/","https:\/\/www.youtube.com\/channel\/UCaR0d_D0MFnxI1Wpxa2nkAA"]}]}},"_links":{"self":[{"href":"https:\/\/kolesarski-svet.si\/sl\/wp-json\/wp\/v2\/product\/2258","targetHints":{"allow":["GET"]}}],"collection":[{"href":"https:\/\/kolesarski-svet.si\/sl\/wp-json\/wp\/v2\/product"}],"about":[{"href":"https:\/\/kolesarski-svet.si\/sl\/wp-json\/wp\/v2\/types\/product"}],"replies":[{"embeddable":true,"href":"https:\/\/kolesarski-svet.si\/sl\/wp-json\/wp\/v2\/comments?post=2258"}],"wp:featuredmedia":[{"embeddable":true,"href":"https:\/\/kolesarski-svet.si\/sl\/wp-json\/wp\/v2\/media\/2264"}],"wp:attachment":[{"href":"https:\/\/kolesarski-svet.si\/sl\/wp-json\/wp\/v2\/media?parent=2258"}],"wp:term":[{"taxonomy":"product_brand","embeddable":true,"href":"https:\/\/kolesarski-svet.si\/sl\/wp-json\/wp\/v2\/product_brand?post=2258"},{"taxonomy":"product_cat","embeddable":true,"href":"https:\/\/kolesarski-svet.si\/sl\/wp-json\/wp\/v2\/product_cat?post=2258"},{"taxonomy":"product_tag","embeddable":true,"href":"https:\/\/kolesarski-svet.si\/sl\/wp-json\/wp\/v2\/product_tag?post=2258"}],"curies":[{"name":"wp","href":"https:\/\/api.w.org\/{rel}","templated":true}]}}