{"id":2282,"date":"2018-11-16T11:29:31","date_gmt":"2018-11-16T11:29:32","guid":{"rendered":"https:\/\/kolesarski-svet.si\/?post_type=product&#038;p=2282"},"modified":"2023-09-26T08:39:13","modified_gmt":"2023-09-26T08:39:13","slug":"s-bikes-electric-gorsko-kolo-c90e-pro","status":"publish","type":"product","link":"https:\/\/kolesarski-svet.si\/sl\/izdelek\/s-bikes-electric-gorsko-kolo-c90e-pro\/","title":{"rendered":"S-BIKES Elektri\u010dno gorsko kolo C90E PRO"},"content":{"rendered":"<p><strong>S-BIKES Elektri\u010dno gorsko kolo C90E PRO\u00a0<\/strong> je namenjeno vsakodnevni rekreacijski vo\u017enji po nezahtevnem, a razgibanem terenu, makadamskih cestah in gozdnih poteh. Najve\u010dja prednost kolesa je oblika okvirja, saj zelo spu\u0161\u010dena po\u0161evna cev omogo\u010da<strong> enostavno vstopanje in sestopanje s kolesa<\/strong>, navkljub morebitnim gibalnim omejitvam. Po vi\u0161ini nastavljiv sede\u017e s silikonskim polnilom, argonomsko oblikovano krmilo in vzmetena prednja vilica pa omogo\u010dajo\u00a0izjemno udobje tudi na dalj\u0161ih kolesarskih do\u017eivetjih.<\/p>\n<p>Mo\u010dan motor z 90 Nm navora in majhno porabo energije vas zanesljivo pripelje na vrh \u0161e tako strmega vzpona, v ECO na\u010dinu pa bosta naredila ve\u010d kot 80 km. Tako baterija kot motor sta centralno ume\u0161\u010dena, zato je kolo enostavno obvladljivo in vodljivo. Polnite ga lahko prek klasi\u010dne doma\u010de vti\u010dnice. E-mtb kolo s 28 colskimi kolesi ima 7 prestav, velik LCD zaslon, prtlja\u017enik in mo\u010dno oporo, kar zadovolji \u0161e tako zahtevnega uporabnika. <span class=\"VIiyi\" lang=\"sl\"><span class=\"JLqJ4b ChMk0b\" data-language-for-alternatives=\"sl\" data-language-to-translate-into=\"en\" data-phrase-index=\"0\">S svojimi komponentami, videzom in uporabni\u0161ko izku\u0161njo vam omogo\u010da edinstveno izku\u0161njo elektri\u010dne mobilnosti.<\/span><\/span><\/p>\n<p><iframe src=\"\/\/www.youtube.com\/embed\/eiijvygq-9Q\" width=\"746\" height=\"418\" allowfullscreen=\"allowfullscreen\"><\/iframe><\/p>\n<p>&nbsp;<\/p>\n<p><img decoding=\"async\" class=\"wp-image-4682 size-full aligncenter\" src=\"https:\/\/kolesarski-svet.si\/wp-content\/uploads\/2018\/11\/S-Bikes-Electric-mountain-bike-C90E-PRO.jpg\" alt=\"\" width=\"638\" height=\"642\" srcset=\"https:\/\/kolesarski-svet.si\/wp-content\/uploads\/2018\/11\/S-Bikes-Electric-mountain-bike-C90E-PRO.jpg 638w, https:\/\/kolesarski-svet.si\/wp-content\/uploads\/2018\/11\/S-Bikes-Electric-mountain-bike-C90E-PRO-298x300.jpg 298w, https:\/\/kolesarski-svet.si\/wp-content\/uploads\/2018\/11\/S-Bikes-Electric-mountain-bike-C90E-PRO-150x150.jpg 150w, https:\/\/kolesarski-svet.si\/wp-content\/uploads\/2018\/11\/S-Bikes-Electric-mountain-bike-C90E-PRO-600x604.jpg 600w, https:\/\/kolesarski-svet.si\/wp-content\/uploads\/2018\/11\/S-Bikes-Electric-mountain-bike-C90E-PRO-50x50.jpg 50w, https:\/\/kolesarski-svet.si\/wp-content\/uploads\/2018\/11\/S-Bikes-Electric-mountain-bike-C90E-PRO-100x100.jpg 100w\" sizes=\"(max-width: 638px) 100vw, 638px\" \/><\/p>\n<div class=\"wpb_text_column wpb_content_element \">\n<div class=\"wpb_wrapper\">\n<p><span style=\"font-size: 24pt;\"><strong>Lastnosti, ki prepri\u010dajo.<\/strong><\/span><\/p>\n<\/div>\n<\/div>\n<div class=\"wpb_text_column wpb_content_element \">\n<div class=\"wpb_wrapper\">\n<p><span style=\"font-size: 12pt;\">SUV elektri\u010dno kolo C90e PRO vas bo prepri\u010dalo, ker navdu\u0161uje z:<\/span><\/p>\n<ul>\n<li><span style=\"font-size: 12pt;\">\u010cisto nov koncept \u2013 eno kolo za vse terene.<\/span><\/li>\n<li><span style=\"font-size: 12pt;\">Enostavno vstopanje zaradi <strong>izjemno nizke vstopne vi\u0161ine.<\/strong><\/span><\/li>\n<li><span style=\"font-size: 12pt;\"><strong>Velik navor motorja tudi pri po\u010dasnem poganjanju pedal.<\/strong><\/span><\/li>\n<li><span style=\"font-size: 12pt;\">Vrhunska uporabni\u0161ka izku\u0161nja \u2013 <strong>preprosto upravljanje in vo\u017enja<\/strong>.<\/span><\/li>\n<li><span style=\"font-size: 12pt;\">Najudobnej\u0161e terensko elektri\u010dno kolo s prednjim vzmetenjem in <strong>vzmetenim gel sede\u017eem<\/strong>. Prilagodljivo krmilo omogo\u010da optimalno namestitev za razli\u010dne velikosti.<\/span><\/li>\n<li><span style=\"font-size: 12pt;\">FIVE F90 250W\/90Nm, \u2013 centralni\u00a0 motor.<\/span><\/li>\n<li><span style=\"font-size: 12pt;\">Menjalnik Shimano z\u00a0 <strong>7. stopnjami pomo\u010di<\/strong>.<\/span><\/li>\n<li><span style=\"font-size: 12pt;\">Robustnost in eleganca sta zdru\u017eena v eno \u2013 okvir <strong>s skrito baterijo<\/strong> in nezamenljivim S-BIKES oblikovanjem.<\/span><\/li>\n<li><span style=\"font-size: 12pt;\"><strong>Bogata serijska oprema\u00a0<\/strong>\u2013\u00a0 prtlja\u017enik, blatniki, prednji in zadnji odsevnik, odsevniki na pedalih in kolesih.<\/span><\/li>\n<li><span style=\"font-size: 12pt;\">S serijsko opremo tehta samo <strong>24 kg<\/strong>.<\/span><\/li>\n<li><span style=\"font-size: 12pt;\">Visoko zmogljive<strong> hidravli\u010dne zavore <\/strong>s perforiranimi diski spredaj in zadaj omogo\u010dajo hitro in u\u010dinkovito zaviranje brez napora.<\/span><\/li>\n<li><span style=\"font-size: 12pt;\">Doseg kolesa je 10<strong>0 km v EKO na\u010dinu.<\/strong><\/span><\/li>\n<li><span style=\"font-size: 12pt;\">Pla\u0161\u010di <strong>Kenda\u00a0\u00a028&#8221;<\/strong> omogo\u010dajo bolj\u0161i oprijem in zanesljivost na makadamu in neurejenih gozdnih poteh.<\/span><\/li>\n<\/ul>\n<\/div>\n<\/div>\n","protected":false},"excerpt":{"rendered":"<p>S-BIKES Elektri\u010dno gorsko kolo C90E PRO\u00a0 je namenjeno vsakodnevni rekreacijski vo\u017enji po nezahtevnem, a razgibanem terenu, makadamskih cestah in gozdnih poteh. Najve\u010dja prednost kolesa je oblika okvirja, saj zelo spu\u0161\u010dena po\u0161evna cev omogo\u010da enostavno vstopanje in sestopanje s kolesa.<\/p>\n","protected":false},"featured_media":4704,"comment_status":"open","ping_status":"closed","template":"","meta":[],"product_brand":[],"product_cat":[622,619],"product_tag":[469,634,729],"class_list":{"0":"post-2282","1":"product","2":"type-product","3":"status-publish","4":"has-post-thumbnail","6":"product_cat-e-gorska-kolesa","7":"product_cat-elektricna-kolesa-sl","8":"product_tag-s-bikes-sl","9":"product_tag-s-bikes-elektricno-gorsko-kolo","10":"product_tag-s-bikes-elektricno-gorsko-kolo-c90e-pro","12":"first","13":"instock","14":"sale","15":"featured","16":"shipping-taxable","17":"purchasable","18":"product-type-simple"},"yoast_head":"<!-- This site is optimized with the Yoast SEO plugin v26.6 - https:\/\/yoast.com\/wordpress\/plugins\/seo\/ -->\n<title>S-BIKES Elektri\u010dno gorsko kolo C90E PRO - Kolesarski Svet<\/title>\n<meta name=\"description\" content=\"S-BIKES Elektri\u010dno gorsko kolo C90E PRO je namenjen vsakodnevni vo\u017enji.\" \/>\n<meta name=\"robots\" content=\"index, follow, max-snippet:-1, max-image-preview:large, max-video-preview:-1\" \/>\n<link rel=\"canonical\" href=\"https:\/\/kolesarski-svet.si\/sl\/izdelek\/s-bikes-electric-gorsko-kolo-c90e-pro\/\" \/>\n<meta property=\"og:locale\" content=\"sl_SI\" \/>\n<meta property=\"og:type\" content=\"article\" \/>\n<meta property=\"og:title\" content=\"S-BIKES Elektri\u010dno gorsko kolo C90E PRO - Kolesarski Svet\" \/>\n<meta property=\"og:description\" content=\"S-BIKES Elektri\u010dno gorsko kolo C90E PRO je namenjen vsakodnevni vo\u017enji.\" \/>\n<meta property=\"og:url\" content=\"https:\/\/kolesarski-svet.si\/sl\/izdelek\/s-bikes-electric-gorsko-kolo-c90e-pro\/\" \/>\n<meta property=\"og:site_name\" content=\"Kolesarski Svet\" \/>\n<meta property=\"article:publisher\" content=\"https:\/\/www.facebook.com\/KolesarskiSvet\/\" \/>\n<meta property=\"article:modified_time\" content=\"2023-09-26T08:39:13+00:00\" \/>\n<meta property=\"og:image\" content=\"https:\/\/kolesarski-svet.si\/wp-content\/uploads\/2018\/11\/S-Bikes-Electric-mountain-bike-C90E-PRO_.jpg\" \/>\n\t<meta property=\"og:image:width\" content=\"1199\" \/>\n\t<meta property=\"og:image:height\" content=\"800\" \/>\n\t<meta property=\"og:image:type\" content=\"image\/jpeg\" \/>\n<meta name=\"twitter:card\" content=\"summary_large_image\" \/>\n<meta name=\"twitter:label1\" content=\"Est. reading time\" \/>\n\t<meta name=\"twitter:data1\" content=\"2 minuti\" \/>\n<script type=\"application\/ld+json\" class=\"yoast-schema-graph\">{\"@context\":\"https:\/\/schema.org\",\"@graph\":[{\"@type\":\"WebPage\",\"@id\":\"https:\/\/kolesarski-svet.si\/sl\/izdelek\/s-bikes-electric-gorsko-kolo-c90e-pro\/\",\"url\":\"https:\/\/kolesarski-svet.si\/sl\/izdelek\/s-bikes-electric-gorsko-kolo-c90e-pro\/\",\"name\":\"S-BIKES Elektri\u010dno gorsko kolo C90E PRO - Kolesarski Svet\",\"isPartOf\":{\"@id\":\"https:\/\/kolesarski-svet.si\/#website\"},\"primaryImageOfPage\":{\"@id\":\"https:\/\/kolesarski-svet.si\/sl\/izdelek\/s-bikes-electric-gorsko-kolo-c90e-pro\/#primaryimage\"},\"image\":{\"@id\":\"https:\/\/kolesarski-svet.si\/sl\/izdelek\/s-bikes-electric-gorsko-kolo-c90e-pro\/#primaryimage\"},\"thumbnailUrl\":\"https:\/\/kolesarski-svet.si\/wp-content\/uploads\/2018\/11\/S-Bikes-Electric-mountain-bike-C90E-PRO_.jpg\",\"datePublished\":\"2018-11-16T11:29:32+00:00\",\"dateModified\":\"2023-09-26T08:39:13+00:00\",\"description\":\"S-BIKES Elektri\u010dno gorsko kolo C90E PRO je namenjen vsakodnevni vo\u017enji.\",\"breadcrumb\":{\"@id\":\"https:\/\/kolesarski-svet.si\/sl\/izdelek\/s-bikes-electric-gorsko-kolo-c90e-pro\/#breadcrumb\"},\"inLanguage\":\"sl-SI\",\"potentialAction\":[{\"@type\":\"ReadAction\",\"target\":[\"https:\/\/kolesarski-svet.si\/sl\/izdelek\/s-bikes-electric-gorsko-kolo-c90e-pro\/\"]}]},{\"@type\":\"ImageObject\",\"inLanguage\":\"sl-SI\",\"@id\":\"https:\/\/kolesarski-svet.si\/sl\/izdelek\/s-bikes-electric-gorsko-kolo-c90e-pro\/#primaryimage\",\"url\":\"https:\/\/kolesarski-svet.si\/wp-content\/uploads\/2018\/11\/S-Bikes-Electric-mountain-bike-C90E-PRO_.jpg\",\"contentUrl\":\"https:\/\/kolesarski-svet.si\/wp-content\/uploads\/2018\/11\/S-Bikes-Electric-mountain-bike-C90E-PRO_.jpg\",\"width\":1199,\"height\":800},{\"@type\":\"BreadcrumbList\",\"@id\":\"https:\/\/kolesarski-svet.si\/sl\/izdelek\/s-bikes-electric-gorsko-kolo-c90e-pro\/#breadcrumb\",\"itemListElement\":[{\"@type\":\"ListItem\",\"position\":1,\"name\":\"Home\",\"item\":\"https:\/\/kolesarski-svet.si\/sl\/kolesarski-svet-domov\/\"},{\"@type\":\"ListItem\",\"position\":2,\"name\":\"Trgovina\",\"item\":\"https:\/\/kolesarski-svet.si\/sl\/trgovina\/\"},{\"@type\":\"ListItem\",\"position\":3,\"name\":\"S-BIKES Elektri\u010dno gorsko kolo C90E PRO\"}]},{\"@type\":\"WebSite\",\"@id\":\"https:\/\/kolesarski-svet.si\/#website\",\"url\":\"https:\/\/kolesarski-svet.si\/\",\"name\":\"Kolesarski Svet\",\"description\":\"Do\u017eivite lepote Slovenije na kolesu\",\"publisher\":{\"@id\":\"https:\/\/kolesarski-svet.si\/#organization\"},\"potentialAction\":[{\"@type\":\"SearchAction\",\"target\":{\"@type\":\"EntryPoint\",\"urlTemplate\":\"https:\/\/kolesarski-svet.si\/?s={search_term_string}\"},\"query-input\":{\"@type\":\"PropertyValueSpecification\",\"valueRequired\":true,\"valueName\":\"search_term_string\"}}],\"inLanguage\":\"sl-SI\"},{\"@type\":\"Organization\",\"@id\":\"https:\/\/kolesarski-svet.si\/#organization\",\"name\":\"Kolesarski Svet\",\"url\":\"https:\/\/kolesarski-svet.si\/\",\"logo\":{\"@type\":\"ImageObject\",\"inLanguage\":\"sl-SI\",\"@id\":\"https:\/\/kolesarski-svet.si\/#\/schema\/logo\/image\/\",\"url\":\"https:\/\/kolesarski-svet.si\/wp-content\/uploads\/2018\/03\/logo-KS-170.png\",\"contentUrl\":\"https:\/\/kolesarski-svet.si\/wp-content\/uploads\/2018\/03\/logo-KS-170.png\",\"width\":170,\"height\":120,\"caption\":\"Kolesarski Svet\"},\"image\":{\"@id\":\"https:\/\/kolesarski-svet.si\/#\/schema\/logo\/image\/\"},\"sameAs\":[\"https:\/\/www.facebook.com\/KolesarskiSvet\/\",\"https:\/\/www.youtube.com\/channel\/UCaR0d_D0MFnxI1Wpxa2nkAA\"]}]}<\/script>\n<!-- \/ Yoast SEO plugin. -->","yoast_head_json":{"title":"S-BIKES Elektri\u010dno gorsko kolo C90E PRO - Kolesarski Svet","description":"S-BIKES Elektri\u010dno gorsko kolo C90E PRO je namenjen vsakodnevni vo\u017enji.","robots":{"index":"index","follow":"follow","max-snippet":"max-snippet:-1","max-image-preview":"max-image-preview:large","max-video-preview":"max-video-preview:-1"},"canonical":"https:\/\/kolesarski-svet.si\/sl\/izdelek\/s-bikes-electric-gorsko-kolo-c90e-pro\/","og_locale":"sl_SI","og_type":"article","og_title":"S-BIKES Elektri\u010dno gorsko kolo C90E PRO - Kolesarski Svet","og_description":"S-BIKES Elektri\u010dno gorsko kolo C90E PRO je namenjen vsakodnevni vo\u017enji.","og_url":"https:\/\/kolesarski-svet.si\/sl\/izdelek\/s-bikes-electric-gorsko-kolo-c90e-pro\/","og_site_name":"Kolesarski Svet","article_publisher":"https:\/\/www.facebook.com\/KolesarskiSvet\/","article_modified_time":"2023-09-26T08:39:13+00:00","og_image":[{"width":1199,"height":800,"url":"https:\/\/kolesarski-svet.si\/wp-content\/uploads\/2018\/11\/S-Bikes-Electric-mountain-bike-C90E-PRO_.jpg","type":"image\/jpeg"}],"twitter_card":"summary_large_image","twitter_misc":{"Est. reading time":"2 minuti"},"schema":{"@context":"https:\/\/schema.org","@graph":[{"@type":"WebPage","@id":"https:\/\/kolesarski-svet.si\/sl\/izdelek\/s-bikes-electric-gorsko-kolo-c90e-pro\/","url":"https:\/\/kolesarski-svet.si\/sl\/izdelek\/s-bikes-electric-gorsko-kolo-c90e-pro\/","name":"S-BIKES Elektri\u010dno gorsko kolo C90E PRO - Kolesarski Svet","isPartOf":{"@id":"https:\/\/kolesarski-svet.si\/#website"},"primaryImageOfPage":{"@id":"https:\/\/kolesarski-svet.si\/sl\/izdelek\/s-bikes-electric-gorsko-kolo-c90e-pro\/#primaryimage"},"image":{"@id":"https:\/\/kolesarski-svet.si\/sl\/izdelek\/s-bikes-electric-gorsko-kolo-c90e-pro\/#primaryimage"},"thumbnailUrl":"https:\/\/kolesarski-svet.si\/wp-content\/uploads\/2018\/11\/S-Bikes-Electric-mountain-bike-C90E-PRO_.jpg","datePublished":"2018-11-16T11:29:32+00:00","dateModified":"2023-09-26T08:39:13+00:00","description":"S-BIKES Elektri\u010dno gorsko kolo C90E PRO je namenjen vsakodnevni vo\u017enji.","breadcrumb":{"@id":"https:\/\/kolesarski-svet.si\/sl\/izdelek\/s-bikes-electric-gorsko-kolo-c90e-pro\/#breadcrumb"},"inLanguage":"sl-SI","potentialAction":[{"@type":"ReadAction","target":["https:\/\/kolesarski-svet.si\/sl\/izdelek\/s-bikes-electric-gorsko-kolo-c90e-pro\/"]}]},{"@type":"ImageObject","inLanguage":"sl-SI","@id":"https:\/\/kolesarski-svet.si\/sl\/izdelek\/s-bikes-electric-gorsko-kolo-c90e-pro\/#primaryimage","url":"https:\/\/kolesarski-svet.si\/wp-content\/uploads\/2018\/11\/S-Bikes-Electric-mountain-bike-C90E-PRO_.jpg","contentUrl":"https:\/\/kolesarski-svet.si\/wp-content\/uploads\/2018\/11\/S-Bikes-Electric-mountain-bike-C90E-PRO_.jpg","width":1199,"height":800},{"@type":"BreadcrumbList","@id":"https:\/\/kolesarski-svet.si\/sl\/izdelek\/s-bikes-electric-gorsko-kolo-c90e-pro\/#breadcrumb","itemListElement":[{"@type":"ListItem","position":1,"name":"Home","item":"https:\/\/kolesarski-svet.si\/sl\/kolesarski-svet-domov\/"},{"@type":"ListItem","position":2,"name":"Trgovina","item":"https:\/\/kolesarski-svet.si\/sl\/trgovina\/"},{"@type":"ListItem","position":3,"name":"S-BIKES Elektri\u010dno gorsko kolo C90E PRO"}]},{"@type":"WebSite","@id":"https:\/\/kolesarski-svet.si\/#website","url":"https:\/\/kolesarski-svet.si\/","name":"Kolesarski Svet","description":"Do\u017eivite lepote Slovenije na kolesu","publisher":{"@id":"https:\/\/kolesarski-svet.si\/#organization"},"potentialAction":[{"@type":"SearchAction","target":{"@type":"EntryPoint","urlTemplate":"https:\/\/kolesarski-svet.si\/?s={search_term_string}"},"query-input":{"@type":"PropertyValueSpecification","valueRequired":true,"valueName":"search_term_string"}}],"inLanguage":"sl-SI"},{"@type":"Organization","@id":"https:\/\/kolesarski-svet.si\/#organization","name":"Kolesarski Svet","url":"https:\/\/kolesarski-svet.si\/","logo":{"@type":"ImageObject","inLanguage":"sl-SI","@id":"https:\/\/kolesarski-svet.si\/#\/schema\/logo\/image\/","url":"https:\/\/kolesarski-svet.si\/wp-content\/uploads\/2018\/03\/logo-KS-170.png","contentUrl":"https:\/\/kolesarski-svet.si\/wp-content\/uploads\/2018\/03\/logo-KS-170.png","width":170,"height":120,"caption":"Kolesarski Svet"},"image":{"@id":"https:\/\/kolesarski-svet.si\/#\/schema\/logo\/image\/"},"sameAs":["https:\/\/www.facebook.com\/KolesarskiSvet\/","https:\/\/www.youtube.com\/channel\/UCaR0d_D0MFnxI1Wpxa2nkAA"]}]}},"_links":{"self":[{"href":"https:\/\/kolesarski-svet.si\/sl\/wp-json\/wp\/v2\/product\/2282","targetHints":{"allow":["GET"]}}],"collection":[{"href":"https:\/\/kolesarski-svet.si\/sl\/wp-json\/wp\/v2\/product"}],"about":[{"href":"https:\/\/kolesarski-svet.si\/sl\/wp-json\/wp\/v2\/types\/product"}],"replies":[{"embeddable":true,"href":"https:\/\/kolesarski-svet.si\/sl\/wp-json\/wp\/v2\/comments?post=2282"}],"wp:featuredmedia":[{"embeddable":true,"href":"https:\/\/kolesarski-svet.si\/sl\/wp-json\/wp\/v2\/media\/4704"}],"wp:attachment":[{"href":"https:\/\/kolesarski-svet.si\/sl\/wp-json\/wp\/v2\/media?parent=2282"}],"wp:term":[{"taxonomy":"product_brand","embeddable":true,"href":"https:\/\/kolesarski-svet.si\/sl\/wp-json\/wp\/v2\/product_brand?post=2282"},{"taxonomy":"product_cat","embeddable":true,"href":"https:\/\/kolesarski-svet.si\/sl\/wp-json\/wp\/v2\/product_cat?post=2282"},{"taxonomy":"product_tag","embeddable":true,"href":"https:\/\/kolesarski-svet.si\/sl\/wp-json\/wp\/v2\/product_tag?post=2282"}],"curies":[{"name":"wp","href":"https:\/\/api.w.org\/{rel}","templated":true}]}}