{"id":2313,"date":"2018-11-21T16:08:38","date_gmt":"2018-11-21T16:08:39","guid":{"rendered":"https:\/\/kolesarski-svet.si\/?post_type=product&#038;p=2313"},"modified":"2020-02-21T11:48:30","modified_gmt":"2020-02-21T11:48:30","slug":"kolesarski-izlet-po-best-of-maribor","status":"publish","type":"product","link":"https:\/\/kolesarski-svet.si\/sl\/izleti\/kolesarski-izlet-po-best-of-maribor\/","title":{"rendered":"Kolesarski izlet po &#8220;Best of Maribor&#8221;"},"content":{"rendered":"<p>Maribor je zeleno mesto, ki se pona\u0161a s \u0161tevilnimi znamenitostmi, velikim \u0161tevilom \u010dudovitih parkov katerih ponosna zgodovina sega v leto 1254. Vabimo vas na voden kolesarski izlet po Mariboru.<\/p>\n<p>Na na\u0161i kolesarski poti si bomo ogledali najve\u010dje znamenitosti v mestu \u2013 tiste, ki jih preprosto ne smete zamuditi. Pridru\u017eite se nam in kolesarite v na\u0161i dru\u017ebi, dru\u017ebi najbolj\u0161ih.<\/p>\n<p><!--more--><\/p>\n<table class=\"table table-bordered tours-tabs__table\" style=\"height: 233px; width: 840px;\">\n<tbody>\n<tr>\n<td style=\"width: 226px;\"><strong>LOKACIJA ODHODA\/PRIHODA<\/strong><\/td>\n<td style=\"width: 620px;\">Pred vhodom v Fran\u010di\u0161kansko cerkev v centru mesta Maribor<\/td>\n<\/tr>\n<tr>\n<td style=\"width: 226px;\"><strong>\u010cAS ODHODA<\/strong><\/td>\n<td style=\"width: 620px;\"><span id=\"result_box\" class=\"short_text\" lang=\"en\"><span class=\"\"><strong>Vsako Pondeljek,torek,sredo,soboto in nedeljo <\/strong><\/span><\/span>\n<p><strong><span id=\"result_box\" class=\"short_text\" lang=\"en\"><span class=\"\">ob 17:00 uri<\/span><\/span> \/ zbor 15 min prej, ob 16:45<\/strong><\/p><\/td>\n<\/tr>\n<tr>\n<td style=\"width: 226px;\"><strong>\u010cAS PRIHODA<\/strong><\/td>\n<td style=\"width: 620px;\">ob 19:00 uri \/ pribli\u017eno<\/td>\n<\/tr>\n<tr>\n<td style=\"width: 226px;\"><strong>VKLJU\u010cENO<\/strong><\/td>\n<td style=\"width: 620px;\">\n<table class=\"table table-bordered\" style=\"height: 62px; width: 449px;\">\n<tbody>\n<tr>\n<td style=\"width: 443px;\"><i class=\"fa fa-check icon-tick icon-tick--on\"><\/i> 2<span id=\"result_box\" class=\"short_text\" lang=\"en\"><span class=\"\">-uri prijetnega in dinami\u010dnega kolesarjenja<\/span><\/span><\/td>\n<\/tr>\n<tr>\n<td style=\"width: 443px;\"><i class=\"fa fa-check icon-tick icon-tick--on\"><\/i>izposoja kolesa<\/td>\n<\/tr>\n<tr>\n<td style=\"width: 443px;\"><i class=\"fa fa-check icon-tick icon-tick--on\"><\/i>strokovno vodstvo prijaznega kolesarskega vodnika<\/td>\n<\/tr>\n<tr>\n<td style=\"width: 443px;\"><i class=\"fa fa-check icon-tick icon-tick--on\"><\/i>fantasti\u010dne fotografske prilo\u017enosti<\/td>\n<\/tr>\n<tr>\n<td style=\"width: 443px;\"><i class=\"fa fa-check icon-tick icon-tick--on\"><\/i>profesionalno vodenje turisti\u010dnega vodnika<\/td>\n<\/tr>\n<\/tbody>\n<\/table>\n<\/td>\n<\/tr>\n<tr>\n<td style=\"width: 226px;\"><b>NI VKLUJ\u010cENO<\/b><\/td>\n<td style=\"width: 620px;\">\n<table class=\"table table-bordered\" style=\"height: 48px; width: 451px;\">\n<tbody>\n<tr style=\"height: 24px;\">\n<td style=\"width: 441px; height: 24px;\"><i class=\"fa fa-times icon-tick icon-tick--off\"><\/i>pija\u010da<\/td>\n<\/tr>\n<tr style=\"height: 24px;\">\n<td style=\"width: 441px; height: 24px;\"><i class=\"fa fa-times icon-tick icon-tick--off\"><\/i>malica<\/td>\n<\/tr>\n<\/tbody>\n<\/table>\n<\/td>\n<\/tr>\n<\/tbody>\n<\/table>\n<p>Pridru\u017eite se nam in kolesarite v na\u0161i dru\u017ebi, dru\u017ebi najbolj\u0161ih.<\/p>\n<p>.<\/p>\n","protected":false},"excerpt":{"rendered":"<p>Maribor je eno najlep\u0161ih mest na svetu. Pridru\u017eite se nam in kolesarite v na\u0161i dru\u017ebi, dru\u017ebi najbolj\u0161ih.<\/p>\n","protected":false},"featured_media":2311,"comment_status":"open","ping_status":"closed","template":"","meta":[],"product_brand":[],"product_cat":[258],"product_tag":[149,284,283],"class_list":{"0":"post-2313","1":"product","2":"type-product","3":"status-publish","4":"has-post-thumbnail","6":"product_cat-izleti","7":"product_tag-izlet-v-mestu","8":"product_tag-kolesarski-izlet-po-best-of-maribor","9":"product_tag-voden-kolesarski-izlet","10":"tour_category-izlet-po-mestu","11":"tour_category-kolesarski-izlet","12":"tour_category-maribor-sl","14":"first","15":"instock","16":"shipping-taxable","17":"purchasable","18":"product-type-tour"},"yoast_head":"<!-- This site is optimized with the Yoast SEO plugin v26.6 - https:\/\/yoast.com\/wordpress\/plugins\/seo\/ -->\n<title>Kolesarski izlet po &quot;Best of Maribor&quot; - Kolesarski Svet<\/title>\n<meta name=\"description\" content=\"Maribor je zeleno mesto, ki se pona\u0161a s \u0161tevilnimi znamenitostmi, velikim \u0161tevilom \u010dudovitih parkov katerih ponosna zgodovina sega v leto 1254. Vabimo vas na voden kolesarski izlet po Mariboru.Na na\u0161i kolesarski poti si bomo ogledali najve\u010dje znamenitosti v mestu \u2013 tiste, ki jih preprosto ne smete zamuditi. Pridru\u017eite se nam in kolesarite v na\u0161i dru\u017ebi, dru\u017ebi najbolj\u0161ih.\" \/>\n<meta name=\"robots\" content=\"index, follow, max-snippet:-1, max-image-preview:large, max-video-preview:-1\" \/>\n<link rel=\"canonical\" href=\"https:\/\/kolesarski-svet.si\/sl\/izleti\/kolesarski-izlet-po-best-of-maribor\/\" \/>\n<meta property=\"og:locale\" content=\"sl_SI\" \/>\n<meta property=\"og:type\" content=\"article\" \/>\n<meta property=\"og:title\" content=\"Kolesarski izlet po &quot;Best of Maribor&quot; - Kolesarski Svet\" \/>\n<meta property=\"og:description\" content=\"Maribor je zeleno mesto, ki se pona\u0161a s \u0161tevilnimi znamenitostmi, velikim \u0161tevilom \u010dudovitih parkov katerih ponosna zgodovina sega v leto 1254. Vabimo vas na voden kolesarski izlet po Mariboru.Na na\u0161i kolesarski poti si bomo ogledali najve\u010dje znamenitosti v mestu \u2013 tiste, ki jih preprosto ne smete zamuditi. Pridru\u017eite se nam in kolesarite v na\u0161i dru\u017ebi, dru\u017ebi najbolj\u0161ih.\" \/>\n<meta property=\"og:url\" content=\"https:\/\/kolesarski-svet.si\/sl\/izleti\/kolesarski-izlet-po-best-of-maribor\/\" \/>\n<meta property=\"og:site_name\" content=\"Kolesarski Svet\" \/>\n<meta property=\"article:publisher\" content=\"https:\/\/www.facebook.com\/KolesarskiSvet\/\" \/>\n<meta property=\"article:modified_time\" content=\"2020-02-21T11:48:30+00:00\" \/>\n<meta property=\"og:image\" content=\"https:\/\/kolesarski-svet.si\/wp-content\/uploads\/2018\/11\/Maribor_city_2-1.jpg\" \/>\n\t<meta property=\"og:image:width\" content=\"768\" \/>\n\t<meta property=\"og:image:height\" content=\"512\" \/>\n\t<meta property=\"og:image:type\" content=\"image\/jpeg\" \/>\n<meta name=\"twitter:card\" content=\"summary_large_image\" \/>\n<meta name=\"twitter:label1\" content=\"Est. reading time\" \/>\n\t<meta name=\"twitter:data1\" content=\"1 minuta\" \/>\n<script type=\"application\/ld+json\" class=\"yoast-schema-graph\">{\"@context\":\"https:\/\/schema.org\",\"@graph\":[{\"@type\":\"WebPage\",\"@id\":\"https:\/\/kolesarski-svet.si\/sl\/izleti\/kolesarski-izlet-po-best-of-maribor\/\",\"url\":\"https:\/\/kolesarski-svet.si\/sl\/izleti\/kolesarski-izlet-po-best-of-maribor\/\",\"name\":\"Kolesarski izlet po \\\"Best of Maribor\\\" - Kolesarski Svet\",\"isPartOf\":{\"@id\":\"https:\/\/kolesarski-svet.si\/#website\"},\"primaryImageOfPage\":{\"@id\":\"https:\/\/kolesarski-svet.si\/sl\/izleti\/kolesarski-izlet-po-best-of-maribor\/#primaryimage\"},\"image\":{\"@id\":\"https:\/\/kolesarski-svet.si\/sl\/izleti\/kolesarski-izlet-po-best-of-maribor\/#primaryimage\"},\"thumbnailUrl\":\"https:\/\/kolesarski-svet.si\/wp-content\/uploads\/2018\/11\/Maribor_city_2-1.jpg\",\"datePublished\":\"2018-11-21T16:08:39+00:00\",\"dateModified\":\"2020-02-21T11:48:30+00:00\",\"description\":\"Maribor je zeleno mesto, ki se pona\u0161a s \u0161tevilnimi znamenitostmi, velikim \u0161tevilom \u010dudovitih parkov katerih ponosna zgodovina sega v leto 1254. Vabimo vas na voden kolesarski izlet po Mariboru.Na na\u0161i kolesarski poti si bomo ogledali najve\u010dje znamenitosti v mestu \u2013 tiste, ki jih preprosto ne smete zamuditi. Pridru\u017eite se nam in kolesarite v na\u0161i dru\u017ebi, dru\u017ebi najbolj\u0161ih.\",\"breadcrumb\":{\"@id\":\"https:\/\/kolesarski-svet.si\/sl\/izleti\/kolesarski-izlet-po-best-of-maribor\/#breadcrumb\"},\"inLanguage\":\"sl-SI\",\"potentialAction\":[{\"@type\":\"ReadAction\",\"target\":[\"https:\/\/kolesarski-svet.si\/sl\/izleti\/kolesarski-izlet-po-best-of-maribor\/\"]}]},{\"@type\":\"ImageObject\",\"inLanguage\":\"sl-SI\",\"@id\":\"https:\/\/kolesarski-svet.si\/sl\/izleti\/kolesarski-izlet-po-best-of-maribor\/#primaryimage\",\"url\":\"https:\/\/kolesarski-svet.si\/wp-content\/uploads\/2018\/11\/Maribor_city_2-1.jpg\",\"contentUrl\":\"https:\/\/kolesarski-svet.si\/wp-content\/uploads\/2018\/11\/Maribor_city_2-1.jpg\",\"width\":768,\"height\":512,\"caption\":\"Kolesarski izlet po \u00bbBest of Maribor\u00ab\"},{\"@type\":\"BreadcrumbList\",\"@id\":\"https:\/\/kolesarski-svet.si\/sl\/izleti\/kolesarski-izlet-po-best-of-maribor\/#breadcrumb\",\"itemListElement\":[{\"@type\":\"ListItem\",\"position\":1,\"name\":\"Home\",\"item\":\"https:\/\/kolesarski-svet.si\/sl\/kolesarski-svet-domov\/\"},{\"@type\":\"ListItem\",\"position\":2,\"name\":\"Trgovina\",\"item\":\"https:\/\/kolesarski-svet.si\/sl\/trgovina\/\"},{\"@type\":\"ListItem\",\"position\":3,\"name\":\"Kolesarski izlet po &#8220;Best of Maribor&#8221;\"}]},{\"@type\":\"WebSite\",\"@id\":\"https:\/\/kolesarski-svet.si\/#website\",\"url\":\"https:\/\/kolesarski-svet.si\/\",\"name\":\"Kolesarski Svet\",\"description\":\"Do\u017eivite lepote Slovenije na kolesu\",\"publisher\":{\"@id\":\"https:\/\/kolesarski-svet.si\/#organization\"},\"potentialAction\":[{\"@type\":\"SearchAction\",\"target\":{\"@type\":\"EntryPoint\",\"urlTemplate\":\"https:\/\/kolesarski-svet.si\/?s={search_term_string}\"},\"query-input\":{\"@type\":\"PropertyValueSpecification\",\"valueRequired\":true,\"valueName\":\"search_term_string\"}}],\"inLanguage\":\"sl-SI\"},{\"@type\":\"Organization\",\"@id\":\"https:\/\/kolesarski-svet.si\/#organization\",\"name\":\"Kolesarski Svet\",\"url\":\"https:\/\/kolesarski-svet.si\/\",\"logo\":{\"@type\":\"ImageObject\",\"inLanguage\":\"sl-SI\",\"@id\":\"https:\/\/kolesarski-svet.si\/#\/schema\/logo\/image\/\",\"url\":\"https:\/\/kolesarski-svet.si\/wp-content\/uploads\/2018\/03\/logo-KS-170.png\",\"contentUrl\":\"https:\/\/kolesarski-svet.si\/wp-content\/uploads\/2018\/03\/logo-KS-170.png\",\"width\":170,\"height\":120,\"caption\":\"Kolesarski Svet\"},\"image\":{\"@id\":\"https:\/\/kolesarski-svet.si\/#\/schema\/logo\/image\/\"},\"sameAs\":[\"https:\/\/www.facebook.com\/KolesarskiSvet\/\",\"https:\/\/www.youtube.com\/channel\/UCaR0d_D0MFnxI1Wpxa2nkAA\"]}]}<\/script>\n<!-- \/ Yoast SEO plugin. -->","yoast_head_json":{"title":"Kolesarski izlet po \"Best of Maribor\" - Kolesarski Svet","description":"Maribor je zeleno mesto, ki se pona\u0161a s \u0161tevilnimi znamenitostmi, velikim \u0161tevilom \u010dudovitih parkov katerih ponosna zgodovina sega v leto 1254. Vabimo vas na voden kolesarski izlet po Mariboru.Na na\u0161i kolesarski poti si bomo ogledali najve\u010dje znamenitosti v mestu \u2013 tiste, ki jih preprosto ne smete zamuditi. Pridru\u017eite se nam in kolesarite v na\u0161i dru\u017ebi, dru\u017ebi najbolj\u0161ih.","robots":{"index":"index","follow":"follow","max-snippet":"max-snippet:-1","max-image-preview":"max-image-preview:large","max-video-preview":"max-video-preview:-1"},"canonical":"https:\/\/kolesarski-svet.si\/sl\/izleti\/kolesarski-izlet-po-best-of-maribor\/","og_locale":"sl_SI","og_type":"article","og_title":"Kolesarski izlet po \"Best of Maribor\" - Kolesarski Svet","og_description":"Maribor je zeleno mesto, ki se pona\u0161a s \u0161tevilnimi znamenitostmi, velikim \u0161tevilom \u010dudovitih parkov katerih ponosna zgodovina sega v leto 1254. Vabimo vas na voden kolesarski izlet po Mariboru.Na na\u0161i kolesarski poti si bomo ogledali najve\u010dje znamenitosti v mestu \u2013 tiste, ki jih preprosto ne smete zamuditi. Pridru\u017eite se nam in kolesarite v na\u0161i dru\u017ebi, dru\u017ebi najbolj\u0161ih.","og_url":"https:\/\/kolesarski-svet.si\/sl\/izleti\/kolesarski-izlet-po-best-of-maribor\/","og_site_name":"Kolesarski Svet","article_publisher":"https:\/\/www.facebook.com\/KolesarskiSvet\/","article_modified_time":"2020-02-21T11:48:30+00:00","og_image":[{"width":768,"height":512,"url":"https:\/\/kolesarski-svet.si\/wp-content\/uploads\/2018\/11\/Maribor_city_2-1.jpg","type":"image\/jpeg"}],"twitter_card":"summary_large_image","twitter_misc":{"Est. reading time":"1 minuta"},"schema":{"@context":"https:\/\/schema.org","@graph":[{"@type":"WebPage","@id":"https:\/\/kolesarski-svet.si\/sl\/izleti\/kolesarski-izlet-po-best-of-maribor\/","url":"https:\/\/kolesarski-svet.si\/sl\/izleti\/kolesarski-izlet-po-best-of-maribor\/","name":"Kolesarski izlet po \"Best of Maribor\" - Kolesarski Svet","isPartOf":{"@id":"https:\/\/kolesarski-svet.si\/#website"},"primaryImageOfPage":{"@id":"https:\/\/kolesarski-svet.si\/sl\/izleti\/kolesarski-izlet-po-best-of-maribor\/#primaryimage"},"image":{"@id":"https:\/\/kolesarski-svet.si\/sl\/izleti\/kolesarski-izlet-po-best-of-maribor\/#primaryimage"},"thumbnailUrl":"https:\/\/kolesarski-svet.si\/wp-content\/uploads\/2018\/11\/Maribor_city_2-1.jpg","datePublished":"2018-11-21T16:08:39+00:00","dateModified":"2020-02-21T11:48:30+00:00","description":"Maribor je zeleno mesto, ki se pona\u0161a s \u0161tevilnimi znamenitostmi, velikim \u0161tevilom \u010dudovitih parkov katerih ponosna zgodovina sega v leto 1254. Vabimo vas na voden kolesarski izlet po Mariboru.Na na\u0161i kolesarski poti si bomo ogledali najve\u010dje znamenitosti v mestu \u2013 tiste, ki jih preprosto ne smete zamuditi. Pridru\u017eite se nam in kolesarite v na\u0161i dru\u017ebi, dru\u017ebi najbolj\u0161ih.","breadcrumb":{"@id":"https:\/\/kolesarski-svet.si\/sl\/izleti\/kolesarski-izlet-po-best-of-maribor\/#breadcrumb"},"inLanguage":"sl-SI","potentialAction":[{"@type":"ReadAction","target":["https:\/\/kolesarski-svet.si\/sl\/izleti\/kolesarski-izlet-po-best-of-maribor\/"]}]},{"@type":"ImageObject","inLanguage":"sl-SI","@id":"https:\/\/kolesarski-svet.si\/sl\/izleti\/kolesarski-izlet-po-best-of-maribor\/#primaryimage","url":"https:\/\/kolesarski-svet.si\/wp-content\/uploads\/2018\/11\/Maribor_city_2-1.jpg","contentUrl":"https:\/\/kolesarski-svet.si\/wp-content\/uploads\/2018\/11\/Maribor_city_2-1.jpg","width":768,"height":512,"caption":"Kolesarski izlet po \u00bbBest of Maribor\u00ab"},{"@type":"BreadcrumbList","@id":"https:\/\/kolesarski-svet.si\/sl\/izleti\/kolesarski-izlet-po-best-of-maribor\/#breadcrumb","itemListElement":[{"@type":"ListItem","position":1,"name":"Home","item":"https:\/\/kolesarski-svet.si\/sl\/kolesarski-svet-domov\/"},{"@type":"ListItem","position":2,"name":"Trgovina","item":"https:\/\/kolesarski-svet.si\/sl\/trgovina\/"},{"@type":"ListItem","position":3,"name":"Kolesarski izlet po &#8220;Best of Maribor&#8221;"}]},{"@type":"WebSite","@id":"https:\/\/kolesarski-svet.si\/#website","url":"https:\/\/kolesarski-svet.si\/","name":"Kolesarski Svet","description":"Do\u017eivite lepote Slovenije na kolesu","publisher":{"@id":"https:\/\/kolesarski-svet.si\/#organization"},"potentialAction":[{"@type":"SearchAction","target":{"@type":"EntryPoint","urlTemplate":"https:\/\/kolesarski-svet.si\/?s={search_term_string}"},"query-input":{"@type":"PropertyValueSpecification","valueRequired":true,"valueName":"search_term_string"}}],"inLanguage":"sl-SI"},{"@type":"Organization","@id":"https:\/\/kolesarski-svet.si\/#organization","name":"Kolesarski Svet","url":"https:\/\/kolesarski-svet.si\/","logo":{"@type":"ImageObject","inLanguage":"sl-SI","@id":"https:\/\/kolesarski-svet.si\/#\/schema\/logo\/image\/","url":"https:\/\/kolesarski-svet.si\/wp-content\/uploads\/2018\/03\/logo-KS-170.png","contentUrl":"https:\/\/kolesarski-svet.si\/wp-content\/uploads\/2018\/03\/logo-KS-170.png","width":170,"height":120,"caption":"Kolesarski Svet"},"image":{"@id":"https:\/\/kolesarski-svet.si\/#\/schema\/logo\/image\/"},"sameAs":["https:\/\/www.facebook.com\/KolesarskiSvet\/","https:\/\/www.youtube.com\/channel\/UCaR0d_D0MFnxI1Wpxa2nkAA"]}]}},"_links":{"self":[{"href":"https:\/\/kolesarski-svet.si\/sl\/wp-json\/wp\/v2\/product\/2313","targetHints":{"allow":["GET"]}}],"collection":[{"href":"https:\/\/kolesarski-svet.si\/sl\/wp-json\/wp\/v2\/product"}],"about":[{"href":"https:\/\/kolesarski-svet.si\/sl\/wp-json\/wp\/v2\/types\/product"}],"replies":[{"embeddable":true,"href":"https:\/\/kolesarski-svet.si\/sl\/wp-json\/wp\/v2\/comments?post=2313"}],"wp:featuredmedia":[{"embeddable":true,"href":"https:\/\/kolesarski-svet.si\/sl\/wp-json\/wp\/v2\/media\/2311"}],"wp:attachment":[{"href":"https:\/\/kolesarski-svet.si\/sl\/wp-json\/wp\/v2\/media?parent=2313"}],"wp:term":[{"taxonomy":"product_brand","embeddable":true,"href":"https:\/\/kolesarski-svet.si\/sl\/wp-json\/wp\/v2\/product_brand?post=2313"},{"taxonomy":"product_cat","embeddable":true,"href":"https:\/\/kolesarski-svet.si\/sl\/wp-json\/wp\/v2\/product_cat?post=2313"},{"taxonomy":"product_tag","embeddable":true,"href":"https:\/\/kolesarski-svet.si\/sl\/wp-json\/wp\/v2\/product_tag?post=2313"}],"curies":[{"name":"wp","href":"https:\/\/api.w.org\/{rel}","templated":true}]}}