{"id":2705,"date":"2019-07-26T08:13:48","date_gmt":"2019-07-26T08:13:49","guid":{"rendered":"https:\/\/kolesarski-svet.si\/?post_type=product&#038;p=2705"},"modified":"2021-07-03T19:21:07","modified_gmt":"2021-07-03T19:21:07","slug":"rog-pony-classic","status":"publish","type":"product","link":"https:\/\/kolesarski-svet.si\/sl\/izdelek\/rog-pony-classic\/","title":{"rendered":"Rog Pony Classic"},"content":{"rendered":"<h3>Klasika s pridihom modernosti<\/h3>\n<p>Pony Classic je kolo, ki se iz nedavne preteklosti vozi v prihodnost. Zdru\u017euje klasi\u010den dizajn s torpedo zavoro z modernimi pridobitvami, kot so LED elektri\u010dne lu\u010di.<\/p>\n<h3>Za vse velikosti<\/h3>\n<p>\u010ceprav je shranjevanje novega Ponyja izjemno preprosto, nismo sklepali kompromisov pri udobju kolesarjev. 40-centimetrska sede\u017ena opora poskrbi, da bo vo\u017enja udobna za vse velikosti in oblike kolesarjev.<\/p>\n<h3>Enostavno vzdr\u017eevanje<\/h3>\n<p>Trpe\u017een okvir, nerjave\u010da veriga, vrhunski pla\u0161\u010di in kakovostna izdelava poskrbijo, da boste z novim Ponyjem u\u017eivali \u0161e mnogo let. Preprosto pa je tudi osnovno vzdr\u017eevanje.<\/p>\n<h3>Minimalizem z razmislekom<\/h3>\n<p>Preprosta zasnova novega Ponyja ni rojena iz nuje, ampak z razlogom. Vsak vklju\u010den del olaj\u0161a vsakodnevno mestno vo\u017enjo in poskrbi, da boste s svojim Ponyjem u\u017eivali \u0161e dolgo \u010dasa.<\/p>\n<h3>Garancija in servis<\/h3>\n<p>Ker zaupamo v kakovost izdelave in sestavnih delov novega Ponyja, vam nudimo do 5 let garancije na okvir in vilice. Tako ste lahko prepri\u010dani, da boste s svojim Ponyjem do\u017eiveli \u0161e veliko.<\/p>\n<h3>Spremenite svoj pogled na mesto<\/h3>\n<p>Na dveh kolesih se odpre popolnoma nov svet. Ni\u010d ve\u010d \u010dakanja v zastojih, izpu\u0161nih plinov in zapor cest. Prehitite svoje sodelavce, prihranite svoj \u010das in se zapeljite s prenovljenim Ponyjem.<\/p>\n","protected":false},"excerpt":{"rendered":"<div class=\"feature-description-single\">\n<p><strong>Sodoben dizajn z elementi bogate tradicije. <\/strong>Zapeljite kolo, ki s prepletanjem tradicionalnih elementov in sodobnega dizajna predstavlja eno najatraktivnej\u0161ih mestnih koles na trgu. <strong>Zadnja no\u017ena zavora.<\/strong>Tradicionalna zadnja zavora, s katero se boste vedno lahko ustavili in u\u017eivali \u017eivljenje.<\/p>\n<\/div>\n","protected":false},"featured_media":2707,"comment_status":"open","ping_status":"closed","template":"","meta":[],"product_brand":[],"product_cat":[249,407],"product_tag":[320,336,328,319],"class_list":{"0":"post-2705","1":"product","2":"type-product","3":"status-publish","4":"has-post-thumbnail","6":"product_cat-kolesa","7":"product_cat-mestna-kolesa-sl","8":"product_tag-kolesarski-svet","9":"product_tag-mestno-kolo-sl","10":"product_tag-rog-pony-classic-sl","11":"product_tag-rogkolesa","13":"first","14":"instock","15":"featured","16":"shipping-taxable","17":"purchasable","18":"product-type-simple"},"yoast_head":"<!-- This site is optimized with the Yoast SEO plugin v26.6 - https:\/\/yoast.com\/wordpress\/plugins\/seo\/ -->\n<title>Rog Pony Classic - Kolesarski Svet<\/title>\n<meta name=\"description\" content=\"Rog Pony Classic je kolo, ki se iz nedavne preteklosti vozi v prihodnost. Zdru\u017euje klasi\u010den dizajn s modernimi pridobitvami.\" \/>\n<meta name=\"robots\" content=\"index, follow, max-snippet:-1, max-image-preview:large, max-video-preview:-1\" \/>\n<link rel=\"canonical\" href=\"https:\/\/kolesarski-svet.si\/sl\/izdelek\/rog-pony-classic\/\" \/>\n<meta property=\"og:locale\" content=\"sl_SI\" \/>\n<meta property=\"og:type\" content=\"article\" \/>\n<meta property=\"og:title\" content=\"Rog Pony Classic - Kolesarski Svet\" \/>\n<meta property=\"og:description\" content=\"Rog Pony Classic je kolo, ki se iz nedavne preteklosti vozi v prihodnost. Zdru\u017euje klasi\u010den dizajn s modernimi pridobitvami.\" \/>\n<meta property=\"og:url\" content=\"https:\/\/kolesarski-svet.si\/sl\/izdelek\/rog-pony-classic\/\" \/>\n<meta property=\"og:site_name\" content=\"Kolesarski Svet\" \/>\n<meta property=\"article:publisher\" content=\"https:\/\/www.facebook.com\/KolesarskiSvet\/\" \/>\n<meta property=\"article:modified_time\" content=\"2021-07-03T19:21:07+00:00\" \/>\n<meta property=\"og:image\" content=\"https:\/\/kolesarski-svet.si\/wp-content\/uploads\/2019\/07\/Rog-Pony-Classic-red-1.jpg\" \/>\n\t<meta property=\"og:image:width\" content=\"1440\" \/>\n\t<meta property=\"og:image:height\" content=\"1148\" \/>\n\t<meta property=\"og:image:type\" content=\"image\/jpeg\" \/>\n<meta name=\"twitter:card\" content=\"summary_large_image\" \/>\n<meta name=\"twitter:label1\" content=\"Est. reading time\" \/>\n\t<meta name=\"twitter:data1\" content=\"1 minuta\" \/>\n<script type=\"application\/ld+json\" class=\"yoast-schema-graph\">{\"@context\":\"https:\/\/schema.org\",\"@graph\":[{\"@type\":\"WebPage\",\"@id\":\"https:\/\/kolesarski-svet.si\/sl\/izdelek\/rog-pony-classic\/\",\"url\":\"https:\/\/kolesarski-svet.si\/sl\/izdelek\/rog-pony-classic\/\",\"name\":\"Rog Pony Classic - Kolesarski Svet\",\"isPartOf\":{\"@id\":\"https:\/\/kolesarski-svet.si\/#website\"},\"primaryImageOfPage\":{\"@id\":\"https:\/\/kolesarski-svet.si\/sl\/izdelek\/rog-pony-classic\/#primaryimage\"},\"image\":{\"@id\":\"https:\/\/kolesarski-svet.si\/sl\/izdelek\/rog-pony-classic\/#primaryimage\"},\"thumbnailUrl\":\"https:\/\/kolesarski-svet.si\/wp-content\/uploads\/2019\/07\/Rog-Pony-Classic-red-1.jpg\",\"datePublished\":\"2019-07-26T08:13:49+00:00\",\"dateModified\":\"2021-07-03T19:21:07+00:00\",\"description\":\"Rog Pony Classic je kolo, ki se iz nedavne preteklosti vozi v prihodnost. Zdru\u017euje klasi\u010den dizajn s modernimi pridobitvami.\",\"breadcrumb\":{\"@id\":\"https:\/\/kolesarski-svet.si\/sl\/izdelek\/rog-pony-classic\/#breadcrumb\"},\"inLanguage\":\"sl-SI\",\"potentialAction\":[{\"@type\":\"ReadAction\",\"target\":[\"https:\/\/kolesarski-svet.si\/sl\/izdelek\/rog-pony-classic\/\"]}]},{\"@type\":\"ImageObject\",\"inLanguage\":\"sl-SI\",\"@id\":\"https:\/\/kolesarski-svet.si\/sl\/izdelek\/rog-pony-classic\/#primaryimage\",\"url\":\"https:\/\/kolesarski-svet.si\/wp-content\/uploads\/2019\/07\/Rog-Pony-Classic-red-1.jpg\",\"contentUrl\":\"https:\/\/kolesarski-svet.si\/wp-content\/uploads\/2019\/07\/Rog-Pony-Classic-red-1.jpg\",\"width\":1440,\"height\":1148,\"caption\":\"Kolesarski Svet, Rogbikes, Rog Pony Classic,\"},{\"@type\":\"BreadcrumbList\",\"@id\":\"https:\/\/kolesarski-svet.si\/sl\/izdelek\/rog-pony-classic\/#breadcrumb\",\"itemListElement\":[{\"@type\":\"ListItem\",\"position\":1,\"name\":\"Home\",\"item\":\"https:\/\/kolesarski-svet.si\/sl\/kolesarski-svet-domov\/\"},{\"@type\":\"ListItem\",\"position\":2,\"name\":\"Trgovina\",\"item\":\"https:\/\/kolesarski-svet.si\/sl\/trgovina\/\"},{\"@type\":\"ListItem\",\"position\":3,\"name\":\"Rog Pony Classic\"}]},{\"@type\":\"WebSite\",\"@id\":\"https:\/\/kolesarski-svet.si\/#website\",\"url\":\"https:\/\/kolesarski-svet.si\/\",\"name\":\"Kolesarski Svet\",\"description\":\"Do\u017eivite lepote Slovenije na kolesu\",\"publisher\":{\"@id\":\"https:\/\/kolesarski-svet.si\/#organization\"},\"potentialAction\":[{\"@type\":\"SearchAction\",\"target\":{\"@type\":\"EntryPoint\",\"urlTemplate\":\"https:\/\/kolesarski-svet.si\/?s={search_term_string}\"},\"query-input\":{\"@type\":\"PropertyValueSpecification\",\"valueRequired\":true,\"valueName\":\"search_term_string\"}}],\"inLanguage\":\"sl-SI\"},{\"@type\":\"Organization\",\"@id\":\"https:\/\/kolesarski-svet.si\/#organization\",\"name\":\"Kolesarski Svet\",\"url\":\"https:\/\/kolesarski-svet.si\/\",\"logo\":{\"@type\":\"ImageObject\",\"inLanguage\":\"sl-SI\",\"@id\":\"https:\/\/kolesarski-svet.si\/#\/schema\/logo\/image\/\",\"url\":\"https:\/\/kolesarski-svet.si\/wp-content\/uploads\/2018\/03\/logo-KS-170.png\",\"contentUrl\":\"https:\/\/kolesarski-svet.si\/wp-content\/uploads\/2018\/03\/logo-KS-170.png\",\"width\":170,\"height\":120,\"caption\":\"Kolesarski Svet\"},\"image\":{\"@id\":\"https:\/\/kolesarski-svet.si\/#\/schema\/logo\/image\/\"},\"sameAs\":[\"https:\/\/www.facebook.com\/KolesarskiSvet\/\",\"https:\/\/www.youtube.com\/channel\/UCaR0d_D0MFnxI1Wpxa2nkAA\"]}]}<\/script>\n<!-- \/ Yoast SEO plugin. -->","yoast_head_json":{"title":"Rog Pony Classic - Kolesarski Svet","description":"Rog Pony Classic je kolo, ki se iz nedavne preteklosti vozi v prihodnost. Zdru\u017euje klasi\u010den dizajn s modernimi pridobitvami.","robots":{"index":"index","follow":"follow","max-snippet":"max-snippet:-1","max-image-preview":"max-image-preview:large","max-video-preview":"max-video-preview:-1"},"canonical":"https:\/\/kolesarski-svet.si\/sl\/izdelek\/rog-pony-classic\/","og_locale":"sl_SI","og_type":"article","og_title":"Rog Pony Classic - Kolesarski Svet","og_description":"Rog Pony Classic je kolo, ki se iz nedavne preteklosti vozi v prihodnost. Zdru\u017euje klasi\u010den dizajn s modernimi pridobitvami.","og_url":"https:\/\/kolesarski-svet.si\/sl\/izdelek\/rog-pony-classic\/","og_site_name":"Kolesarski Svet","article_publisher":"https:\/\/www.facebook.com\/KolesarskiSvet\/","article_modified_time":"2021-07-03T19:21:07+00:00","og_image":[{"width":1440,"height":1148,"url":"https:\/\/kolesarski-svet.si\/wp-content\/uploads\/2019\/07\/Rog-Pony-Classic-red-1.jpg","type":"image\/jpeg"}],"twitter_card":"summary_large_image","twitter_misc":{"Est. reading time":"1 minuta"},"schema":{"@context":"https:\/\/schema.org","@graph":[{"@type":"WebPage","@id":"https:\/\/kolesarski-svet.si\/sl\/izdelek\/rog-pony-classic\/","url":"https:\/\/kolesarski-svet.si\/sl\/izdelek\/rog-pony-classic\/","name":"Rog Pony Classic - Kolesarski Svet","isPartOf":{"@id":"https:\/\/kolesarski-svet.si\/#website"},"primaryImageOfPage":{"@id":"https:\/\/kolesarski-svet.si\/sl\/izdelek\/rog-pony-classic\/#primaryimage"},"image":{"@id":"https:\/\/kolesarski-svet.si\/sl\/izdelek\/rog-pony-classic\/#primaryimage"},"thumbnailUrl":"https:\/\/kolesarski-svet.si\/wp-content\/uploads\/2019\/07\/Rog-Pony-Classic-red-1.jpg","datePublished":"2019-07-26T08:13:49+00:00","dateModified":"2021-07-03T19:21:07+00:00","description":"Rog Pony Classic je kolo, ki se iz nedavne preteklosti vozi v prihodnost. Zdru\u017euje klasi\u010den dizajn s modernimi pridobitvami.","breadcrumb":{"@id":"https:\/\/kolesarski-svet.si\/sl\/izdelek\/rog-pony-classic\/#breadcrumb"},"inLanguage":"sl-SI","potentialAction":[{"@type":"ReadAction","target":["https:\/\/kolesarski-svet.si\/sl\/izdelek\/rog-pony-classic\/"]}]},{"@type":"ImageObject","inLanguage":"sl-SI","@id":"https:\/\/kolesarski-svet.si\/sl\/izdelek\/rog-pony-classic\/#primaryimage","url":"https:\/\/kolesarski-svet.si\/wp-content\/uploads\/2019\/07\/Rog-Pony-Classic-red-1.jpg","contentUrl":"https:\/\/kolesarski-svet.si\/wp-content\/uploads\/2019\/07\/Rog-Pony-Classic-red-1.jpg","width":1440,"height":1148,"caption":"Kolesarski Svet, Rogbikes, Rog Pony Classic,"},{"@type":"BreadcrumbList","@id":"https:\/\/kolesarski-svet.si\/sl\/izdelek\/rog-pony-classic\/#breadcrumb","itemListElement":[{"@type":"ListItem","position":1,"name":"Home","item":"https:\/\/kolesarski-svet.si\/sl\/kolesarski-svet-domov\/"},{"@type":"ListItem","position":2,"name":"Trgovina","item":"https:\/\/kolesarski-svet.si\/sl\/trgovina\/"},{"@type":"ListItem","position":3,"name":"Rog Pony Classic"}]},{"@type":"WebSite","@id":"https:\/\/kolesarski-svet.si\/#website","url":"https:\/\/kolesarski-svet.si\/","name":"Kolesarski Svet","description":"Do\u017eivite lepote Slovenije na kolesu","publisher":{"@id":"https:\/\/kolesarski-svet.si\/#organization"},"potentialAction":[{"@type":"SearchAction","target":{"@type":"EntryPoint","urlTemplate":"https:\/\/kolesarski-svet.si\/?s={search_term_string}"},"query-input":{"@type":"PropertyValueSpecification","valueRequired":true,"valueName":"search_term_string"}}],"inLanguage":"sl-SI"},{"@type":"Organization","@id":"https:\/\/kolesarski-svet.si\/#organization","name":"Kolesarski Svet","url":"https:\/\/kolesarski-svet.si\/","logo":{"@type":"ImageObject","inLanguage":"sl-SI","@id":"https:\/\/kolesarski-svet.si\/#\/schema\/logo\/image\/","url":"https:\/\/kolesarski-svet.si\/wp-content\/uploads\/2018\/03\/logo-KS-170.png","contentUrl":"https:\/\/kolesarski-svet.si\/wp-content\/uploads\/2018\/03\/logo-KS-170.png","width":170,"height":120,"caption":"Kolesarski Svet"},"image":{"@id":"https:\/\/kolesarski-svet.si\/#\/schema\/logo\/image\/"},"sameAs":["https:\/\/www.facebook.com\/KolesarskiSvet\/","https:\/\/www.youtube.com\/channel\/UCaR0d_D0MFnxI1Wpxa2nkAA"]}]}},"_links":{"self":[{"href":"https:\/\/kolesarski-svet.si\/sl\/wp-json\/wp\/v2\/product\/2705","targetHints":{"allow":["GET"]}}],"collection":[{"href":"https:\/\/kolesarski-svet.si\/sl\/wp-json\/wp\/v2\/product"}],"about":[{"href":"https:\/\/kolesarski-svet.si\/sl\/wp-json\/wp\/v2\/types\/product"}],"replies":[{"embeddable":true,"href":"https:\/\/kolesarski-svet.si\/sl\/wp-json\/wp\/v2\/comments?post=2705"}],"wp:featuredmedia":[{"embeddable":true,"href":"https:\/\/kolesarski-svet.si\/sl\/wp-json\/wp\/v2\/media\/2707"}],"wp:attachment":[{"href":"https:\/\/kolesarski-svet.si\/sl\/wp-json\/wp\/v2\/media?parent=2705"}],"wp:term":[{"taxonomy":"product_brand","embeddable":true,"href":"https:\/\/kolesarski-svet.si\/sl\/wp-json\/wp\/v2\/product_brand?post=2705"},{"taxonomy":"product_cat","embeddable":true,"href":"https:\/\/kolesarski-svet.si\/sl\/wp-json\/wp\/v2\/product_cat?post=2705"},{"taxonomy":"product_tag","embeddable":true,"href":"https:\/\/kolesarski-svet.si\/sl\/wp-json\/wp\/v2\/product_tag?post=2705"}],"curies":[{"name":"wp","href":"https:\/\/api.w.org\/{rel}","templated":true}]}}