{"id":2728,"date":"2019-08-11T11:13:56","date_gmt":"2019-08-11T11:13:57","guid":{"rendered":"https:\/\/kolesarski-svet.si\/?post_type=product&#038;p=2728"},"modified":"2021-02-11T08:12:50","modified_gmt":"2021-02-11T08:12:50","slug":"rog-pony-classic-3","status":"publish","type":"product","link":"https:\/\/kolesarski-svet.si\/sl\/izdelek\/rog-pony-classic-3\/","title":{"rendered":"Rog Pony Classic 3"},"content":{"rendered":"<h3>Popolno urbano kolo<\/h3>\n<p>Tehni\u010dne in vozne lastnosti Pony Clasic 3 kolesa so idealne tako za dnevno kot ob\u010dasno mestno vo\u017enjo. Z njim boste premagali vsako oviro, ki se vam bo pojavila na poti in hitreje prispeli na svoj cilj.<\/p>\n<h3>Kolesarite v stilu<\/h3>\n<p>Retro videz, oplemeniten z modernim pridihom. Pony je kolo, ki se prilega vsem prilo\u017enostim. Dobro se poda h kopalkam, \u0161portni eleganci ali ve\u010dernim oblekam.<\/p>\n<h3>Preprosto vzdr\u017eevanje<\/h3>\n<p>Rogova kolesa so \u017ee od nekdaj znana po dolgi \u017eivljenjski dobi. Tudi novi Pony ni izjema. Ker je izdelan iz vrhunskih materialov, vam bo z minimalnim vzdr\u017eevanjem slu\u017eil \u0161e mnogo let.<\/p>\n<h3>Za mehko vo\u017enjo<\/h3>\n<p>Dizajn, ki je bil narejen z mislijo na mestnega kolesarja z in oblazinjen sede\u017e Selle San Remo poskrbita, da bo vo\u017enja na novem Ponyju udobna. Pustite se mu zapeljati.<\/p>\n<h3>Poskrbljeno za varnost<\/h3>\n<p>Dve elektri\u010dni LED lu\u010di, odsevniki in odzivne zavore zagotovijo, da boste s svojim Pony-jem v prometu vedno varni. \u010ceprav pri udobni vo\u017enji lahko razvijete presenetljivo hitrost.<\/p>\n<h3>V slu\u017ebo, trgovino ali na po\u010ditnice<\/h3>\n<p>Vedno je prilo\u017enost za kolesarjenje. Samo zajahajte svojega Pony-ja in se odpeljite. Prtlja\u017enik vam omogo\u010da tudi preva\u017eanje prtljage. Zlo\u017eljiv okvir pa je kot nala\u0161\u010d za prevoz kolesa v avtomobilu ali na vlaku.<\/p>\n<div class=\"feature-description-single\">\n<h3 class=\"feature-description-title\">Shimano in Sturmey Archer oprema<\/h3>\n<div class=\"feature-description-content\">\n<p>Vrhunska oprema poskrbi za vrhunsko izku\u0161njo mestnega kolesarjenja.<\/p>\n<div class=\"feature-description-single\">\n<h3 class=\"feature-description-title\">Sodoben dizajn z elementi bogate tradicije<\/h3>\n<div class=\"feature-description-content\">\n<p>Zapeljite kolo, ki s prepletanjem tradicionalnih elementov in sodobnega dizajna predstavlja eno najatraktivnej\u0161ih mestnih koles na trgu.<\/p>\n<\/div>\n<\/div>\n<\/div>\n<\/div>\n","protected":false},"excerpt":{"rendered":"<div class=\"feature-description-single\">\n<p><strong>Sodoben dizajn z elementi bogate tradicije<\/strong>. Zapeljite kolo, ki s prepletanjem tradicionalnih elementov in sodobnega dizajna predstavlja eno najatraktivnej\u0161ih mestnih koles na trgu.<\/p>\n<\/div>\n","protected":false},"featured_media":2746,"comment_status":"open","ping_status":"closed","template":"","meta":[],"product_brand":[],"product_cat":[249,407],"product_tag":[320,336,338,319],"class_list":{"0":"post-2728","1":"product","2":"type-product","3":"status-publish","4":"has-post-thumbnail","6":"product_cat-kolesa","7":"product_cat-mestna-kolesa-sl","8":"product_tag-kolesarski-svet","9":"product_tag-mestno-kolo-sl","10":"product_tag-rog-pony-classic-3-sl","11":"product_tag-rogkolesa","13":"first","14":"instock","15":"featured","16":"shipping-taxable","17":"purchasable","18":"product-type-simple"},"yoast_head":"<!-- This site is optimized with the Yoast SEO plugin v26.6 - https:\/\/yoast.com\/wordpress\/plugins\/seo\/ -->\n<title>Rog Pony Classic 3 - Kolesarski Svet<\/title>\n<meta name=\"description\" content=\"Zapeljite Rog Pony Classic 3, ki s prepletanjem tradicionalnih elementov in sodobnega dizajna predstavlja eno najatraktivnej\u0161ih mestnih koles.\" \/>\n<meta name=\"robots\" content=\"index, follow, max-snippet:-1, max-image-preview:large, max-video-preview:-1\" \/>\n<link rel=\"canonical\" href=\"https:\/\/kolesarski-svet.si\/sl\/izdelek\/rog-pony-classic-3\/\" \/>\n<meta property=\"og:locale\" content=\"sl_SI\" \/>\n<meta property=\"og:type\" content=\"article\" \/>\n<meta property=\"og:title\" content=\"Rog Pony Classic 3 - Kolesarski Svet\" \/>\n<meta property=\"og:description\" content=\"Zapeljite Rog Pony Classic 3, ki s prepletanjem tradicionalnih elementov in sodobnega dizajna predstavlja eno najatraktivnej\u0161ih mestnih koles.\" \/>\n<meta property=\"og:url\" content=\"https:\/\/kolesarski-svet.si\/sl\/izdelek\/rog-pony-classic-3\/\" \/>\n<meta property=\"og:site_name\" content=\"Kolesarski Svet\" \/>\n<meta property=\"article:publisher\" content=\"https:\/\/www.facebook.com\/KolesarskiSvet\/\" \/>\n<meta property=\"article:modified_time\" content=\"2021-02-11T08:12:50+00:00\" \/>\n<meta property=\"og:image\" content=\"https:\/\/kolesarski-svet.si\/wp-content\/uploads\/2019\/08\/Rog-Pony-Classic-3-modr-1.jpg\" \/>\n\t<meta property=\"og:image:width\" content=\"1444\" \/>\n\t<meta property=\"og:image:height\" content=\"1149\" \/>\n\t<meta property=\"og:image:type\" content=\"image\/jpeg\" \/>\n<meta name=\"twitter:card\" content=\"summary_large_image\" \/>\n<meta name=\"twitter:label1\" content=\"Est. reading time\" \/>\n\t<meta name=\"twitter:data1\" content=\"1 minuta\" \/>\n<script type=\"application\/ld+json\" class=\"yoast-schema-graph\">{\"@context\":\"https:\/\/schema.org\",\"@graph\":[{\"@type\":\"WebPage\",\"@id\":\"https:\/\/kolesarski-svet.si\/sl\/izdelek\/rog-pony-classic-3\/\",\"url\":\"https:\/\/kolesarski-svet.si\/sl\/izdelek\/rog-pony-classic-3\/\",\"name\":\"Rog Pony Classic 3 - Kolesarski Svet\",\"isPartOf\":{\"@id\":\"https:\/\/kolesarski-svet.si\/#website\"},\"primaryImageOfPage\":{\"@id\":\"https:\/\/kolesarski-svet.si\/sl\/izdelek\/rog-pony-classic-3\/#primaryimage\"},\"image\":{\"@id\":\"https:\/\/kolesarski-svet.si\/sl\/izdelek\/rog-pony-classic-3\/#primaryimage\"},\"thumbnailUrl\":\"https:\/\/kolesarski-svet.si\/wp-content\/uploads\/2019\/08\/Rog-Pony-Classic-3-modr-1.jpg\",\"datePublished\":\"2019-08-11T11:13:57+00:00\",\"dateModified\":\"2021-02-11T08:12:50+00:00\",\"description\":\"Zapeljite Rog Pony Classic 3, ki s prepletanjem tradicionalnih elementov in sodobnega dizajna predstavlja eno najatraktivnej\u0161ih mestnih koles.\",\"breadcrumb\":{\"@id\":\"https:\/\/kolesarski-svet.si\/sl\/izdelek\/rog-pony-classic-3\/#breadcrumb\"},\"inLanguage\":\"sl-SI\",\"potentialAction\":[{\"@type\":\"ReadAction\",\"target\":[\"https:\/\/kolesarski-svet.si\/sl\/izdelek\/rog-pony-classic-3\/\"]}]},{\"@type\":\"ImageObject\",\"inLanguage\":\"sl-SI\",\"@id\":\"https:\/\/kolesarski-svet.si\/sl\/izdelek\/rog-pony-classic-3\/#primaryimage\",\"url\":\"https:\/\/kolesarski-svet.si\/wp-content\/uploads\/2019\/08\/Rog-Pony-Classic-3-modr-1.jpg\",\"contentUrl\":\"https:\/\/kolesarski-svet.si\/wp-content\/uploads\/2019\/08\/Rog-Pony-Classic-3-modr-1.jpg\",\"width\":1444,\"height\":1149,\"caption\":\"Kolesarski Svet; Rog Pony Classic 3;\"},{\"@type\":\"BreadcrumbList\",\"@id\":\"https:\/\/kolesarski-svet.si\/sl\/izdelek\/rog-pony-classic-3\/#breadcrumb\",\"itemListElement\":[{\"@type\":\"ListItem\",\"position\":1,\"name\":\"Home\",\"item\":\"https:\/\/kolesarski-svet.si\/sl\/kolesarski-svet-domov\/\"},{\"@type\":\"ListItem\",\"position\":2,\"name\":\"Trgovina\",\"item\":\"https:\/\/kolesarski-svet.si\/sl\/trgovina\/\"},{\"@type\":\"ListItem\",\"position\":3,\"name\":\"Rog Pony Classic 3\"}]},{\"@type\":\"WebSite\",\"@id\":\"https:\/\/kolesarski-svet.si\/#website\",\"url\":\"https:\/\/kolesarski-svet.si\/\",\"name\":\"Kolesarski Svet\",\"description\":\"Do\u017eivite lepote Slovenije na kolesu\",\"publisher\":{\"@id\":\"https:\/\/kolesarski-svet.si\/#organization\"},\"potentialAction\":[{\"@type\":\"SearchAction\",\"target\":{\"@type\":\"EntryPoint\",\"urlTemplate\":\"https:\/\/kolesarski-svet.si\/?s={search_term_string}\"},\"query-input\":{\"@type\":\"PropertyValueSpecification\",\"valueRequired\":true,\"valueName\":\"search_term_string\"}}],\"inLanguage\":\"sl-SI\"},{\"@type\":\"Organization\",\"@id\":\"https:\/\/kolesarski-svet.si\/#organization\",\"name\":\"Kolesarski Svet\",\"url\":\"https:\/\/kolesarski-svet.si\/\",\"logo\":{\"@type\":\"ImageObject\",\"inLanguage\":\"sl-SI\",\"@id\":\"https:\/\/kolesarski-svet.si\/#\/schema\/logo\/image\/\",\"url\":\"https:\/\/kolesarski-svet.si\/wp-content\/uploads\/2018\/03\/logo-KS-170.png\",\"contentUrl\":\"https:\/\/kolesarski-svet.si\/wp-content\/uploads\/2018\/03\/logo-KS-170.png\",\"width\":170,\"height\":120,\"caption\":\"Kolesarski Svet\"},\"image\":{\"@id\":\"https:\/\/kolesarski-svet.si\/#\/schema\/logo\/image\/\"},\"sameAs\":[\"https:\/\/www.facebook.com\/KolesarskiSvet\/\",\"https:\/\/www.youtube.com\/channel\/UCaR0d_D0MFnxI1Wpxa2nkAA\"]}]}<\/script>\n<!-- \/ Yoast SEO plugin. -->","yoast_head_json":{"title":"Rog Pony Classic 3 - Kolesarski Svet","description":"Zapeljite Rog Pony Classic 3, ki s prepletanjem tradicionalnih elementov in sodobnega dizajna predstavlja eno najatraktivnej\u0161ih mestnih koles.","robots":{"index":"index","follow":"follow","max-snippet":"max-snippet:-1","max-image-preview":"max-image-preview:large","max-video-preview":"max-video-preview:-1"},"canonical":"https:\/\/kolesarski-svet.si\/sl\/izdelek\/rog-pony-classic-3\/","og_locale":"sl_SI","og_type":"article","og_title":"Rog Pony Classic 3 - Kolesarski Svet","og_description":"Zapeljite Rog Pony Classic 3, ki s prepletanjem tradicionalnih elementov in sodobnega dizajna predstavlja eno najatraktivnej\u0161ih mestnih koles.","og_url":"https:\/\/kolesarski-svet.si\/sl\/izdelek\/rog-pony-classic-3\/","og_site_name":"Kolesarski Svet","article_publisher":"https:\/\/www.facebook.com\/KolesarskiSvet\/","article_modified_time":"2021-02-11T08:12:50+00:00","og_image":[{"width":1444,"height":1149,"url":"https:\/\/kolesarski-svet.si\/wp-content\/uploads\/2019\/08\/Rog-Pony-Classic-3-modr-1.jpg","type":"image\/jpeg"}],"twitter_card":"summary_large_image","twitter_misc":{"Est. reading time":"1 minuta"},"schema":{"@context":"https:\/\/schema.org","@graph":[{"@type":"WebPage","@id":"https:\/\/kolesarski-svet.si\/sl\/izdelek\/rog-pony-classic-3\/","url":"https:\/\/kolesarski-svet.si\/sl\/izdelek\/rog-pony-classic-3\/","name":"Rog Pony Classic 3 - Kolesarski Svet","isPartOf":{"@id":"https:\/\/kolesarski-svet.si\/#website"},"primaryImageOfPage":{"@id":"https:\/\/kolesarski-svet.si\/sl\/izdelek\/rog-pony-classic-3\/#primaryimage"},"image":{"@id":"https:\/\/kolesarski-svet.si\/sl\/izdelek\/rog-pony-classic-3\/#primaryimage"},"thumbnailUrl":"https:\/\/kolesarski-svet.si\/wp-content\/uploads\/2019\/08\/Rog-Pony-Classic-3-modr-1.jpg","datePublished":"2019-08-11T11:13:57+00:00","dateModified":"2021-02-11T08:12:50+00:00","description":"Zapeljite Rog Pony Classic 3, ki s prepletanjem tradicionalnih elementov in sodobnega dizajna predstavlja eno najatraktivnej\u0161ih mestnih koles.","breadcrumb":{"@id":"https:\/\/kolesarski-svet.si\/sl\/izdelek\/rog-pony-classic-3\/#breadcrumb"},"inLanguage":"sl-SI","potentialAction":[{"@type":"ReadAction","target":["https:\/\/kolesarski-svet.si\/sl\/izdelek\/rog-pony-classic-3\/"]}]},{"@type":"ImageObject","inLanguage":"sl-SI","@id":"https:\/\/kolesarski-svet.si\/sl\/izdelek\/rog-pony-classic-3\/#primaryimage","url":"https:\/\/kolesarski-svet.si\/wp-content\/uploads\/2019\/08\/Rog-Pony-Classic-3-modr-1.jpg","contentUrl":"https:\/\/kolesarski-svet.si\/wp-content\/uploads\/2019\/08\/Rog-Pony-Classic-3-modr-1.jpg","width":1444,"height":1149,"caption":"Kolesarski Svet; Rog Pony Classic 3;"},{"@type":"BreadcrumbList","@id":"https:\/\/kolesarski-svet.si\/sl\/izdelek\/rog-pony-classic-3\/#breadcrumb","itemListElement":[{"@type":"ListItem","position":1,"name":"Home","item":"https:\/\/kolesarski-svet.si\/sl\/kolesarski-svet-domov\/"},{"@type":"ListItem","position":2,"name":"Trgovina","item":"https:\/\/kolesarski-svet.si\/sl\/trgovina\/"},{"@type":"ListItem","position":3,"name":"Rog Pony Classic 3"}]},{"@type":"WebSite","@id":"https:\/\/kolesarski-svet.si\/#website","url":"https:\/\/kolesarski-svet.si\/","name":"Kolesarski Svet","description":"Do\u017eivite lepote Slovenije na kolesu","publisher":{"@id":"https:\/\/kolesarski-svet.si\/#organization"},"potentialAction":[{"@type":"SearchAction","target":{"@type":"EntryPoint","urlTemplate":"https:\/\/kolesarski-svet.si\/?s={search_term_string}"},"query-input":{"@type":"PropertyValueSpecification","valueRequired":true,"valueName":"search_term_string"}}],"inLanguage":"sl-SI"},{"@type":"Organization","@id":"https:\/\/kolesarski-svet.si\/#organization","name":"Kolesarski Svet","url":"https:\/\/kolesarski-svet.si\/","logo":{"@type":"ImageObject","inLanguage":"sl-SI","@id":"https:\/\/kolesarski-svet.si\/#\/schema\/logo\/image\/","url":"https:\/\/kolesarski-svet.si\/wp-content\/uploads\/2018\/03\/logo-KS-170.png","contentUrl":"https:\/\/kolesarski-svet.si\/wp-content\/uploads\/2018\/03\/logo-KS-170.png","width":170,"height":120,"caption":"Kolesarski Svet"},"image":{"@id":"https:\/\/kolesarski-svet.si\/#\/schema\/logo\/image\/"},"sameAs":["https:\/\/www.facebook.com\/KolesarskiSvet\/","https:\/\/www.youtube.com\/channel\/UCaR0d_D0MFnxI1Wpxa2nkAA"]}]}},"_links":{"self":[{"href":"https:\/\/kolesarski-svet.si\/sl\/wp-json\/wp\/v2\/product\/2728","targetHints":{"allow":["GET"]}}],"collection":[{"href":"https:\/\/kolesarski-svet.si\/sl\/wp-json\/wp\/v2\/product"}],"about":[{"href":"https:\/\/kolesarski-svet.si\/sl\/wp-json\/wp\/v2\/types\/product"}],"replies":[{"embeddable":true,"href":"https:\/\/kolesarski-svet.si\/sl\/wp-json\/wp\/v2\/comments?post=2728"}],"wp:featuredmedia":[{"embeddable":true,"href":"https:\/\/kolesarski-svet.si\/sl\/wp-json\/wp\/v2\/media\/2746"}],"wp:attachment":[{"href":"https:\/\/kolesarski-svet.si\/sl\/wp-json\/wp\/v2\/media?parent=2728"}],"wp:term":[{"taxonomy":"product_brand","embeddable":true,"href":"https:\/\/kolesarski-svet.si\/sl\/wp-json\/wp\/v2\/product_brand?post=2728"},{"taxonomy":"product_cat","embeddable":true,"href":"https:\/\/kolesarski-svet.si\/sl\/wp-json\/wp\/v2\/product_cat?post=2728"},{"taxonomy":"product_tag","embeddable":true,"href":"https:\/\/kolesarski-svet.si\/sl\/wp-json\/wp\/v2\/product_tag?post=2728"}],"curies":[{"name":"wp","href":"https:\/\/api.w.org\/{rel}","templated":true}]}}