{"id":3344,"date":"2020-03-30T19:58:49","date_gmt":"2020-03-30T19:58:49","guid":{"rendered":"https:\/\/kolesarski-svet.si\/?post_type=product&#038;p=3344"},"modified":"2024-05-22T08:45:09","modified_gmt":"2024-05-22T08:45:09","slug":"scete-kolesarskega-vodnika-z-licenco","status":"publish","type":"product","link":"https:\/\/kolesarski-svet.si\/sl\/izleti\/scete-kolesarskega-vodnika-z-licenco\/","title":{"rendered":"I\u0161\u010dete kolesarskega vodnika z licenco"},"content":{"rendered":"<p><span style=\"font-family: georgia, palatino, serif; font-size: 14pt;\"><span class=\"tlid-translation translation\" lang=\"en\"><span class=\"\" title=\"\">Ponujamo vam profesionalne storitve kolesarskega vodnika z licenco, po ugodnih cenah. <span class=\"tlid-translation translation\" lang=\"sl\">U\u017eivajte v kolesarski turi z izku\u0161enim, zabavnim, in prijaznim kolesarskim vodnikom z licenco. V bistvu si \u017eelimo, da bi radi kolesarili tako kot mi in se pri tem odli\u010dno zabavali.<\/span><\/span><\/span><\/span><\/p>\n<p><span style=\"font-size: 14pt;\"><span class=\"tlid-translation translation\" lang=\"en\"><span title=\"\"><span class=\"tlid-translation translation\" lang=\"sl\">Zasebne vodene kolesarske ture. <\/span><\/span><\/span>Ponujamo vam profesionalne storitve kolesarskega vodnika z licenco, po ugodnih cenah:<\/span><\/p>\n<table class=\"table table-bordered tours-tabs__table\" style=\"width: 70.8314%;\">\n<tbody>\n<tr>\n<td style=\"width: 49.1228%;\"><strong><span class=\"tlid-translation translation\" lang=\"en\"><span class=\"\" title=\"\">1 ura kolesarskega vodenja <\/span><\/span><\/strong><\/td>\n<td style=\"width: 126.692%;\"><i class=\"fa fa-check icon-tick icon-tick--on\"><\/i> 45 \u20ac \/ <span class=\"tlid-translation translation\" lang=\"en\"><span class=\"\" title=\"\">na skupino<\/span><\/span><span id=\"result_box\" class=\"short_text\" lang=\"en\"><\/span><\/td>\n<\/tr>\n<tr>\n<td style=\"width: 49.1228%;\"><strong>2 uri kolesarskega vodenja <\/strong><\/td>\n<td style=\"width: 126.692%;\"><i class=\"fa fa-check icon-tick icon-tick--on\"><\/i> 75 \u20ac \/ <span class=\"tlid-translation translation\" lang=\"en\"><span class=\"\" title=\"\">na skupino<\/span><\/span><\/td>\n<\/tr>\n<tr>\n<td style=\"width: 49.1228%;\"><strong><span class=\"tlid-translation translation\" lang=\"en\"><span class=\"\" title=\"\">3 ure kolesarskega vodenja <\/span><\/span><\/strong><\/td>\n<td style=\"width: 126.692%;\"><i class=\"fa fa-check icon-tick icon-tick--on\"><\/i> 95 \u20ac \/ <span class=\"tlid-translation translation\" lang=\"en\"><span class=\"\" title=\"\">na skupino<\/span><\/span><\/td>\n<\/tr>\n<tr>\n<td style=\"width: 49.1228%;\"><strong><span class=\"tlid-translation translation\" lang=\"en\"><span class=\"\" title=\"\">4 ure kolesarskega vodenja <\/span><\/span><\/strong><\/td>\n<td style=\"width: 126.692%;\"><i class=\"fa fa-check icon-tick icon-tick--on\"><\/i> 115 \u20ac \/ <span class=\"tlid-translation translation\" lang=\"en\"><span class=\"\" title=\"\">na skupino<\/span><\/span><\/td>\n<\/tr>\n<tr>\n<td style=\"width: 49.1228%;\"><strong><span id=\"result_box\" class=\"short_text\" lang=\"en\"><span class=\"\">5 &#8211; 7\u00a0<span class=\"tlid-translation translation\" lang=\"en\"><span class=\"\" title=\"\"> ur kolesarskega vodenja<br \/>\n<\/span><\/span><\/span><\/span><\/strong><\/td>\n<td style=\"width: 126.692%;\"><i class=\"fa fa-check icon-tick icon-tick--on\"><\/i> 175 \u20ac \/ <span class=\"tlid-translation translation\" lang=\"en\"><span class=\"\" title=\"\">na skupino<\/span><\/span><\/td>\n<\/tr>\n<\/tbody>\n<\/table>\n<p><span class=\"tlid-translation translation\" lang=\"en\"><span class=\"\" title=\"\">* <span class=\"tlid-translation translation\" lang=\"sl\"><span title=\"\">max.<\/span> 10 ljudi na kolesarskega vodnika<\/span><br \/>\n<\/span><\/span><\/p>\n<p><span class=\"tlid-translation translation\" lang=\"en\"><span class=\"\" title=\"\">* 5 &#8211; 7\u00a0 ur, <span class=\"tlid-translation translation\" lang=\"sl\">vklju\u010dno s postankom za kosilo<\/span><br \/>\n<\/span><\/span><\/p>\n<p><span class=\"tlid-translation translation\" lang=\"en\"><span class=\"\" title=\"\">* <span class=\"tlid-translation translation\" lang=\"sl\">transferji, vozovnice za gondolo itd. se pla\u010dujejo posebej<\/span><br \/>\n<\/span><\/span><\/p>\n<p>*\u00a0<span class=\"tlid-translation translation\" lang=\"sl\"><span class=\"\" title=\"\">potni stro\u0161ki do izhodi\u0161\u010dne lokacije se pla\u010dajo posebej<\/span><\/span><\/p>\n<p><span class=\"tlid-translation translation\" lang=\"sl\"><span title=\"\"><strong>Opomba:<\/strong> Cene so informativne in jih lahko kadar koli spremenimo.<\/span> <span class=\"\" title=\"\">\u010ce potrebujete kakr\u0161ne koli dodatne informacije, nam prosim pi\u0161ite ali nas pokli\u010dite.<\/span><\/span><\/p>\n<p>Mobile phone: +386 31 639 007<\/p>\n<p>Email: info@kolesarski-svet.si<\/p>\n","protected":false},"excerpt":{"rendered":"<p><span class=\"tlid-translation translation\" lang=\"en\"><span class=\"\" title=\"\">Ponujamo vam profesionalne storitve kolesarskega vodnika z licenco, po ugodnih cenah.<\/span><\/span><\/p>\n","protected":false},"featured_media":3534,"comment_status":"open","ping_status":"closed","template":"","meta":[],"product_brand":[],"product_cat":[258],"product_tag":[522,523,283],"class_list":{"0":"post-3344","1":"product","2":"type-product","3":"status-publish","4":"has-post-thumbnail","6":"product_cat-izleti","7":"product_tag-kolesarski-vodnik-sl","8":"product_tag-kolesarski-vodnik-z-licenco-sl","9":"product_tag-voden-kolesarski-izlet","10":"tour_category-kolesarski-izlet","11":"tour_category-sport","13":"first","14":"instock","15":"featured","16":"shipping-taxable","17":"purchasable","18":"product-type-tour"},"yoast_head":"<!-- This site is optimized with the Yoast SEO plugin v26.6 - https:\/\/yoast.com\/wordpress\/plugins\/seo\/ -->\n<title>I\u0161\u010dete kolesarskega vodnika z licenco - Kolesarski Svet<\/title>\n<meta name=\"description\" content=\"I\u0161\u010dete kolesarskega vodnika z licenco. Ponujamo vam profesionalne storitve kolesarskega vodnika z licenco, po ugodnih cenah.\" \/>\n<meta name=\"robots\" content=\"index, follow, max-snippet:-1, max-image-preview:large, max-video-preview:-1\" \/>\n<link rel=\"canonical\" href=\"https:\/\/kolesarski-svet.si\/sl\/izleti\/scete-kolesarskega-vodnika-z-licenco\/\" \/>\n<meta property=\"og:locale\" content=\"sl_SI\" \/>\n<meta property=\"og:type\" content=\"article\" \/>\n<meta property=\"og:title\" content=\"I\u0161\u010dete kolesarskega vodnika z licenco - Kolesarski Svet\" \/>\n<meta property=\"og:description\" content=\"I\u0161\u010dete kolesarskega vodnika z licenco. Ponujamo vam profesionalne storitve kolesarskega vodnika z licenco, po ugodnih cenah.\" \/>\n<meta property=\"og:url\" content=\"https:\/\/kolesarski-svet.si\/sl\/izleti\/scete-kolesarskega-vodnika-z-licenco\/\" \/>\n<meta property=\"og:site_name\" content=\"Kolesarski Svet\" \/>\n<meta property=\"article:publisher\" content=\"https:\/\/www.facebook.com\/KolesarskiSvet\/\" \/>\n<meta property=\"article:modified_time\" content=\"2024-05-22T08:45:09+00:00\" \/>\n<meta property=\"og:image\" content=\"https:\/\/kolesarski-svet.si\/wp-content\/uploads\/2020\/03\/Turno-kolesarski-vodnik-4.1.jpg\" \/>\n\t<meta property=\"og:image:width\" content=\"1200\" \/>\n\t<meta property=\"og:image:height\" content=\"802\" \/>\n\t<meta property=\"og:image:type\" content=\"image\/jpeg\" \/>\n<meta name=\"twitter:card\" content=\"summary_large_image\" \/>\n<meta name=\"twitter:label1\" content=\"Est. reading time\" \/>\n\t<meta name=\"twitter:data1\" content=\"2 minuti\" \/>\n<script type=\"application\/ld+json\" class=\"yoast-schema-graph\">{\"@context\":\"https:\/\/schema.org\",\"@graph\":[{\"@type\":\"WebPage\",\"@id\":\"https:\/\/kolesarski-svet.si\/sl\/izleti\/scete-kolesarskega-vodnika-z-licenco\/\",\"url\":\"https:\/\/kolesarski-svet.si\/sl\/izleti\/scete-kolesarskega-vodnika-z-licenco\/\",\"name\":\"I\u0161\u010dete kolesarskega vodnika z licenco - Kolesarski Svet\",\"isPartOf\":{\"@id\":\"https:\/\/kolesarski-svet.si\/#website\"},\"primaryImageOfPage\":{\"@id\":\"https:\/\/kolesarski-svet.si\/sl\/izleti\/scete-kolesarskega-vodnika-z-licenco\/#primaryimage\"},\"image\":{\"@id\":\"https:\/\/kolesarski-svet.si\/sl\/izleti\/scete-kolesarskega-vodnika-z-licenco\/#primaryimage\"},\"thumbnailUrl\":\"https:\/\/kolesarski-svet.si\/wp-content\/uploads\/2020\/03\/Turno-kolesarski-vodnik-4.1.jpg\",\"datePublished\":\"2020-03-30T19:58:49+00:00\",\"dateModified\":\"2024-05-22T08:45:09+00:00\",\"description\":\"I\u0161\u010dete kolesarskega vodnika z licenco. Ponujamo vam profesionalne storitve kolesarskega vodnika z licenco, po ugodnih cenah.\",\"breadcrumb\":{\"@id\":\"https:\/\/kolesarski-svet.si\/sl\/izleti\/scete-kolesarskega-vodnika-z-licenco\/#breadcrumb\"},\"inLanguage\":\"sl-SI\",\"potentialAction\":[{\"@type\":\"ReadAction\",\"target\":[\"https:\/\/kolesarski-svet.si\/sl\/izleti\/scete-kolesarskega-vodnika-z-licenco\/\"]}]},{\"@type\":\"ImageObject\",\"inLanguage\":\"sl-SI\",\"@id\":\"https:\/\/kolesarski-svet.si\/sl\/izleti\/scete-kolesarskega-vodnika-z-licenco\/#primaryimage\",\"url\":\"https:\/\/kolesarski-svet.si\/wp-content\/uploads\/2020\/03\/Turno-kolesarski-vodnik-4.1.jpg\",\"contentUrl\":\"https:\/\/kolesarski-svet.si\/wp-content\/uploads\/2020\/03\/Turno-kolesarski-vodnik-4.1.jpg\",\"width\":1200,\"height\":802,\"caption\":\"Kolesarski Svet, Kolesarski vodnik z licenco\"},{\"@type\":\"BreadcrumbList\",\"@id\":\"https:\/\/kolesarski-svet.si\/sl\/izleti\/scete-kolesarskega-vodnika-z-licenco\/#breadcrumb\",\"itemListElement\":[{\"@type\":\"ListItem\",\"position\":1,\"name\":\"Home\",\"item\":\"https:\/\/kolesarski-svet.si\/sl\/kolesarski-svet-domov\/\"},{\"@type\":\"ListItem\",\"position\":2,\"name\":\"Trgovina\",\"item\":\"https:\/\/kolesarski-svet.si\/sl\/trgovina\/\"},{\"@type\":\"ListItem\",\"position\":3,\"name\":\"I\u0161\u010dete kolesarskega vodnika z licenco\"}]},{\"@type\":\"WebSite\",\"@id\":\"https:\/\/kolesarski-svet.si\/#website\",\"url\":\"https:\/\/kolesarski-svet.si\/\",\"name\":\"Kolesarski Svet\",\"description\":\"Do\u017eivite lepote Slovenije na kolesu\",\"publisher\":{\"@id\":\"https:\/\/kolesarski-svet.si\/#organization\"},\"potentialAction\":[{\"@type\":\"SearchAction\",\"target\":{\"@type\":\"EntryPoint\",\"urlTemplate\":\"https:\/\/kolesarski-svet.si\/?s={search_term_string}\"},\"query-input\":{\"@type\":\"PropertyValueSpecification\",\"valueRequired\":true,\"valueName\":\"search_term_string\"}}],\"inLanguage\":\"sl-SI\"},{\"@type\":\"Organization\",\"@id\":\"https:\/\/kolesarski-svet.si\/#organization\",\"name\":\"Kolesarski Svet\",\"url\":\"https:\/\/kolesarski-svet.si\/\",\"logo\":{\"@type\":\"ImageObject\",\"inLanguage\":\"sl-SI\",\"@id\":\"https:\/\/kolesarski-svet.si\/#\/schema\/logo\/image\/\",\"url\":\"https:\/\/kolesarski-svet.si\/wp-content\/uploads\/2018\/03\/logo-KS-170.png\",\"contentUrl\":\"https:\/\/kolesarski-svet.si\/wp-content\/uploads\/2018\/03\/logo-KS-170.png\",\"width\":170,\"height\":120,\"caption\":\"Kolesarski Svet\"},\"image\":{\"@id\":\"https:\/\/kolesarski-svet.si\/#\/schema\/logo\/image\/\"},\"sameAs\":[\"https:\/\/www.facebook.com\/KolesarskiSvet\/\",\"https:\/\/www.youtube.com\/channel\/UCaR0d_D0MFnxI1Wpxa2nkAA\"]}]}<\/script>\n<!-- \/ Yoast SEO plugin. -->","yoast_head_json":{"title":"I\u0161\u010dete kolesarskega vodnika z licenco - Kolesarski Svet","description":"I\u0161\u010dete kolesarskega vodnika z licenco. Ponujamo vam profesionalne storitve kolesarskega vodnika z licenco, po ugodnih cenah.","robots":{"index":"index","follow":"follow","max-snippet":"max-snippet:-1","max-image-preview":"max-image-preview:large","max-video-preview":"max-video-preview:-1"},"canonical":"https:\/\/kolesarski-svet.si\/sl\/izleti\/scete-kolesarskega-vodnika-z-licenco\/","og_locale":"sl_SI","og_type":"article","og_title":"I\u0161\u010dete kolesarskega vodnika z licenco - Kolesarski Svet","og_description":"I\u0161\u010dete kolesarskega vodnika z licenco. Ponujamo vam profesionalne storitve kolesarskega vodnika z licenco, po ugodnih cenah.","og_url":"https:\/\/kolesarski-svet.si\/sl\/izleti\/scete-kolesarskega-vodnika-z-licenco\/","og_site_name":"Kolesarski Svet","article_publisher":"https:\/\/www.facebook.com\/KolesarskiSvet\/","article_modified_time":"2024-05-22T08:45:09+00:00","og_image":[{"width":1200,"height":802,"url":"https:\/\/kolesarski-svet.si\/wp-content\/uploads\/2020\/03\/Turno-kolesarski-vodnik-4.1.jpg","type":"image\/jpeg"}],"twitter_card":"summary_large_image","twitter_misc":{"Est. reading time":"2 minuti"},"schema":{"@context":"https:\/\/schema.org","@graph":[{"@type":"WebPage","@id":"https:\/\/kolesarski-svet.si\/sl\/izleti\/scete-kolesarskega-vodnika-z-licenco\/","url":"https:\/\/kolesarski-svet.si\/sl\/izleti\/scete-kolesarskega-vodnika-z-licenco\/","name":"I\u0161\u010dete kolesarskega vodnika z licenco - Kolesarski Svet","isPartOf":{"@id":"https:\/\/kolesarski-svet.si\/#website"},"primaryImageOfPage":{"@id":"https:\/\/kolesarski-svet.si\/sl\/izleti\/scete-kolesarskega-vodnika-z-licenco\/#primaryimage"},"image":{"@id":"https:\/\/kolesarski-svet.si\/sl\/izleti\/scete-kolesarskega-vodnika-z-licenco\/#primaryimage"},"thumbnailUrl":"https:\/\/kolesarski-svet.si\/wp-content\/uploads\/2020\/03\/Turno-kolesarski-vodnik-4.1.jpg","datePublished":"2020-03-30T19:58:49+00:00","dateModified":"2024-05-22T08:45:09+00:00","description":"I\u0161\u010dete kolesarskega vodnika z licenco. Ponujamo vam profesionalne storitve kolesarskega vodnika z licenco, po ugodnih cenah.","breadcrumb":{"@id":"https:\/\/kolesarski-svet.si\/sl\/izleti\/scete-kolesarskega-vodnika-z-licenco\/#breadcrumb"},"inLanguage":"sl-SI","potentialAction":[{"@type":"ReadAction","target":["https:\/\/kolesarski-svet.si\/sl\/izleti\/scete-kolesarskega-vodnika-z-licenco\/"]}]},{"@type":"ImageObject","inLanguage":"sl-SI","@id":"https:\/\/kolesarski-svet.si\/sl\/izleti\/scete-kolesarskega-vodnika-z-licenco\/#primaryimage","url":"https:\/\/kolesarski-svet.si\/wp-content\/uploads\/2020\/03\/Turno-kolesarski-vodnik-4.1.jpg","contentUrl":"https:\/\/kolesarski-svet.si\/wp-content\/uploads\/2020\/03\/Turno-kolesarski-vodnik-4.1.jpg","width":1200,"height":802,"caption":"Kolesarski Svet, Kolesarski vodnik z licenco"},{"@type":"BreadcrumbList","@id":"https:\/\/kolesarski-svet.si\/sl\/izleti\/scete-kolesarskega-vodnika-z-licenco\/#breadcrumb","itemListElement":[{"@type":"ListItem","position":1,"name":"Home","item":"https:\/\/kolesarski-svet.si\/sl\/kolesarski-svet-domov\/"},{"@type":"ListItem","position":2,"name":"Trgovina","item":"https:\/\/kolesarski-svet.si\/sl\/trgovina\/"},{"@type":"ListItem","position":3,"name":"I\u0161\u010dete kolesarskega vodnika z licenco"}]},{"@type":"WebSite","@id":"https:\/\/kolesarski-svet.si\/#website","url":"https:\/\/kolesarski-svet.si\/","name":"Kolesarski Svet","description":"Do\u017eivite lepote Slovenije na kolesu","publisher":{"@id":"https:\/\/kolesarski-svet.si\/#organization"},"potentialAction":[{"@type":"SearchAction","target":{"@type":"EntryPoint","urlTemplate":"https:\/\/kolesarski-svet.si\/?s={search_term_string}"},"query-input":{"@type":"PropertyValueSpecification","valueRequired":true,"valueName":"search_term_string"}}],"inLanguage":"sl-SI"},{"@type":"Organization","@id":"https:\/\/kolesarski-svet.si\/#organization","name":"Kolesarski Svet","url":"https:\/\/kolesarski-svet.si\/","logo":{"@type":"ImageObject","inLanguage":"sl-SI","@id":"https:\/\/kolesarski-svet.si\/#\/schema\/logo\/image\/","url":"https:\/\/kolesarski-svet.si\/wp-content\/uploads\/2018\/03\/logo-KS-170.png","contentUrl":"https:\/\/kolesarski-svet.si\/wp-content\/uploads\/2018\/03\/logo-KS-170.png","width":170,"height":120,"caption":"Kolesarski Svet"},"image":{"@id":"https:\/\/kolesarski-svet.si\/#\/schema\/logo\/image\/"},"sameAs":["https:\/\/www.facebook.com\/KolesarskiSvet\/","https:\/\/www.youtube.com\/channel\/UCaR0d_D0MFnxI1Wpxa2nkAA"]}]}},"_links":{"self":[{"href":"https:\/\/kolesarski-svet.si\/sl\/wp-json\/wp\/v2\/product\/3344","targetHints":{"allow":["GET"]}}],"collection":[{"href":"https:\/\/kolesarski-svet.si\/sl\/wp-json\/wp\/v2\/product"}],"about":[{"href":"https:\/\/kolesarski-svet.si\/sl\/wp-json\/wp\/v2\/types\/product"}],"replies":[{"embeddable":true,"href":"https:\/\/kolesarski-svet.si\/sl\/wp-json\/wp\/v2\/comments?post=3344"}],"wp:featuredmedia":[{"embeddable":true,"href":"https:\/\/kolesarski-svet.si\/sl\/wp-json\/wp\/v2\/media\/3534"}],"wp:attachment":[{"href":"https:\/\/kolesarski-svet.si\/sl\/wp-json\/wp\/v2\/media?parent=3344"}],"wp:term":[{"taxonomy":"product_brand","embeddable":true,"href":"https:\/\/kolesarski-svet.si\/sl\/wp-json\/wp\/v2\/product_brand?post=3344"},{"taxonomy":"product_cat","embeddable":true,"href":"https:\/\/kolesarski-svet.si\/sl\/wp-json\/wp\/v2\/product_cat?post=3344"},{"taxonomy":"product_tag","embeddable":true,"href":"https:\/\/kolesarski-svet.si\/sl\/wp-json\/wp\/v2\/product_tag?post=3344"}],"curies":[{"name":"wp","href":"https:\/\/api.w.org\/{rel}","templated":true}]}}