{"id":3391,"date":"2020-04-13T08:40:13","date_gmt":"2020-04-13T08:40:14","guid":{"rendered":"https:\/\/kolesarski-svet.si\/?post_type=product&#038;p=3391"},"modified":"2024-05-01T19:19:31","modified_gmt":"2024-05-01T19:19:31","slug":"cruzee-otroski-poganjalcek___roza","status":"publish","type":"product","link":"https:\/\/kolesarski-svet.si\/sl\/izdelek\/cruzee-otroski-poganjalcek___roza\/","title":{"rendered":"Cruzee otro\u0161ki poganjal\u010dek___roza"},"content":{"rendered":"<div class=\"fusion-text\">\n<h1><span style=\"font-family: helvetica, arial, sans-serif; font-size: 36pt;\"><span style=\"font-size: 24pt;\">Cruzee Otro\u0161ki poganjalci<\/span><br \/>\n<\/span><\/h1>\n<h3><span style=\"font-family: comic sans ms, sans-serif;\"><strong><span style=\"font-size: 18pt;\">Dobrodo\u0161li v svetu zabave na dveh kolesih<br \/>\n<\/span><\/strong><\/span><\/h3>\n<div class=\"fusion-text\">\n<p><span style=\"font-family: helvetica, arial, sans-serif; font-size: 14pt;\"><a href=\"https:\/\/www.cruzee.com\/\" target=\"_blank\" rel=\"noopener noreferrer\">Cruzee<\/a> otro\u0161ki poganjal\u010dek<\/span><span style=\"font-family: helvetica, arial, sans-serif; font-size: 14pt;\"> je namenjen otrokom med 1. in 6. letom starosti. Otro\u0161ki poganjal\u010dek odpira popolnoma nov svet zabave in vadbe za vas in va\u0161ega otroka. Nagovarja svobodo in neodvisnost ter pomaga otroku, da postane mobilen in aktiven v presenetljivo zgodnji starosti. \u017de majhno potovanje okoli bloka je za 2-letnika na Cruzee poganjal\u010du velika pustolov\u0161\u010dina.\u00a0<\/span><\/p>\n<\/div>\n<\/div>\n<div class=\"fusion-text\">\n<p><img decoding=\"async\" class=\"wp-image-3363 size-large aligncenter\" src=\"https:\/\/kolesarski-svet.si\/wp-content\/uploads\/2020\/04\/Cruzee-poganjal\u010dki-6-1024x765.jpg\" alt=\"\" width=\"748\" height=\"559\" srcset=\"https:\/\/kolesarski-svet.si\/wp-content\/uploads\/2020\/04\/Cruzee-poganjal\u010dki-6-1024x765.jpg 1024w, https:\/\/kolesarski-svet.si\/wp-content\/uploads\/2020\/04\/Cruzee-poganjal\u010dki-6-300x224.jpg 300w, https:\/\/kolesarski-svet.si\/wp-content\/uploads\/2020\/04\/Cruzee-poganjal\u010dki-6-768x574.jpg 768w, https:\/\/kolesarski-svet.si\/wp-content\/uploads\/2020\/04\/Cruzee-poganjal\u010dki-6-600x449.jpg 600w, https:\/\/kolesarski-svet.si\/wp-content\/uploads\/2020\/04\/Cruzee-poganjal\u010dki-6.jpg 1200w\" sizes=\"(max-width: 748px) 100vw, 748px\" \/><\/p>\n<\/div>\n<div class=\"mceTemp\"><\/div>\n<p><strong><span style=\"font-family: helvetica, arial, sans-serif; font-size: 18pt;\">Izjemno lahek<\/span><\/strong><\/p>\n<p><span class=\"tlid-translation translation\" lang=\"sl\" style=\"font-size: 14pt; font-family: helvetica, arial, sans-serif;\"><span class=\"\" title=\"\">Najla\u017eji otro\u0161ki poganjal\u010dek na svetu, enostavno za vas kadar\u00a0 ga morate nositi in za va\u0161ega otroka.<\/span><\/span><\/p>\n<p><strong><span style=\"font-family: helvetica, arial, sans-serif; font-size: 18pt;\"> Varen in enostaven za vozit<\/span><\/strong><\/p>\n<p><span class=\"tlid-translation translation\" lang=\"sl\" style=\"font-size: 14pt; font-family: helvetica, arial, sans-serif;\"><span title=\"\">Zelo nizek polo\u017eaj <\/span><\/span><span class=\"tlid-translation translation\" lang=\"sl\" style=\"font-size: 14pt; font-family: helvetica, arial, sans-serif;\">udobno oblazinjenega <\/span><span class=\"tlid-translation translation\" lang=\"sl\" style=\"font-size: 14pt; font-family: helvetica, arial, sans-serif;\"><span title=\"\">sede\u017ea. <\/span><span title=\"\">Cruzee je varen za vse mlade kolesarje.<\/span> <span title=\"\">Enostavne nastavitve in dve nastavljivi vi\u0161ini sede\u017ea. <\/span><span title=\"\">To kolo bo raslo skupaj z va\u0161im otrokom.<\/span><\/span><\/p>\n<p><strong><span style=\"font-family: helvetica, arial, sans-serif; font-size: 18pt;\">Trpe\u017een<\/span><\/strong><\/p>\n<div class=\"fusion-text\">\n<p><span class=\"tlid-translation translation\" lang=\"sl\" style=\"font-family: helvetica, arial, sans-serif; font-size: 14pt;\"><span class=\"\" title=\"\">Okvir iz anodiziranega aluminija je izredno mo\u010dan, tako da ne bo rjavel.<\/span> <span title=\"\">Kolesni le\u017eaji in pnevmatike so zatesnjeni. <\/span>Pnevmatike prav tako ni mogo\u010de preluknjati. <span class=\"\" title=\"\">Cruzee poganjal\u010dek bo pre\u017eivel prakti\u010dno vse, kar lahko va\u0161 otrok vr\u017ee vanj.<\/span><\/span><\/p>\n<p><iframe src=\"\/\/www.youtube.com\/embed\/ddrWFi2Oy7k\" width=\"700\" height=\"392\" allowfullscreen=\"allowfullscreen\"><\/iframe><\/p>\n<\/div>\n<div class=\"fusion-clearfix\"><span style=\"font-family: helvetica, arial, sans-serif; font-size: 12pt;\"><em><strong>Opozorilo:<\/strong><\/em> <\/span><\/div>\n<ul>\n<li class=\"fusion-clearfix\"><em><span style=\"font-family: helvetica, arial, sans-serif; font-size: 12pt;\">Poganjalec ni primeren za uporabo na javnih cestah, prometnih cestah, klancih, strmih dovozih ali stopnicah. <\/span><\/em><\/li>\n<li class=\"fusion-clearfix\"><em><span style=\"font-family: helvetica, arial, sans-serif; font-size: 12pt;\">Pri vo\u017enji s poganjalcem je obvezna uporaba \u010delade.<\/span><\/em><\/li>\n<li class=\"fusion-clearfix\"><em><span style=\"font-family: helvetica, arial, sans-serif; font-size: 12pt;\">Izdelek ustreza varnostnemu standardu za igra\u010de po odredbi: EN71.<\/span><\/em><\/li>\n<li class=\"fusion-clearfix\"><em><span style=\"font-family: helvetica, arial, sans-serif; font-size: 12pt;\">Izdelek vsebuje majhne dele, ki jih otrok lahko zau\u017eije.<\/span><\/em><\/li>\n<\/ul>\n<div class=\"accordion__pane panel\"><\/div>\n<div id=\"gallery_1\" class=\"gallery\">\n<div class=\"row gallery__items\">\n\t\t\t\t\t<div class=\"col-sm-4 gallery__item-wrap\" data-filterid=\"\">\n\t\t\t<a href=\"https:\/\/kolesarski-svet.si\/wp-content\/uploads\/2020\/04\/Cruzee-poganjal\u010dki-1-1.jpg\" class=\"swipebox gallery__item\" title=\"Cruzee otro\u0161ki poganjalci\">\n\t\t\t\t<img decoding=\"async\" width=\"720\" height=\"480\" src=\"https:\/\/kolesarski-svet.si\/wp-content\/uploads\/2020\/04\/Cruzee-poganjal\u010dki-1-1-720x480.jpg\" class=\"attachment-thumb_gallery size-thumb_gallery\" alt=\"\" srcset=\"https:\/\/kolesarski-svet.si\/wp-content\/uploads\/2020\/04\/Cruzee-poganjal\u010dki-1-1-720x480.jpg 720w, https:\/\/kolesarski-svet.si\/wp-content\/uploads\/2020\/04\/Cruzee-poganjal\u010dki-1-1-531x354.jpg 531w, https:\/\/kolesarski-svet.si\/wp-content\/uploads\/2020\/04\/Cruzee-poganjal\u010dki-1-1-180x120.jpg 180w\" sizes=\"(max-width: 720px) 100vw, 720px\" \/>\t\t\t\t<span class=\"gallery__item__info\">\n\t\t\t\t\t<span class=\"gallery__item__info__content\">\n\t\t\t\t\t\t<span class=\"gallery__item__title\">Kolesarski Svet,  Cruzee otro\u0161ki poganjal\u010dek<\/span>\n\t\t\t\t\t\t\t\t\t\t<\/span>\n\t\t\t\t\t<span class=\"gallery__item__shadow\"><\/span>\n\t\t\t\t<\/span>\n\t\t\t<\/a>\n\t\t<\/div>\n\t\t\t\t\t<div class=\"col-sm-4 gallery__item-wrap\" data-filterid=\"\">\n\t\t\t<a href=\"https:\/\/kolesarski-svet.si\/wp-content\/uploads\/2020\/04\/Cruzee-poganjal\u010dki-2-1.jpg\" class=\"swipebox gallery__item\" title=\"Cruzee otro\u0161ki poganjalci\">\n\t\t\t\t<img decoding=\"async\" width=\"720\" height=\"480\" src=\"https:\/\/kolesarski-svet.si\/wp-content\/uploads\/2020\/04\/Cruzee-poganjal\u010dki-2-1-720x480.jpg\" class=\"attachment-thumb_gallery size-thumb_gallery\" alt=\"\" srcset=\"https:\/\/kolesarski-svet.si\/wp-content\/uploads\/2020\/04\/Cruzee-poganjal\u010dki-2-1-720x480.jpg 720w, https:\/\/kolesarski-svet.si\/wp-content\/uploads\/2020\/04\/Cruzee-poganjal\u010dki-2-1-531x354.jpg 531w, https:\/\/kolesarski-svet.si\/wp-content\/uploads\/2020\/04\/Cruzee-poganjal\u010dki-2-1-180x120.jpg 180w\" sizes=\"(max-width: 720px) 100vw, 720px\" \/>\t\t\t\t<span class=\"gallery__item__info\">\n\t\t\t\t\t<span class=\"gallery__item__info__content\">\n\t\t\t\t\t\t<span class=\"gallery__item__title\">Kolesarski Svet, Cruzee otro\u0161ki poganjal\u010dek<\/span>\n\t\t\t\t\t\t\t\t\t\t<\/span>\n\t\t\t\t\t<span class=\"gallery__item__shadow\"><\/span>\n\t\t\t\t<\/span>\n\t\t\t<\/a>\n\t\t<\/div>\n\t\t\t\t\t<div class=\"col-sm-4 gallery__item-wrap\" data-filterid=\"\">\n\t\t\t<a href=\"https:\/\/kolesarski-svet.si\/wp-content\/uploads\/2020\/04\/Cruzee-poganjal\u010dki-3-1.jpg\" class=\"swipebox gallery__item\" title=\"Cruzee otro\u0161ki poganjalci\">\n\t\t\t\t<img decoding=\"async\" width=\"720\" height=\"480\" src=\"https:\/\/kolesarski-svet.si\/wp-content\/uploads\/2020\/04\/Cruzee-poganjal\u010dki-3-1-720x480.jpg\" class=\"attachment-thumb_gallery size-thumb_gallery\" alt=\"\" srcset=\"https:\/\/kolesarski-svet.si\/wp-content\/uploads\/2020\/04\/Cruzee-poganjal\u010dki-3-1-720x480.jpg 720w, https:\/\/kolesarski-svet.si\/wp-content\/uploads\/2020\/04\/Cruzee-poganjal\u010dki-3-1-531x354.jpg 531w, https:\/\/kolesarski-svet.si\/wp-content\/uploads\/2020\/04\/Cruzee-poganjal\u010dki-3-1-180x120.jpg 180w\" sizes=\"(max-width: 720px) 100vw, 720px\" \/>\t\t\t\t<span class=\"gallery__item__info\">\n\t\t\t\t\t<span class=\"gallery__item__info__content\">\n\t\t\t\t\t\t<span class=\"gallery__item__title\">Kolesarski Svet, Cruzee otro\u0161ki poganjal\u010dek<\/span>\n\t\t\t\t\t\t\t\t\t\t<\/span>\n\t\t\t\t\t<span class=\"gallery__item__shadow\"><\/span>\n\t\t\t\t<\/span>\n\t\t\t<\/a>\n\t\t<\/div>\n\t\t\t\t\t<div class=\"col-sm-4 gallery__item-wrap\" data-filterid=\"\">\n\t\t\t<a href=\"https:\/\/kolesarski-svet.si\/wp-content\/uploads\/2020\/04\/Cruzee-poganjal\u010dki-4-1.jpg\" class=\"swipebox gallery__item\" title=\"Cruzee otro\u0161ki poganjalci\">\n\t\t\t\t<img decoding=\"async\" width=\"720\" height=\"480\" src=\"https:\/\/kolesarski-svet.si\/wp-content\/uploads\/2020\/04\/Cruzee-poganjal\u010dki-4-1-720x480.jpg\" class=\"attachment-thumb_gallery size-thumb_gallery\" alt=\"\" srcset=\"https:\/\/kolesarski-svet.si\/wp-content\/uploads\/2020\/04\/Cruzee-poganjal\u010dki-4-1-720x480.jpg 720w, https:\/\/kolesarski-svet.si\/wp-content\/uploads\/2020\/04\/Cruzee-poganjal\u010dki-4-1-531x354.jpg 531w, https:\/\/kolesarski-svet.si\/wp-content\/uploads\/2020\/04\/Cruzee-poganjal\u010dki-4-1-180x120.jpg 180w\" sizes=\"(max-width: 720px) 100vw, 720px\" \/>\t\t\t\t<span class=\"gallery__item__info\">\n\t\t\t\t\t<span class=\"gallery__item__info__content\">\n\t\t\t\t\t\t<span class=\"gallery__item__title\">Kolesarski Svet, Cruzee otro\u0161ki poganjal\u010dek<\/span>\n\t\t\t\t\t\t\t\t\t\t<\/span>\n\t\t\t\t\t<span class=\"gallery__item__shadow\"><\/span>\n\t\t\t\t<\/span>\n\t\t\t<\/a>\n\t\t<\/div>\n\t\t\t\t\t<div class=\"col-sm-4 gallery__item-wrap\" data-filterid=\"\">\n\t\t\t<a href=\"https:\/\/kolesarski-svet.si\/wp-content\/uploads\/2020\/04\/Cruzee-poganjal\u010dki-5-1.jpg\" class=\"swipebox gallery__item\" title=\"Cruzee otro\u0161ki poganjalci\">\n\t\t\t\t<img decoding=\"async\" width=\"720\" height=\"480\" src=\"https:\/\/kolesarski-svet.si\/wp-content\/uploads\/2020\/04\/Cruzee-poganjal\u010dki-5-1-720x480.jpg\" class=\"attachment-thumb_gallery size-thumb_gallery\" alt=\"\" srcset=\"https:\/\/kolesarski-svet.si\/wp-content\/uploads\/2020\/04\/Cruzee-poganjal\u010dki-5-1-720x480.jpg 720w, https:\/\/kolesarski-svet.si\/wp-content\/uploads\/2020\/04\/Cruzee-poganjal\u010dki-5-1-531x354.jpg 531w, https:\/\/kolesarski-svet.si\/wp-content\/uploads\/2020\/04\/Cruzee-poganjal\u010dki-5-1-180x120.jpg 180w\" sizes=\"(max-width: 720px) 100vw, 720px\" \/>\t\t\t\t<span class=\"gallery__item__info\">\n\t\t\t\t\t<span class=\"gallery__item__info__content\">\n\t\t\t\t\t\t<span class=\"gallery__item__title\">Kolesarski Svet, Cruzee otro\u0161ki poganjal\u010dek<\/span>\n\t\t\t\t\t\t\t\t\t\t<\/span>\n\t\t\t\t\t<span class=\"gallery__item__shadow\"><\/span>\n\t\t\t\t<\/span>\n\t\t\t<\/a>\n\t\t<\/div>\n\t<\/div>\n<\/div>\n","protected":false},"excerpt":{"rendered":"<div class=\"feature-description-single\">\n<div class=\"feature-description-single\">\n<div class=\"feature-description-single\"><span style=\"font-size: 12pt;\"> Cruzee otro\u0161ki poganjal\u010dek je namenjen otrokom med 1. in 6. letom starosti. Nagovarja svobodo in neodvisnost ter pomaga otroku, da postane mobilen in aktiven v presenetljivo zgodnji starosti. \u017de majhno potovanje okoli bloka je za 2-letnika na Cruzee poganjal\u010du velika pustolov\u0161\u010dina.<\/span><\/div>\n<\/div>\n<\/div>\n","protected":false},"featured_media":3907,"comment_status":"open","ping_status":"closed","template":"","meta":[],"product_brand":[],"product_cat":[249,452],"product_tag":[455,577,453,320],"class_list":{"0":"post-3391","1":"product","2":"type-product","3":"status-publish","4":"has-post-thumbnail","6":"product_cat-kolesa","7":"product_cat-otroski-poganjalci","8":"product_tag-cruzee-otroski-poganjalcek","9":"product_tag-cruzee-otroski-poganjalcek-roza","10":"product_tag-cruzee-otroski-poganjalci","11":"product_tag-kolesarski-svet","13":"first","14":"outofstock","15":"featured","16":"shipping-taxable","17":"purchasable","18":"product-type-simple"},"yoast_head":"<!-- This site is optimized with the Yoast SEO plugin v26.6 - https:\/\/yoast.com\/wordpress\/plugins\/seo\/ -->\n<title>Cruzee otro\u0161ki poganjal\u010dek___roza - Kolesarski Svet<\/title>\n<meta name=\"description\" content=\"Cruzee otro\u0161ki poganjal\u010dek___roza je namenjen otrokom med 1. in 6. letom starosti.\" \/>\n<meta name=\"robots\" content=\"index, follow, max-snippet:-1, max-image-preview:large, max-video-preview:-1\" \/>\n<link rel=\"canonical\" href=\"https:\/\/kolesarski-svet.si\/sl\/izdelek\/cruzee-otroski-poganjalcek___roza\/\" \/>\n<meta property=\"og:locale\" content=\"sl_SI\" \/>\n<meta property=\"og:type\" content=\"article\" \/>\n<meta property=\"og:title\" content=\"Cruzee otro\u0161ki poganjal\u010dek___roza - Kolesarski Svet\" \/>\n<meta property=\"og:description\" content=\"Cruzee otro\u0161ki poganjal\u010dek___roza je namenjen otrokom med 1. in 6. letom starosti.\" \/>\n<meta property=\"og:url\" content=\"https:\/\/kolesarski-svet.si\/sl\/izdelek\/cruzee-otroski-poganjalcek___roza\/\" \/>\n<meta property=\"og:site_name\" content=\"Kolesarski Svet\" \/>\n<meta property=\"article:publisher\" content=\"https:\/\/www.facebook.com\/KolesarskiSvet\/\" \/>\n<meta property=\"article:modified_time\" content=\"2024-05-01T19:19:31+00:00\" \/>\n<meta property=\"og:image\" content=\"https:\/\/kolesarski-svet.si\/wp-content\/uploads\/2020\/04\/Cruzee-otroski-poganjalcek___roza_2-1.jpg\" \/>\n\t<meta property=\"og:image:width\" content=\"940\" \/>\n\t<meta property=\"og:image:height\" content=\"619\" \/>\n\t<meta property=\"og:image:type\" content=\"image\/jpeg\" \/>\n<meta name=\"twitter:card\" content=\"summary_large_image\" \/>\n<meta name=\"twitter:label1\" content=\"Est. reading time\" \/>\n\t<meta name=\"twitter:data1\" content=\"1 minuta\" \/>\n<script type=\"application\/ld+json\" class=\"yoast-schema-graph\">{\"@context\":\"https:\/\/schema.org\",\"@graph\":[{\"@type\":\"WebPage\",\"@id\":\"https:\/\/kolesarski-svet.si\/sl\/izdelek\/cruzee-otroski-poganjalcek___roza\/\",\"url\":\"https:\/\/kolesarski-svet.si\/sl\/izdelek\/cruzee-otroski-poganjalcek___roza\/\",\"name\":\"Cruzee otro\u0161ki poganjal\u010dek___roza - Kolesarski Svet\",\"isPartOf\":{\"@id\":\"https:\/\/kolesarski-svet.si\/#website\"},\"primaryImageOfPage\":{\"@id\":\"https:\/\/kolesarski-svet.si\/sl\/izdelek\/cruzee-otroski-poganjalcek___roza\/#primaryimage\"},\"image\":{\"@id\":\"https:\/\/kolesarski-svet.si\/sl\/izdelek\/cruzee-otroski-poganjalcek___roza\/#primaryimage\"},\"thumbnailUrl\":\"https:\/\/kolesarski-svet.si\/wp-content\/uploads\/2020\/04\/Cruzee-otroski-poganjalcek___roza_2-1.jpg\",\"datePublished\":\"2020-04-13T08:40:14+00:00\",\"dateModified\":\"2024-05-01T19:19:31+00:00\",\"description\":\"Cruzee otro\u0161ki poganjal\u010dek___roza je namenjen otrokom med 1. in 6. letom starosti.\",\"breadcrumb\":{\"@id\":\"https:\/\/kolesarski-svet.si\/sl\/izdelek\/cruzee-otroski-poganjalcek___roza\/#breadcrumb\"},\"inLanguage\":\"sl-SI\",\"potentialAction\":[{\"@type\":\"ReadAction\",\"target\":[\"https:\/\/kolesarski-svet.si\/sl\/izdelek\/cruzee-otroski-poganjalcek___roza\/\"]}]},{\"@type\":\"ImageObject\",\"inLanguage\":\"sl-SI\",\"@id\":\"https:\/\/kolesarski-svet.si\/sl\/izdelek\/cruzee-otroski-poganjalcek___roza\/#primaryimage\",\"url\":\"https:\/\/kolesarski-svet.si\/wp-content\/uploads\/2020\/04\/Cruzee-otroski-poganjalcek___roza_2-1.jpg\",\"contentUrl\":\"https:\/\/kolesarski-svet.si\/wp-content\/uploads\/2020\/04\/Cruzee-otroski-poganjalcek___roza_2-1.jpg\",\"width\":940,\"height\":619,\"caption\":\"Cycling World,Cruzze balance bikes\"},{\"@type\":\"BreadcrumbList\",\"@id\":\"https:\/\/kolesarski-svet.si\/sl\/izdelek\/cruzee-otroski-poganjalcek___roza\/#breadcrumb\",\"itemListElement\":[{\"@type\":\"ListItem\",\"position\":1,\"name\":\"Home\",\"item\":\"https:\/\/kolesarski-svet.si\/sl\/kolesarski-svet-domov\/\"},{\"@type\":\"ListItem\",\"position\":2,\"name\":\"Trgovina\",\"item\":\"https:\/\/kolesarski-svet.si\/sl\/trgovina\/\"},{\"@type\":\"ListItem\",\"position\":3,\"name\":\"Cruzee otro\u0161ki poganjal\u010dek___roza\"}]},{\"@type\":\"WebSite\",\"@id\":\"https:\/\/kolesarski-svet.si\/#website\",\"url\":\"https:\/\/kolesarski-svet.si\/\",\"name\":\"Kolesarski Svet\",\"description\":\"Do\u017eivite lepote Slovenije na kolesu\",\"publisher\":{\"@id\":\"https:\/\/kolesarski-svet.si\/#organization\"},\"potentialAction\":[{\"@type\":\"SearchAction\",\"target\":{\"@type\":\"EntryPoint\",\"urlTemplate\":\"https:\/\/kolesarski-svet.si\/?s={search_term_string}\"},\"query-input\":{\"@type\":\"PropertyValueSpecification\",\"valueRequired\":true,\"valueName\":\"search_term_string\"}}],\"inLanguage\":\"sl-SI\"},{\"@type\":\"Organization\",\"@id\":\"https:\/\/kolesarski-svet.si\/#organization\",\"name\":\"Kolesarski Svet\",\"url\":\"https:\/\/kolesarski-svet.si\/\",\"logo\":{\"@type\":\"ImageObject\",\"inLanguage\":\"sl-SI\",\"@id\":\"https:\/\/kolesarski-svet.si\/#\/schema\/logo\/image\/\",\"url\":\"https:\/\/kolesarski-svet.si\/wp-content\/uploads\/2018\/03\/logo-KS-170.png\",\"contentUrl\":\"https:\/\/kolesarski-svet.si\/wp-content\/uploads\/2018\/03\/logo-KS-170.png\",\"width\":170,\"height\":120,\"caption\":\"Kolesarski Svet\"},\"image\":{\"@id\":\"https:\/\/kolesarski-svet.si\/#\/schema\/logo\/image\/\"},\"sameAs\":[\"https:\/\/www.facebook.com\/KolesarskiSvet\/\",\"https:\/\/www.youtube.com\/channel\/UCaR0d_D0MFnxI1Wpxa2nkAA\"]}]}<\/script>\n<!-- \/ Yoast SEO plugin. -->","yoast_head_json":{"title":"Cruzee otro\u0161ki poganjal\u010dek___roza - Kolesarski Svet","description":"Cruzee otro\u0161ki poganjal\u010dek___roza je namenjen otrokom med 1. in 6. letom starosti.","robots":{"index":"index","follow":"follow","max-snippet":"max-snippet:-1","max-image-preview":"max-image-preview:large","max-video-preview":"max-video-preview:-1"},"canonical":"https:\/\/kolesarski-svet.si\/sl\/izdelek\/cruzee-otroski-poganjalcek___roza\/","og_locale":"sl_SI","og_type":"article","og_title":"Cruzee otro\u0161ki poganjal\u010dek___roza - Kolesarski Svet","og_description":"Cruzee otro\u0161ki poganjal\u010dek___roza je namenjen otrokom med 1. in 6. letom starosti.","og_url":"https:\/\/kolesarski-svet.si\/sl\/izdelek\/cruzee-otroski-poganjalcek___roza\/","og_site_name":"Kolesarski Svet","article_publisher":"https:\/\/www.facebook.com\/KolesarskiSvet\/","article_modified_time":"2024-05-01T19:19:31+00:00","og_image":[{"width":940,"height":619,"url":"https:\/\/kolesarski-svet.si\/wp-content\/uploads\/2020\/04\/Cruzee-otroski-poganjalcek___roza_2-1.jpg","type":"image\/jpeg"}],"twitter_card":"summary_large_image","twitter_misc":{"Est. reading time":"1 minuta"},"schema":{"@context":"https:\/\/schema.org","@graph":[{"@type":"WebPage","@id":"https:\/\/kolesarski-svet.si\/sl\/izdelek\/cruzee-otroski-poganjalcek___roza\/","url":"https:\/\/kolesarski-svet.si\/sl\/izdelek\/cruzee-otroski-poganjalcek___roza\/","name":"Cruzee otro\u0161ki poganjal\u010dek___roza - Kolesarski Svet","isPartOf":{"@id":"https:\/\/kolesarski-svet.si\/#website"},"primaryImageOfPage":{"@id":"https:\/\/kolesarski-svet.si\/sl\/izdelek\/cruzee-otroski-poganjalcek___roza\/#primaryimage"},"image":{"@id":"https:\/\/kolesarski-svet.si\/sl\/izdelek\/cruzee-otroski-poganjalcek___roza\/#primaryimage"},"thumbnailUrl":"https:\/\/kolesarski-svet.si\/wp-content\/uploads\/2020\/04\/Cruzee-otroski-poganjalcek___roza_2-1.jpg","datePublished":"2020-04-13T08:40:14+00:00","dateModified":"2024-05-01T19:19:31+00:00","description":"Cruzee otro\u0161ki poganjal\u010dek___roza je namenjen otrokom med 1. in 6. letom starosti.","breadcrumb":{"@id":"https:\/\/kolesarski-svet.si\/sl\/izdelek\/cruzee-otroski-poganjalcek___roza\/#breadcrumb"},"inLanguage":"sl-SI","potentialAction":[{"@type":"ReadAction","target":["https:\/\/kolesarski-svet.si\/sl\/izdelek\/cruzee-otroski-poganjalcek___roza\/"]}]},{"@type":"ImageObject","inLanguage":"sl-SI","@id":"https:\/\/kolesarski-svet.si\/sl\/izdelek\/cruzee-otroski-poganjalcek___roza\/#primaryimage","url":"https:\/\/kolesarski-svet.si\/wp-content\/uploads\/2020\/04\/Cruzee-otroski-poganjalcek___roza_2-1.jpg","contentUrl":"https:\/\/kolesarski-svet.si\/wp-content\/uploads\/2020\/04\/Cruzee-otroski-poganjalcek___roza_2-1.jpg","width":940,"height":619,"caption":"Cycling World,Cruzze balance bikes"},{"@type":"BreadcrumbList","@id":"https:\/\/kolesarski-svet.si\/sl\/izdelek\/cruzee-otroski-poganjalcek___roza\/#breadcrumb","itemListElement":[{"@type":"ListItem","position":1,"name":"Home","item":"https:\/\/kolesarski-svet.si\/sl\/kolesarski-svet-domov\/"},{"@type":"ListItem","position":2,"name":"Trgovina","item":"https:\/\/kolesarski-svet.si\/sl\/trgovina\/"},{"@type":"ListItem","position":3,"name":"Cruzee otro\u0161ki poganjal\u010dek___roza"}]},{"@type":"WebSite","@id":"https:\/\/kolesarski-svet.si\/#website","url":"https:\/\/kolesarski-svet.si\/","name":"Kolesarski Svet","description":"Do\u017eivite lepote Slovenije na kolesu","publisher":{"@id":"https:\/\/kolesarski-svet.si\/#organization"},"potentialAction":[{"@type":"SearchAction","target":{"@type":"EntryPoint","urlTemplate":"https:\/\/kolesarski-svet.si\/?s={search_term_string}"},"query-input":{"@type":"PropertyValueSpecification","valueRequired":true,"valueName":"search_term_string"}}],"inLanguage":"sl-SI"},{"@type":"Organization","@id":"https:\/\/kolesarski-svet.si\/#organization","name":"Kolesarski Svet","url":"https:\/\/kolesarski-svet.si\/","logo":{"@type":"ImageObject","inLanguage":"sl-SI","@id":"https:\/\/kolesarski-svet.si\/#\/schema\/logo\/image\/","url":"https:\/\/kolesarski-svet.si\/wp-content\/uploads\/2018\/03\/logo-KS-170.png","contentUrl":"https:\/\/kolesarski-svet.si\/wp-content\/uploads\/2018\/03\/logo-KS-170.png","width":170,"height":120,"caption":"Kolesarski Svet"},"image":{"@id":"https:\/\/kolesarski-svet.si\/#\/schema\/logo\/image\/"},"sameAs":["https:\/\/www.facebook.com\/KolesarskiSvet\/","https:\/\/www.youtube.com\/channel\/UCaR0d_D0MFnxI1Wpxa2nkAA"]}]}},"_links":{"self":[{"href":"https:\/\/kolesarski-svet.si\/sl\/wp-json\/wp\/v2\/product\/3391","targetHints":{"allow":["GET"]}}],"collection":[{"href":"https:\/\/kolesarski-svet.si\/sl\/wp-json\/wp\/v2\/product"}],"about":[{"href":"https:\/\/kolesarski-svet.si\/sl\/wp-json\/wp\/v2\/types\/product"}],"replies":[{"embeddable":true,"href":"https:\/\/kolesarski-svet.si\/sl\/wp-json\/wp\/v2\/comments?post=3391"}],"wp:featuredmedia":[{"embeddable":true,"href":"https:\/\/kolesarski-svet.si\/sl\/wp-json\/wp\/v2\/media\/3907"}],"wp:attachment":[{"href":"https:\/\/kolesarski-svet.si\/sl\/wp-json\/wp\/v2\/media?parent=3391"}],"wp:term":[{"taxonomy":"product_brand","embeddable":true,"href":"https:\/\/kolesarski-svet.si\/sl\/wp-json\/wp\/v2\/product_brand?post=3391"},{"taxonomy":"product_cat","embeddable":true,"href":"https:\/\/kolesarski-svet.si\/sl\/wp-json\/wp\/v2\/product_cat?post=3391"},{"taxonomy":"product_tag","embeddable":true,"href":"https:\/\/kolesarski-svet.si\/sl\/wp-json\/wp\/v2\/product_tag?post=3391"}],"curies":[{"name":"wp","href":"https:\/\/api.w.org\/{rel}","templated":true}]}}