{"id":3553,"date":"2020-06-22T18:49:22","date_gmt":"2020-06-22T18:49:23","guid":{"rendered":"https:\/\/kolesarski-svet.si\/?post_type=product&#038;p=3553"},"modified":"2025-02-08T12:48:16","modified_gmt":"2025-02-08T12:48:16","slug":"kolesarski-izlet-do-izvira-reke-ljubljanice","status":"publish","type":"product","link":"https:\/\/kolesarski-svet.si\/sl\/izleti\/kolesarski-izlet-do-izvira-reke-ljubljanice\/","title":{"rendered":"Kolesarski izlet do izvira reke Ljubljanice"},"content":{"rendered":"<p>Ljubljanica ima med slovenskimi rekami posebno mesto. Napaja se iz \u0161tevilnih kra\u0161kih ponikalnih voda v zaledju, zato ji pravijo tudi reka sedmerih imen. Njene izvire delimo na tri ve\u010dje skupine: Mo\u010dilnik, Retovje in Bistro. Na vodenem kolesarskem izletu vas bomo peljali od Podpe\u010di preko zahodnega dela Ljubljanskega barja, \u010dez Vrhniko vse do Mo\u010dilnika, kjer izvira reka Ljubljanica.<\/p>\n<p><!--more--><\/p>\n<table class=\"table table-bordered tours-tabs__table\" style=\"height: 386px; width: 123.338%;\">\n<tbody>\n<tr style=\"height: 48px;\">\n<td style=\"width: 26.7622%; height: 48px;\"><strong>ODHOD\/PRIHOD<\/strong><\/td>\n<td style=\"width: 52.5231%; height: 48px;\"><span class=\"tlid-translation translation\" lang=\"en\"><span class=\"\" title=\"\"><span class=\"tlid-translation translation\" lang=\"sl\">na parkiri\u0161\u010du pred Mercatorjem v Podpe\u010di<\/span><\/span><\/span><\/td>\n<\/tr>\n<tr style=\"height: 24px;\">\n<td style=\"width: 26.7622%; height: 24px;\"><strong>ZBOR<\/strong><\/td>\n<td style=\"width: 52.5231%; height: 24px;\">ob 08:55 uri<\/td>\n<\/tr>\n<tr style=\"height: 24px;\">\n<td style=\"width: 26.7622%; height: 24px;\"><strong>\u010cAS ODHODA<\/strong><\/td>\n<td style=\"width: 52.5231%; height: 24px;\">ob 9:00 uri<\/td>\n<\/tr>\n<tr style=\"height: 24px;\">\n<td style=\"width: 26.7622%; height: 24px;\"><strong>\u010cAS PRIDHODA<\/strong><\/td>\n<td style=\"width: 52.5231%; height: 24px;\">ob 12:30 uri \/ pribli\u017eno<\/td>\n<\/tr>\n<tr>\n<td style=\"width: 26.7622%;\"><strong>RAZDALJA<br \/>\n<\/strong><\/td>\n<td style=\"width: 52.5231%;\">29 km <span id=\"result_box\" class=\"\" lang=\"en\"><span class=\"\">(pribli\u017eno 3.5 ure)<\/span><\/span><\/td>\n<\/tr>\n<tr style=\"height: 202px;\">\n<td style=\"width: 26.7622%; height: 202px;\"><strong>VKLJU\u010cENO<\/strong><\/td>\n<td style=\"width: 52.5231%; height: 202px;\">\n<table class=\"table table-bordered\" style=\"height: 62px; width: 449px;\">\n<tbody>\n<tr>\n<td style=\"width: 443px;\"><i class=\"fa fa-check icon-tick icon-tick--on\"><\/i>4 <span id=\"result_box\" class=\"short_text\" lang=\"en\"><span class=\"\">ure prijetnega in dinami\u010dnega kolesarjenja<\/span><\/span><\/td>\n<\/tr>\n<tr>\n<td style=\"width: 443px;\"><i class=\"fa fa-check icon-tick icon-tick--on\"><\/i>strokovno vodstvo prijaznega kolesarskega vodnika<\/td>\n<\/tr>\n<tr>\n<td style=\"width: 443px;\"><i class=\"fa fa-check icon-tick icon-tick--on\"><\/i>fantasti\u010dne fotografske prilo\u017enosti<\/td>\n<\/tr>\n<tr>\n<td style=\"width: 443px;\"><i class=\"fa fa-check icon-tick icon-tick--on\"><\/i>nezgodno zavarovanje<\/td>\n<\/tr>\n<\/tbody>\n<\/table>\n<\/td>\n<\/tr>\n<tr style=\"height: 64px;\">\n<td style=\"width: 26.7622%; height: 64px;\"><b>NI <strong>VKLJU\u010cENO<\/strong><br \/>\n<\/b><\/td>\n<td style=\"width: 52.5231%; height: 64px;\">\n<table class=\"table table-bordered\" style=\"height: 62px; width: 451px;\">\n<tbody>\n<tr>\n<td style=\"width: 449px;\"><i class=\"fa fa-times icon-tick icon-tick--off\"><\/i>pija\u010da<\/td>\n<\/tr>\n<tr>\n<td style=\"width: 449px;\"><i class=\"fa fa-times icon-tick icon-tick--off\"><\/i>malica<\/td>\n<\/tr>\n<\/tbody>\n<\/table>\n<\/td>\n<\/tr>\n<\/tbody>\n<\/table>\n<p><span class=\"tlid-translation translation\" lang=\"sl\"><span title=\"\">U\u017eivajte v kolesarski turi z izku\u0161enim, zabavnim, prijaznim in profesionalnim kolesarskim vodnikom. <\/span><span class=\"\" title=\"\">V bistvu si \u017eelimo, da bi z nami spoznavali nove kraje\u00a0 in se ob tem odli\u010dno zabavali.<\/span><\/span><\/p>\n<p>\u2705 <strong>ZAHTEVNOST: 4\/10<\/strong><\/p>\n<p>Kolesarjenje za sprostitev. Primerno za vse z osnovno kondicijo. Za\u017eelena so vsaj treking kolesa. Kolesarski izlet se izvede ob udele\u017ebi najmanj 5-ih prijavljenih.<\/p>\n<p>Udele\u017eenec vozi na lastno odgovornost in je dol\u017ean upo\u0161tevati navodila vodje kolesarskega izleta. S prijavo udele\u017eenec potrdi, da se zaveda zahtevnosti kolesarskega izleta, ter da izpolnjuje \u00a0zdravstvene in fizi\u010dne pogoje za varno sodelovanje. V primeru slabega vremena bomo izlet prestavili. Vabljeni v ta \u010dudovit muzej na prostem. \ud83d\ude09\ud83e\udd18<\/p>\n","protected":false},"excerpt":{"rendered":"<p>Kolesarski izlet do izvira reke Ljubljanice<\/p>\n","protected":false},"featured_media":3586,"comment_status":"open","ping_status":"closed","template":"","meta":[],"product_brand":[],"product_cat":[258],"product_tag":[501,148,504],"class_list":{"0":"post-3553","1":"product","2":"type-product","3":"status-publish","4":"has-post-thumbnail","6":"product_cat-izleti","7":"product_tag-izlet-v-naravo","8":"product_tag-kolesarski-izlet","9":"product_tag-kolesarski-izlet-do-izvira-ljubljanice","10":"tour_category-izlet-v-naravo","11":"tour_category-kolesarski-izlet","12":"tour_category-neokrnjena-narava","13":"tour_category-sport","15":"first","16":"instock","17":"featured","18":"shipping-taxable","19":"purchasable","20":"product-type-tour"},"yoast_head":"<!-- This site is optimized with the Yoast SEO plugin v26.6 - https:\/\/yoast.com\/wordpress\/plugins\/seo\/ -->\n<title>Kolesarski izlet do izvira reke Ljubljanice - Kolesarski Svet<\/title>\n<meta name=\"description\" content=\"Na vodenem kolesarskem izletu vas bomo peljali od Podpe\u010di preko Ljubljanskega barja, \u010dez Vrhniko vse do Mo\u010dilnika.\" \/>\n<meta name=\"robots\" content=\"index, follow, max-snippet:-1, max-image-preview:large, max-video-preview:-1\" \/>\n<link rel=\"canonical\" href=\"https:\/\/kolesarski-svet.si\/sl\/izleti\/kolesarski-izlet-do-izvira-reke-ljubljanice\/\" \/>\n<meta property=\"og:locale\" content=\"sl_SI\" \/>\n<meta property=\"og:type\" content=\"article\" \/>\n<meta property=\"og:title\" content=\"Kolesarski izlet do izvira reke Ljubljanice - Kolesarski Svet\" \/>\n<meta property=\"og:description\" content=\"Na vodenem kolesarskem izletu vas bomo peljali od Podpe\u010di preko Ljubljanskega barja, \u010dez Vrhniko vse do Mo\u010dilnika.\" \/>\n<meta property=\"og:url\" content=\"https:\/\/kolesarski-svet.si\/sl\/izleti\/kolesarski-izlet-do-izvira-reke-ljubljanice\/\" \/>\n<meta property=\"og:site_name\" content=\"Kolesarski Svet\" \/>\n<meta property=\"article:publisher\" content=\"https:\/\/www.facebook.com\/KolesarskiSvet\/\" \/>\n<meta property=\"article:modified_time\" content=\"2025-02-08T12:48:16+00:00\" \/>\n<meta property=\"og:image\" content=\"https:\/\/kolesarski-svet.si\/wp-content\/uploads\/2020\/06\/Kolesarski-izlet-do-izvira-Ljubljanice-2.1.jpg\" \/>\n\t<meta property=\"og:image:width\" content=\"1200\" \/>\n\t<meta property=\"og:image:height\" content=\"802\" \/>\n\t<meta property=\"og:image:type\" content=\"image\/jpeg\" \/>\n<meta name=\"twitter:card\" content=\"summary_large_image\" \/>\n<meta name=\"twitter:label1\" content=\"Est. reading time\" \/>\n\t<meta name=\"twitter:data1\" content=\"1 minuta\" \/>\n<script type=\"application\/ld+json\" class=\"yoast-schema-graph\">{\"@context\":\"https:\/\/schema.org\",\"@graph\":[{\"@type\":\"WebPage\",\"@id\":\"https:\/\/kolesarski-svet.si\/sl\/izleti\/kolesarski-izlet-do-izvira-reke-ljubljanice\/\",\"url\":\"https:\/\/kolesarski-svet.si\/sl\/izleti\/kolesarski-izlet-do-izvira-reke-ljubljanice\/\",\"name\":\"Kolesarski izlet do izvira reke Ljubljanice - Kolesarski Svet\",\"isPartOf\":{\"@id\":\"https:\/\/kolesarski-svet.si\/#website\"},\"primaryImageOfPage\":{\"@id\":\"https:\/\/kolesarski-svet.si\/sl\/izleti\/kolesarski-izlet-do-izvira-reke-ljubljanice\/#primaryimage\"},\"image\":{\"@id\":\"https:\/\/kolesarski-svet.si\/sl\/izleti\/kolesarski-izlet-do-izvira-reke-ljubljanice\/#primaryimage\"},\"thumbnailUrl\":\"https:\/\/kolesarski-svet.si\/wp-content\/uploads\/2020\/06\/Kolesarski-izlet-do-izvira-Ljubljanice-2.1.jpg\",\"datePublished\":\"2020-06-22T18:49:23+00:00\",\"dateModified\":\"2025-02-08T12:48:16+00:00\",\"description\":\"Na vodenem kolesarskem izletu vas bomo peljali od Podpe\u010di preko Ljubljanskega barja, \u010dez Vrhniko vse do Mo\u010dilnika.\",\"breadcrumb\":{\"@id\":\"https:\/\/kolesarski-svet.si\/sl\/izleti\/kolesarski-izlet-do-izvira-reke-ljubljanice\/#breadcrumb\"},\"inLanguage\":\"sl-SI\",\"potentialAction\":[{\"@type\":\"ReadAction\",\"target\":[\"https:\/\/kolesarski-svet.si\/sl\/izleti\/kolesarski-izlet-do-izvira-reke-ljubljanice\/\"]}]},{\"@type\":\"ImageObject\",\"inLanguage\":\"sl-SI\",\"@id\":\"https:\/\/kolesarski-svet.si\/sl\/izleti\/kolesarski-izlet-do-izvira-reke-ljubljanice\/#primaryimage\",\"url\":\"https:\/\/kolesarski-svet.si\/wp-content\/uploads\/2020\/06\/Kolesarski-izlet-do-izvira-Ljubljanice-2.1.jpg\",\"contentUrl\":\"https:\/\/kolesarski-svet.si\/wp-content\/uploads\/2020\/06\/Kolesarski-izlet-do-izvira-Ljubljanice-2.1.jpg\",\"width\":1200,\"height\":802,\"caption\":\"Kolesarski Svet, Kolesarski izlet do izvira reke Ljubljanice,\"},{\"@type\":\"BreadcrumbList\",\"@id\":\"https:\/\/kolesarski-svet.si\/sl\/izleti\/kolesarski-izlet-do-izvira-reke-ljubljanice\/#breadcrumb\",\"itemListElement\":[{\"@type\":\"ListItem\",\"position\":1,\"name\":\"Home\",\"item\":\"https:\/\/kolesarski-svet.si\/sl\/kolesarski-svet-domov\/\"},{\"@type\":\"ListItem\",\"position\":2,\"name\":\"Trgovina\",\"item\":\"https:\/\/kolesarski-svet.si\/sl\/trgovina\/\"},{\"@type\":\"ListItem\",\"position\":3,\"name\":\"Kolesarski izlet do izvira reke Ljubljanice\"}]},{\"@type\":\"WebSite\",\"@id\":\"https:\/\/kolesarski-svet.si\/#website\",\"url\":\"https:\/\/kolesarski-svet.si\/\",\"name\":\"Kolesarski Svet\",\"description\":\"Do\u017eivite lepote Slovenije na kolesu\",\"publisher\":{\"@id\":\"https:\/\/kolesarski-svet.si\/#organization\"},\"potentialAction\":[{\"@type\":\"SearchAction\",\"target\":{\"@type\":\"EntryPoint\",\"urlTemplate\":\"https:\/\/kolesarski-svet.si\/?s={search_term_string}\"},\"query-input\":{\"@type\":\"PropertyValueSpecification\",\"valueRequired\":true,\"valueName\":\"search_term_string\"}}],\"inLanguage\":\"sl-SI\"},{\"@type\":\"Organization\",\"@id\":\"https:\/\/kolesarski-svet.si\/#organization\",\"name\":\"Kolesarski Svet\",\"url\":\"https:\/\/kolesarski-svet.si\/\",\"logo\":{\"@type\":\"ImageObject\",\"inLanguage\":\"sl-SI\",\"@id\":\"https:\/\/kolesarski-svet.si\/#\/schema\/logo\/image\/\",\"url\":\"https:\/\/kolesarski-svet.si\/wp-content\/uploads\/2018\/03\/logo-KS-170.png\",\"contentUrl\":\"https:\/\/kolesarski-svet.si\/wp-content\/uploads\/2018\/03\/logo-KS-170.png\",\"width\":170,\"height\":120,\"caption\":\"Kolesarski Svet\"},\"image\":{\"@id\":\"https:\/\/kolesarski-svet.si\/#\/schema\/logo\/image\/\"},\"sameAs\":[\"https:\/\/www.facebook.com\/KolesarskiSvet\/\",\"https:\/\/www.youtube.com\/channel\/UCaR0d_D0MFnxI1Wpxa2nkAA\"]}]}<\/script>\n<!-- \/ Yoast SEO plugin. -->","yoast_head_json":{"title":"Kolesarski izlet do izvira reke Ljubljanice - Kolesarski Svet","description":"Na vodenem kolesarskem izletu vas bomo peljali od Podpe\u010di preko Ljubljanskega barja, \u010dez Vrhniko vse do Mo\u010dilnika.","robots":{"index":"index","follow":"follow","max-snippet":"max-snippet:-1","max-image-preview":"max-image-preview:large","max-video-preview":"max-video-preview:-1"},"canonical":"https:\/\/kolesarski-svet.si\/sl\/izleti\/kolesarski-izlet-do-izvira-reke-ljubljanice\/","og_locale":"sl_SI","og_type":"article","og_title":"Kolesarski izlet do izvira reke Ljubljanice - Kolesarski Svet","og_description":"Na vodenem kolesarskem izletu vas bomo peljali od Podpe\u010di preko Ljubljanskega barja, \u010dez Vrhniko vse do Mo\u010dilnika.","og_url":"https:\/\/kolesarski-svet.si\/sl\/izleti\/kolesarski-izlet-do-izvira-reke-ljubljanice\/","og_site_name":"Kolesarski Svet","article_publisher":"https:\/\/www.facebook.com\/KolesarskiSvet\/","article_modified_time":"2025-02-08T12:48:16+00:00","og_image":[{"width":1200,"height":802,"url":"https:\/\/kolesarski-svet.si\/wp-content\/uploads\/2020\/06\/Kolesarski-izlet-do-izvira-Ljubljanice-2.1.jpg","type":"image\/jpeg"}],"twitter_card":"summary_large_image","twitter_misc":{"Est. reading time":"1 minuta"},"schema":{"@context":"https:\/\/schema.org","@graph":[{"@type":"WebPage","@id":"https:\/\/kolesarski-svet.si\/sl\/izleti\/kolesarski-izlet-do-izvira-reke-ljubljanice\/","url":"https:\/\/kolesarski-svet.si\/sl\/izleti\/kolesarski-izlet-do-izvira-reke-ljubljanice\/","name":"Kolesarski izlet do izvira reke Ljubljanice - Kolesarski Svet","isPartOf":{"@id":"https:\/\/kolesarski-svet.si\/#website"},"primaryImageOfPage":{"@id":"https:\/\/kolesarski-svet.si\/sl\/izleti\/kolesarski-izlet-do-izvira-reke-ljubljanice\/#primaryimage"},"image":{"@id":"https:\/\/kolesarski-svet.si\/sl\/izleti\/kolesarski-izlet-do-izvira-reke-ljubljanice\/#primaryimage"},"thumbnailUrl":"https:\/\/kolesarski-svet.si\/wp-content\/uploads\/2020\/06\/Kolesarski-izlet-do-izvira-Ljubljanice-2.1.jpg","datePublished":"2020-06-22T18:49:23+00:00","dateModified":"2025-02-08T12:48:16+00:00","description":"Na vodenem kolesarskem izletu vas bomo peljali od Podpe\u010di preko Ljubljanskega barja, \u010dez Vrhniko vse do Mo\u010dilnika.","breadcrumb":{"@id":"https:\/\/kolesarski-svet.si\/sl\/izleti\/kolesarski-izlet-do-izvira-reke-ljubljanice\/#breadcrumb"},"inLanguage":"sl-SI","potentialAction":[{"@type":"ReadAction","target":["https:\/\/kolesarski-svet.si\/sl\/izleti\/kolesarski-izlet-do-izvira-reke-ljubljanice\/"]}]},{"@type":"ImageObject","inLanguage":"sl-SI","@id":"https:\/\/kolesarski-svet.si\/sl\/izleti\/kolesarski-izlet-do-izvira-reke-ljubljanice\/#primaryimage","url":"https:\/\/kolesarski-svet.si\/wp-content\/uploads\/2020\/06\/Kolesarski-izlet-do-izvira-Ljubljanice-2.1.jpg","contentUrl":"https:\/\/kolesarski-svet.si\/wp-content\/uploads\/2020\/06\/Kolesarski-izlet-do-izvira-Ljubljanice-2.1.jpg","width":1200,"height":802,"caption":"Kolesarski Svet, Kolesarski izlet do izvira reke Ljubljanice,"},{"@type":"BreadcrumbList","@id":"https:\/\/kolesarski-svet.si\/sl\/izleti\/kolesarski-izlet-do-izvira-reke-ljubljanice\/#breadcrumb","itemListElement":[{"@type":"ListItem","position":1,"name":"Home","item":"https:\/\/kolesarski-svet.si\/sl\/kolesarski-svet-domov\/"},{"@type":"ListItem","position":2,"name":"Trgovina","item":"https:\/\/kolesarski-svet.si\/sl\/trgovina\/"},{"@type":"ListItem","position":3,"name":"Kolesarski izlet do izvira reke Ljubljanice"}]},{"@type":"WebSite","@id":"https:\/\/kolesarski-svet.si\/#website","url":"https:\/\/kolesarski-svet.si\/","name":"Kolesarski Svet","description":"Do\u017eivite lepote Slovenije na kolesu","publisher":{"@id":"https:\/\/kolesarski-svet.si\/#organization"},"potentialAction":[{"@type":"SearchAction","target":{"@type":"EntryPoint","urlTemplate":"https:\/\/kolesarski-svet.si\/?s={search_term_string}"},"query-input":{"@type":"PropertyValueSpecification","valueRequired":true,"valueName":"search_term_string"}}],"inLanguage":"sl-SI"},{"@type":"Organization","@id":"https:\/\/kolesarski-svet.si\/#organization","name":"Kolesarski Svet","url":"https:\/\/kolesarski-svet.si\/","logo":{"@type":"ImageObject","inLanguage":"sl-SI","@id":"https:\/\/kolesarski-svet.si\/#\/schema\/logo\/image\/","url":"https:\/\/kolesarski-svet.si\/wp-content\/uploads\/2018\/03\/logo-KS-170.png","contentUrl":"https:\/\/kolesarski-svet.si\/wp-content\/uploads\/2018\/03\/logo-KS-170.png","width":170,"height":120,"caption":"Kolesarski Svet"},"image":{"@id":"https:\/\/kolesarski-svet.si\/#\/schema\/logo\/image\/"},"sameAs":["https:\/\/www.facebook.com\/KolesarskiSvet\/","https:\/\/www.youtube.com\/channel\/UCaR0d_D0MFnxI1Wpxa2nkAA"]}]}},"_links":{"self":[{"href":"https:\/\/kolesarski-svet.si\/sl\/wp-json\/wp\/v2\/product\/3553","targetHints":{"allow":["GET"]}}],"collection":[{"href":"https:\/\/kolesarski-svet.si\/sl\/wp-json\/wp\/v2\/product"}],"about":[{"href":"https:\/\/kolesarski-svet.si\/sl\/wp-json\/wp\/v2\/types\/product"}],"replies":[{"embeddable":true,"href":"https:\/\/kolesarski-svet.si\/sl\/wp-json\/wp\/v2\/comments?post=3553"}],"wp:featuredmedia":[{"embeddable":true,"href":"https:\/\/kolesarski-svet.si\/sl\/wp-json\/wp\/v2\/media\/3586"}],"wp:attachment":[{"href":"https:\/\/kolesarski-svet.si\/sl\/wp-json\/wp\/v2\/media?parent=3553"}],"wp:term":[{"taxonomy":"product_brand","embeddable":true,"href":"https:\/\/kolesarski-svet.si\/sl\/wp-json\/wp\/v2\/product_brand?post=3553"},{"taxonomy":"product_cat","embeddable":true,"href":"https:\/\/kolesarski-svet.si\/sl\/wp-json\/wp\/v2\/product_cat?post=3553"},{"taxonomy":"product_tag","embeddable":true,"href":"https:\/\/kolesarski-svet.si\/sl\/wp-json\/wp\/v2\/product_tag?post=3553"}],"curies":[{"name":"wp","href":"https:\/\/api.w.org\/{rel}","templated":true}]}}