{"id":3613,"date":"2020-07-13T18:42:59","date_gmt":"2020-07-13T18:43:00","guid":{"rendered":"https:\/\/kolesarski-svet.si\/?post_type=product&#038;p=3613"},"modified":"2023-07-14T07:21:32","modified_gmt":"2023-07-14T07:21:32","slug":"kolesarski-izlet-na-pokljuko","status":"publish","type":"product","link":"https:\/\/kolesarski-svet.si\/sl\/izleti\/kolesarski-izlet-na-pokljuko\/","title":{"rendered":"Kolesarski izlet na Pokljuko"},"content":{"rendered":"<p><strong>Pokljuka<\/strong> je z gozdom pokrita visoka <strong>kra\u0161ka planota v Julijskih Alpah<\/strong>. Je najve\u010dja zaokro\u017eena gozdna povr\u0161ina <strong>v <a href=\"https:\/\/www.tnp.si\/sl\/spoznajte\/\" target=\"_blank\" rel=\"noopener noreferrer\">Triglavskem narodnem parku<\/a><\/strong>. Dolga je 20 km in skoraj toliko tudi \u0161iroka. V razponu od 1000 do 1400 m je okoli 6300 ha gozdov, v katerih prevladuje smreka. Razgibano povr\u0161je skritih brezen, zara\u0161\u010denih vrta\u010d in dolinic je ostanek delovanja poklju\u0161kega ledenika. Za njim so ostala poklju\u0161ka barja in zamo\u010dvirjene, te\u017eko prehodne gozdne povr\u0161ine. Barja spadajo med najju\u017enej\u0161a visoka barja v Evropi.<\/p>\n<p><!--more--><\/p>\n<table class=\"table table-bordered tours-tabs__table\" style=\"height: 233px; width: 840px;\">\n<tbody>\n<tr>\n<td style=\"width: 226px;\"><strong>ODHOD\/PRIHOD<\/strong><\/td>\n<td style=\"width: 620px;\"><span class=\"tlid-translation translation\" lang=\"en\"><span class=\"\" title=\"\"><span class=\"tlid-translation translation\" lang=\"sl\">na parkiri\u0161\u010du pred parkomatom na Rudnem polju<\/span><\/span><\/span><\/td>\n<\/tr>\n<tr>\n<td style=\"width: 226px;\"><strong>ZBOR<\/strong><\/td>\n<td style=\"width: 620px;\">ob 8:45 uri<\/td>\n<\/tr>\n<tr>\n<td style=\"width: 226px;\"><strong>\u010cAS ODHODA<\/strong><\/td>\n<td style=\"width: 620px;\">ob 9:00 uri<\/td>\n<\/tr>\n<tr>\n<td style=\"width: 226px;\"><strong>\u010cAS PRIDHODA<\/strong><\/td>\n<td style=\"width: 620px;\">ob 16:00 uri \/ pribli\u017eno<\/td>\n<\/tr>\n<tr>\n<td style=\"width: 226px;\"><strong><span class=\"tlid-translation translation\" lang=\"en\"><span class=\"\" title=\"\">RAZDALJA<\/span><\/span><\/strong><\/td>\n<td style=\"width: 620px;\">\u00a033 km \/ pribli\u017eno 7 ur<\/td>\n<\/tr>\n<tr>\n<td style=\"width: 226px;\"><strong><span class=\"tlid-translation translation\" lang=\"en\"><span class=\"\" title=\"\">VI\u0160INSKA RAZLIKA<br \/>\n<\/span><\/span><\/strong><\/td>\n<td style=\"width: 620px;\">630 m<\/td>\n<\/tr>\n<tr>\n<td style=\"width: 226px;\"><strong>VKLJU\u010cENO<\/strong><\/td>\n<td style=\"width: 620px;\">\n<table class=\"table table-bordered\" style=\"height: 62px; width: 449px;\">\n<tbody>\n<tr>\n<td style=\"width: 443px;\"><i class=\"fa fa-check icon-tick icon-tick--on\"><\/i>7 ur prijetnega in dinami\u010dnega kolesarjenja<\/td>\n<\/tr>\n<tr>\n<td style=\"width: 443px;\"><i class=\"fa fa-check icon-tick icon-tick--on\"><\/i><span class=\"tlid-translation translation\" lang=\"sl\"><span class=\"\" title=\"\">sodelovanje z lastnimi kolesi<\/span><\/span><\/td>\n<\/tr>\n<tr>\n<td style=\"width: 443px;\"><i class=\"fa fa-check icon-tick icon-tick--on\"><\/i>fantasti\u010dne fotografske prilo\u017enosti<\/td>\n<\/tr>\n<tr>\n<td style=\"width: 443px;\"><i class=\"fa fa-check icon-tick icon-tick--on\"><\/i><span class=\"tlid-translation translation\" lang=\"sl\"><span class=\"\" title=\"\">strokovno vodenje prijaznega gorsko kolesarskega vodnika<\/span><\/span><\/td>\n<\/tr>\n<tr>\n<td style=\"width: 443px;\"><i class=\"fa fa-check icon-tick icon-tick--on\"><\/i>kavica na prvem postanku<\/td>\n<\/tr>\n<tr>\n<td style=\"width: 443px;\"><span class=\"tlid-translation translation\" lang=\"en\"><span class=\"\" title=\"\"><i class=\"fa fa-check icon-tick icon-tick--on\"><\/i>kosilo na tretjem postanku<br \/>\n<\/span><\/span><\/td>\n<\/tr>\n<\/tbody>\n<\/table>\n<\/td>\n<\/tr>\n<\/tbody>\n<\/table>\n<p><span class=\"tlid-translation translation\" lang=\"en\"><span class=\"\" title=\"\">\u2705 <strong>ZAHTEVNOST: 7\/10<\/strong><\/span><\/span><\/p>\n<p><span style=\"font-family: georgia, palatino, serif; font-size: 12pt;\">Te\u017eavnost vzpona: V2. Te\u017eavnost spusta: S2. Zahtevnost ture: K1 (<a href=\"https:\/\/ktk.pzs.si\/besedilo.php?pid=121\" target=\"_blank\" rel=\"noopener noreferrer\">te\u017eavnostne lestvice so od V1-V7 in S1-S7<\/a>)<\/span><\/p>\n<p><span style=\"font-family: georgia, palatino, serif; font-size: 12pt;\">Kolesarjenje primerno za vse z dobro telesno kondicijo. Za\u017eelena so gorska kolesa z \u0161iroko profiliranimi <span class=\"oi732d6d ik7dh3pa d2edcug0 qv66sw1b c1et5uql a8c37x1j muag1w35 ew0dbk1b jq4qci2q a3bd9o3v knj5qynh oo9gr5id\" dir=\"auto\"><span class=\"oi732d6d ik7dh3pa d2edcug0 qv66sw1b c1et5uql jq4qci2q a3bd9o3v knj5qynh oo9gr5id\">pnevmatikami (vsaj prednje vzmeteno), kolesarska \u010delada in ostala za\u0161\u010ditna oprema, rokavice, son\u010dna o\u010dala in krema, rezervna zra\u010dnica, primerna obla\u010dila (nepremo\u010dljiva tanka jakna, rezervna suha obla\u010dila ipd.), hrana in pija\u010da iz nahrbtnika.<\/span><\/span><\/span><\/p>\n<p><span style=\"font-family: georgia, palatino, serif; font-size: 12pt;\">Kolesarski izlet se izvede ob udele\u017ebi najmanj 5-ih prijavljenih.<\/span><\/p>\n<p><span style=\"font-family: georgia, palatino, serif; font-size: 12pt;\">Udele\u017eenec vozi na lastno odgovornost in je dol\u017ean upo\u0161tevati navodila vodje kolesarskega izleta. S prijavo udele\u017eenec potrdi, da se zaveda zahtevnosti kolesarskega izleta, ter da izpolnjuje zdravstvene in fizi\u010dne pogoje za varno sodelovanje. V primeru slabega vremena bomo izlet prestavili. <\/span><\/p>\n<p><span style=\"font-family: georgia, palatino, serif; font-size: 12pt;\">Vabljeni v to \u010dudovito zeleno oazo na prostem. \ud83d\ude09\ud83e\udd18<span class=\"tlid-translation translation\" lang=\"en\"><span class=\"\" title=\"\"> <span class=\"tlid-translation translation\" lang=\"sl\"><span title=\"\">U\u017eivajte v kolesarski turi z izku\u0161enim, prijaznim in profesionalnim <a href=\"https:\/\/kolesarski-svet.si\/sl\/izleti\/scete-kolesarskega-vodnika-z-licenco\/\" target=\"_blank\" rel=\"noopener noreferrer\">kolesarskim vodnikom<\/a>. <\/span>V bistvu si \u017eelimo, da bi z nami spoznavali nove kraje\u00a0 in se ob tem odli\u010dno zabavali.<\/span><\/span><\/span><\/span><\/p>\n","protected":false},"excerpt":{"rendered":"<p>\u017delite do\u017eiveti najbolj\u0161i \u0161portni dan v letu? Do\u017eivite ga z Kolesarskim Svetom na Pokljuki! Kolesarski izlet na Pokljuko.<\/p>\n","protected":false},"featured_media":3619,"comment_status":"open","ping_status":"closed","template":"","meta":[],"product_brand":[],"product_cat":[258],"product_tag":[501,148,514,515],"class_list":{"0":"post-3613","1":"product","2":"type-product","3":"status-publish","4":"has-post-thumbnail","6":"product_cat-izleti","7":"product_tag-izlet-v-naravo","8":"product_tag-kolesarski-izlet","9":"product_tag-kolesarski-izlet-na-pokljuko","10":"product_tag-voden-kolesarski-izlet-na-pokljuko","11":"tour_category-kolesarski-izlet","12":"tour_category-pokljuka-sl","13":"tour_category-sport","15":"first","16":"instock","17":"featured","18":"shipping-taxable","19":"purchasable","20":"product-type-tour"},"yoast_head":"<!-- This site is optimized with the Yoast SEO plugin v26.6 - https:\/\/yoast.com\/wordpress\/plugins\/seo\/ -->\n<title>Kolesarski izlet na Pokljuko - Kolesarski Svet<\/title>\n<meta name=\"description\" content=\"\u017delite do\u017eiveti najbolj\u0161i \u0161portni dan v letu? Do\u017eivite ga z Kolesarskim Svet na Pokljuki! Kolesarski izlet na Pokljuko.\" \/>\n<meta name=\"robots\" content=\"index, follow, max-snippet:-1, max-image-preview:large, max-video-preview:-1\" \/>\n<link rel=\"canonical\" href=\"https:\/\/kolesarski-svet.si\/sl\/izleti\/kolesarski-izlet-na-pokljuko\/\" \/>\n<meta property=\"og:locale\" content=\"sl_SI\" \/>\n<meta property=\"og:type\" content=\"article\" \/>\n<meta property=\"og:title\" content=\"Kolesarski izlet na Pokljuko - Kolesarski Svet\" \/>\n<meta property=\"og:description\" content=\"\u017delite do\u017eiveti najbolj\u0161i \u0161portni dan v letu? Do\u017eivite ga z Kolesarskim Svet na Pokljuki! Kolesarski izlet na Pokljuko.\" \/>\n<meta property=\"og:url\" content=\"https:\/\/kolesarski-svet.si\/sl\/izleti\/kolesarski-izlet-na-pokljuko\/\" \/>\n<meta property=\"og:site_name\" content=\"Kolesarski Svet\" \/>\n<meta property=\"article:publisher\" content=\"https:\/\/www.facebook.com\/KolesarskiSvet\/\" \/>\n<meta property=\"article:modified_time\" content=\"2023-07-14T07:21:32+00:00\" \/>\n<meta property=\"og:image\" content=\"https:\/\/kolesarski-svet.si\/wp-content\/uploads\/2020\/07\/Pokljuka-163.jpg\" \/>\n\t<meta property=\"og:image:width\" content=\"1200\" \/>\n\t<meta property=\"og:image:height\" content=\"802\" \/>\n\t<meta property=\"og:image:type\" content=\"image\/jpeg\" \/>\n<meta name=\"twitter:card\" content=\"summary_large_image\" \/>\n<meta name=\"twitter:label1\" content=\"Est. reading time\" \/>\n\t<meta name=\"twitter:data1\" content=\"2 minuti\" \/>\n<script type=\"application\/ld+json\" class=\"yoast-schema-graph\">{\"@context\":\"https:\/\/schema.org\",\"@graph\":[{\"@type\":\"WebPage\",\"@id\":\"https:\/\/kolesarski-svet.si\/sl\/izleti\/kolesarski-izlet-na-pokljuko\/\",\"url\":\"https:\/\/kolesarski-svet.si\/sl\/izleti\/kolesarski-izlet-na-pokljuko\/\",\"name\":\"Kolesarski izlet na Pokljuko - Kolesarski Svet\",\"isPartOf\":{\"@id\":\"https:\/\/kolesarski-svet.si\/#website\"},\"primaryImageOfPage\":{\"@id\":\"https:\/\/kolesarski-svet.si\/sl\/izleti\/kolesarski-izlet-na-pokljuko\/#primaryimage\"},\"image\":{\"@id\":\"https:\/\/kolesarski-svet.si\/sl\/izleti\/kolesarski-izlet-na-pokljuko\/#primaryimage\"},\"thumbnailUrl\":\"https:\/\/kolesarski-svet.si\/wp-content\/uploads\/2020\/07\/Pokljuka-163.jpg\",\"datePublished\":\"2020-07-13T18:43:00+00:00\",\"dateModified\":\"2023-07-14T07:21:32+00:00\",\"description\":\"\u017delite do\u017eiveti najbolj\u0161i \u0161portni dan v letu? Do\u017eivite ga z Kolesarskim Svet na Pokljuki! Kolesarski izlet na Pokljuko.\",\"breadcrumb\":{\"@id\":\"https:\/\/kolesarski-svet.si\/sl\/izleti\/kolesarski-izlet-na-pokljuko\/#breadcrumb\"},\"inLanguage\":\"sl-SI\",\"potentialAction\":[{\"@type\":\"ReadAction\",\"target\":[\"https:\/\/kolesarski-svet.si\/sl\/izleti\/kolesarski-izlet-na-pokljuko\/\"]}]},{\"@type\":\"ImageObject\",\"inLanguage\":\"sl-SI\",\"@id\":\"https:\/\/kolesarski-svet.si\/sl\/izleti\/kolesarski-izlet-na-pokljuko\/#primaryimage\",\"url\":\"https:\/\/kolesarski-svet.si\/wp-content\/uploads\/2020\/07\/Pokljuka-163.jpg\",\"contentUrl\":\"https:\/\/kolesarski-svet.si\/wp-content\/uploads\/2020\/07\/Pokljuka-163.jpg\",\"width\":1200,\"height\":802,\"caption\":\"Kolesarski Svet, Voden kolesarski izlet na Pokljuko\"},{\"@type\":\"BreadcrumbList\",\"@id\":\"https:\/\/kolesarski-svet.si\/sl\/izleti\/kolesarski-izlet-na-pokljuko\/#breadcrumb\",\"itemListElement\":[{\"@type\":\"ListItem\",\"position\":1,\"name\":\"Home\",\"item\":\"https:\/\/kolesarski-svet.si\/sl\/kolesarski-svet-domov\/\"},{\"@type\":\"ListItem\",\"position\":2,\"name\":\"Trgovina\",\"item\":\"https:\/\/kolesarski-svet.si\/sl\/trgovina\/\"},{\"@type\":\"ListItem\",\"position\":3,\"name\":\"Kolesarski izlet na Pokljuko\"}]},{\"@type\":\"WebSite\",\"@id\":\"https:\/\/kolesarski-svet.si\/#website\",\"url\":\"https:\/\/kolesarski-svet.si\/\",\"name\":\"Kolesarski Svet\",\"description\":\"Do\u017eivite lepote Slovenije na kolesu\",\"publisher\":{\"@id\":\"https:\/\/kolesarski-svet.si\/#organization\"},\"potentialAction\":[{\"@type\":\"SearchAction\",\"target\":{\"@type\":\"EntryPoint\",\"urlTemplate\":\"https:\/\/kolesarski-svet.si\/?s={search_term_string}\"},\"query-input\":{\"@type\":\"PropertyValueSpecification\",\"valueRequired\":true,\"valueName\":\"search_term_string\"}}],\"inLanguage\":\"sl-SI\"},{\"@type\":\"Organization\",\"@id\":\"https:\/\/kolesarski-svet.si\/#organization\",\"name\":\"Kolesarski Svet\",\"url\":\"https:\/\/kolesarski-svet.si\/\",\"logo\":{\"@type\":\"ImageObject\",\"inLanguage\":\"sl-SI\",\"@id\":\"https:\/\/kolesarski-svet.si\/#\/schema\/logo\/image\/\",\"url\":\"https:\/\/kolesarski-svet.si\/wp-content\/uploads\/2018\/03\/logo-KS-170.png\",\"contentUrl\":\"https:\/\/kolesarski-svet.si\/wp-content\/uploads\/2018\/03\/logo-KS-170.png\",\"width\":170,\"height\":120,\"caption\":\"Kolesarski Svet\"},\"image\":{\"@id\":\"https:\/\/kolesarski-svet.si\/#\/schema\/logo\/image\/\"},\"sameAs\":[\"https:\/\/www.facebook.com\/KolesarskiSvet\/\",\"https:\/\/www.youtube.com\/channel\/UCaR0d_D0MFnxI1Wpxa2nkAA\"]}]}<\/script>\n<!-- \/ Yoast SEO plugin. -->","yoast_head_json":{"title":"Kolesarski izlet na Pokljuko - Kolesarski Svet","description":"\u017delite do\u017eiveti najbolj\u0161i \u0161portni dan v letu? Do\u017eivite ga z Kolesarskim Svet na Pokljuki! Kolesarski izlet na Pokljuko.","robots":{"index":"index","follow":"follow","max-snippet":"max-snippet:-1","max-image-preview":"max-image-preview:large","max-video-preview":"max-video-preview:-1"},"canonical":"https:\/\/kolesarski-svet.si\/sl\/izleti\/kolesarski-izlet-na-pokljuko\/","og_locale":"sl_SI","og_type":"article","og_title":"Kolesarski izlet na Pokljuko - Kolesarski Svet","og_description":"\u017delite do\u017eiveti najbolj\u0161i \u0161portni dan v letu? Do\u017eivite ga z Kolesarskim Svet na Pokljuki! Kolesarski izlet na Pokljuko.","og_url":"https:\/\/kolesarski-svet.si\/sl\/izleti\/kolesarski-izlet-na-pokljuko\/","og_site_name":"Kolesarski Svet","article_publisher":"https:\/\/www.facebook.com\/KolesarskiSvet\/","article_modified_time":"2023-07-14T07:21:32+00:00","og_image":[{"width":1200,"height":802,"url":"https:\/\/kolesarski-svet.si\/wp-content\/uploads\/2020\/07\/Pokljuka-163.jpg","type":"image\/jpeg"}],"twitter_card":"summary_large_image","twitter_misc":{"Est. reading time":"2 minuti"},"schema":{"@context":"https:\/\/schema.org","@graph":[{"@type":"WebPage","@id":"https:\/\/kolesarski-svet.si\/sl\/izleti\/kolesarski-izlet-na-pokljuko\/","url":"https:\/\/kolesarski-svet.si\/sl\/izleti\/kolesarski-izlet-na-pokljuko\/","name":"Kolesarski izlet na Pokljuko - Kolesarski Svet","isPartOf":{"@id":"https:\/\/kolesarski-svet.si\/#website"},"primaryImageOfPage":{"@id":"https:\/\/kolesarski-svet.si\/sl\/izleti\/kolesarski-izlet-na-pokljuko\/#primaryimage"},"image":{"@id":"https:\/\/kolesarski-svet.si\/sl\/izleti\/kolesarski-izlet-na-pokljuko\/#primaryimage"},"thumbnailUrl":"https:\/\/kolesarski-svet.si\/wp-content\/uploads\/2020\/07\/Pokljuka-163.jpg","datePublished":"2020-07-13T18:43:00+00:00","dateModified":"2023-07-14T07:21:32+00:00","description":"\u017delite do\u017eiveti najbolj\u0161i \u0161portni dan v letu? Do\u017eivite ga z Kolesarskim Svet na Pokljuki! Kolesarski izlet na Pokljuko.","breadcrumb":{"@id":"https:\/\/kolesarski-svet.si\/sl\/izleti\/kolesarski-izlet-na-pokljuko\/#breadcrumb"},"inLanguage":"sl-SI","potentialAction":[{"@type":"ReadAction","target":["https:\/\/kolesarski-svet.si\/sl\/izleti\/kolesarski-izlet-na-pokljuko\/"]}]},{"@type":"ImageObject","inLanguage":"sl-SI","@id":"https:\/\/kolesarski-svet.si\/sl\/izleti\/kolesarski-izlet-na-pokljuko\/#primaryimage","url":"https:\/\/kolesarski-svet.si\/wp-content\/uploads\/2020\/07\/Pokljuka-163.jpg","contentUrl":"https:\/\/kolesarski-svet.si\/wp-content\/uploads\/2020\/07\/Pokljuka-163.jpg","width":1200,"height":802,"caption":"Kolesarski Svet, Voden kolesarski izlet na Pokljuko"},{"@type":"BreadcrumbList","@id":"https:\/\/kolesarski-svet.si\/sl\/izleti\/kolesarski-izlet-na-pokljuko\/#breadcrumb","itemListElement":[{"@type":"ListItem","position":1,"name":"Home","item":"https:\/\/kolesarski-svet.si\/sl\/kolesarski-svet-domov\/"},{"@type":"ListItem","position":2,"name":"Trgovina","item":"https:\/\/kolesarski-svet.si\/sl\/trgovina\/"},{"@type":"ListItem","position":3,"name":"Kolesarski izlet na Pokljuko"}]},{"@type":"WebSite","@id":"https:\/\/kolesarski-svet.si\/#website","url":"https:\/\/kolesarski-svet.si\/","name":"Kolesarski Svet","description":"Do\u017eivite lepote Slovenije na kolesu","publisher":{"@id":"https:\/\/kolesarski-svet.si\/#organization"},"potentialAction":[{"@type":"SearchAction","target":{"@type":"EntryPoint","urlTemplate":"https:\/\/kolesarski-svet.si\/?s={search_term_string}"},"query-input":{"@type":"PropertyValueSpecification","valueRequired":true,"valueName":"search_term_string"}}],"inLanguage":"sl-SI"},{"@type":"Organization","@id":"https:\/\/kolesarski-svet.si\/#organization","name":"Kolesarski Svet","url":"https:\/\/kolesarski-svet.si\/","logo":{"@type":"ImageObject","inLanguage":"sl-SI","@id":"https:\/\/kolesarski-svet.si\/#\/schema\/logo\/image\/","url":"https:\/\/kolesarski-svet.si\/wp-content\/uploads\/2018\/03\/logo-KS-170.png","contentUrl":"https:\/\/kolesarski-svet.si\/wp-content\/uploads\/2018\/03\/logo-KS-170.png","width":170,"height":120,"caption":"Kolesarski Svet"},"image":{"@id":"https:\/\/kolesarski-svet.si\/#\/schema\/logo\/image\/"},"sameAs":["https:\/\/www.facebook.com\/KolesarskiSvet\/","https:\/\/www.youtube.com\/channel\/UCaR0d_D0MFnxI1Wpxa2nkAA"]}]}},"_links":{"self":[{"href":"https:\/\/kolesarski-svet.si\/sl\/wp-json\/wp\/v2\/product\/3613","targetHints":{"allow":["GET"]}}],"collection":[{"href":"https:\/\/kolesarski-svet.si\/sl\/wp-json\/wp\/v2\/product"}],"about":[{"href":"https:\/\/kolesarski-svet.si\/sl\/wp-json\/wp\/v2\/types\/product"}],"replies":[{"embeddable":true,"href":"https:\/\/kolesarski-svet.si\/sl\/wp-json\/wp\/v2\/comments?post=3613"}],"wp:featuredmedia":[{"embeddable":true,"href":"https:\/\/kolesarski-svet.si\/sl\/wp-json\/wp\/v2\/media\/3619"}],"wp:attachment":[{"href":"https:\/\/kolesarski-svet.si\/sl\/wp-json\/wp\/v2\/media?parent=3613"}],"wp:term":[{"taxonomy":"product_brand","embeddable":true,"href":"https:\/\/kolesarski-svet.si\/sl\/wp-json\/wp\/v2\/product_brand?post=3613"},{"taxonomy":"product_cat","embeddable":true,"href":"https:\/\/kolesarski-svet.si\/sl\/wp-json\/wp\/v2\/product_cat?post=3613"},{"taxonomy":"product_tag","embeddable":true,"href":"https:\/\/kolesarski-svet.si\/sl\/wp-json\/wp\/v2\/product_tag?post=3613"}],"curies":[{"name":"wp","href":"https:\/\/api.w.org\/{rel}","templated":true}]}}