{"id":3754,"date":"2020-09-25T17:20:13","date_gmt":"2020-09-25T17:20:13","guid":{"rendered":"https:\/\/kolesarski-svet.si\/?post_type=product&#038;p=3754"},"modified":"2020-12-27T11:21:56","modified_gmt":"2020-12-27T11:21:56","slug":"rog-pony-marin","status":"publish","type":"product","link":"https:\/\/kolesarski-svet.si\/sl\/izdelek\/rog-pony-marin\/","title":{"rendered":"Rog Pony Marin"},"content":{"rendered":"<p><span style=\"font-size: 14pt;\"><strong>Mestno kolo z navdihom<\/strong><\/span><\/p>\n<p><span style=\"font-size: 14pt;\">Kolo je kot narejeno za vsakodnevno vo\u017enjo po mestu. Pozabite na zastoje, izpu\u0161ne pline in \u010dakanje na javni prevoz. Z novim Ponyjem boste na cilju hitreje!<\/span><\/p>\n<h3><span style=\"font-size: 14pt;\">Za vsak dan<\/span><\/h3>\n<p><span style=\"font-size: 14pt;\">Kolo, s katerim se lahko vsak dan zapeljete v slu\u017ebo, po opravkih ali na lep\u0161e. Da pa vam ne bo zmanjkalo prostora za vse stvari, ki jih potrebujete, smo ga opremili z uporabnim prtlja\u017enikom.<\/span><\/p>\n<h3><span style=\"font-size: 14pt;\">Za\u0161\u010dita proti kraji<\/span><\/h3>\n<p><span style=\"font-size: 14pt;\">Ni\u010d ve\u010d skrbi, ki jih povzro\u010dajo nezanesljive klju\u010davnice in neosvetljena parkirna mesta za kolesa. Zaradi zlo\u017eljivega okvirja lahko poskrbite, da bo va\u0161 Pony vedno varno pospravljen<\/span><\/p>\n<h3><span style=\"font-size: 14pt;\">Udobje z vseh strani<\/span><\/h3>\n<p><span style=\"font-size: 14pt;\">Ergonomska oblika in oblazinjene ro\u010dke poskrbijo, da bo vo\u017enja s Pony-jem udobna v vseh okoli\u0161\u010dinah. Notranje prestave pa poskrbijo, da so tudi klanci manj strmi.<\/span><\/p>\n<h3><span style=\"font-size: 14pt;\">Varnost je na prvem mestu<\/span><\/h3>\n<p><span style=\"font-size: 14pt;\">Dve elektri\u010dni led lu\u010di in odsevniki zagotovijo, da boste pri vo\u017enji vidni tudi pono\u010di. Kakovostni pla\u0161\u010di in zavore pa vam omogo\u010dijo tudi odzivnost na prometne razmere v vseh pogojih.<\/span><\/p>\n<div class=\"feature-description-single\">\n<div class=\"feature-description-content\">\n<div class=\"feature-description-single\">\n<div class=\"feature-description-content\">\n<h3><span style=\"font-size: 14pt;\">Zapeljite se na po\u010ditnice<\/span><\/h3>\n<p><span style=\"font-size: 14pt;\">Zlo\u017eljiv okvir novega Ponyja pomeni, da ga lahko preprosto preva\u017eate naokoli z avtomobilom. Preverjeno pa ga je mogo\u010de s seboj vzeti tudi potovanje z vlakom, na letalo ali ladjo.<\/span><\/p>\n<\/div>\n<\/div>\n<\/div>\n<\/div>\n","protected":false},"excerpt":{"rendered":"<div class=\"feature-description-single\">\n<p><strong>Mestno kolo z navdihom.<\/strong> Kolo je kot narejeno za vsakodnevno vo\u017enjo po mestu. Pozabite na zastoje, izpu\u0161ne pline in \u010dakanje na javni prevoz. Z novim Ponyjem Marin boste na cilju hitreje!<\/p>\n<\/div>\n","protected":false},"featured_media":3792,"comment_status":"open","ping_status":"closed","template":"","meta":[],"product_brand":[],"product_cat":[249,407],"product_tag":[320,336,535,319],"class_list":{"0":"post-3754","1":"product","2":"type-product","3":"status-publish","4":"has-post-thumbnail","6":"product_cat-kolesa","7":"product_cat-mestna-kolesa-sl","8":"product_tag-kolesarski-svet","9":"product_tag-mestno-kolo-sl","10":"product_tag-rog-pony-marin","11":"product_tag-rogkolesa","13":"first","14":"instock","15":"featured","16":"shipping-taxable","17":"purchasable","18":"product-type-simple"},"yoast_head":"<!-- This site is optimized with the Yoast SEO plugin v26.6 - https:\/\/yoast.com\/wordpress\/plugins\/seo\/ -->\n<title>Rog Pony Marin - Kolesarski Svet<\/title>\n<meta name=\"description\" content=\"Mestno kolo z navdihom. Kolo je kot narejeno za vsakodnevno vo\u017enjo po mestu. Z novim Rog Pony Marin boste na cilju hitreje!\" \/>\n<meta name=\"robots\" content=\"index, follow, max-snippet:-1, max-image-preview:large, max-video-preview:-1\" \/>\n<link rel=\"canonical\" href=\"https:\/\/kolesarski-svet.si\/sl\/izdelek\/rog-pony-marin\/\" \/>\n<meta property=\"og:locale\" content=\"sl_SI\" \/>\n<meta property=\"og:type\" content=\"article\" \/>\n<meta property=\"og:title\" content=\"Rog Pony Marin - Kolesarski Svet\" \/>\n<meta property=\"og:description\" content=\"Mestno kolo z navdihom. Kolo je kot narejeno za vsakodnevno vo\u017enjo po mestu. Z novim Rog Pony Marin boste na cilju hitreje!\" \/>\n<meta property=\"og:url\" content=\"https:\/\/kolesarski-svet.si\/sl\/izdelek\/rog-pony-marin\/\" \/>\n<meta property=\"og:site_name\" content=\"Kolesarski Svet\" \/>\n<meta property=\"article:publisher\" content=\"https:\/\/www.facebook.com\/KolesarskiSvet\/\" \/>\n<meta property=\"article:modified_time\" content=\"2020-12-27T11:21:56+00:00\" \/>\n<meta property=\"og:image\" content=\"https:\/\/kolesarski-svet.si\/wp-content\/uploads\/2020\/09\/Pony_Marin-2.jpg\" \/>\n\t<meta property=\"og:image:width\" content=\"1200\" \/>\n\t<meta property=\"og:image:height\" content=\"901\" \/>\n\t<meta property=\"og:image:type\" content=\"image\/jpeg\" \/>\n<meta name=\"twitter:card\" content=\"summary_large_image\" \/>\n<meta name=\"twitter:label1\" content=\"Est. reading time\" \/>\n\t<meta name=\"twitter:data1\" content=\"1 minuta\" \/>\n<script type=\"application\/ld+json\" class=\"yoast-schema-graph\">{\"@context\":\"https:\/\/schema.org\",\"@graph\":[{\"@type\":\"WebPage\",\"@id\":\"https:\/\/kolesarski-svet.si\/sl\/izdelek\/rog-pony-marin\/\",\"url\":\"https:\/\/kolesarski-svet.si\/sl\/izdelek\/rog-pony-marin\/\",\"name\":\"Rog Pony Marin - Kolesarski Svet\",\"isPartOf\":{\"@id\":\"https:\/\/kolesarski-svet.si\/#website\"},\"primaryImageOfPage\":{\"@id\":\"https:\/\/kolesarski-svet.si\/sl\/izdelek\/rog-pony-marin\/#primaryimage\"},\"image\":{\"@id\":\"https:\/\/kolesarski-svet.si\/sl\/izdelek\/rog-pony-marin\/#primaryimage\"},\"thumbnailUrl\":\"https:\/\/kolesarski-svet.si\/wp-content\/uploads\/2020\/09\/Pony_Marin-2.jpg\",\"datePublished\":\"2020-09-25T17:20:13+00:00\",\"dateModified\":\"2020-12-27T11:21:56+00:00\",\"description\":\"Mestno kolo z navdihom. Kolo je kot narejeno za vsakodnevno vo\u017enjo po mestu. Z novim Rog Pony Marin boste na cilju hitreje!\",\"breadcrumb\":{\"@id\":\"https:\/\/kolesarski-svet.si\/sl\/izdelek\/rog-pony-marin\/#breadcrumb\"},\"inLanguage\":\"sl-SI\",\"potentialAction\":[{\"@type\":\"ReadAction\",\"target\":[\"https:\/\/kolesarski-svet.si\/sl\/izdelek\/rog-pony-marin\/\"]}]},{\"@type\":\"ImageObject\",\"inLanguage\":\"sl-SI\",\"@id\":\"https:\/\/kolesarski-svet.si\/sl\/izdelek\/rog-pony-marin\/#primaryimage\",\"url\":\"https:\/\/kolesarski-svet.si\/wp-content\/uploads\/2020\/09\/Pony_Marin-2.jpg\",\"contentUrl\":\"https:\/\/kolesarski-svet.si\/wp-content\/uploads\/2020\/09\/Pony_Marin-2.jpg\",\"width\":1200,\"height\":901,\"caption\":\"Kolesarski Svet, Rogbikes, Rog Marin, Mestno kolo,\"},{\"@type\":\"BreadcrumbList\",\"@id\":\"https:\/\/kolesarski-svet.si\/sl\/izdelek\/rog-pony-marin\/#breadcrumb\",\"itemListElement\":[{\"@type\":\"ListItem\",\"position\":1,\"name\":\"Home\",\"item\":\"https:\/\/kolesarski-svet.si\/sl\/kolesarski-svet-domov\/\"},{\"@type\":\"ListItem\",\"position\":2,\"name\":\"Trgovina\",\"item\":\"https:\/\/kolesarski-svet.si\/sl\/trgovina\/\"},{\"@type\":\"ListItem\",\"position\":3,\"name\":\"Rog Pony Marin\"}]},{\"@type\":\"WebSite\",\"@id\":\"https:\/\/kolesarski-svet.si\/#website\",\"url\":\"https:\/\/kolesarski-svet.si\/\",\"name\":\"Kolesarski Svet\",\"description\":\"Do\u017eivite lepote Slovenije na kolesu\",\"publisher\":{\"@id\":\"https:\/\/kolesarski-svet.si\/#organization\"},\"potentialAction\":[{\"@type\":\"SearchAction\",\"target\":{\"@type\":\"EntryPoint\",\"urlTemplate\":\"https:\/\/kolesarski-svet.si\/?s={search_term_string}\"},\"query-input\":{\"@type\":\"PropertyValueSpecification\",\"valueRequired\":true,\"valueName\":\"search_term_string\"}}],\"inLanguage\":\"sl-SI\"},{\"@type\":\"Organization\",\"@id\":\"https:\/\/kolesarski-svet.si\/#organization\",\"name\":\"Kolesarski Svet\",\"url\":\"https:\/\/kolesarski-svet.si\/\",\"logo\":{\"@type\":\"ImageObject\",\"inLanguage\":\"sl-SI\",\"@id\":\"https:\/\/kolesarski-svet.si\/#\/schema\/logo\/image\/\",\"url\":\"https:\/\/kolesarski-svet.si\/wp-content\/uploads\/2018\/03\/logo-KS-170.png\",\"contentUrl\":\"https:\/\/kolesarski-svet.si\/wp-content\/uploads\/2018\/03\/logo-KS-170.png\",\"width\":170,\"height\":120,\"caption\":\"Kolesarski Svet\"},\"image\":{\"@id\":\"https:\/\/kolesarski-svet.si\/#\/schema\/logo\/image\/\"},\"sameAs\":[\"https:\/\/www.facebook.com\/KolesarskiSvet\/\",\"https:\/\/www.youtube.com\/channel\/UCaR0d_D0MFnxI1Wpxa2nkAA\"]}]}<\/script>\n<!-- \/ Yoast SEO plugin. -->","yoast_head_json":{"title":"Rog Pony Marin - Kolesarski Svet","description":"Mestno kolo z navdihom. Kolo je kot narejeno za vsakodnevno vo\u017enjo po mestu. Z novim Rog Pony Marin boste na cilju hitreje!","robots":{"index":"index","follow":"follow","max-snippet":"max-snippet:-1","max-image-preview":"max-image-preview:large","max-video-preview":"max-video-preview:-1"},"canonical":"https:\/\/kolesarski-svet.si\/sl\/izdelek\/rog-pony-marin\/","og_locale":"sl_SI","og_type":"article","og_title":"Rog Pony Marin - Kolesarski Svet","og_description":"Mestno kolo z navdihom. Kolo je kot narejeno za vsakodnevno vo\u017enjo po mestu. Z novim Rog Pony Marin boste na cilju hitreje!","og_url":"https:\/\/kolesarski-svet.si\/sl\/izdelek\/rog-pony-marin\/","og_site_name":"Kolesarski Svet","article_publisher":"https:\/\/www.facebook.com\/KolesarskiSvet\/","article_modified_time":"2020-12-27T11:21:56+00:00","og_image":[{"width":1200,"height":901,"url":"https:\/\/kolesarski-svet.si\/wp-content\/uploads\/2020\/09\/Pony_Marin-2.jpg","type":"image\/jpeg"}],"twitter_card":"summary_large_image","twitter_misc":{"Est. reading time":"1 minuta"},"schema":{"@context":"https:\/\/schema.org","@graph":[{"@type":"WebPage","@id":"https:\/\/kolesarski-svet.si\/sl\/izdelek\/rog-pony-marin\/","url":"https:\/\/kolesarski-svet.si\/sl\/izdelek\/rog-pony-marin\/","name":"Rog Pony Marin - Kolesarski Svet","isPartOf":{"@id":"https:\/\/kolesarski-svet.si\/#website"},"primaryImageOfPage":{"@id":"https:\/\/kolesarski-svet.si\/sl\/izdelek\/rog-pony-marin\/#primaryimage"},"image":{"@id":"https:\/\/kolesarski-svet.si\/sl\/izdelek\/rog-pony-marin\/#primaryimage"},"thumbnailUrl":"https:\/\/kolesarski-svet.si\/wp-content\/uploads\/2020\/09\/Pony_Marin-2.jpg","datePublished":"2020-09-25T17:20:13+00:00","dateModified":"2020-12-27T11:21:56+00:00","description":"Mestno kolo z navdihom. Kolo je kot narejeno za vsakodnevno vo\u017enjo po mestu. Z novim Rog Pony Marin boste na cilju hitreje!","breadcrumb":{"@id":"https:\/\/kolesarski-svet.si\/sl\/izdelek\/rog-pony-marin\/#breadcrumb"},"inLanguage":"sl-SI","potentialAction":[{"@type":"ReadAction","target":["https:\/\/kolesarski-svet.si\/sl\/izdelek\/rog-pony-marin\/"]}]},{"@type":"ImageObject","inLanguage":"sl-SI","@id":"https:\/\/kolesarski-svet.si\/sl\/izdelek\/rog-pony-marin\/#primaryimage","url":"https:\/\/kolesarski-svet.si\/wp-content\/uploads\/2020\/09\/Pony_Marin-2.jpg","contentUrl":"https:\/\/kolesarski-svet.si\/wp-content\/uploads\/2020\/09\/Pony_Marin-2.jpg","width":1200,"height":901,"caption":"Kolesarski Svet, Rogbikes, Rog Marin, Mestno kolo,"},{"@type":"BreadcrumbList","@id":"https:\/\/kolesarski-svet.si\/sl\/izdelek\/rog-pony-marin\/#breadcrumb","itemListElement":[{"@type":"ListItem","position":1,"name":"Home","item":"https:\/\/kolesarski-svet.si\/sl\/kolesarski-svet-domov\/"},{"@type":"ListItem","position":2,"name":"Trgovina","item":"https:\/\/kolesarski-svet.si\/sl\/trgovina\/"},{"@type":"ListItem","position":3,"name":"Rog Pony Marin"}]},{"@type":"WebSite","@id":"https:\/\/kolesarski-svet.si\/#website","url":"https:\/\/kolesarski-svet.si\/","name":"Kolesarski Svet","description":"Do\u017eivite lepote Slovenije na kolesu","publisher":{"@id":"https:\/\/kolesarski-svet.si\/#organization"},"potentialAction":[{"@type":"SearchAction","target":{"@type":"EntryPoint","urlTemplate":"https:\/\/kolesarski-svet.si\/?s={search_term_string}"},"query-input":{"@type":"PropertyValueSpecification","valueRequired":true,"valueName":"search_term_string"}}],"inLanguage":"sl-SI"},{"@type":"Organization","@id":"https:\/\/kolesarski-svet.si\/#organization","name":"Kolesarski Svet","url":"https:\/\/kolesarski-svet.si\/","logo":{"@type":"ImageObject","inLanguage":"sl-SI","@id":"https:\/\/kolesarski-svet.si\/#\/schema\/logo\/image\/","url":"https:\/\/kolesarski-svet.si\/wp-content\/uploads\/2018\/03\/logo-KS-170.png","contentUrl":"https:\/\/kolesarski-svet.si\/wp-content\/uploads\/2018\/03\/logo-KS-170.png","width":170,"height":120,"caption":"Kolesarski Svet"},"image":{"@id":"https:\/\/kolesarski-svet.si\/#\/schema\/logo\/image\/"},"sameAs":["https:\/\/www.facebook.com\/KolesarskiSvet\/","https:\/\/www.youtube.com\/channel\/UCaR0d_D0MFnxI1Wpxa2nkAA"]}]}},"_links":{"self":[{"href":"https:\/\/kolesarski-svet.si\/sl\/wp-json\/wp\/v2\/product\/3754","targetHints":{"allow":["GET"]}}],"collection":[{"href":"https:\/\/kolesarski-svet.si\/sl\/wp-json\/wp\/v2\/product"}],"about":[{"href":"https:\/\/kolesarski-svet.si\/sl\/wp-json\/wp\/v2\/types\/product"}],"replies":[{"embeddable":true,"href":"https:\/\/kolesarski-svet.si\/sl\/wp-json\/wp\/v2\/comments?post=3754"}],"wp:featuredmedia":[{"embeddable":true,"href":"https:\/\/kolesarski-svet.si\/sl\/wp-json\/wp\/v2\/media\/3792"}],"wp:attachment":[{"href":"https:\/\/kolesarski-svet.si\/sl\/wp-json\/wp\/v2\/media?parent=3754"}],"wp:term":[{"taxonomy":"product_brand","embeddable":true,"href":"https:\/\/kolesarski-svet.si\/sl\/wp-json\/wp\/v2\/product_brand?post=3754"},{"taxonomy":"product_cat","embeddable":true,"href":"https:\/\/kolesarski-svet.si\/sl\/wp-json\/wp\/v2\/product_cat?post=3754"},{"taxonomy":"product_tag","embeddable":true,"href":"https:\/\/kolesarski-svet.si\/sl\/wp-json\/wp\/v2\/product_tag?post=3754"}],"curies":[{"name":"wp","href":"https:\/\/api.w.org\/{rel}","templated":true}]}}