{"id":3766,"date":"2020-10-12T08:40:52","date_gmt":"2020-10-12T08:40:52","guid":{"rendered":"https:\/\/kolesarski-svet.si\/?post_type=product&#038;p=3766"},"modified":"2023-11-17T20:39:10","modified_gmt":"2023-11-17T20:39:10","slug":"kolesarski-izlet-na-velodrom-dirkaliscno-kolesarstvo","status":"publish","type":"product","link":"https:\/\/kolesarski-svet.si\/sl\/izleti\/kolesarski-izlet-na-velodrom-dirkaliscno-kolesarstvo\/","title":{"rendered":"Kolesarski izlet na Velodrom \u2013 dirkali\u0161\u010dno kolesarstvo"},"content":{"rendered":"<p>Moderni <a href=\"https:\/\/en.wikipedia.org\/wiki\/Velodrome\" target=\"_blank\" rel=\"noopener\">velodromi<\/a> sestojijo iz dveh 180 stopinjskih nagnjenih odvojev in dveh ravninskih odsekov, ki nista vedno brez naklona. Dol\u017eine standardnih velodromov dosegajo dol\u017eine od 150 do 500 metrov, pri \u010demer so olimpijski dolgi najmanj 250 metrov; dol\u017eina 333.3 metra je najbolj priljubljena. Velodromi so lahko notranji oziroma zaprtega tipa ali zunanji. V Sloveniji je edini notranji velodrom v \u010ce\u0161\u010di vasi pri Novem mestu, zgrajen je bil za potrebe mladinskega svetovnega prvenstva v kolesarstvu leta 1996.<\/p>\n<p><span style=\"font-size: 12pt;\"><!--more--><\/span><\/p>\n<table class=\"table table-bordered tours-tabs__table\" style=\"height: 990px; width: 61.1743%;\">\n<tbody>\n<tr style=\"height: 24px;\">\n<td style=\"width: 30.3725%; height: 24px;\"><span style=\"font-size: 12pt;\"><strong>Lokacija ODHODA\/PRIHODA<br \/>\n<\/strong><\/span><\/td>\n<td style=\"width: 68.4814%; height: 24px;\"><span class=\"tlid-translation translation\" lang=\"en\" style=\"font-size: 12pt;\"><span class=\"\" title=\"\"><span class=\"VIiyi\" lang=\"en\"><span class=\"JLqJ4b ChMk0b\" data-language-for-alternatives=\"en\" data-language-to-translate-into=\"sl\" data-phrase-index=\"0\">Dobimo se na parkiri\u0161\u010du med Leclercom\u00a0 in Supernovo\u00a0 na Rudniku<\/span><\/span><\/span><\/span><\/td>\n<\/tr>\n<tr style=\"height: 24px;\">\n<td style=\"width: 30.3725%; height: 24px;\"><span style=\"font-size: 12pt;\"><strong>ZBOR<\/strong><\/span><\/td>\n<td style=\"width: 68.4814%; height: 24px;\"><span style=\"font-size: 12pt;\">ob 15:00 pm<\/span><\/td>\n<\/tr>\n<tr style=\"height: 48px;\">\n<td style=\"width: 30.3725%; height: 48px;\"><span style=\"font-size: 12pt;\"><strong><span class=\"VIiyi\" lang=\"en\"><span class=\"JLqJ4b ChMk0b\" data-language-for-alternatives=\"en\" data-language-to-translate-into=\"sl\" data-phrase-index=\"0\">ODHOD proti Velodromu<\/span><\/span><\/strong><\/span><\/td>\n<td style=\"width: 68.4814%; height: 48px;\"><span style=\"font-size: 12pt;\">ob 15:15 pm<br \/>\n<\/span><\/td>\n<\/tr>\n<tr style=\"height: 24px;\">\n<td style=\"width: 30.3725%; height: 24px;\"><span style=\"font-size: 12pt;\"><strong><span class=\"VIiyi\" lang=\"en\"><span class=\"JLqJ4b ChMk0b\" data-language-for-alternatives=\"en\" data-language-to-translate-into=\"sl\" data-phrase-index=\"0\">PRIHOD na Velodrom<\/span><\/span> <\/strong><\/span><\/td>\n<td style=\"width: 68.4814%; height: 24px;\"><span style=\"font-size: 12pt;\">ob 16:30 pm<br \/>\n<\/span><\/td>\n<\/tr>\n<tr style=\"height: 48px;\">\n<td style=\"width: 30.3725%; height: 48px;\"><span style=\"font-size: 12pt;\"><strong><span class=\"tlid-translation translation\" lang=\"en\"><span class=\"\" title=\"\"><span class=\"VIiyi\" lang=\"en\"><span class=\"JLqJ4b ChMk0b\" data-language-for-alternatives=\"en\" data-language-to-translate-into=\"sl\" data-phrase-index=\"0\">NASTAVITVE profesionalnih koles za Velodrom <\/span><\/span><\/span><\/span><\/strong><\/span><\/td>\n<td style=\"width: 68.4814%; height: 48px;\"><span style=\"font-size: 12pt;\"> 16.30-17:00 pm\u00a0\u00a0 (<span class=\"VIiyi\" lang=\"en\"><span class=\"JLqJ4b ChMk0b\" data-language-for-alternatives=\"en\" data-language-to-translate-into=\"sl\" data-phrase-index=\"0\">kolesa boste dobili tam<\/span><\/span> )<br \/>\n<\/span><\/td>\n<\/tr>\n<tr style=\"height: 72px;\">\n<td style=\"width: 30.3725%; height: 72px;\"><span style=\"font-size: 12pt;\"><strong><span class=\"tlid-translation translation\" lang=\"en\"><span class=\"\" title=\"\"><span class=\"VIiyi\" lang=\"en\"><span class=\"JLqJ4b ChMk0b\" data-language-for-alternatives=\"en\" data-language-to-translate-into=\"sl\" data-phrase-index=\"0\">IZOBRA\u017dEVANJE profesionalnega trenerja, kako voziti po Velodromu\u00a0<\/span><\/span><\/span><\/span><\/strong><\/span><\/td>\n<td style=\"width: 68.4814%; height: 72px;\"><span style=\"font-size: 12pt;\">17:00-18:00 pm\u00a0\u00a0 (obvezno za vse udele\u017eence, ki so prvi\u010d na Velodromu)<br \/>\n<\/span><\/td>\n<\/tr>\n<tr style=\"height: 48px;\">\n<td style=\"width: 30.3725%; height: 48px;\"><span style=\"font-size: 12pt;\"><strong><span class=\"tlid-translation translation\" lang=\"en\"><span class=\"\" title=\"\"><span class=\"VIiyi\" lang=\"en\"><span class=\"JLqJ4b ChMk0b\" data-language-for-alternatives=\"en\" data-language-to-translate-into=\"sl\" data-phrase-index=\"0\">TEKMOVANJE v disciplini\u00a0 \u0160print (mo\u0161ki, \u017eenske)\u00a0 <\/span><\/span><\/span><\/span><\/strong><\/span><\/td>\n<td style=\"width: 68.4814%; height: 48px;\"><span style=\"font-size: 12pt;\">18:00-18:30 pm<\/span><\/td>\n<\/tr>\n<tr>\n<td style=\"width: 30.3725%;\"><span style=\"font-size: 12pt;\"><strong><span class=\"tlid-translation translation\" lang=\"en\"><span class=\"\" title=\"\"><span class=\"VIiyi\" lang=\"en\"><span class=\"JLqJ4b ChMk0b\" data-language-for-alternatives=\"en\" data-language-to-translate-into=\"sl\" data-phrase-index=\"0\">DRU\u017dENJE IN RAHLA VE\u010cERJA (sendvi\u010d, proteinska plo\u0161\u010dica, izotoni\u010dna pija\u010da ali voda)<br \/>\n<\/span><\/span><\/span><\/span><\/strong><\/span><\/td>\n<td style=\"width: 68.4814%;\"><span style=\"font-size: 12pt;\">18:30-19:00 pm<br \/>\n<\/span><\/td>\n<\/tr>\n<tr style=\"height: 24px;\">\n<td style=\"width: 30.3725%; height: 24px;\"><span style=\"font-size: 12pt;\"><strong><span class=\"tlid-translation translation\" lang=\"en\"><span class=\"\" title=\"\"><span class=\"VIiyi\" lang=\"en\"><span class=\"JLqJ4b ChMk0b\" data-language-for-alternatives=\"en\" data-language-to-translate-into=\"sl\" data-phrase-index=\"0\">ODHOD proti Ljubljana <\/span><\/span><\/span><\/span><\/strong><\/span><\/td>\n<td style=\"width: 68.4814%; height: 24px;\"><span style=\"font-size: 12pt;\">19:15\u00a0 pm<br \/>\n<\/span><\/td>\n<\/tr>\n<tr style=\"height: 24px;\">\n<td style=\"width: 30.3725%; height: 24px;\"><span style=\"font-size: 12pt;\"><strong><span class=\"tlid-translation translation\" lang=\"en\"><span class=\"\" title=\"\"><span class=\"VIiyi\" lang=\"en\"><span class=\"JLqJ4b ChMk0b\" data-language-for-alternatives=\"en\" data-language-to-translate-into=\"sl\" data-phrase-index=\"0\">PRIHOD v Ljubljano<br \/>\n<\/span><\/span><\/span><\/span><\/strong><\/span><\/td>\n<td style=\"width: 68.4814%; height: 24px;\"><span style=\"font-size: 12pt;\">20:30 pm<br \/>\n<\/span><\/td>\n<\/tr>\n<tr style=\"height: 520px;\">\n<td style=\"width: 30.3725%; height: 520px;\"><span style=\"font-size: 12pt;\"><strong>VKLJU\u010cUJE<\/strong><\/span><\/td>\n<td style=\"width: 68.4814%; height: 520px;\">\n<table class=\"table table-bordered\" style=\"height: 62px; width: 87.3749%;\">\n<tbody>\n<tr>\n<td style=\"width: 100%;\"><span style=\"font-size: 12pt;\"><i class=\"fa fa-check icon-tick icon-tick--on\"><\/i> <span class=\"VIiyi\" lang=\"en\"><span class=\"JLqJ4b ChMk0b\" data-language-for-alternatives=\"en\" data-language-to-translate-into=\"sl\" data-phrase-index=\"0\">Prevoz z sodobnim kombijem<\/span><\/span> <\/span><\/td>\n<\/tr>\n<tr>\n<td style=\"width: 100%;\"><span style=\"font-size: 12pt;\"><i class=\"fa fa-check icon-tick icon-tick--on\"><\/i> <span class=\"VIiyi\" lang=\"en\"><span class=\"JLqJ4b ChMk0b\" data-language-for-alternatives=\"en\" data-language-to-translate-into=\"sl\" data-phrase-index=\"0\">Vklju\u010den umirjen in zanesljiv voznik kombija<\/span><\/span> <\/span><\/td>\n<\/tr>\n<tr>\n<td style=\"width: 100%;\"><span style=\"font-size: 12pt;\"><i class=\"fa fa-check icon-tick icon-tick--on\"><\/i> <span class=\"VIiyi\" lang=\"en\"><span class=\"JLqJ4b ChMk0b\" data-language-for-alternatives=\"en\" data-language-to-translate-into=\"sl\" data-phrase-index=\"0\">Rezerviran celoten Velodrom za team Kolesarski Svet<\/span><\/span> <\/span><\/td>\n<\/tr>\n<tr>\n<td style=\"width: 100%;\"><span style=\"font-size: 12pt;\"><i class=\"fa fa-check icon-tick icon-tick--on\"><\/i> <span class=\"VIiyi\" lang=\"en\"><span class=\"JLqJ4b ChMk0b\" data-language-for-alternatives=\"en\" data-language-to-translate-into=\"sl\" data-phrase-index=\"0\">Profesionalno vodenje izku\u0161enega turno kolesarskega vodnika<\/span><\/span> <\/span><\/td>\n<\/tr>\n<tr>\n<td style=\"width: 100%;\"><span style=\"font-size: 12pt;\"><i class=\"fa fa-check icon-tick icon-tick--on\"><\/i> Vklju\u010dena vsa profesionalna kolesa, ki so primerna za vo\u017enjo po Velodromu<br \/>\n<\/span><\/td>\n<\/tr>\n<tr>\n<td style=\"width: 100%;\"><span style=\"font-size: 12pt;\"><i class=\"fa fa-check icon-tick icon-tick--on\"><\/i> <span class=\"VIiyi\" lang=\"en\"><span class=\"JLqJ4b ChMk0b\" data-language-for-alternatives=\"en\" data-language-to-translate-into=\"sl\" data-phrase-index=\"0\">Vklju\u010deno<\/span><\/span> izobra\u017eevanje in predstavitev vo\u017enje po Velodromu-Team NM<br \/>\n<\/span><\/td>\n<\/tr>\n<tr>\n<td style=\"width: 100%;\"><span style=\"font-size: 12pt;\"><i class=\"fa fa-check icon-tick icon-tick--on\"><\/i>\u00a0<span class=\"VIiyi\" lang=\"en\"><span class=\"JLqJ4b ChMk0b\" data-language-for-alternatives=\"en\" data-language-to-translate-into=\"sl\" data-phrase-index=\"0\">Vklju\u010dena zdrava rahla ve\u010derja in pija\u010da po dogodku (sendvi\u010d, proteinska plo\u0161\u010dica, brezalkoholna izotoni\u010dna pija\u010da ali voda )<br \/>\n<\/span><\/span><\/span><\/td>\n<\/tr>\n<tr>\n<td style=\"width: 100%;\"><span style=\"font-size: 12pt;\"><i class=\"fa fa-check icon-tick icon-tick--on\"><\/i> <span class=\"VIiyi\" lang=\"en\"><span class=\"JLqJ4b ChMk0b\" data-language-for-alternatives=\"en\" data-language-to-translate-into=\"sl\" data-phrase-index=\"0\"><span class=\"JLqJ4b ChMk0b C1N51c\" data-language-for-alternatives=\"en\" data-language-to-translate-into=\"sl\" data-phrase-index=\"0\">Vklju\u010dena dobra volja in sprostitev po delovnem tednu<\/span><br \/>\n<\/span><\/span><\/span><\/td>\n<\/tr>\n<tr>\n<td style=\"width: 100%;\"><span style=\"font-size: 12pt;\"><i class=\"fa fa-check icon-tick icon-tick--on\"><\/i> <span class=\"VIiyi\" lang=\"en\"><span class=\"JLqJ4b ChMk0b\" data-language-for-alternatives=\"en\" data-language-to-translate-into=\"sl\" data-phrase-index=\"0\">Gratis: ve\u010d zdrave energije in predihana plju\u010da ter bolj\u0161e misli za sprostitev ob koncu tedna<br \/>\n<\/span><\/span><\/span><\/td>\n<\/tr>\n<\/tbody>\n<\/table>\n<\/td>\n<\/tr>\n<\/tbody>\n<\/table>\n<p><span class=\"tlid-translation translation\" lang=\"en\"><span class=\"\" title=\"\">\u2705 <strong>ZAHTEVNOST: 8\/10<\/strong><\/span><\/span><\/p>\n<p><span class=\"tlid-translation translation\" lang=\"en\"><span class=\"\" title=\"\">Kolesarski izlet se izvede ob udele\u017ebi najmanj 6-ih prijavljenih. <\/span><\/span><span class=\"tlid-translation translation\" lang=\"en\"><span class=\"\" title=\"\">Kolesarjenje primerno za vse z dobro telesno kondicijo.<\/span><\/span><\/p>\n<p><span class=\"tlid-translation translation\" lang=\"en\"><span class=\"\" title=\"\"><strong>K<\/strong><span class=\"oi732d6d ik7dh3pa d2edcug0 qv66sw1b c1et5uql a8c37x1j muag1w35 ew0dbk1b jq4qci2q a3bd9o3v knj5qynh oo9gr5id\" dir=\"auto\"><span class=\"oi732d6d ik7dh3pa d2edcug0 qv66sw1b c1et5uql jq4qci2q a3bd9o3v knj5qynh oo9gr5id\"><strong>olesarska \u010delada, kolesarski dres, rokavice\u00a0 in ostala\u00a0<\/strong><span class=\"VIiyi\" lang=\"sl\"><span class=\"JLqJ4b ChMk0b\" data-language-for-alternatives=\"sl\" data-language-to-translate-into=\"auto\" data-phrase-index=\"0\"><strong> ustrezna obla\u010dila so obvezna in jih prinese vsak kolesar s seboj<\/strong>.<\/span><\/span>\u00a0<\/span><\/span><\/span><\/span><strong>Prav tako prinese vsak kolesar s seboj svoja pedala.<\/strong><\/p>\n<div class=\"text-wrap tlid-copy-target\">\n<p>Udele\u017eenec vozi na lastno odgovornost in je dol\u017ean upo\u0161tevati navodila vodje kolesarskega izleta. S prijavo udele\u017eenec potrdi, da se zaveda zahtevnosti kolesarskega izleta, ter da izpolnjuje zdravstvene in fizi\u010dne pogoje za varno sodelovanje.<\/p>\n<\/div>\n<div class=\"text-wrap tlid-copy-target\"><span class=\"tlid-translation translation\" lang=\"en\"><span class=\"\" title=\"\"><span class=\"VIiyi\" lang=\"sl\"><span class=\"JLqJ4b ChMk0b\" data-language-for-alternatives=\"sl\" data-language-to-translate-into=\"auto\" data-phrase-index=\"0\">Dobrodo\u0161li v tem \u010dudovitem notranjem kolesarskem templju<\/span><\/span>. \ud83d\ude09<\/span><\/span><span class=\"tlid-translation translation\" lang=\"en\"><span class=\"\" title=\"\"> <span class=\"tlid-translation translation\" lang=\"sl\"><span title=\"\">U\u017eivajte v kolesarski turi z izku\u0161enim, prijaznim in profesionalnim <a href=\"https:\/\/kolesarski-svet.si\/sl\/izleti\/scete-kolesarskega-vodnika-z-licenco\/\" target=\"_blank\" rel=\"noopener noreferrer\">kolesarskim vodnikom<\/a>. <\/span>V bistvu si \u017eelimo, da bi z nami spoznavali nove kraje\u00a0 in se ob tem odli\u010dno zabavali.<\/span><\/span><\/span><\/div>\n","protected":false},"excerpt":{"rendered":"<p><span style=\"font-size: 12pt;\">Kolesarski izlet na Velodrom \u2013 dirkali\u0161\u010dno kolesarstvo.<\/span><\/p>\n","protected":false},"featured_media":4733,"comment_status":"open","ping_status":"closed","template":"","meta":[],"product_brand":[],"product_cat":[258],"product_tag":[148,548,549,550],"class_list":{"0":"post-3766","1":"product","2":"type-product","3":"status-publish","4":"has-post-thumbnail","6":"product_cat-izleti","7":"product_tag-kolesarski-izlet","8":"product_tag-kolesarski-izlet-na-velodrom-dirkaliscno-kolesarstvo","9":"product_tag-velodrom-sl","10":"product_tag-velodrom-dirkaliscno-kolesarstvo","11":"tour_category-kolesarski-izlet","12":"tour_category-novo-mesto-sl","13":"tour_category-sport","14":"tour_category-velodrom-sl","15":"tour_category-zahtevnejsi-izlet","17":"first","18":"instock","19":"featured","20":"shipping-taxable","21":"purchasable","22":"product-type-tour"},"yoast_head":"<!-- This site is optimized with the Yoast SEO plugin v26.6 - https:\/\/yoast.com\/wordpress\/plugins\/seo\/ -->\n<title>Kolesarski izlet na Velodrom \u2013 dirkali\u0161\u010dno kolesarstvo - Kolesarski Svet<\/title>\n<meta name=\"description\" content=\"Kolesarski izlet na Velodrom \u2013 dirkali\u0161\u010dno kolesarstvo. V Sloveniji je edini notranji velodrom v \u010ce\u0161\u010di vasi pri Novem mestu\" \/>\n<meta name=\"robots\" content=\"index, follow, max-snippet:-1, max-image-preview:large, max-video-preview:-1\" \/>\n<link rel=\"canonical\" href=\"https:\/\/kolesarski-svet.si\/sl\/izleti\/kolesarski-izlet-na-velodrom-dirkaliscno-kolesarstvo\/\" \/>\n<meta property=\"og:locale\" content=\"sl_SI\" \/>\n<meta property=\"og:type\" content=\"article\" \/>\n<meta property=\"og:title\" content=\"Kolesarski izlet na Velodrom \u2013 dirkali\u0161\u010dno kolesarstvo - Kolesarski Svet\" \/>\n<meta property=\"og:description\" content=\"Kolesarski izlet na Velodrom \u2013 dirkali\u0161\u010dno kolesarstvo. V Sloveniji je edini notranji velodrom v \u010ce\u0161\u010di vasi pri Novem mestu\" \/>\n<meta property=\"og:url\" content=\"https:\/\/kolesarski-svet.si\/sl\/izleti\/kolesarski-izlet-na-velodrom-dirkaliscno-kolesarstvo\/\" \/>\n<meta property=\"og:site_name\" content=\"Kolesarski Svet\" \/>\n<meta property=\"article:publisher\" content=\"https:\/\/www.facebook.com\/KolesarskiSvet\/\" \/>\n<meta property=\"article:modified_time\" content=\"2023-11-17T20:39:10+00:00\" \/>\n<meta property=\"og:image\" content=\"https:\/\/kolesarski-svet.si\/wp-content\/uploads\/2020\/10\/Velodrom-3.jpg\" \/>\n\t<meta property=\"og:image:width\" content=\"782\" \/>\n\t<meta property=\"og:image:height\" content=\"537\" \/>\n\t<meta property=\"og:image:type\" content=\"image\/jpeg\" \/>\n<meta name=\"twitter:card\" content=\"summary_large_image\" \/>\n<meta name=\"twitter:label1\" content=\"Est. reading time\" \/>\n\t<meta name=\"twitter:data1\" content=\"3 minute\" \/>\n<script type=\"application\/ld+json\" class=\"yoast-schema-graph\">{\"@context\":\"https:\/\/schema.org\",\"@graph\":[{\"@type\":\"WebPage\",\"@id\":\"https:\/\/kolesarski-svet.si\/sl\/izleti\/kolesarski-izlet-na-velodrom-dirkaliscno-kolesarstvo\/\",\"url\":\"https:\/\/kolesarski-svet.si\/sl\/izleti\/kolesarski-izlet-na-velodrom-dirkaliscno-kolesarstvo\/\",\"name\":\"Kolesarski izlet na Velodrom \u2013 dirkali\u0161\u010dno kolesarstvo - Kolesarski Svet\",\"isPartOf\":{\"@id\":\"https:\/\/kolesarski-svet.si\/#website\"},\"primaryImageOfPage\":{\"@id\":\"https:\/\/kolesarski-svet.si\/sl\/izleti\/kolesarski-izlet-na-velodrom-dirkaliscno-kolesarstvo\/#primaryimage\"},\"image\":{\"@id\":\"https:\/\/kolesarski-svet.si\/sl\/izleti\/kolesarski-izlet-na-velodrom-dirkaliscno-kolesarstvo\/#primaryimage\"},\"thumbnailUrl\":\"https:\/\/kolesarski-svet.si\/wp-content\/uploads\/2020\/10\/Velodrom-3.jpg\",\"datePublished\":\"2020-10-12T08:40:52+00:00\",\"dateModified\":\"2023-11-17T20:39:10+00:00\",\"description\":\"Kolesarski izlet na Velodrom \u2013 dirkali\u0161\u010dno kolesarstvo. V Sloveniji je edini notranji velodrom v \u010ce\u0161\u010di vasi pri Novem mestu\",\"breadcrumb\":{\"@id\":\"https:\/\/kolesarski-svet.si\/sl\/izleti\/kolesarski-izlet-na-velodrom-dirkaliscno-kolesarstvo\/#breadcrumb\"},\"inLanguage\":\"sl-SI\",\"potentialAction\":[{\"@type\":\"ReadAction\",\"target\":[\"https:\/\/kolesarski-svet.si\/sl\/izleti\/kolesarski-izlet-na-velodrom-dirkaliscno-kolesarstvo\/\"]}]},{\"@type\":\"ImageObject\",\"inLanguage\":\"sl-SI\",\"@id\":\"https:\/\/kolesarski-svet.si\/sl\/izleti\/kolesarski-izlet-na-velodrom-dirkaliscno-kolesarstvo\/#primaryimage\",\"url\":\"https:\/\/kolesarski-svet.si\/wp-content\/uploads\/2020\/10\/Velodrom-3.jpg\",\"contentUrl\":\"https:\/\/kolesarski-svet.si\/wp-content\/uploads\/2020\/10\/Velodrom-3.jpg\",\"width\":782,\"height\":537},{\"@type\":\"BreadcrumbList\",\"@id\":\"https:\/\/kolesarski-svet.si\/sl\/izleti\/kolesarski-izlet-na-velodrom-dirkaliscno-kolesarstvo\/#breadcrumb\",\"itemListElement\":[{\"@type\":\"ListItem\",\"position\":1,\"name\":\"Home\",\"item\":\"https:\/\/kolesarski-svet.si\/sl\/kolesarski-svet-domov\/\"},{\"@type\":\"ListItem\",\"position\":2,\"name\":\"Trgovina\",\"item\":\"https:\/\/kolesarski-svet.si\/sl\/trgovina\/\"},{\"@type\":\"ListItem\",\"position\":3,\"name\":\"Kolesarski izlet na Velodrom \u2013 dirkali\u0161\u010dno kolesarstvo\"}]},{\"@type\":\"WebSite\",\"@id\":\"https:\/\/kolesarski-svet.si\/#website\",\"url\":\"https:\/\/kolesarski-svet.si\/\",\"name\":\"Kolesarski Svet\",\"description\":\"Do\u017eivite lepote Slovenije na kolesu\",\"publisher\":{\"@id\":\"https:\/\/kolesarski-svet.si\/#organization\"},\"potentialAction\":[{\"@type\":\"SearchAction\",\"target\":{\"@type\":\"EntryPoint\",\"urlTemplate\":\"https:\/\/kolesarski-svet.si\/?s={search_term_string}\"},\"query-input\":{\"@type\":\"PropertyValueSpecification\",\"valueRequired\":true,\"valueName\":\"search_term_string\"}}],\"inLanguage\":\"sl-SI\"},{\"@type\":\"Organization\",\"@id\":\"https:\/\/kolesarski-svet.si\/#organization\",\"name\":\"Kolesarski Svet\",\"url\":\"https:\/\/kolesarski-svet.si\/\",\"logo\":{\"@type\":\"ImageObject\",\"inLanguage\":\"sl-SI\",\"@id\":\"https:\/\/kolesarski-svet.si\/#\/schema\/logo\/image\/\",\"url\":\"https:\/\/kolesarski-svet.si\/wp-content\/uploads\/2018\/03\/logo-KS-170.png\",\"contentUrl\":\"https:\/\/kolesarski-svet.si\/wp-content\/uploads\/2018\/03\/logo-KS-170.png\",\"width\":170,\"height\":120,\"caption\":\"Kolesarski Svet\"},\"image\":{\"@id\":\"https:\/\/kolesarski-svet.si\/#\/schema\/logo\/image\/\"},\"sameAs\":[\"https:\/\/www.facebook.com\/KolesarskiSvet\/\",\"https:\/\/www.youtube.com\/channel\/UCaR0d_D0MFnxI1Wpxa2nkAA\"]}]}<\/script>\n<!-- \/ Yoast SEO plugin. -->","yoast_head_json":{"title":"Kolesarski izlet na Velodrom \u2013 dirkali\u0161\u010dno kolesarstvo - Kolesarski Svet","description":"Kolesarski izlet na Velodrom \u2013 dirkali\u0161\u010dno kolesarstvo. V Sloveniji je edini notranji velodrom v \u010ce\u0161\u010di vasi pri Novem mestu","robots":{"index":"index","follow":"follow","max-snippet":"max-snippet:-1","max-image-preview":"max-image-preview:large","max-video-preview":"max-video-preview:-1"},"canonical":"https:\/\/kolesarski-svet.si\/sl\/izleti\/kolesarski-izlet-na-velodrom-dirkaliscno-kolesarstvo\/","og_locale":"sl_SI","og_type":"article","og_title":"Kolesarski izlet na Velodrom \u2013 dirkali\u0161\u010dno kolesarstvo - Kolesarski Svet","og_description":"Kolesarski izlet na Velodrom \u2013 dirkali\u0161\u010dno kolesarstvo. V Sloveniji je edini notranji velodrom v \u010ce\u0161\u010di vasi pri Novem mestu","og_url":"https:\/\/kolesarski-svet.si\/sl\/izleti\/kolesarski-izlet-na-velodrom-dirkaliscno-kolesarstvo\/","og_site_name":"Kolesarski Svet","article_publisher":"https:\/\/www.facebook.com\/KolesarskiSvet\/","article_modified_time":"2023-11-17T20:39:10+00:00","og_image":[{"width":782,"height":537,"url":"https:\/\/kolesarski-svet.si\/wp-content\/uploads\/2020\/10\/Velodrom-3.jpg","type":"image\/jpeg"}],"twitter_card":"summary_large_image","twitter_misc":{"Est. reading time":"3 minute"},"schema":{"@context":"https:\/\/schema.org","@graph":[{"@type":"WebPage","@id":"https:\/\/kolesarski-svet.si\/sl\/izleti\/kolesarski-izlet-na-velodrom-dirkaliscno-kolesarstvo\/","url":"https:\/\/kolesarski-svet.si\/sl\/izleti\/kolesarski-izlet-na-velodrom-dirkaliscno-kolesarstvo\/","name":"Kolesarski izlet na Velodrom \u2013 dirkali\u0161\u010dno kolesarstvo - Kolesarski Svet","isPartOf":{"@id":"https:\/\/kolesarski-svet.si\/#website"},"primaryImageOfPage":{"@id":"https:\/\/kolesarski-svet.si\/sl\/izleti\/kolesarski-izlet-na-velodrom-dirkaliscno-kolesarstvo\/#primaryimage"},"image":{"@id":"https:\/\/kolesarski-svet.si\/sl\/izleti\/kolesarski-izlet-na-velodrom-dirkaliscno-kolesarstvo\/#primaryimage"},"thumbnailUrl":"https:\/\/kolesarski-svet.si\/wp-content\/uploads\/2020\/10\/Velodrom-3.jpg","datePublished":"2020-10-12T08:40:52+00:00","dateModified":"2023-11-17T20:39:10+00:00","description":"Kolesarski izlet na Velodrom \u2013 dirkali\u0161\u010dno kolesarstvo. V Sloveniji je edini notranji velodrom v \u010ce\u0161\u010di vasi pri Novem mestu","breadcrumb":{"@id":"https:\/\/kolesarski-svet.si\/sl\/izleti\/kolesarski-izlet-na-velodrom-dirkaliscno-kolesarstvo\/#breadcrumb"},"inLanguage":"sl-SI","potentialAction":[{"@type":"ReadAction","target":["https:\/\/kolesarski-svet.si\/sl\/izleti\/kolesarski-izlet-na-velodrom-dirkaliscno-kolesarstvo\/"]}]},{"@type":"ImageObject","inLanguage":"sl-SI","@id":"https:\/\/kolesarski-svet.si\/sl\/izleti\/kolesarski-izlet-na-velodrom-dirkaliscno-kolesarstvo\/#primaryimage","url":"https:\/\/kolesarski-svet.si\/wp-content\/uploads\/2020\/10\/Velodrom-3.jpg","contentUrl":"https:\/\/kolesarski-svet.si\/wp-content\/uploads\/2020\/10\/Velodrom-3.jpg","width":782,"height":537},{"@type":"BreadcrumbList","@id":"https:\/\/kolesarski-svet.si\/sl\/izleti\/kolesarski-izlet-na-velodrom-dirkaliscno-kolesarstvo\/#breadcrumb","itemListElement":[{"@type":"ListItem","position":1,"name":"Home","item":"https:\/\/kolesarski-svet.si\/sl\/kolesarski-svet-domov\/"},{"@type":"ListItem","position":2,"name":"Trgovina","item":"https:\/\/kolesarski-svet.si\/sl\/trgovina\/"},{"@type":"ListItem","position":3,"name":"Kolesarski izlet na Velodrom \u2013 dirkali\u0161\u010dno kolesarstvo"}]},{"@type":"WebSite","@id":"https:\/\/kolesarski-svet.si\/#website","url":"https:\/\/kolesarski-svet.si\/","name":"Kolesarski Svet","description":"Do\u017eivite lepote Slovenije na kolesu","publisher":{"@id":"https:\/\/kolesarski-svet.si\/#organization"},"potentialAction":[{"@type":"SearchAction","target":{"@type":"EntryPoint","urlTemplate":"https:\/\/kolesarski-svet.si\/?s={search_term_string}"},"query-input":{"@type":"PropertyValueSpecification","valueRequired":true,"valueName":"search_term_string"}}],"inLanguage":"sl-SI"},{"@type":"Organization","@id":"https:\/\/kolesarski-svet.si\/#organization","name":"Kolesarski Svet","url":"https:\/\/kolesarski-svet.si\/","logo":{"@type":"ImageObject","inLanguage":"sl-SI","@id":"https:\/\/kolesarski-svet.si\/#\/schema\/logo\/image\/","url":"https:\/\/kolesarski-svet.si\/wp-content\/uploads\/2018\/03\/logo-KS-170.png","contentUrl":"https:\/\/kolesarski-svet.si\/wp-content\/uploads\/2018\/03\/logo-KS-170.png","width":170,"height":120,"caption":"Kolesarski Svet"},"image":{"@id":"https:\/\/kolesarski-svet.si\/#\/schema\/logo\/image\/"},"sameAs":["https:\/\/www.facebook.com\/KolesarskiSvet\/","https:\/\/www.youtube.com\/channel\/UCaR0d_D0MFnxI1Wpxa2nkAA"]}]}},"_links":{"self":[{"href":"https:\/\/kolesarski-svet.si\/sl\/wp-json\/wp\/v2\/product\/3766","targetHints":{"allow":["GET"]}}],"collection":[{"href":"https:\/\/kolesarski-svet.si\/sl\/wp-json\/wp\/v2\/product"}],"about":[{"href":"https:\/\/kolesarski-svet.si\/sl\/wp-json\/wp\/v2\/types\/product"}],"replies":[{"embeddable":true,"href":"https:\/\/kolesarski-svet.si\/sl\/wp-json\/wp\/v2\/comments?post=3766"}],"wp:featuredmedia":[{"embeddable":true,"href":"https:\/\/kolesarski-svet.si\/sl\/wp-json\/wp\/v2\/media\/4733"}],"wp:attachment":[{"href":"https:\/\/kolesarski-svet.si\/sl\/wp-json\/wp\/v2\/media?parent=3766"}],"wp:term":[{"taxonomy":"product_brand","embeddable":true,"href":"https:\/\/kolesarski-svet.si\/sl\/wp-json\/wp\/v2\/product_brand?post=3766"},{"taxonomy":"product_cat","embeddable":true,"href":"https:\/\/kolesarski-svet.si\/sl\/wp-json\/wp\/v2\/product_cat?post=3766"},{"taxonomy":"product_tag","embeddable":true,"href":"https:\/\/kolesarski-svet.si\/sl\/wp-json\/wp\/v2\/product_tag?post=3766"}],"curies":[{"name":"wp","href":"https:\/\/api.w.org\/{rel}","templated":true}]}}