{"id":3932,"date":"2021-04-13T19:12:47","date_gmt":"2021-04-13T19:12:47","guid":{"rendered":"https:\/\/kolesarski-svet.si\/?post_type=product&#038;p=3932"},"modified":"2021-04-13T19:37:39","modified_gmt":"2021-04-13T19:37:39","slug":"esperia-gorsko-kolo-vermont-27-5-rdec","status":"publish","type":"product","link":"https:\/\/kolesarski-svet.si\/sl\/izdelek\/esperia-gorsko-kolo-vermont-27-5-rdec\/","title":{"rendered":"ESPERIA Gorsko kolo Vermont 27.5&#8221; rde\u010d"},"content":{"rendered":"<h1 class=\"model-listing__detail-title\"><span style=\"font-family: helvetica, arial, sans-serif;\">ESPERIA Gorsko kolo Vermont 27.5\u201d rde\u010d<br \/>\n<\/span><\/h1>\n<p class=\"model-listing__description\"><span class=\"VIiyi\" lang=\"en\" style=\"font-family: helvetica, arial, sans-serif;\"><span class=\"JLqJ4b ChMk0b\" data-language-for-alternatives=\"en\" data-language-to-translate-into=\"sl\" data-phrase-index=\"2\">Gorsko kolo <a href=\"https:\/\/www.cicliesperia.com\/en\/company\/\" target=\"_blank\" rel=\"noopener\">Esperia<\/a> Vermont je namenjeno rekreativnemu kolesarjenju po gozdnih poteh in makadamskih cestah. Vzmeteno kolo z 21 prestavami, vzdr\u017eljivim aluminijastim okvirjem, vzmeteno sprednjo vilico in V-brake zavorami, je prava izbira za vse kolesarje manj\u0161e rasti. \u010ce si \u017eelite raziskovati naravo v bli\u017eini svojega doma, sem in tja sko\u010diti na bli\u017enji gri\u010d, ali se na dru\u017einskem izletu izogniti asfaltnim cestam, potem se boste z Esperia Vermont odli\u010dno ujeli. <\/span><\/span><\/p>\n<p><img decoding=\"async\" class=\"wp-image-3934 size-large\" src=\"https:\/\/kolesarski-svet.si\/wp-content\/uploads\/2021\/04\/Esperia-gorsko-kolo-7200_MATT-RED_b_2-1024x684.jpg\" alt=\"\" width=\"748\" height=\"500\" srcset=\"https:\/\/kolesarski-svet.si\/wp-content\/uploads\/2021\/04\/Esperia-gorsko-kolo-7200_MATT-RED_b_2-1024x684.jpg 1024w, https:\/\/kolesarski-svet.si\/wp-content\/uploads\/2021\/04\/Esperia-gorsko-kolo-7200_MATT-RED_b_2-300x200.jpg 300w, https:\/\/kolesarski-svet.si\/wp-content\/uploads\/2021\/04\/Esperia-gorsko-kolo-7200_MATT-RED_b_2-768x513.jpg 768w, https:\/\/kolesarski-svet.si\/wp-content\/uploads\/2021\/04\/Esperia-gorsko-kolo-7200_MATT-RED_b_2-531x354.jpg 531w, https:\/\/kolesarski-svet.si\/wp-content\/uploads\/2021\/04\/Esperia-gorsko-kolo-7200_MATT-RED_b_2-600x401.jpg 600w, https:\/\/kolesarski-svet.si\/wp-content\/uploads\/2021\/04\/Esperia-gorsko-kolo-7200_MATT-RED_b_2-180x120.jpg 180w, https:\/\/kolesarski-svet.si\/wp-content\/uploads\/2021\/04\/Esperia-gorsko-kolo-7200_MATT-RED_b_2.jpg 1198w\" sizes=\"(max-width: 748px) 100vw, 748px\" \/><\/p>\n<h2 class=\"product-innovation__title\"><span style=\"font-family: helvetica, arial, sans-serif;\">O podjetju Esperia<\/span><\/h2>\n<div class=\"accordion__pane panel\">\n<div id=\"efficient-pedalling_2129\" class=\"accordion__content-container in\">\n<div class=\"accordion__content\">\n<div class=\"product-innovation__main-content\">\n<div class=\"accordion__pane panel\">\n<div id=\"efficient-pedalling_2129\" class=\"accordion__content-container in\">\n<div class=\"accordion__content\"><span style=\"font-family: helvetica, arial, sans-serif;\">Podjetje <a href=\"https:\/\/www.cicliesperia.com\/en\/company\/\" target=\"_blank\" rel=\"noopener\"><strong>Esperia <\/strong>Group<\/a> je po Evropi poznano predvsem kot dobavitelj drugih distribucijskih verig (T<strong>orpado, Fondriest<\/strong>, Legnano\u2026), hkrati pa proizvajajo tudi svoja kolesa. Vsa njihova kolesa odlikuje italijanska kakovost, oblikovanje in inovativnosti po zelo konkuren\u010dnih cenah. Izdelki blagovne znamke <strong>Esperia<\/strong> vklju\u010dujejo razli\u010dne segmente koles, od otro\u0161kih, zlo\u017eljivih, mestnih, treking, tandemov, pa do gorskih in elektri\u010dnih \u2013 imajo torej \u0161irok razpon ponudbe, ki zadovoljuje vse tr\u017ene segmente. \u0160iroka paleta produktov je omogo\u010dena zaradi lastnega proizvodnega procesa. Skupina <strong>Esperia<\/strong> v celoti nadzoruje proizvodni proces in spremlja ukrepe za zagotavljanje kakovosti izdelka v skladu s skrbjo za okolje.\u00a0 <strong>Esperia<\/strong> je eno redkih evropskih podjetij, ki uporablja svoj notranji testni laboratorij za vse izdelke v skladu z evropskimi standardi. Laboratorij so v poslovni proces uvedli leta 2006 v sodelovanju z ITI Maligani iz Vidma. S tem je <strong>Esperia<\/strong> postavila standarde sodobnega razvoja koles v svojem cenovnem razredu.<\/span><\/div>\n<div><\/div>\n<div>\n<div class=\"product-innovation__main-content\">\n<h3 class=\"product-innovation__main-title\"><span style=\"font-family: helvetica, arial, sans-serif;\">Tehni\u010dne specifikacije:<br \/>\n<\/span><\/h3>\n<\/div>\n<\/div>\n<\/div>\n<\/div>\n<\/div>\n<\/div>\n<\/div>\n<\/div>\n<ul>\n<li><span style=\"font-family: helvetica, arial, sans-serif;\"><span dir=\"ltr\"><strong>Okvir:<\/strong>\u00a0\u00a0\u00a0\u00a0\u00a0\u00a0\u00a0\u00a0\u00a0\u00a0 <\/span><span dir=\"ltr\">MTB ALUMINIUM 27.5\u201d<\/span><\/span><\/li>\n<li><span style=\"font-family: helvetica, arial, sans-serif;\"><span dir=\"ltr\"><strong>Vilice:\u00a0\u00a0<\/strong>\u00a0\u00a0\u00a0\u00a0\u00a0\u00a0\u00a0\u00a0 <\/span><span dir=\"ltr\">G.W. N781S SUSPENDED<\/span><\/span><\/li>\n<li><span style=\"font-family: helvetica, arial, sans-serif;\"><span dir=\"ltr\"><strong>Prestave:\u00a0<\/strong>\u00a0\u00a0\u00a0 <\/span><span dir=\"ltr\">SHIMANO TY300 7V<\/span><\/span><\/li>\n<li><span style=\"font-family: helvetica, arial, sans-serif;\"><strong>\u0160tevilo prestav:<\/strong>\u00a0\u00a0 3X7<\/span><\/li>\n<li><span style=\"font-family: helvetica, arial, sans-serif;\"><span dir=\"ltr\"><strong>Prestavne ro\u010dke:\u00a0<\/strong>\u00a0 <\/span><span dir=\"ltr\">REVO 7\u00d73 SAIGUAN<\/span><\/span><\/li>\n<li><span style=\"font-family: helvetica, arial, sans-serif;\"><span dir=\"ltr\"><strong>Gonilka:\u00a0<\/strong>\u00a0\u00a0 <\/span><span dir=\"ltr\">CTL6 TRIPLA 24-34-42\/170<\/span><\/span><\/li>\n<li><span style=\"font-family: helvetica, arial, sans-serif;\"><span dir=\"ltr\"><strong>Zadnji veri\u017eniki:<\/strong>:\u00a0\u00a0\u00a0 <\/span><span dir=\"ltr\">INDEX 7V 14-28<\/span><\/span><\/li>\n<li><span style=\"font-family: helvetica, arial, sans-serif;\"><strong><span dir=\"ltr\">Zavore:\u00a0 <\/span><\/strong><span dir=\"ltr\">V-BRAKE ALUMINIUM<\/span><\/span><\/li>\n<li><span style=\"font-family: helvetica, arial, sans-serif;\"><strong><span dir=\"ltr\">Krmilo:\u00a0 <\/span><\/strong><span dir=\"ltr\">AHEAD-SET ALUMINIUM<\/span><\/span><\/li>\n<li><span style=\"font-family: helvetica, arial, sans-serif;\"><span dir=\"ltr\"><strong>Pla\u0161\u010di:<\/strong> <\/span><span dir=\"ltr\">27.5\u201d BLACK <\/span><\/span><\/li>\n<li><span style=\"font-family: helvetica, arial, sans-serif;\"><span dir=\"ltr\"><strong>Obro\u010di:<\/strong>\u00a0 <\/span><span dir=\"ltr\">ESPERIA 27.5\u201d<\/span><\/span><\/li>\n<li><span style=\"font-family: helvetica, arial, sans-serif;\"><strong><span dir=\"ltr\">Sede\u017e:\u00a0 <\/span><\/strong><span dir=\"ltr\">DDK SA 5311<\/span><\/span><\/li>\n<li><span style=\"font-family: helvetica, arial, sans-serif;\"><strong><span dir=\"ltr\">Velikost okvirja:\u00a0 <\/span><\/strong><span dir=\"ltr\">38 \u2013 46<\/span><\/span><\/li>\n<\/ul>\n","protected":false},"excerpt":{"rendered":"<div class=\"feature-description-single\">\n<div id=\"print-content\">\n<div class=\"item-description\">\n<p>Gorsko kolo Esperia Vermont je namenjeno rekreativnemu kolesarjenju po gozdnih poteh in makadamskih cestah. Vzmeteno kolo z 21 prestavami, vzdr\u017eljivim aluminijastim okvirjem, vzmeteno sprednjo vilico in V-brake zavorami, je prava izbira za vse kolesarje manj\u0161e rasti.<\/p>\n<\/div>\n<\/div>\n<\/div>\n","protected":false},"featured_media":3934,"comment_status":"open","ping_status":"closed","template":"","meta":[],"product_brand":[],"product_cat":[249,385],"product_tag":[587,590,588,320],"class_list":{"0":"post-3932","1":"product","2":"type-product","3":"status-publish","4":"has-post-thumbnail","6":"product_cat-kolesa","7":"product_cat-xc-trail-sl","8":"product_tag-esperia-gorsko-kolo","9":"product_tag-esperia-gorsko-kolo-vermont-27-5-rdec","10":"product_tag-esperia-kolesa","11":"product_tag-kolesarski-svet","13":"first","14":"instock","15":"sale","16":"featured","17":"shipping-taxable","18":"purchasable","19":"product-type-simple"},"yoast_head":"<!-- This site is optimized with the Yoast SEO plugin v26.6 - https:\/\/yoast.com\/wordpress\/plugins\/seo\/ -->\n<title>ESPERIA Gorsko kolo Vermont 27.5&#039;&#039; rde\u010d - Kolesarski Svet<\/title>\n<meta name=\"description\" content=\"ESPERIA Gorsko kolo Vermont 27.5&#039;&#039; rde\u010d je namenjeno rekreativnemu kolesarjenju po gozdnih poteh in makadamskih cestah.\" \/>\n<meta name=\"robots\" content=\"index, follow, max-snippet:-1, max-image-preview:large, max-video-preview:-1\" \/>\n<link rel=\"canonical\" href=\"https:\/\/kolesarski-svet.si\/sl\/izdelek\/esperia-gorsko-kolo-vermont-27-5-rdec\/\" \/>\n<meta property=\"og:locale\" content=\"sl_SI\" \/>\n<meta property=\"og:type\" content=\"article\" \/>\n<meta property=\"og:title\" content=\"ESPERIA Gorsko kolo Vermont 27.5&#039;&#039; rde\u010d - Kolesarski Svet\" \/>\n<meta property=\"og:description\" content=\"ESPERIA Gorsko kolo Vermont 27.5&#039;&#039; rde\u010d je namenjeno rekreativnemu kolesarjenju po gozdnih poteh in makadamskih cestah.\" \/>\n<meta property=\"og:url\" content=\"https:\/\/kolesarski-svet.si\/sl\/izdelek\/esperia-gorsko-kolo-vermont-27-5-rdec\/\" \/>\n<meta property=\"og:site_name\" content=\"Kolesarski Svet\" \/>\n<meta property=\"article:publisher\" content=\"https:\/\/www.facebook.com\/KolesarskiSvet\/\" \/>\n<meta property=\"article:modified_time\" content=\"2021-04-13T19:37:39+00:00\" \/>\n<meta property=\"og:image\" content=\"https:\/\/kolesarski-svet.si\/wp-content\/uploads\/2021\/04\/Esperia-gorsko-kolo-7200_MATT-RED_b_2.jpg\" \/>\n\t<meta property=\"og:image:width\" content=\"1198\" \/>\n\t<meta property=\"og:image:height\" content=\"800\" \/>\n\t<meta property=\"og:image:type\" content=\"image\/jpeg\" \/>\n<meta name=\"twitter:card\" content=\"summary_large_image\" \/>\n<meta name=\"twitter:label1\" content=\"Est. reading time\" \/>\n\t<meta name=\"twitter:data1\" content=\"2 minuti\" \/>\n<script type=\"application\/ld+json\" class=\"yoast-schema-graph\">{\"@context\":\"https:\/\/schema.org\",\"@graph\":[{\"@type\":\"WebPage\",\"@id\":\"https:\/\/kolesarski-svet.si\/sl\/izdelek\/esperia-gorsko-kolo-vermont-27-5-rdec\/\",\"url\":\"https:\/\/kolesarski-svet.si\/sl\/izdelek\/esperia-gorsko-kolo-vermont-27-5-rdec\/\",\"name\":\"ESPERIA Gorsko kolo Vermont 27.5'' rde\u010d - Kolesarski Svet\",\"isPartOf\":{\"@id\":\"https:\/\/kolesarski-svet.si\/#website\"},\"primaryImageOfPage\":{\"@id\":\"https:\/\/kolesarski-svet.si\/sl\/izdelek\/esperia-gorsko-kolo-vermont-27-5-rdec\/#primaryimage\"},\"image\":{\"@id\":\"https:\/\/kolesarski-svet.si\/sl\/izdelek\/esperia-gorsko-kolo-vermont-27-5-rdec\/#primaryimage\"},\"thumbnailUrl\":\"https:\/\/kolesarski-svet.si\/wp-content\/uploads\/2021\/04\/Esperia-gorsko-kolo-7200_MATT-RED_b_2.jpg\",\"datePublished\":\"2021-04-13T19:12:47+00:00\",\"dateModified\":\"2021-04-13T19:37:39+00:00\",\"description\":\"ESPERIA Gorsko kolo Vermont 27.5'' rde\u010d je namenjeno rekreativnemu kolesarjenju po gozdnih poteh in makadamskih cestah.\",\"breadcrumb\":{\"@id\":\"https:\/\/kolesarski-svet.si\/sl\/izdelek\/esperia-gorsko-kolo-vermont-27-5-rdec\/#breadcrumb\"},\"inLanguage\":\"sl-SI\",\"potentialAction\":[{\"@type\":\"ReadAction\",\"target\":[\"https:\/\/kolesarski-svet.si\/sl\/izdelek\/esperia-gorsko-kolo-vermont-27-5-rdec\/\"]}]},{\"@type\":\"ImageObject\",\"inLanguage\":\"sl-SI\",\"@id\":\"https:\/\/kolesarski-svet.si\/sl\/izdelek\/esperia-gorsko-kolo-vermont-27-5-rdec\/#primaryimage\",\"url\":\"https:\/\/kolesarski-svet.si\/wp-content\/uploads\/2021\/04\/Esperia-gorsko-kolo-7200_MATT-RED_b_2.jpg\",\"contentUrl\":\"https:\/\/kolesarski-svet.si\/wp-content\/uploads\/2021\/04\/Esperia-gorsko-kolo-7200_MATT-RED_b_2.jpg\",\"width\":1198,\"height\":800,\"caption\":\"Kolesarski Svet, ESPERIA Gorsko kolo Vermont 27.5'' rde\u010d\"},{\"@type\":\"BreadcrumbList\",\"@id\":\"https:\/\/kolesarski-svet.si\/sl\/izdelek\/esperia-gorsko-kolo-vermont-27-5-rdec\/#breadcrumb\",\"itemListElement\":[{\"@type\":\"ListItem\",\"position\":1,\"name\":\"Home\",\"item\":\"https:\/\/kolesarski-svet.si\/sl\/kolesarski-svet-domov\/\"},{\"@type\":\"ListItem\",\"position\":2,\"name\":\"Trgovina\",\"item\":\"https:\/\/kolesarski-svet.si\/sl\/trgovina\/\"},{\"@type\":\"ListItem\",\"position\":3,\"name\":\"ESPERIA Gorsko kolo Vermont 27.5&#8221; rde\u010d\"}]},{\"@type\":\"WebSite\",\"@id\":\"https:\/\/kolesarski-svet.si\/#website\",\"url\":\"https:\/\/kolesarski-svet.si\/\",\"name\":\"Kolesarski Svet\",\"description\":\"Do\u017eivite lepote Slovenije na kolesu\",\"publisher\":{\"@id\":\"https:\/\/kolesarski-svet.si\/#organization\"},\"potentialAction\":[{\"@type\":\"SearchAction\",\"target\":{\"@type\":\"EntryPoint\",\"urlTemplate\":\"https:\/\/kolesarski-svet.si\/?s={search_term_string}\"},\"query-input\":{\"@type\":\"PropertyValueSpecification\",\"valueRequired\":true,\"valueName\":\"search_term_string\"}}],\"inLanguage\":\"sl-SI\"},{\"@type\":\"Organization\",\"@id\":\"https:\/\/kolesarski-svet.si\/#organization\",\"name\":\"Kolesarski Svet\",\"url\":\"https:\/\/kolesarski-svet.si\/\",\"logo\":{\"@type\":\"ImageObject\",\"inLanguage\":\"sl-SI\",\"@id\":\"https:\/\/kolesarski-svet.si\/#\/schema\/logo\/image\/\",\"url\":\"https:\/\/kolesarski-svet.si\/wp-content\/uploads\/2018\/03\/logo-KS-170.png\",\"contentUrl\":\"https:\/\/kolesarski-svet.si\/wp-content\/uploads\/2018\/03\/logo-KS-170.png\",\"width\":170,\"height\":120,\"caption\":\"Kolesarski Svet\"},\"image\":{\"@id\":\"https:\/\/kolesarski-svet.si\/#\/schema\/logo\/image\/\"},\"sameAs\":[\"https:\/\/www.facebook.com\/KolesarskiSvet\/\",\"https:\/\/www.youtube.com\/channel\/UCaR0d_D0MFnxI1Wpxa2nkAA\"]}]}<\/script>\n<!-- \/ Yoast SEO plugin. -->","yoast_head_json":{"title":"ESPERIA Gorsko kolo Vermont 27.5'' rde\u010d - Kolesarski Svet","description":"ESPERIA Gorsko kolo Vermont 27.5'' rde\u010d je namenjeno rekreativnemu kolesarjenju po gozdnih poteh in makadamskih cestah.","robots":{"index":"index","follow":"follow","max-snippet":"max-snippet:-1","max-image-preview":"max-image-preview:large","max-video-preview":"max-video-preview:-1"},"canonical":"https:\/\/kolesarski-svet.si\/sl\/izdelek\/esperia-gorsko-kolo-vermont-27-5-rdec\/","og_locale":"sl_SI","og_type":"article","og_title":"ESPERIA Gorsko kolo Vermont 27.5'' rde\u010d - Kolesarski Svet","og_description":"ESPERIA Gorsko kolo Vermont 27.5'' rde\u010d je namenjeno rekreativnemu kolesarjenju po gozdnih poteh in makadamskih cestah.","og_url":"https:\/\/kolesarski-svet.si\/sl\/izdelek\/esperia-gorsko-kolo-vermont-27-5-rdec\/","og_site_name":"Kolesarski Svet","article_publisher":"https:\/\/www.facebook.com\/KolesarskiSvet\/","article_modified_time":"2021-04-13T19:37:39+00:00","og_image":[{"width":1198,"height":800,"url":"https:\/\/kolesarski-svet.si\/wp-content\/uploads\/2021\/04\/Esperia-gorsko-kolo-7200_MATT-RED_b_2.jpg","type":"image\/jpeg"}],"twitter_card":"summary_large_image","twitter_misc":{"Est. reading time":"2 minuti"},"schema":{"@context":"https:\/\/schema.org","@graph":[{"@type":"WebPage","@id":"https:\/\/kolesarski-svet.si\/sl\/izdelek\/esperia-gorsko-kolo-vermont-27-5-rdec\/","url":"https:\/\/kolesarski-svet.si\/sl\/izdelek\/esperia-gorsko-kolo-vermont-27-5-rdec\/","name":"ESPERIA Gorsko kolo Vermont 27.5'' rde\u010d - Kolesarski Svet","isPartOf":{"@id":"https:\/\/kolesarski-svet.si\/#website"},"primaryImageOfPage":{"@id":"https:\/\/kolesarski-svet.si\/sl\/izdelek\/esperia-gorsko-kolo-vermont-27-5-rdec\/#primaryimage"},"image":{"@id":"https:\/\/kolesarski-svet.si\/sl\/izdelek\/esperia-gorsko-kolo-vermont-27-5-rdec\/#primaryimage"},"thumbnailUrl":"https:\/\/kolesarski-svet.si\/wp-content\/uploads\/2021\/04\/Esperia-gorsko-kolo-7200_MATT-RED_b_2.jpg","datePublished":"2021-04-13T19:12:47+00:00","dateModified":"2021-04-13T19:37:39+00:00","description":"ESPERIA Gorsko kolo Vermont 27.5'' rde\u010d je namenjeno rekreativnemu kolesarjenju po gozdnih poteh in makadamskih cestah.","breadcrumb":{"@id":"https:\/\/kolesarski-svet.si\/sl\/izdelek\/esperia-gorsko-kolo-vermont-27-5-rdec\/#breadcrumb"},"inLanguage":"sl-SI","potentialAction":[{"@type":"ReadAction","target":["https:\/\/kolesarski-svet.si\/sl\/izdelek\/esperia-gorsko-kolo-vermont-27-5-rdec\/"]}]},{"@type":"ImageObject","inLanguage":"sl-SI","@id":"https:\/\/kolesarski-svet.si\/sl\/izdelek\/esperia-gorsko-kolo-vermont-27-5-rdec\/#primaryimage","url":"https:\/\/kolesarski-svet.si\/wp-content\/uploads\/2021\/04\/Esperia-gorsko-kolo-7200_MATT-RED_b_2.jpg","contentUrl":"https:\/\/kolesarski-svet.si\/wp-content\/uploads\/2021\/04\/Esperia-gorsko-kolo-7200_MATT-RED_b_2.jpg","width":1198,"height":800,"caption":"Kolesarski Svet, ESPERIA Gorsko kolo Vermont 27.5'' rde\u010d"},{"@type":"BreadcrumbList","@id":"https:\/\/kolesarski-svet.si\/sl\/izdelek\/esperia-gorsko-kolo-vermont-27-5-rdec\/#breadcrumb","itemListElement":[{"@type":"ListItem","position":1,"name":"Home","item":"https:\/\/kolesarski-svet.si\/sl\/kolesarski-svet-domov\/"},{"@type":"ListItem","position":2,"name":"Trgovina","item":"https:\/\/kolesarski-svet.si\/sl\/trgovina\/"},{"@type":"ListItem","position":3,"name":"ESPERIA Gorsko kolo Vermont 27.5&#8221; rde\u010d"}]},{"@type":"WebSite","@id":"https:\/\/kolesarski-svet.si\/#website","url":"https:\/\/kolesarski-svet.si\/","name":"Kolesarski Svet","description":"Do\u017eivite lepote Slovenije na kolesu","publisher":{"@id":"https:\/\/kolesarski-svet.si\/#organization"},"potentialAction":[{"@type":"SearchAction","target":{"@type":"EntryPoint","urlTemplate":"https:\/\/kolesarski-svet.si\/?s={search_term_string}"},"query-input":{"@type":"PropertyValueSpecification","valueRequired":true,"valueName":"search_term_string"}}],"inLanguage":"sl-SI"},{"@type":"Organization","@id":"https:\/\/kolesarski-svet.si\/#organization","name":"Kolesarski Svet","url":"https:\/\/kolesarski-svet.si\/","logo":{"@type":"ImageObject","inLanguage":"sl-SI","@id":"https:\/\/kolesarski-svet.si\/#\/schema\/logo\/image\/","url":"https:\/\/kolesarski-svet.si\/wp-content\/uploads\/2018\/03\/logo-KS-170.png","contentUrl":"https:\/\/kolesarski-svet.si\/wp-content\/uploads\/2018\/03\/logo-KS-170.png","width":170,"height":120,"caption":"Kolesarski Svet"},"image":{"@id":"https:\/\/kolesarski-svet.si\/#\/schema\/logo\/image\/"},"sameAs":["https:\/\/www.facebook.com\/KolesarskiSvet\/","https:\/\/www.youtube.com\/channel\/UCaR0d_D0MFnxI1Wpxa2nkAA"]}]}},"_links":{"self":[{"href":"https:\/\/kolesarski-svet.si\/sl\/wp-json\/wp\/v2\/product\/3932","targetHints":{"allow":["GET"]}}],"collection":[{"href":"https:\/\/kolesarski-svet.si\/sl\/wp-json\/wp\/v2\/product"}],"about":[{"href":"https:\/\/kolesarski-svet.si\/sl\/wp-json\/wp\/v2\/types\/product"}],"replies":[{"embeddable":true,"href":"https:\/\/kolesarski-svet.si\/sl\/wp-json\/wp\/v2\/comments?post=3932"}],"wp:featuredmedia":[{"embeddable":true,"href":"https:\/\/kolesarski-svet.si\/sl\/wp-json\/wp\/v2\/media\/3934"}],"wp:attachment":[{"href":"https:\/\/kolesarski-svet.si\/sl\/wp-json\/wp\/v2\/media?parent=3932"}],"wp:term":[{"taxonomy":"product_brand","embeddable":true,"href":"https:\/\/kolesarski-svet.si\/sl\/wp-json\/wp\/v2\/product_brand?post=3932"},{"taxonomy":"product_cat","embeddable":true,"href":"https:\/\/kolesarski-svet.si\/sl\/wp-json\/wp\/v2\/product_cat?post=3932"},{"taxonomy":"product_tag","embeddable":true,"href":"https:\/\/kolesarski-svet.si\/sl\/wp-json\/wp\/v2\/product_tag?post=3932"}],"curies":[{"name":"wp","href":"https:\/\/api.w.org\/{rel}","templated":true}]}}