{"id":3940,"date":"2021-04-15T19:31:13","date_gmt":"2021-04-15T19:31:13","guid":{"rendered":"https:\/\/kolesarski-svet.si\/?post_type=product&#038;p=3940"},"modified":"2021-04-16T07:25:05","modified_gmt":"2021-04-16T07:25:05","slug":"esperia-gorsko-kolo-arizona-29-rumen","status":"publish","type":"product","link":"https:\/\/kolesarski-svet.si\/sl\/izdelek\/esperia-gorsko-kolo-arizona-29-rumen\/","title":{"rendered":"ESPERIA Gorsko kolo Arizona 29&#8221; rumen"},"content":{"rendered":"<h1 class=\"model-listing__detail-title\"><span style=\"font-family: helvetica, arial, sans-serif;\">ESPERIA Gorsko kolo Arizona 29&#8221; rumen<br \/>\n<\/span><\/h1>\n<p class=\"model-listing__description\"><span class=\"VIiyi\" lang=\"en\" style=\"font-family: helvetica, arial, sans-serif;\"><span class=\"JLqJ4b ChMk0b\" data-language-for-alternatives=\"en\" data-language-to-translate-into=\"sl\" data-phrase-index=\"2\">Gorsko kolo <a href=\"https:\/\/www.cicliesperia.com\/en\/company\/\" target=\"_blank\" rel=\"noopener\">Esperia<\/a> Arizona 29&#8221; je namenjeno rekreativnemu kolesarjenju po gozdnih poteh in makadamskih cestah. Vzmeteno kolo z 21 prestavami, vzdr\u017eljivim aluminijastim okvirjem, vzmeteno sprednjo vilico in V-brake zavorami, je prava izbira za vse kolesarje manj\u0161e rasti. \u010ce si \u017eelite raziskovati naravo v bli\u017eini svojega doma, sem in tja sko\u010diti na bli\u017enji gri\u010d, ali se na dru\u017einskem izletu izogniti asfaltnim cestam, potem se boste z Esperia Vermont odli\u010dno ujeli. <\/span><\/span><\/p>\n<p><img decoding=\"async\" class=\"wp-image-3947 size-large\" src=\"https:\/\/kolesarski-svet.si\/wp-content\/uploads\/2021\/04\/Gorsko-kolo-ESPERIA-Arizona-29-rumen_2-1024x613.jpg\" alt=\"\" width=\"748\" height=\"448\" srcset=\"https:\/\/kolesarski-svet.si\/wp-content\/uploads\/2021\/04\/Gorsko-kolo-ESPERIA-Arizona-29-rumen_2-1024x613.jpg 1024w, https:\/\/kolesarski-svet.si\/wp-content\/uploads\/2021\/04\/Gorsko-kolo-ESPERIA-Arizona-29-rumen_2-300x180.jpg 300w, https:\/\/kolesarski-svet.si\/wp-content\/uploads\/2021\/04\/Gorsko-kolo-ESPERIA-Arizona-29-rumen_2-768x460.jpg 768w, https:\/\/kolesarski-svet.si\/wp-content\/uploads\/2021\/04\/Gorsko-kolo-ESPERIA-Arizona-29-rumen_2-600x359.jpg 600w, https:\/\/kolesarski-svet.si\/wp-content\/uploads\/2021\/04\/Gorsko-kolo-ESPERIA-Arizona-29-rumen_2.jpg 1200w\" sizes=\"(max-width: 748px) 100vw, 748px\" \/><\/p>\n<h2 class=\"product-innovation__title\"><span style=\"font-family: helvetica, arial, sans-serif;\">O podjetju Esperia<\/span><\/h2>\n<div class=\"accordion__pane panel\">\n<div id=\"efficient-pedalling_2129\" class=\"accordion__content-container in\">\n<div class=\"accordion__content\">\n<div class=\"product-innovation__main-content\">\n<div class=\"accordion__pane panel\">\n<div id=\"efficient-pedalling_2129\" class=\"accordion__content-container in\">\n<div class=\"accordion__content\"><span style=\"font-family: helvetica, arial, sans-serif;\">Podjetje <a href=\"https:\/\/www.cicliesperia.com\/en\/company\/\" target=\"_blank\" rel=\"noopener\"><strong>Esperia <\/strong>Group<\/a> je po Evropi poznano predvsem kot dobavitelj drugih distribucijskih verig (<strong>Torpado, Fondriest<\/strong>, <strong>Legnano<\/strong>\u2026), hkrati pa proizvajajo tudi svoja kolesa. Vsa njihova kolesa odlikuje italijanska kakovost, oblikovanje in inovativnosti po zelo konkuren\u010dnih cenah. Izdelki blagovne znamke <strong>Esperia<\/strong> vklju\u010dujejo razli\u010dne segmente koles, od otro\u0161kih, zlo\u017eljivih, mestnih, treking, tandemov, pa do gorskih in elektri\u010dnih \u2013 imajo torej \u0161irok razpon ponudbe, ki zadovoljuje vse tr\u017ene segmente. \u0160iroka paleta produktov je omogo\u010dena zaradi lastnega proizvodnega procesa. Skupina <strong>Esperia<\/strong> v celoti nadzoruje proizvodni proces in spremlja ukrepe za zagotavljanje kakovosti izdelka v skladu s skrbjo za okolje.\u00a0 <strong>Esperia<\/strong> je eno redkih evropskih podjetij, ki uporablja svoj notranji testni laboratorij za vse izdelke v skladu z evropskimi standardi. Laboratorij so v poslovni proces uvedli leta 2006 v sodelovanju z ITI Maligani iz Vidma. S tem je <strong>Esperia<\/strong> postavila standarde sodobnega razvoja koles v svojem cenovnem razredu.<\/span><\/div>\n<div><\/div>\n<div>\n<div class=\"product-innovation__main-content\">\n<h3 class=\"product-innovation__main-title\"><span style=\"font-family: helvetica, arial, sans-serif;\">Tehni\u010dne specifikacije:<br \/>\n<\/span><\/h3>\n<\/div>\n<\/div>\n<\/div>\n<\/div>\n<\/div>\n<\/div>\n<\/div>\n<\/div>\n<ul>\n<li><span style=\"font-family: helvetica, arial, sans-serif;\"><span dir=\"ltr\"><strong>Okvir:<\/strong> \u00a0\u00a0 <\/span>MTB 29&#8221; aluminij <\/span><\/li>\n<li><span style=\"font-family: helvetica, arial, sans-serif;\"><span dir=\"ltr\"><strong>Vilice:\u00a0\u00a0<\/strong>\u00a0 <\/span>G.V. 29er N781S vzmetena<\/span><\/li>\n<li><strong>Zadnji menjalnik:<\/strong> Shimano TY300 7V<\/li>\n<li><span style=\"font-family: helvetica, arial, sans-serif;\"><span dir=\"ltr\"><strong>Prestave:\u00a0<\/strong>\u00a0\u00a0\u00a0 <\/span><span dir=\"ltr\">SHIMANO TY300 7V<\/span><\/span><\/li>\n<li><span style=\"font-family: helvetica, arial, sans-serif;\"><strong>\u0160tevilo prestav:<\/strong>\u00a0\u00a0 3X7<\/span><\/li>\n<li><span style=\"font-family: helvetica, arial, sans-serif;\"><span dir=\"ltr\"><strong>Prestavne ro\u010dke:\u00a0<\/strong>\u00a0\u00a0<\/span>Sunrun KD-81 7X3 STI<\/span><\/li>\n<li><span style=\"font-family: helvetica, arial, sans-serif;\"><span dir=\"ltr\"><strong>Gonilka:\u00a0<\/strong>\u00a0\u00a0\u00a0<\/span>MTB Tripla 24\/34\/42<\/span><\/li>\n<li><span style=\"font-family: helvetica, arial, sans-serif;\"><span dir=\"ltr\"><strong>Zadnji veri\u017eniki:<\/strong>:\u00a0\u00a0\u00a0 <\/span><span dir=\"ltr\">Index 7V 14-28 Shunfeng<\/span><\/span><\/li>\n<li><span style=\"font-family: helvetica, arial, sans-serif;\"><strong><span dir=\"ltr\">Zavore:\u00a0\u00a0<\/span><\/strong>Disk (spredaj), V-brake aluminij (zadaj) <\/span><\/li>\n<li><span style=\"font-family: helvetica, arial, sans-serif;\"><strong><span dir=\"ltr\">Krmilo:\u00a0\u00a0<\/span><\/strong>Ahead-set aluminij<\/span><\/li>\n<li><span style=\"font-family: helvetica, arial, sans-serif;\"><span dir=\"ltr\"><strong>Pla\u0161\u010di:<\/strong>\u00a0<\/span>29&#215;2.10 \u010drna<\/span><\/li>\n<li><span style=\"font-family: helvetica, arial, sans-serif;\"><span dir=\"ltr\"><strong>Obro\u010di:<\/strong>\u00a0\u00a0<\/span>Esperia 29ER<\/span><\/li>\n<li><span style=\"font-family: helvetica, arial, sans-serif;\"><strong><span dir=\"ltr\">Sede\u017e:\u00a0 <\/span><\/strong><span dir=\"ltr\">DDK SA 5311<\/span><\/span><\/li>\n<li><span style=\"font-family: helvetica, arial, sans-serif;\"><strong><span dir=\"ltr\">Velikost okvirja:\u00a0 <\/span><\/strong><span dir=\"ltr\">40 \u2013 48<\/span><\/span><\/li>\n<\/ul>\n","protected":false},"excerpt":{"rendered":"<div class=\"feature-description-single\">\n<div id=\"print-content\">\n<div class=\"item-description\">\n<p>Gorsko kolo Esperia Arizona 29&#8221; je namenjeno rekreativnemu kolesarjenju po gozdnih poteh in makadamskih cestah. Vzmeteno kolo z 21 prestavami, vzdr\u017eljivim aluminijastim okvirjem, vzmeteno sprednjo vilico in V-brake zavorami, je prava izbira za vse kolesarje manj\u0161e rasti.<\/p>\n<\/div>\n<\/div>\n<\/div>\n","protected":false},"featured_media":3948,"comment_status":"open","ping_status":"closed","template":"","meta":[],"product_brand":[],"product_cat":[249,385],"product_tag":[587,594,588,320],"class_list":{"0":"post-3940","1":"product","2":"type-product","3":"status-publish","4":"has-post-thumbnail","6":"product_cat-kolesa","7":"product_cat-xc-trail-sl","8":"product_tag-esperia-gorsko-kolo","9":"product_tag-esperia-gorsko-kolo-arizona-29-rumen","10":"product_tag-esperia-kolesa","11":"product_tag-kolesarski-svet","13":"first","14":"instock","15":"sale","16":"featured","17":"shipping-taxable","18":"purchasable","19":"product-type-simple"},"yoast_head":"<!-- This site is optimized with the Yoast SEO plugin v26.6 - https:\/\/yoast.com\/wordpress\/plugins\/seo\/ -->\n<title>ESPERIA Gorsko kolo Arizona 29&#039;&#039; rumen - Kolesarski Svet<\/title>\n<meta name=\"description\" content=\"ESPERIA Gorsko kolo Arizona 29&#039;&#039; rumen je namenjeno rekreativnemu kolesarjenju po gozdnih poteh in makadamskih cestah.\" \/>\n<meta name=\"robots\" content=\"index, follow, max-snippet:-1, max-image-preview:large, max-video-preview:-1\" \/>\n<link rel=\"canonical\" href=\"https:\/\/kolesarski-svet.si\/sl\/izdelek\/esperia-gorsko-kolo-arizona-29-rumen\/\" \/>\n<meta property=\"og:locale\" content=\"sl_SI\" \/>\n<meta property=\"og:type\" content=\"article\" \/>\n<meta property=\"og:title\" content=\"ESPERIA Gorsko kolo Arizona 29&#039;&#039; rumen - Kolesarski Svet\" \/>\n<meta property=\"og:description\" content=\"ESPERIA Gorsko kolo Arizona 29&#039;&#039; rumen je namenjeno rekreativnemu kolesarjenju po gozdnih poteh in makadamskih cestah.\" \/>\n<meta property=\"og:url\" content=\"https:\/\/kolesarski-svet.si\/sl\/izdelek\/esperia-gorsko-kolo-arizona-29-rumen\/\" \/>\n<meta property=\"og:site_name\" content=\"Kolesarski Svet\" \/>\n<meta property=\"article:publisher\" content=\"https:\/\/www.facebook.com\/KolesarskiSvet\/\" \/>\n<meta property=\"article:modified_time\" content=\"2021-04-16T07:25:05+00:00\" \/>\n<meta property=\"og:image\" content=\"https:\/\/kolesarski-svet.si\/wp-content\/uploads\/2021\/04\/Gorsko-kolo-ESPERIA-Arizona-29-rumen_2.jpg\" \/>\n\t<meta property=\"og:image:width\" content=\"1200\" \/>\n\t<meta property=\"og:image:height\" content=\"718\" \/>\n\t<meta property=\"og:image:type\" content=\"image\/jpeg\" \/>\n<meta name=\"twitter:card\" content=\"summary_large_image\" \/>\n<meta name=\"twitter:label1\" content=\"Est. reading time\" \/>\n\t<meta name=\"twitter:data1\" content=\"2 minuti\" \/>\n<script type=\"application\/ld+json\" class=\"yoast-schema-graph\">{\"@context\":\"https:\/\/schema.org\",\"@graph\":[{\"@type\":\"WebPage\",\"@id\":\"https:\/\/kolesarski-svet.si\/sl\/izdelek\/esperia-gorsko-kolo-arizona-29-rumen\/\",\"url\":\"https:\/\/kolesarski-svet.si\/sl\/izdelek\/esperia-gorsko-kolo-arizona-29-rumen\/\",\"name\":\"ESPERIA Gorsko kolo Arizona 29'' rumen - Kolesarski Svet\",\"isPartOf\":{\"@id\":\"https:\/\/kolesarski-svet.si\/#website\"},\"primaryImageOfPage\":{\"@id\":\"https:\/\/kolesarski-svet.si\/sl\/izdelek\/esperia-gorsko-kolo-arizona-29-rumen\/#primaryimage\"},\"image\":{\"@id\":\"https:\/\/kolesarski-svet.si\/sl\/izdelek\/esperia-gorsko-kolo-arizona-29-rumen\/#primaryimage\"},\"thumbnailUrl\":\"https:\/\/kolesarski-svet.si\/wp-content\/uploads\/2021\/04\/Gorsko-kolo-ESPERIA-Arizona-29-rumen_2.jpg\",\"datePublished\":\"2021-04-15T19:31:13+00:00\",\"dateModified\":\"2021-04-16T07:25:05+00:00\",\"description\":\"ESPERIA Gorsko kolo Arizona 29'' rumen je namenjeno rekreativnemu kolesarjenju po gozdnih poteh in makadamskih cestah.\",\"breadcrumb\":{\"@id\":\"https:\/\/kolesarski-svet.si\/sl\/izdelek\/esperia-gorsko-kolo-arizona-29-rumen\/#breadcrumb\"},\"inLanguage\":\"sl-SI\",\"potentialAction\":[{\"@type\":\"ReadAction\",\"target\":[\"https:\/\/kolesarski-svet.si\/sl\/izdelek\/esperia-gorsko-kolo-arizona-29-rumen\/\"]}]},{\"@type\":\"ImageObject\",\"inLanguage\":\"sl-SI\",\"@id\":\"https:\/\/kolesarski-svet.si\/sl\/izdelek\/esperia-gorsko-kolo-arizona-29-rumen\/#primaryimage\",\"url\":\"https:\/\/kolesarski-svet.si\/wp-content\/uploads\/2021\/04\/Gorsko-kolo-ESPERIA-Arizona-29-rumen_2.jpg\",\"contentUrl\":\"https:\/\/kolesarski-svet.si\/wp-content\/uploads\/2021\/04\/Gorsko-kolo-ESPERIA-Arizona-29-rumen_2.jpg\",\"width\":1200,\"height\":718,\"caption\":\"Kolesarski Svet, ESPERIA Gorsko kolo Arizona 29'' rumen\"},{\"@type\":\"BreadcrumbList\",\"@id\":\"https:\/\/kolesarski-svet.si\/sl\/izdelek\/esperia-gorsko-kolo-arizona-29-rumen\/#breadcrumb\",\"itemListElement\":[{\"@type\":\"ListItem\",\"position\":1,\"name\":\"Home\",\"item\":\"https:\/\/kolesarski-svet.si\/sl\/kolesarski-svet-domov\/\"},{\"@type\":\"ListItem\",\"position\":2,\"name\":\"Trgovina\",\"item\":\"https:\/\/kolesarski-svet.si\/sl\/trgovina\/\"},{\"@type\":\"ListItem\",\"position\":3,\"name\":\"ESPERIA Gorsko kolo Arizona 29&#8221; rumen\"}]},{\"@type\":\"WebSite\",\"@id\":\"https:\/\/kolesarski-svet.si\/#website\",\"url\":\"https:\/\/kolesarski-svet.si\/\",\"name\":\"Kolesarski Svet\",\"description\":\"Do\u017eivite lepote Slovenije na kolesu\",\"publisher\":{\"@id\":\"https:\/\/kolesarski-svet.si\/#organization\"},\"potentialAction\":[{\"@type\":\"SearchAction\",\"target\":{\"@type\":\"EntryPoint\",\"urlTemplate\":\"https:\/\/kolesarski-svet.si\/?s={search_term_string}\"},\"query-input\":{\"@type\":\"PropertyValueSpecification\",\"valueRequired\":true,\"valueName\":\"search_term_string\"}}],\"inLanguage\":\"sl-SI\"},{\"@type\":\"Organization\",\"@id\":\"https:\/\/kolesarski-svet.si\/#organization\",\"name\":\"Kolesarski Svet\",\"url\":\"https:\/\/kolesarski-svet.si\/\",\"logo\":{\"@type\":\"ImageObject\",\"inLanguage\":\"sl-SI\",\"@id\":\"https:\/\/kolesarski-svet.si\/#\/schema\/logo\/image\/\",\"url\":\"https:\/\/kolesarski-svet.si\/wp-content\/uploads\/2018\/03\/logo-KS-170.png\",\"contentUrl\":\"https:\/\/kolesarski-svet.si\/wp-content\/uploads\/2018\/03\/logo-KS-170.png\",\"width\":170,\"height\":120,\"caption\":\"Kolesarski Svet\"},\"image\":{\"@id\":\"https:\/\/kolesarski-svet.si\/#\/schema\/logo\/image\/\"},\"sameAs\":[\"https:\/\/www.facebook.com\/KolesarskiSvet\/\",\"https:\/\/www.youtube.com\/channel\/UCaR0d_D0MFnxI1Wpxa2nkAA\"]}]}<\/script>\n<!-- \/ Yoast SEO plugin. -->","yoast_head_json":{"title":"ESPERIA Gorsko kolo Arizona 29'' rumen - Kolesarski Svet","description":"ESPERIA Gorsko kolo Arizona 29'' rumen je namenjeno rekreativnemu kolesarjenju po gozdnih poteh in makadamskih cestah.","robots":{"index":"index","follow":"follow","max-snippet":"max-snippet:-1","max-image-preview":"max-image-preview:large","max-video-preview":"max-video-preview:-1"},"canonical":"https:\/\/kolesarski-svet.si\/sl\/izdelek\/esperia-gorsko-kolo-arizona-29-rumen\/","og_locale":"sl_SI","og_type":"article","og_title":"ESPERIA Gorsko kolo Arizona 29'' rumen - Kolesarski Svet","og_description":"ESPERIA Gorsko kolo Arizona 29'' rumen je namenjeno rekreativnemu kolesarjenju po gozdnih poteh in makadamskih cestah.","og_url":"https:\/\/kolesarski-svet.si\/sl\/izdelek\/esperia-gorsko-kolo-arizona-29-rumen\/","og_site_name":"Kolesarski Svet","article_publisher":"https:\/\/www.facebook.com\/KolesarskiSvet\/","article_modified_time":"2021-04-16T07:25:05+00:00","og_image":[{"width":1200,"height":718,"url":"https:\/\/kolesarski-svet.si\/wp-content\/uploads\/2021\/04\/Gorsko-kolo-ESPERIA-Arizona-29-rumen_2.jpg","type":"image\/jpeg"}],"twitter_card":"summary_large_image","twitter_misc":{"Est. reading time":"2 minuti"},"schema":{"@context":"https:\/\/schema.org","@graph":[{"@type":"WebPage","@id":"https:\/\/kolesarski-svet.si\/sl\/izdelek\/esperia-gorsko-kolo-arizona-29-rumen\/","url":"https:\/\/kolesarski-svet.si\/sl\/izdelek\/esperia-gorsko-kolo-arizona-29-rumen\/","name":"ESPERIA Gorsko kolo Arizona 29'' rumen - Kolesarski Svet","isPartOf":{"@id":"https:\/\/kolesarski-svet.si\/#website"},"primaryImageOfPage":{"@id":"https:\/\/kolesarski-svet.si\/sl\/izdelek\/esperia-gorsko-kolo-arizona-29-rumen\/#primaryimage"},"image":{"@id":"https:\/\/kolesarski-svet.si\/sl\/izdelek\/esperia-gorsko-kolo-arizona-29-rumen\/#primaryimage"},"thumbnailUrl":"https:\/\/kolesarski-svet.si\/wp-content\/uploads\/2021\/04\/Gorsko-kolo-ESPERIA-Arizona-29-rumen_2.jpg","datePublished":"2021-04-15T19:31:13+00:00","dateModified":"2021-04-16T07:25:05+00:00","description":"ESPERIA Gorsko kolo Arizona 29'' rumen je namenjeno rekreativnemu kolesarjenju po gozdnih poteh in makadamskih cestah.","breadcrumb":{"@id":"https:\/\/kolesarski-svet.si\/sl\/izdelek\/esperia-gorsko-kolo-arizona-29-rumen\/#breadcrumb"},"inLanguage":"sl-SI","potentialAction":[{"@type":"ReadAction","target":["https:\/\/kolesarski-svet.si\/sl\/izdelek\/esperia-gorsko-kolo-arizona-29-rumen\/"]}]},{"@type":"ImageObject","inLanguage":"sl-SI","@id":"https:\/\/kolesarski-svet.si\/sl\/izdelek\/esperia-gorsko-kolo-arizona-29-rumen\/#primaryimage","url":"https:\/\/kolesarski-svet.si\/wp-content\/uploads\/2021\/04\/Gorsko-kolo-ESPERIA-Arizona-29-rumen_2.jpg","contentUrl":"https:\/\/kolesarski-svet.si\/wp-content\/uploads\/2021\/04\/Gorsko-kolo-ESPERIA-Arizona-29-rumen_2.jpg","width":1200,"height":718,"caption":"Kolesarski Svet, ESPERIA Gorsko kolo Arizona 29'' rumen"},{"@type":"BreadcrumbList","@id":"https:\/\/kolesarski-svet.si\/sl\/izdelek\/esperia-gorsko-kolo-arizona-29-rumen\/#breadcrumb","itemListElement":[{"@type":"ListItem","position":1,"name":"Home","item":"https:\/\/kolesarski-svet.si\/sl\/kolesarski-svet-domov\/"},{"@type":"ListItem","position":2,"name":"Trgovina","item":"https:\/\/kolesarski-svet.si\/sl\/trgovina\/"},{"@type":"ListItem","position":3,"name":"ESPERIA Gorsko kolo Arizona 29&#8221; rumen"}]},{"@type":"WebSite","@id":"https:\/\/kolesarski-svet.si\/#website","url":"https:\/\/kolesarski-svet.si\/","name":"Kolesarski Svet","description":"Do\u017eivite lepote Slovenije na kolesu","publisher":{"@id":"https:\/\/kolesarski-svet.si\/#organization"},"potentialAction":[{"@type":"SearchAction","target":{"@type":"EntryPoint","urlTemplate":"https:\/\/kolesarski-svet.si\/?s={search_term_string}"},"query-input":{"@type":"PropertyValueSpecification","valueRequired":true,"valueName":"search_term_string"}}],"inLanguage":"sl-SI"},{"@type":"Organization","@id":"https:\/\/kolesarski-svet.si\/#organization","name":"Kolesarski Svet","url":"https:\/\/kolesarski-svet.si\/","logo":{"@type":"ImageObject","inLanguage":"sl-SI","@id":"https:\/\/kolesarski-svet.si\/#\/schema\/logo\/image\/","url":"https:\/\/kolesarski-svet.si\/wp-content\/uploads\/2018\/03\/logo-KS-170.png","contentUrl":"https:\/\/kolesarski-svet.si\/wp-content\/uploads\/2018\/03\/logo-KS-170.png","width":170,"height":120,"caption":"Kolesarski Svet"},"image":{"@id":"https:\/\/kolesarski-svet.si\/#\/schema\/logo\/image\/"},"sameAs":["https:\/\/www.facebook.com\/KolesarskiSvet\/","https:\/\/www.youtube.com\/channel\/UCaR0d_D0MFnxI1Wpxa2nkAA"]}]}},"_links":{"self":[{"href":"https:\/\/kolesarski-svet.si\/sl\/wp-json\/wp\/v2\/product\/3940","targetHints":{"allow":["GET"]}}],"collection":[{"href":"https:\/\/kolesarski-svet.si\/sl\/wp-json\/wp\/v2\/product"}],"about":[{"href":"https:\/\/kolesarski-svet.si\/sl\/wp-json\/wp\/v2\/types\/product"}],"replies":[{"embeddable":true,"href":"https:\/\/kolesarski-svet.si\/sl\/wp-json\/wp\/v2\/comments?post=3940"}],"wp:featuredmedia":[{"embeddable":true,"href":"https:\/\/kolesarski-svet.si\/sl\/wp-json\/wp\/v2\/media\/3948"}],"wp:attachment":[{"href":"https:\/\/kolesarski-svet.si\/sl\/wp-json\/wp\/v2\/media?parent=3940"}],"wp:term":[{"taxonomy":"product_brand","embeddable":true,"href":"https:\/\/kolesarski-svet.si\/sl\/wp-json\/wp\/v2\/product_brand?post=3940"},{"taxonomy":"product_cat","embeddable":true,"href":"https:\/\/kolesarski-svet.si\/sl\/wp-json\/wp\/v2\/product_cat?post=3940"},{"taxonomy":"product_tag","embeddable":true,"href":"https:\/\/kolesarski-svet.si\/sl\/wp-json\/wp\/v2\/product_tag?post=3940"}],"curies":[{"name":"wp","href":"https:\/\/api.w.org\/{rel}","templated":true}]}}