{"id":3951,"date":"2021-04-18T17:47:39","date_gmt":"2021-04-18T17:47:40","guid":{"rendered":"https:\/\/kolesarski-svet.si\/?post_type=product&#038;p=3951"},"modified":"2022-03-29T10:28:45","modified_gmt":"2022-03-29T10:28:45","slug":"esperia-otrosko-kolo-penguins-9600d-18","status":"publish","type":"product","link":"https:\/\/kolesarski-svet.si\/sl\/izdelek\/esperia-otrosko-kolo-penguins-9600d-18\/","title":{"rendered":"ESPERIA Otro\u0161ko kolo Penguins 9600D 18&#8243;"},"content":{"rendered":"<h1 class=\"model-listing__detail-title\"><span style=\"font-family: helvetica, arial, sans-serif;\">ESPERIA Otro\u0161ko kolo Penguins 9600D 18&#8243;<br \/>\n<\/span><\/h1>\n<p class=\"model-listing__description\"><span style=\"font-family: helvetica, arial, sans-serif;\"><span style=\"font-size: 12pt;\"><span class=\"VIiyi\" lang=\"en\"><span class=\"JLqJ4b ChMk0b\" data-language-for-alternatives=\"en\" data-language-to-translate-into=\"sl\" data-phrase-index=\"0\"><a href=\"https:\/\/www.cicliesperia.com\/en\/kids\/\" target=\"_blank\" rel=\"noopener\">Esperia<\/a>\u00a0 otro\u0161ko kolo <\/span><\/span><\/span>Penguins 9600D 18&#8243; <span style=\"font-size: 12pt;\"><span class=\"VIiyi\" lang=\"en\"><span class=\"JLqJ4b ChMk0b\" data-language-for-alternatives=\"en\" data-language-to-translate-into=\"sl\" data-phrase-index=\"2\">je namenjeno otrokom med 4 in 6 letom starosti. Je odli\u010den izdelek za vstop v svet otro\u0161kega kolesarstva. Naj bo prav Panda 9600D kolo, na katerem se bodo va\u0161i otroci nau\u010dili prvih kolesarskih prvin. <\/span><\/span> <\/span><\/span><\/p>\n<p><span style=\"font-family: helvetica, arial, sans-serif;\"><img decoding=\"async\" class=\"wp-image-3953 size-full\" src=\"https:\/\/kolesarski-svet.si\/wp-content\/uploads\/2021\/04\/ESPERIA-Penguins-9600D-18_2.jpg\" alt=\"\" width=\"800\" height=\"534\" srcset=\"https:\/\/kolesarski-svet.si\/wp-content\/uploads\/2021\/04\/ESPERIA-Penguins-9600D-18_2.jpg 800w, https:\/\/kolesarski-svet.si\/wp-content\/uploads\/2021\/04\/ESPERIA-Penguins-9600D-18_2-300x200.jpg 300w, https:\/\/kolesarski-svet.si\/wp-content\/uploads\/2021\/04\/ESPERIA-Penguins-9600D-18_2-768x513.jpg 768w, https:\/\/kolesarski-svet.si\/wp-content\/uploads\/2021\/04\/ESPERIA-Penguins-9600D-18_2-531x354.jpg 531w, https:\/\/kolesarski-svet.si\/wp-content\/uploads\/2021\/04\/ESPERIA-Penguins-9600D-18_2-600x401.jpg 600w, https:\/\/kolesarski-svet.si\/wp-content\/uploads\/2021\/04\/ESPERIA-Penguins-9600D-18_2-180x120.jpg 180w\" sizes=\"(max-width: 800px) 100vw, 800px\" \/><\/span><\/p>\n<p class=\"product-innovation__title\"><strong><span style=\"font-family: helvetica, arial, sans-serif; font-size: 18pt;\">O podjetju Esperia<\/span><\/strong><\/p>\n<div class=\"accordion__pane panel\">\n<div id=\"efficient-pedalling_2129\" class=\"accordion__content-container in\">\n<div class=\"accordion__content\">\n<div class=\"product-innovation__main-content\">\n<div class=\"accordion__pane panel\">\n<div id=\"efficient-pedalling_2129\" class=\"accordion__content-container in\">\n<div class=\"accordion__content\"><span style=\"font-family: helvetica, arial, sans-serif;\">Podjetje <a href=\"https:\/\/www.cicliesperia.com\/en\/company\/\" target=\"_blank\" rel=\"noopener\"><strong>Esperia<\/strong><\/a> Group je po Evropi poznano predvsem kot dobavitelj drugih distribucijskih verig (<strong>Torpado, Fondriest<\/strong>, Legnano\u2026), hkrati pa proizvajajo tudi svoja kolesa. Vsa njihova kolesa odlikuje italijanska kakovost, oblikovanje in inovativnosti po zelo konkuren\u010dnih cenah. Izdelki blagovne znamke <strong>Esperia<\/strong> vklju\u010dujejo razli\u010dne segmente koles, od otro\u0161kih, zlo\u017eljivih, mestnih, treking, tandemov, pa do gorskih in elektri\u010dnih \u2013 imajo torej \u0161irok razpon ponudbe, ki zadovoljuje vse tr\u017ene segmente. \u0160iroka paleta produktov je omogo\u010dena zaradi lastnega proizvodnega procesa. Skupina <strong>Esperia<\/strong> v celoti nadzoruje proizvodni proces in spremlja ukrepe za zagotavljanje kakovosti izdelka v skladu s skrbjo za okolje.\u00a0 <strong>Esperia<\/strong> je eno redkih evropskih podjetij, ki uporablja svoj notranji testni laboratorij za vse izdelke v skladu z evropskimi standardi. Laboratorij so v poslovni proces uvedli leta 2006 v sodelovanju z ITI Maligani iz Vidma. S tem je <strong>Esperia<\/strong> postavila standarde sodobnega razvoja koles v svojem cenovnem razredu.<br \/>\n<\/span><\/div>\n<div class=\"accordion__content\">\n<div class=\"product-innovation__main-content\">\n<p>&nbsp;<\/p>\n<p class=\"product-innovation__main-title\"><span style=\"font-family: helvetica, arial, sans-serif;\"><strong><span style=\"font-size: 18pt;\"><span class=\"VIiyi\" lang=\"sl\"><span class=\"JLqJ4b ChMk0b\" data-language-for-alternatives=\"sl\" data-language-to-translate-into=\"en\" data-phrase-index=\"0\">Tehni\u010dne specifikacije<\/span><\/span> <\/span><\/strong><\/span><\/p>\n<\/div>\n<\/div>\n<\/div>\n<\/div>\n<\/div>\n<\/div>\n<\/div>\n<\/div>\n<ul>\n<li><span style=\"font-family: helvetica, arial, sans-serif; font-size: 12pt;\"><span dir=\"ltr\"><strong>Okvir:<\/strong>\u00a0 <\/span><span dir=\"ltr\">MTB 18\u201d Jeklo<\/span><\/span><\/li>\n<li><span style=\"font-family: helvetica, arial, sans-serif; font-size: 12pt;\"><span dir=\"ltr\"><strong>Vilice:<\/strong>\u00a0 <\/span><span dir=\"ltr\">MTB 18\u201d trde vilice<br \/>\n<\/span><\/span><\/li>\n<li><span style=\"font-family: helvetica, arial, sans-serif; font-size: 12pt;\"><strong><span dir=\"ltr\">Prestave:\u00a0 <\/span><\/strong><span dir=\"ltr\">SHIMANO TY300 7V<\/span><\/span><\/li>\n<li><span style=\"font-family: helvetica, arial, sans-serif; font-size: 12pt;\"><span dir=\"ltr\"><strong><span class=\"VIiyi\" lang=\"sl\"><span class=\"JLqJ4b ChMk0b\" data-language-for-alternatives=\"sl\" data-language-to-translate-into=\"en\" data-phrase-index=\"0\">Veri\u017enik<\/span><\/span>:<\/strong>\u00a0 <\/span><span dir=\"ltr\">32&#215;127 Jeklo<\/span><\/span><\/li>\n<li><span style=\"font-family: helvetica, arial, sans-serif; font-size: 12pt;\"><strong><span dir=\"ltr\">Prosti tek:\u00a0 <\/span><\/strong><span dir=\"ltr\">JINDAL 16D<\/span><\/span><\/li>\n<li><span style=\"font-family: helvetica, arial, sans-serif; font-size: 12pt;\"><strong><span dir=\"ltr\">Zavore:\u00a0 <\/span><\/strong><span dir=\"ltr\">V-BRAKE Jeklo<\/span><\/span><\/li>\n<li><span style=\"font-family: helvetica, arial, sans-serif; font-size: 12pt;\"><span dir=\"ltr\"><strong>Krmilo:<\/strong>\u00a0 <\/span><span dir=\"ltr\">MTB BIMBO Jeklo<br \/>\n<\/span><\/span><\/li>\n<li><span style=\"font-family: helvetica, arial, sans-serif; font-size: 12pt;\"><span dir=\"ltr\"><strong>Pla\u0161\u010di:\u00a0<\/strong> 18X175 \u010drni<\/span><\/span><\/li>\n<li><span style=\"font-family: helvetica, arial, sans-serif; font-size: 12pt;\"><span dir=\"ltr\"><strong>Kolesa:<\/strong>\u00a0 <\/span><span dir=\"ltr\">ESPERIA 18&#8243;<\/span><\/span><\/li>\n<li><span style=\"font-family: helvetica, arial, sans-serif; font-size: 12pt;\"><span dir=\"ltr\"><strong>Sede\u017e:<\/strong>\u00a0 <\/span><span dir=\"ltr\">MTB JUNIOR<\/span><\/span><\/li>\n<\/ul>\n","protected":false},"excerpt":{"rendered":"<div class=\"feature-description-single\">\n<div class=\"feature-description-single\">\n<div class=\"feature-description-single\"><span style=\"font-size: 12pt;\"><span class=\"VIiyi\" lang=\"en\"><span class=\"JLqJ4b ChMk0b\" data-language-for-alternatives=\"en\" data-language-to-translate-into=\"sl\" data-phrase-index=\"1\"><span style=\"font-family: georgia, palatino, serif;\">Otro\u0161ko kolo Esperia Penguins 9600D je namenjeno otrokom med 4 in 6 letom starosti. Je odli\u010den izdelek za vstop v svet otro\u0161kega kolesarstva. Naj bo prav Penguins 9600D kolo, na katerem se bodo va\u0161i otroci nau\u010dili prvih kolesarskih prvin.<\/span> <\/span><\/span><\/span><\/div>\n<\/div>\n<\/div>\n","protected":false},"featured_media":3953,"comment_status":"open","ping_status":"closed","template":"","meta":[],"product_brand":[],"product_cat":[599,249],"product_tag":[588,601,602,320,600],"class_list":{"0":"post-3951","1":"product","2":"type-product","3":"status-publish","4":"has-post-thumbnail","6":"product_cat-otroska-kolesa","7":"product_cat-kolesa","8":"product_tag-esperia-kolesa","9":"product_tag-esperia-otrosko-kolo","10":"product_tag-esperia-otrosko-kolo-penguins-9600d-18","11":"product_tag-kolesarski-svet","12":"product_tag-otrosko-kolo","14":"first","15":"instock","16":"featured","17":"shipping-taxable","18":"purchasable","19":"product-type-simple"},"yoast_head":"<!-- This site is optimized with the Yoast SEO plugin v26.6 - https:\/\/yoast.com\/wordpress\/plugins\/seo\/ -->\n<title>ESPERIA Otro\u0161ko kolo Penguins 9600D 18&quot; - Kolesarski Svet<\/title>\n<meta name=\"description\" content=\"ESPERIA Otro\u0161ko kolo Penguins 9600D je namenjeno otrokom med 4 in 6 letom starosti.\" \/>\n<meta name=\"robots\" content=\"index, follow, max-snippet:-1, max-image-preview:large, max-video-preview:-1\" \/>\n<link rel=\"canonical\" href=\"https:\/\/kolesarski-svet.si\/sl\/izdelek\/esperia-otrosko-kolo-penguins-9600d-18\/\" \/>\n<meta property=\"og:locale\" content=\"sl_SI\" \/>\n<meta property=\"og:type\" content=\"article\" \/>\n<meta property=\"og:title\" content=\"ESPERIA Otro\u0161ko kolo Penguins 9600D 18&quot; - Kolesarski Svet\" \/>\n<meta property=\"og:description\" content=\"ESPERIA Otro\u0161ko kolo Penguins 9600D je namenjeno otrokom med 4 in 6 letom starosti.\" \/>\n<meta property=\"og:url\" content=\"https:\/\/kolesarski-svet.si\/sl\/izdelek\/esperia-otrosko-kolo-penguins-9600d-18\/\" \/>\n<meta property=\"og:site_name\" content=\"Kolesarski Svet\" \/>\n<meta property=\"article:publisher\" content=\"https:\/\/www.facebook.com\/KolesarskiSvet\/\" \/>\n<meta property=\"article:modified_time\" content=\"2022-03-29T10:28:45+00:00\" \/>\n<meta property=\"og:image\" content=\"https:\/\/kolesarski-svet.si\/wp-content\/uploads\/2021\/04\/ESPERIA-Penguins-9600D-18_2.jpg\" \/>\n\t<meta property=\"og:image:width\" content=\"800\" \/>\n\t<meta property=\"og:image:height\" content=\"534\" \/>\n\t<meta property=\"og:image:type\" content=\"image\/jpeg\" \/>\n<meta name=\"twitter:card\" content=\"summary_large_image\" \/>\n<meta name=\"twitter:label1\" content=\"Est. reading time\" \/>\n\t<meta name=\"twitter:data1\" content=\"2 minuti\" \/>\n<script type=\"application\/ld+json\" class=\"yoast-schema-graph\">{\"@context\":\"https:\/\/schema.org\",\"@graph\":[{\"@type\":\"WebPage\",\"@id\":\"https:\/\/kolesarski-svet.si\/sl\/izdelek\/esperia-otrosko-kolo-penguins-9600d-18\/\",\"url\":\"https:\/\/kolesarski-svet.si\/sl\/izdelek\/esperia-otrosko-kolo-penguins-9600d-18\/\",\"name\":\"ESPERIA Otro\u0161ko kolo Penguins 9600D 18\\\" - Kolesarski Svet\",\"isPartOf\":{\"@id\":\"https:\/\/kolesarski-svet.si\/#website\"},\"primaryImageOfPage\":{\"@id\":\"https:\/\/kolesarski-svet.si\/sl\/izdelek\/esperia-otrosko-kolo-penguins-9600d-18\/#primaryimage\"},\"image\":{\"@id\":\"https:\/\/kolesarski-svet.si\/sl\/izdelek\/esperia-otrosko-kolo-penguins-9600d-18\/#primaryimage\"},\"thumbnailUrl\":\"https:\/\/kolesarski-svet.si\/wp-content\/uploads\/2021\/04\/ESPERIA-Penguins-9600D-18_2.jpg\",\"datePublished\":\"2021-04-18T17:47:40+00:00\",\"dateModified\":\"2022-03-29T10:28:45+00:00\",\"description\":\"ESPERIA Otro\u0161ko kolo Penguins 9600D je namenjeno otrokom med 4 in 6 letom starosti.\",\"breadcrumb\":{\"@id\":\"https:\/\/kolesarski-svet.si\/sl\/izdelek\/esperia-otrosko-kolo-penguins-9600d-18\/#breadcrumb\"},\"inLanguage\":\"sl-SI\",\"potentialAction\":[{\"@type\":\"ReadAction\",\"target\":[\"https:\/\/kolesarski-svet.si\/sl\/izdelek\/esperia-otrosko-kolo-penguins-9600d-18\/\"]}]},{\"@type\":\"ImageObject\",\"inLanguage\":\"sl-SI\",\"@id\":\"https:\/\/kolesarski-svet.si\/sl\/izdelek\/esperia-otrosko-kolo-penguins-9600d-18\/#primaryimage\",\"url\":\"https:\/\/kolesarski-svet.si\/wp-content\/uploads\/2021\/04\/ESPERIA-Penguins-9600D-18_2.jpg\",\"contentUrl\":\"https:\/\/kolesarski-svet.si\/wp-content\/uploads\/2021\/04\/ESPERIA-Penguins-9600D-18_2.jpg\",\"width\":800,\"height\":534,\"caption\":\"Kolesarski Svet, ESPERIA Otro\u0161ko kolo Penguins 9600D 18\\\"\"},{\"@type\":\"BreadcrumbList\",\"@id\":\"https:\/\/kolesarski-svet.si\/sl\/izdelek\/esperia-otrosko-kolo-penguins-9600d-18\/#breadcrumb\",\"itemListElement\":[{\"@type\":\"ListItem\",\"position\":1,\"name\":\"Home\",\"item\":\"https:\/\/kolesarski-svet.si\/sl\/kolesarski-svet-domov\/\"},{\"@type\":\"ListItem\",\"position\":2,\"name\":\"Trgovina\",\"item\":\"https:\/\/kolesarski-svet.si\/sl\/trgovina\/\"},{\"@type\":\"ListItem\",\"position\":3,\"name\":\"ESPERIA Otro\u0161ko kolo Penguins 9600D 18&#8243;\"}]},{\"@type\":\"WebSite\",\"@id\":\"https:\/\/kolesarski-svet.si\/#website\",\"url\":\"https:\/\/kolesarski-svet.si\/\",\"name\":\"Kolesarski Svet\",\"description\":\"Do\u017eivite lepote Slovenije na kolesu\",\"publisher\":{\"@id\":\"https:\/\/kolesarski-svet.si\/#organization\"},\"potentialAction\":[{\"@type\":\"SearchAction\",\"target\":{\"@type\":\"EntryPoint\",\"urlTemplate\":\"https:\/\/kolesarski-svet.si\/?s={search_term_string}\"},\"query-input\":{\"@type\":\"PropertyValueSpecification\",\"valueRequired\":true,\"valueName\":\"search_term_string\"}}],\"inLanguage\":\"sl-SI\"},{\"@type\":\"Organization\",\"@id\":\"https:\/\/kolesarski-svet.si\/#organization\",\"name\":\"Kolesarski Svet\",\"url\":\"https:\/\/kolesarski-svet.si\/\",\"logo\":{\"@type\":\"ImageObject\",\"inLanguage\":\"sl-SI\",\"@id\":\"https:\/\/kolesarski-svet.si\/#\/schema\/logo\/image\/\",\"url\":\"https:\/\/kolesarski-svet.si\/wp-content\/uploads\/2018\/03\/logo-KS-170.png\",\"contentUrl\":\"https:\/\/kolesarski-svet.si\/wp-content\/uploads\/2018\/03\/logo-KS-170.png\",\"width\":170,\"height\":120,\"caption\":\"Kolesarski Svet\"},\"image\":{\"@id\":\"https:\/\/kolesarski-svet.si\/#\/schema\/logo\/image\/\"},\"sameAs\":[\"https:\/\/www.facebook.com\/KolesarskiSvet\/\",\"https:\/\/www.youtube.com\/channel\/UCaR0d_D0MFnxI1Wpxa2nkAA\"]}]}<\/script>\n<!-- \/ Yoast SEO plugin. -->","yoast_head_json":{"title":"ESPERIA Otro\u0161ko kolo Penguins 9600D 18\" - Kolesarski Svet","description":"ESPERIA Otro\u0161ko kolo Penguins 9600D je namenjeno otrokom med 4 in 6 letom starosti.","robots":{"index":"index","follow":"follow","max-snippet":"max-snippet:-1","max-image-preview":"max-image-preview:large","max-video-preview":"max-video-preview:-1"},"canonical":"https:\/\/kolesarski-svet.si\/sl\/izdelek\/esperia-otrosko-kolo-penguins-9600d-18\/","og_locale":"sl_SI","og_type":"article","og_title":"ESPERIA Otro\u0161ko kolo Penguins 9600D 18\" - Kolesarski Svet","og_description":"ESPERIA Otro\u0161ko kolo Penguins 9600D je namenjeno otrokom med 4 in 6 letom starosti.","og_url":"https:\/\/kolesarski-svet.si\/sl\/izdelek\/esperia-otrosko-kolo-penguins-9600d-18\/","og_site_name":"Kolesarski Svet","article_publisher":"https:\/\/www.facebook.com\/KolesarskiSvet\/","article_modified_time":"2022-03-29T10:28:45+00:00","og_image":[{"width":800,"height":534,"url":"https:\/\/kolesarski-svet.si\/wp-content\/uploads\/2021\/04\/ESPERIA-Penguins-9600D-18_2.jpg","type":"image\/jpeg"}],"twitter_card":"summary_large_image","twitter_misc":{"Est. reading time":"2 minuti"},"schema":{"@context":"https:\/\/schema.org","@graph":[{"@type":"WebPage","@id":"https:\/\/kolesarski-svet.si\/sl\/izdelek\/esperia-otrosko-kolo-penguins-9600d-18\/","url":"https:\/\/kolesarski-svet.si\/sl\/izdelek\/esperia-otrosko-kolo-penguins-9600d-18\/","name":"ESPERIA Otro\u0161ko kolo Penguins 9600D 18\" - Kolesarski Svet","isPartOf":{"@id":"https:\/\/kolesarski-svet.si\/#website"},"primaryImageOfPage":{"@id":"https:\/\/kolesarski-svet.si\/sl\/izdelek\/esperia-otrosko-kolo-penguins-9600d-18\/#primaryimage"},"image":{"@id":"https:\/\/kolesarski-svet.si\/sl\/izdelek\/esperia-otrosko-kolo-penguins-9600d-18\/#primaryimage"},"thumbnailUrl":"https:\/\/kolesarski-svet.si\/wp-content\/uploads\/2021\/04\/ESPERIA-Penguins-9600D-18_2.jpg","datePublished":"2021-04-18T17:47:40+00:00","dateModified":"2022-03-29T10:28:45+00:00","description":"ESPERIA Otro\u0161ko kolo Penguins 9600D je namenjeno otrokom med 4 in 6 letom starosti.","breadcrumb":{"@id":"https:\/\/kolesarski-svet.si\/sl\/izdelek\/esperia-otrosko-kolo-penguins-9600d-18\/#breadcrumb"},"inLanguage":"sl-SI","potentialAction":[{"@type":"ReadAction","target":["https:\/\/kolesarski-svet.si\/sl\/izdelek\/esperia-otrosko-kolo-penguins-9600d-18\/"]}]},{"@type":"ImageObject","inLanguage":"sl-SI","@id":"https:\/\/kolesarski-svet.si\/sl\/izdelek\/esperia-otrosko-kolo-penguins-9600d-18\/#primaryimage","url":"https:\/\/kolesarski-svet.si\/wp-content\/uploads\/2021\/04\/ESPERIA-Penguins-9600D-18_2.jpg","contentUrl":"https:\/\/kolesarski-svet.si\/wp-content\/uploads\/2021\/04\/ESPERIA-Penguins-9600D-18_2.jpg","width":800,"height":534,"caption":"Kolesarski Svet, ESPERIA Otro\u0161ko kolo Penguins 9600D 18\""},{"@type":"BreadcrumbList","@id":"https:\/\/kolesarski-svet.si\/sl\/izdelek\/esperia-otrosko-kolo-penguins-9600d-18\/#breadcrumb","itemListElement":[{"@type":"ListItem","position":1,"name":"Home","item":"https:\/\/kolesarski-svet.si\/sl\/kolesarski-svet-domov\/"},{"@type":"ListItem","position":2,"name":"Trgovina","item":"https:\/\/kolesarski-svet.si\/sl\/trgovina\/"},{"@type":"ListItem","position":3,"name":"ESPERIA Otro\u0161ko kolo Penguins 9600D 18&#8243;"}]},{"@type":"WebSite","@id":"https:\/\/kolesarski-svet.si\/#website","url":"https:\/\/kolesarski-svet.si\/","name":"Kolesarski Svet","description":"Do\u017eivite lepote Slovenije na kolesu","publisher":{"@id":"https:\/\/kolesarski-svet.si\/#organization"},"potentialAction":[{"@type":"SearchAction","target":{"@type":"EntryPoint","urlTemplate":"https:\/\/kolesarski-svet.si\/?s={search_term_string}"},"query-input":{"@type":"PropertyValueSpecification","valueRequired":true,"valueName":"search_term_string"}}],"inLanguage":"sl-SI"},{"@type":"Organization","@id":"https:\/\/kolesarski-svet.si\/#organization","name":"Kolesarski Svet","url":"https:\/\/kolesarski-svet.si\/","logo":{"@type":"ImageObject","inLanguage":"sl-SI","@id":"https:\/\/kolesarski-svet.si\/#\/schema\/logo\/image\/","url":"https:\/\/kolesarski-svet.si\/wp-content\/uploads\/2018\/03\/logo-KS-170.png","contentUrl":"https:\/\/kolesarski-svet.si\/wp-content\/uploads\/2018\/03\/logo-KS-170.png","width":170,"height":120,"caption":"Kolesarski Svet"},"image":{"@id":"https:\/\/kolesarski-svet.si\/#\/schema\/logo\/image\/"},"sameAs":["https:\/\/www.facebook.com\/KolesarskiSvet\/","https:\/\/www.youtube.com\/channel\/UCaR0d_D0MFnxI1Wpxa2nkAA"]}]}},"_links":{"self":[{"href":"https:\/\/kolesarski-svet.si\/sl\/wp-json\/wp\/v2\/product\/3951","targetHints":{"allow":["GET"]}}],"collection":[{"href":"https:\/\/kolesarski-svet.si\/sl\/wp-json\/wp\/v2\/product"}],"about":[{"href":"https:\/\/kolesarski-svet.si\/sl\/wp-json\/wp\/v2\/types\/product"}],"replies":[{"embeddable":true,"href":"https:\/\/kolesarski-svet.si\/sl\/wp-json\/wp\/v2\/comments?post=3951"}],"wp:featuredmedia":[{"embeddable":true,"href":"https:\/\/kolesarski-svet.si\/sl\/wp-json\/wp\/v2\/media\/3953"}],"wp:attachment":[{"href":"https:\/\/kolesarski-svet.si\/sl\/wp-json\/wp\/v2\/media?parent=3951"}],"wp:term":[{"taxonomy":"product_brand","embeddable":true,"href":"https:\/\/kolesarski-svet.si\/sl\/wp-json\/wp\/v2\/product_brand?post=3951"},{"taxonomy":"product_cat","embeddable":true,"href":"https:\/\/kolesarski-svet.si\/sl\/wp-json\/wp\/v2\/product_cat?post=3951"},{"taxonomy":"product_tag","embeddable":true,"href":"https:\/\/kolesarski-svet.si\/sl\/wp-json\/wp\/v2\/product_tag?post=3951"}],"curies":[{"name":"wp","href":"https:\/\/api.w.org\/{rel}","templated":true}]}}