{"id":3958,"date":"2021-04-19T19:22:41","date_gmt":"2021-04-19T19:22:41","guid":{"rendered":"https:\/\/kolesarski-svet.si\/?post_type=product&#038;p=3958"},"modified":"2021-04-22T19:31:35","modified_gmt":"2021-04-22T19:31:35","slug":"torpado-kids-bike-geko-t690-12","status":"publish","type":"product","link":"https:\/\/kolesarski-svet.si\/sl\/izdelek\/torpado-kids-bike-geko-t690-12\/","title":{"rendered":"TORPADO Otro\u0161ko kolo Geko T690 12&#8221;"},"content":{"rendered":"<h1 class=\"model-listing__detail-title\"><span style=\"font-family: helvetica, arial, sans-serif; font-size: 24pt;\">TORPADO Otro\u0161ko kolo Geko T690 12&#8221;<\/span><\/h1>\n<p class=\"model-listing__description\"><span style=\"font-family: helvetica, arial, sans-serif; font-size: 12pt;\"><span class=\"VIiyi\" lang=\"en\"><span class=\"JLqJ4b ChMk0b\" data-language-for-alternatives=\"en\" data-language-to-translate-into=\"sl\" data-phrase-index=\"0\"><a href=\"https:\/\/www.torpado.com\/en\/bicycle\/geko-t690\/\" target=\"_blank\" rel=\"noopener\">Torpado<\/a>\u00a0\u00a0<\/span><\/span>Otro\u0161ko kolo Geko T690 12&#8221; <span class=\"VIiyi\" lang=\"en\"><span class=\"JLqJ4b ChMk0b\" data-language-for-alternatives=\"en\" data-language-to-translate-into=\"sl\" data-phrase-index=\"0\">je kot nala\u0161\u010d za pridobitev za\u010detnih izku\u0161enj. Star\u0161e bo navdu\u0161il predvsem s <strong>kakovostjo <\/strong>in uporabnimi detajli. Otroci pa bodo navdu\u0161eni nad <strong>videzom <\/strong>kolesa. Otro\u0161ko kolo <strong>Geko <\/strong>ima poleg okvirja z <strong>nizkim vhodom<\/strong> tudi trpe\u017ena aluminijasta plati\u0161\u010da, torpedno zavoro in sprednje zavore z nastavljivimi zavornimi ro\u010dicami, primernimi za otroke.<\/span><\/span><\/span><\/p>\n<p class=\"model-listing__description\"><span style=\"font-family: helvetica, arial, sans-serif;\">Torpado otro\u0161ka kolesa so narejena iz aluminijevih ali drugih kovinskih zlitin. Glede na izbran material predstavlja kolesa zanesljivo izbiro. Otro\u0161ka radovednost in zabava poganjajo kolo, otrokom je pomembo le, da lahko u\u017eivatjo na kolesu s prijatelji.<\/span><\/p>\n<p><span style=\"font-family: helvetica, arial, sans-serif;\">Kolesa tako opremljena z zanesljivimi aluminjastimi ali kovinskimi komponentami, vse tako prilagojene starosti v kompetencam otroka. Kolo mora biti lahko in ob enem vzdr\u017eljivo, to pa Torpado otro\u0161ka kolesa zagotovo ponujajo.<\/span><\/p>\n<p><span style=\"font-family: helvetica, arial, sans-serif;\">Rang koles sega od otro\u0161kih 12&#8221; do 24&#8221;. kolesa za najmlaj\u0161e so \u010dudovitih barv in primerljive opreme, prilagojene otro\u0161kim o\u010dem in \u017eeljam. Otro\u0161ka kolesa 20&#8221; in 24&#8221; so opremljena s Shimano komponentami in so v dveh izvedbah okvirja, aluminjasti ali \u017eelezni.\u00a0<\/span><\/p>\n<p><span style=\"font-family: helvetica, arial, sans-serif;\"><img decoding=\"async\" class=\"wp-image-3960 size-large\" src=\"https:\/\/kolesarski-svet.si\/wp-content\/uploads\/2021\/04\/TORPADO-Otrosko-kolo-Geko-T690-12-1024x683.jpg\" alt=\"\" width=\"748\" height=\"499\" srcset=\"https:\/\/kolesarski-svet.si\/wp-content\/uploads\/2021\/04\/TORPADO-Otrosko-kolo-Geko-T690-12-1024x683.jpg 1024w, https:\/\/kolesarski-svet.si\/wp-content\/uploads\/2021\/04\/TORPADO-Otrosko-kolo-Geko-T690-12-300x200.jpg 300w, https:\/\/kolesarski-svet.si\/wp-content\/uploads\/2021\/04\/TORPADO-Otrosko-kolo-Geko-T690-12-768x512.jpg 768w, https:\/\/kolesarski-svet.si\/wp-content\/uploads\/2021\/04\/TORPADO-Otrosko-kolo-Geko-T690-12-531x354.jpg 531w, https:\/\/kolesarski-svet.si\/wp-content\/uploads\/2021\/04\/TORPADO-Otrosko-kolo-Geko-T690-12-600x400.jpg 600w, https:\/\/kolesarski-svet.si\/wp-content\/uploads\/2021\/04\/TORPADO-Otrosko-kolo-Geko-T690-12-180x120.jpg 180w, https:\/\/kolesarski-svet.si\/wp-content\/uploads\/2021\/04\/TORPADO-Otrosko-kolo-Geko-T690-12.jpg 1200w\" sizes=\"(max-width: 748px) 100vw, 748px\" \/><\/span><\/p>\n<h2 class=\"product-innovation__title\"><span style=\"font-family: helvetica, arial, sans-serif; font-size: 24pt;\"><span style=\"font-size: 18pt;\">O podjetju Torpado<\/span><br \/>\n<\/span><\/h2>\n<div class=\"accordion__pane panel\">\n<div id=\"efficient-pedalling_2129\" class=\"accordion__content-container in\">\n<div class=\"accordion__content\">\n<div class=\"product-innovation__main-content\">\n<div class=\"accordion__pane panel\">\n<div id=\"efficient-pedalling_2129\" class=\"accordion__content-container in\">\n<div class=\"accordion__content\" style=\"text-align: left;\"><span style=\"font-family: helvetica, arial, sans-serif;\">Blagovna znamka <span class=\"VIiyi\" lang=\"en\"><span class=\"JLqJ4b ChMk0b\" data-language-for-alternatives=\"en\" data-language-to-translate-into=\"sl\" data-phrase-index=\"0\"><a href=\"https:\/\/www.torpado.com\/e\" target=\"_blank\" rel=\"noopener\">Torpado<\/a><\/span><\/span>\u00a0 se je rodila v Padovi leta 1895 in od leta 2001 je pod okriljem <strong>Cicli Esperia Group<\/strong>. V 50. letih pa do 1962 je imel <strong>Torpado<\/strong> ekipo strokovnjakov, ki je sodelovala na enajstih kolesarskih turnejah po italiji. <strong>Torpado<\/strong> trenutno odlikuje \u0161iroka paleta izdelkov in \u0161iritev na \u0161ir\u0161i, evropski trg, pa tudi po natan\u010dnosti, dobrem okusu in pozornosti do kakovostne izdelave.<\/span><\/div>\n<div class=\"accordion__content\"><span style=\"font-family: helvetica, arial, sans-serif;\"><br \/>\nZnamka <strong>Torpado<\/strong> vklju\u010duje mestna kolesa, treking, otro\u0161ka, elektri\u010dna in, od pred nekaj leta, novo \u00bbImpudent\u00ab linijo, namenjeno gorskim kolesarjev: XC, all-mountain, enduro in DH. Vsak okvir je preu\u010den, oblikovan in razvit v prostorih podjetja, skupaj z ekipo UCI <strong>Torpado<\/strong>. \u010clani slednje ekipe so sestavljeni iz italijanskih in mednarodnih prvakov, ki kon\u010dne izdelke potem tudi testirajo na tekmovanjih.<\/span><\/div>\n<div class=\"accordion__content\">\n<div class=\"product-innovation__main-content\">\n<p class=\"product-innovation__main-title\"><span style=\"font-family: helvetica, arial, sans-serif;\"><strong><span style=\"font-size: 18pt;\">Tehni\u010dne specifikacije<br \/>\n<\/span><\/strong><\/span><\/p>\n<\/div>\n<\/div>\n<\/div>\n<\/div>\n<\/div>\n<\/div>\n<\/div>\n<\/div>\n<ul>\n<li><span style=\"font-family: helvetica, arial, sans-serif;\"><span style=\"font-size: 12pt;\"><span style=\"font-size: 12pt;\"><span dir=\"ltr\"><strong>Okvir:<\/strong>\u00a0 <\/span><\/span><\/span>Hi Ten Tig<\/span><\/li>\n<li><span style=\"font-family: helvetica, arial, sans-serif; font-size: 12pt;\"><span dir=\"ltr\"><strong>Vilice:\u00a0 <\/strong><\/span>Hi Ten Tig<\/span><\/li>\n<li><span style=\"font-family: helvetica, arial, sans-serif;\"><span dir=\"ltr\"><strong>Zavore:<\/strong>\u00a0 <\/span>V-Brake<\/span><\/li>\n<li><span style=\"font-family: helvetica, arial, sans-serif;\"><span dir=\"ltr\"><strong>Kolesa<\/strong>:\u00a0 <\/span>Torpado<\/span><\/li>\n<li><span style=\"font-family: helvetica, arial, sans-serif;\"><strong>Veriga:<\/strong>\u00a0 Kmc Z410<\/span><\/li>\n<li><span style=\"font-family: helvetica, arial, sans-serif;\"><strong>Gonilka:<\/strong>\u00a0 28\/90 Steel<\/span><\/li>\n<li><span style=\"font-family: helvetica, arial, sans-serif;\"><strong>Opora krmila:<\/strong> Hi Ten SLU80<\/span><\/li>\n<li><span style=\"font-family: helvetica, arial, sans-serif;\"><strong>Krmilo:<\/strong>\u00a0 Hi Ten<\/span><\/li>\n<li><span style=\"font-family: helvetica, arial, sans-serif;\"><strong><span dir=\"ltr\">Sede\u017e: <\/span><\/strong><span dir=\"ltr\">Torpado<\/span><\/span><\/li>\n<li><span style=\"font-family: helvetica, arial, sans-serif;\"><strong>Sede\u017ena opora:<\/strong> Chrome Steel <\/span><\/li>\n<li><span style=\"font-family: helvetica, arial, sans-serif;\"><strong>Pla\u0161\u010di:<\/strong> 12&#215;175 Black<\/span><\/li>\n<\/ul>\n","protected":false},"excerpt":{"rendered":"<div class=\"feature-description-single\">\n<div class=\"feature-description-single\">\n<div class=\"feature-description-single\"><span style=\"font-size: 12pt; font-family: georgia, palatino, serif;\"><span class=\"VIiyi\" lang=\"en\"><span class=\"JLqJ4b ChMk0b\" data-language-for-alternatives=\"en\" data-language-to-translate-into=\"sl\" data-phrase-index=\"1\">Torpado\u00a0\u00a0Otro\u0161ko kolo Geko T690 12&#8221; je kot nala\u0161\u010d za pridobitev za\u010detnih izku\u0161enj. Star\u0161e bo navdu\u0161il predvsem s kakovostjo in uporabnimi detajli.<\/span><\/span><\/span><\/div>\n<\/div>\n<\/div>\n","protected":false},"featured_media":3960,"comment_status":"open","ping_status":"closed","template":"","meta":[],"product_brand":[],"product_cat":[599,249],"product_tag":[320,610,606,607,608],"class_list":{"0":"post-3958","1":"product","2":"type-product","3":"status-publish","4":"has-post-thumbnail","6":"product_cat-otroska-kolesa","7":"product_cat-kolesa","8":"product_tag-kolesarski-svet","9":"product_tag-otroska-kolesa","10":"product_tag-torpado-kolesa","11":"product_tag-torpado-otrosko-kolo","12":"product_tag-torpado-otrosko-kolo-geko-t690-12","14":"first","15":"instock","16":"featured","17":"shipping-taxable","18":"purchasable","19":"product-type-simple"},"yoast_head":"<!-- This site is optimized with the Yoast SEO plugin v26.6 - https:\/\/yoast.com\/wordpress\/plugins\/seo\/ -->\n<title>TORPADO Otro\u0161ko kolo Geko T690 12&#039;&#039; - Kolesarski Svet<\/title>\n<meta name=\"description\" content=\"Torpado\u00a0Otro\u0161ko kolo Geko T690 12&#039;&#039; je kot nala\u0161\u010d za pridobitev za\u010detnih izku\u0161enj. Star\u0161e bo navdu\u0161il predvsem s kakovostjo.\" \/>\n<meta name=\"robots\" content=\"index, follow, max-snippet:-1, max-image-preview:large, max-video-preview:-1\" \/>\n<link rel=\"canonical\" href=\"https:\/\/kolesarski-svet.si\/sl\/izdelek\/torpado-kids-bike-geko-t690-12\/\" \/>\n<meta property=\"og:locale\" content=\"sl_SI\" \/>\n<meta property=\"og:type\" content=\"article\" \/>\n<meta property=\"og:title\" content=\"TORPADO Otro\u0161ko kolo Geko T690 12&#039;&#039; - Kolesarski Svet\" \/>\n<meta property=\"og:description\" content=\"Torpado\u00a0Otro\u0161ko kolo Geko T690 12&#039;&#039; je kot nala\u0161\u010d za pridobitev za\u010detnih izku\u0161enj. Star\u0161e bo navdu\u0161il predvsem s kakovostjo.\" \/>\n<meta property=\"og:url\" content=\"https:\/\/kolesarski-svet.si\/sl\/izdelek\/torpado-kids-bike-geko-t690-12\/\" \/>\n<meta property=\"og:site_name\" content=\"Kolesarski Svet\" \/>\n<meta property=\"article:publisher\" content=\"https:\/\/www.facebook.com\/KolesarskiSvet\/\" \/>\n<meta property=\"article:modified_time\" content=\"2021-04-22T19:31:35+00:00\" \/>\n<meta property=\"og:image\" content=\"https:\/\/kolesarski-svet.si\/wp-content\/uploads\/2021\/04\/TORPADO-Otrosko-kolo-Geko-T690-12.jpg\" \/>\n\t<meta property=\"og:image:width\" content=\"1200\" \/>\n\t<meta property=\"og:image:height\" content=\"800\" \/>\n\t<meta property=\"og:image:type\" content=\"image\/jpeg\" \/>\n<meta name=\"twitter:card\" content=\"summary_large_image\" \/>\n<meta name=\"twitter:label1\" content=\"Est. reading time\" \/>\n\t<meta name=\"twitter:data1\" content=\"2 minuti\" \/>\n<script type=\"application\/ld+json\" class=\"yoast-schema-graph\">{\"@context\":\"https:\/\/schema.org\",\"@graph\":[{\"@type\":\"WebPage\",\"@id\":\"https:\/\/kolesarski-svet.si\/sl\/izdelek\/torpado-kids-bike-geko-t690-12\/\",\"url\":\"https:\/\/kolesarski-svet.si\/sl\/izdelek\/torpado-kids-bike-geko-t690-12\/\",\"name\":\"TORPADO Otro\u0161ko kolo Geko T690 12'' - Kolesarski Svet\",\"isPartOf\":{\"@id\":\"https:\/\/kolesarski-svet.si\/#website\"},\"primaryImageOfPage\":{\"@id\":\"https:\/\/kolesarski-svet.si\/sl\/izdelek\/torpado-kids-bike-geko-t690-12\/#primaryimage\"},\"image\":{\"@id\":\"https:\/\/kolesarski-svet.si\/sl\/izdelek\/torpado-kids-bike-geko-t690-12\/#primaryimage\"},\"thumbnailUrl\":\"https:\/\/kolesarski-svet.si\/wp-content\/uploads\/2021\/04\/TORPADO-Otrosko-kolo-Geko-T690-12.jpg\",\"datePublished\":\"2021-04-19T19:22:41+00:00\",\"dateModified\":\"2021-04-22T19:31:35+00:00\",\"description\":\"Torpado\u00a0Otro\u0161ko kolo Geko T690 12'' je kot nala\u0161\u010d za pridobitev za\u010detnih izku\u0161enj. Star\u0161e bo navdu\u0161il predvsem s kakovostjo.\",\"breadcrumb\":{\"@id\":\"https:\/\/kolesarski-svet.si\/sl\/izdelek\/torpado-kids-bike-geko-t690-12\/#breadcrumb\"},\"inLanguage\":\"sl-SI\",\"potentialAction\":[{\"@type\":\"ReadAction\",\"target\":[\"https:\/\/kolesarski-svet.si\/sl\/izdelek\/torpado-kids-bike-geko-t690-12\/\"]}]},{\"@type\":\"ImageObject\",\"inLanguage\":\"sl-SI\",\"@id\":\"https:\/\/kolesarski-svet.si\/sl\/izdelek\/torpado-kids-bike-geko-t690-12\/#primaryimage\",\"url\":\"https:\/\/kolesarski-svet.si\/wp-content\/uploads\/2021\/04\/TORPADO-Otrosko-kolo-Geko-T690-12.jpg\",\"contentUrl\":\"https:\/\/kolesarski-svet.si\/wp-content\/uploads\/2021\/04\/TORPADO-Otrosko-kolo-Geko-T690-12.jpg\",\"width\":1200,\"height\":800,\"caption\":\"Kolesarski Svet, TORPADO Otro\u0161ko kolo Geko T690 12''\"},{\"@type\":\"BreadcrumbList\",\"@id\":\"https:\/\/kolesarski-svet.si\/sl\/izdelek\/torpado-kids-bike-geko-t690-12\/#breadcrumb\",\"itemListElement\":[{\"@type\":\"ListItem\",\"position\":1,\"name\":\"Home\",\"item\":\"https:\/\/kolesarski-svet.si\/sl\/kolesarski-svet-domov\/\"},{\"@type\":\"ListItem\",\"position\":2,\"name\":\"Trgovina\",\"item\":\"https:\/\/kolesarski-svet.si\/sl\/trgovina\/\"},{\"@type\":\"ListItem\",\"position\":3,\"name\":\"TORPADO Otro\u0161ko kolo Geko T690 12&#8221;\"}]},{\"@type\":\"WebSite\",\"@id\":\"https:\/\/kolesarski-svet.si\/#website\",\"url\":\"https:\/\/kolesarski-svet.si\/\",\"name\":\"Kolesarski Svet\",\"description\":\"Do\u017eivite lepote Slovenije na kolesu\",\"publisher\":{\"@id\":\"https:\/\/kolesarski-svet.si\/#organization\"},\"potentialAction\":[{\"@type\":\"SearchAction\",\"target\":{\"@type\":\"EntryPoint\",\"urlTemplate\":\"https:\/\/kolesarski-svet.si\/?s={search_term_string}\"},\"query-input\":{\"@type\":\"PropertyValueSpecification\",\"valueRequired\":true,\"valueName\":\"search_term_string\"}}],\"inLanguage\":\"sl-SI\"},{\"@type\":\"Organization\",\"@id\":\"https:\/\/kolesarski-svet.si\/#organization\",\"name\":\"Kolesarski Svet\",\"url\":\"https:\/\/kolesarski-svet.si\/\",\"logo\":{\"@type\":\"ImageObject\",\"inLanguage\":\"sl-SI\",\"@id\":\"https:\/\/kolesarski-svet.si\/#\/schema\/logo\/image\/\",\"url\":\"https:\/\/kolesarski-svet.si\/wp-content\/uploads\/2018\/03\/logo-KS-170.png\",\"contentUrl\":\"https:\/\/kolesarski-svet.si\/wp-content\/uploads\/2018\/03\/logo-KS-170.png\",\"width\":170,\"height\":120,\"caption\":\"Kolesarski Svet\"},\"image\":{\"@id\":\"https:\/\/kolesarski-svet.si\/#\/schema\/logo\/image\/\"},\"sameAs\":[\"https:\/\/www.facebook.com\/KolesarskiSvet\/\",\"https:\/\/www.youtube.com\/channel\/UCaR0d_D0MFnxI1Wpxa2nkAA\"]}]}<\/script>\n<!-- \/ Yoast SEO plugin. -->","yoast_head_json":{"title":"TORPADO Otro\u0161ko kolo Geko T690 12'' - Kolesarski Svet","description":"Torpado\u00a0Otro\u0161ko kolo Geko T690 12'' je kot nala\u0161\u010d za pridobitev za\u010detnih izku\u0161enj. Star\u0161e bo navdu\u0161il predvsem s kakovostjo.","robots":{"index":"index","follow":"follow","max-snippet":"max-snippet:-1","max-image-preview":"max-image-preview:large","max-video-preview":"max-video-preview:-1"},"canonical":"https:\/\/kolesarski-svet.si\/sl\/izdelek\/torpado-kids-bike-geko-t690-12\/","og_locale":"sl_SI","og_type":"article","og_title":"TORPADO Otro\u0161ko kolo Geko T690 12'' - Kolesarski Svet","og_description":"Torpado\u00a0Otro\u0161ko kolo Geko T690 12'' je kot nala\u0161\u010d za pridobitev za\u010detnih izku\u0161enj. Star\u0161e bo navdu\u0161il predvsem s kakovostjo.","og_url":"https:\/\/kolesarski-svet.si\/sl\/izdelek\/torpado-kids-bike-geko-t690-12\/","og_site_name":"Kolesarski Svet","article_publisher":"https:\/\/www.facebook.com\/KolesarskiSvet\/","article_modified_time":"2021-04-22T19:31:35+00:00","og_image":[{"width":1200,"height":800,"url":"https:\/\/kolesarski-svet.si\/wp-content\/uploads\/2021\/04\/TORPADO-Otrosko-kolo-Geko-T690-12.jpg","type":"image\/jpeg"}],"twitter_card":"summary_large_image","twitter_misc":{"Est. reading time":"2 minuti"},"schema":{"@context":"https:\/\/schema.org","@graph":[{"@type":"WebPage","@id":"https:\/\/kolesarski-svet.si\/sl\/izdelek\/torpado-kids-bike-geko-t690-12\/","url":"https:\/\/kolesarski-svet.si\/sl\/izdelek\/torpado-kids-bike-geko-t690-12\/","name":"TORPADO Otro\u0161ko kolo Geko T690 12'' - Kolesarski Svet","isPartOf":{"@id":"https:\/\/kolesarski-svet.si\/#website"},"primaryImageOfPage":{"@id":"https:\/\/kolesarski-svet.si\/sl\/izdelek\/torpado-kids-bike-geko-t690-12\/#primaryimage"},"image":{"@id":"https:\/\/kolesarski-svet.si\/sl\/izdelek\/torpado-kids-bike-geko-t690-12\/#primaryimage"},"thumbnailUrl":"https:\/\/kolesarski-svet.si\/wp-content\/uploads\/2021\/04\/TORPADO-Otrosko-kolo-Geko-T690-12.jpg","datePublished":"2021-04-19T19:22:41+00:00","dateModified":"2021-04-22T19:31:35+00:00","description":"Torpado\u00a0Otro\u0161ko kolo Geko T690 12'' je kot nala\u0161\u010d za pridobitev za\u010detnih izku\u0161enj. Star\u0161e bo navdu\u0161il predvsem s kakovostjo.","breadcrumb":{"@id":"https:\/\/kolesarski-svet.si\/sl\/izdelek\/torpado-kids-bike-geko-t690-12\/#breadcrumb"},"inLanguage":"sl-SI","potentialAction":[{"@type":"ReadAction","target":["https:\/\/kolesarski-svet.si\/sl\/izdelek\/torpado-kids-bike-geko-t690-12\/"]}]},{"@type":"ImageObject","inLanguage":"sl-SI","@id":"https:\/\/kolesarski-svet.si\/sl\/izdelek\/torpado-kids-bike-geko-t690-12\/#primaryimage","url":"https:\/\/kolesarski-svet.si\/wp-content\/uploads\/2021\/04\/TORPADO-Otrosko-kolo-Geko-T690-12.jpg","contentUrl":"https:\/\/kolesarski-svet.si\/wp-content\/uploads\/2021\/04\/TORPADO-Otrosko-kolo-Geko-T690-12.jpg","width":1200,"height":800,"caption":"Kolesarski Svet, TORPADO Otro\u0161ko kolo Geko T690 12''"},{"@type":"BreadcrumbList","@id":"https:\/\/kolesarski-svet.si\/sl\/izdelek\/torpado-kids-bike-geko-t690-12\/#breadcrumb","itemListElement":[{"@type":"ListItem","position":1,"name":"Home","item":"https:\/\/kolesarski-svet.si\/sl\/kolesarski-svet-domov\/"},{"@type":"ListItem","position":2,"name":"Trgovina","item":"https:\/\/kolesarski-svet.si\/sl\/trgovina\/"},{"@type":"ListItem","position":3,"name":"TORPADO Otro\u0161ko kolo Geko T690 12&#8221;"}]},{"@type":"WebSite","@id":"https:\/\/kolesarski-svet.si\/#website","url":"https:\/\/kolesarski-svet.si\/","name":"Kolesarski Svet","description":"Do\u017eivite lepote Slovenije na kolesu","publisher":{"@id":"https:\/\/kolesarski-svet.si\/#organization"},"potentialAction":[{"@type":"SearchAction","target":{"@type":"EntryPoint","urlTemplate":"https:\/\/kolesarski-svet.si\/?s={search_term_string}"},"query-input":{"@type":"PropertyValueSpecification","valueRequired":true,"valueName":"search_term_string"}}],"inLanguage":"sl-SI"},{"@type":"Organization","@id":"https:\/\/kolesarski-svet.si\/#organization","name":"Kolesarski Svet","url":"https:\/\/kolesarski-svet.si\/","logo":{"@type":"ImageObject","inLanguage":"sl-SI","@id":"https:\/\/kolesarski-svet.si\/#\/schema\/logo\/image\/","url":"https:\/\/kolesarski-svet.si\/wp-content\/uploads\/2018\/03\/logo-KS-170.png","contentUrl":"https:\/\/kolesarski-svet.si\/wp-content\/uploads\/2018\/03\/logo-KS-170.png","width":170,"height":120,"caption":"Kolesarski Svet"},"image":{"@id":"https:\/\/kolesarski-svet.si\/#\/schema\/logo\/image\/"},"sameAs":["https:\/\/www.facebook.com\/KolesarskiSvet\/","https:\/\/www.youtube.com\/channel\/UCaR0d_D0MFnxI1Wpxa2nkAA"]}]}},"_links":{"self":[{"href":"https:\/\/kolesarski-svet.si\/sl\/wp-json\/wp\/v2\/product\/3958","targetHints":{"allow":["GET"]}}],"collection":[{"href":"https:\/\/kolesarski-svet.si\/sl\/wp-json\/wp\/v2\/product"}],"about":[{"href":"https:\/\/kolesarski-svet.si\/sl\/wp-json\/wp\/v2\/types\/product"}],"replies":[{"embeddable":true,"href":"https:\/\/kolesarski-svet.si\/sl\/wp-json\/wp\/v2\/comments?post=3958"}],"wp:featuredmedia":[{"embeddable":true,"href":"https:\/\/kolesarski-svet.si\/sl\/wp-json\/wp\/v2\/media\/3960"}],"wp:attachment":[{"href":"https:\/\/kolesarski-svet.si\/sl\/wp-json\/wp\/v2\/media?parent=3958"}],"wp:term":[{"taxonomy":"product_brand","embeddable":true,"href":"https:\/\/kolesarski-svet.si\/sl\/wp-json\/wp\/v2\/product_brand?post=3958"},{"taxonomy":"product_cat","embeddable":true,"href":"https:\/\/kolesarski-svet.si\/sl\/wp-json\/wp\/v2\/product_cat?post=3958"},{"taxonomy":"product_tag","embeddable":true,"href":"https:\/\/kolesarski-svet.si\/sl\/wp-json\/wp\/v2\/product_tag?post=3958"}],"curies":[{"name":"wp","href":"https:\/\/api.w.org\/{rel}","templated":true}]}}