{"id":4021,"date":"2021-06-22T11:33:26","date_gmt":"2021-06-22T11:33:26","guid":{"rendered":"https:\/\/kolesarski-svet.si\/?post_type=product&#038;p=4021"},"modified":"2021-06-23T10:20:27","modified_gmt":"2021-06-23T10:20:27","slug":"esperia-mestno-kolo-paris","status":"publish","type":"product","link":"https:\/\/kolesarski-svet.si\/sl\/izdelek\/esperia-mestno-kolo-paris\/","title":{"rendered":"ESPERIA Mestno kolo Paris"},"content":{"rendered":"<h1 class=\"model-listing__detail-title\"><span style=\"font-family: helvetica, arial, sans-serif;\">ESPERIA Mestno kolo Paris<\/span><\/h1>\n<p class=\"model-listing__description\"><span style=\"font-family: helvetica, arial, sans-serif;\"><span style=\"font-size: 12pt;\"><span class=\"VIiyi\" lang=\"en\"><span class=\"JLqJ4b ChMk0b\" data-language-for-alternatives=\"en\" data-language-to-translate-into=\"sl\" data-phrase-index=\"0\"><a href=\"https:\/\/www.cicliesperia.com\/en\/trekking-city-bike\/\" target=\"_blank\" rel=\"noopener\">Esperia<\/a>\u00a0 <\/span><\/span><\/span>Mestno kolo Paris <span style=\"font-size: 12pt;\"><span class=\"VIiyi\" lang=\"en\"><span class=\"JLqJ4b ChMk0b\" data-language-for-alternatives=\"en\" data-language-to-translate-into=\"sl\" data-phrase-index=\"2\">z nizkim vstopom je opremljeno z vzdr\u017eljivim <strong>prednjim in zadnjim prtlja\u017enikom<\/strong> ter <strong>udobnim sede\u017eem<\/strong>. To omogo\u010da tudi <strong>dalj\u0161a potovanja s kolesom. <\/strong>\u0160ir\u0161i pnevmatiki olaj\u0161ata vo\u017enjo ne le po cesti, temve\u010d tudi <strong>na makadamu<\/strong>, <strong>prednji in zadnji blatnik ter \u0161\u010ditnik verige<\/strong> pa varujejo prtljago in obla\u010dila pred umazanijo. Z mestnim kolesom Esperia Paris boste <strong>varni podnevi in pono\u010di<\/strong>, saj je kolo opremljeno tudi s <strong>prednjo in zadnjo lu\u010djo z odsevnikom<\/strong>. Zakrivljeno krmilo omogo\u010da bolj <strong>naravno dr\u017eo med kolesarjenjem<\/strong>, manj\u0161a 26&#8221; kolesa pa pripomorejo k<strong> lahkotni vodljivosti kolesa<\/strong>. \u010ce temu pri\u0161tejete \u0161e jeklen okvir, ugotovite, da je kolo namenjeno res raznovrstni uporabi.<\/span><\/span> <\/span><\/span><\/p>\n<p><span style=\"font-family: helvetica, arial, sans-serif;\"><img decoding=\"async\" class=\"alignnone wp-image-4023 size-large\" src=\"https:\/\/kolesarski-svet.si\/wp-content\/uploads\/2021\/06\/ESPERIA-City-bike-Paris-1024x683.jpg\" alt=\"\" width=\"748\" height=\"499\" srcset=\"https:\/\/kolesarski-svet.si\/wp-content\/uploads\/2021\/06\/ESPERIA-City-bike-Paris-1024x683.jpg 1024w, https:\/\/kolesarski-svet.si\/wp-content\/uploads\/2021\/06\/ESPERIA-City-bike-Paris-300x200.jpg 300w, https:\/\/kolesarski-svet.si\/wp-content\/uploads\/2021\/06\/ESPERIA-City-bike-Paris-768x512.jpg 768w, https:\/\/kolesarski-svet.si\/wp-content\/uploads\/2021\/06\/ESPERIA-City-bike-Paris-531x354.jpg 531w, https:\/\/kolesarski-svet.si\/wp-content\/uploads\/2021\/06\/ESPERIA-City-bike-Paris-600x400.jpg 600w, https:\/\/kolesarski-svet.si\/wp-content\/uploads\/2021\/06\/ESPERIA-City-bike-Paris-180x120.jpg 180w, https:\/\/kolesarski-svet.si\/wp-content\/uploads\/2021\/06\/ESPERIA-City-bike-Paris.jpg 1200w\" sizes=\"(max-width: 748px) 100vw, 748px\" \/><\/span><\/p>\n<p class=\"product-innovation__title\"><span style=\"font-family: helvetica, arial, sans-serif;\"><strong><span style=\"font-size: 18pt;\">O podjetju Esperia<\/span><\/strong><\/span><\/p>\n<div class=\"accordion__pane panel\">\n<div id=\"efficient-pedalling_2129\" class=\"accordion__content-container in\">\n<div class=\"accordion__content\">\n<div class=\"product-innovation__main-content\">\n<div class=\"accordion__pane panel\">\n<div id=\"efficient-pedalling_2129\" class=\"accordion__content-container in\">\n<div class=\"accordion__content\"><span style=\"font-family: helvetica, arial, sans-serif;\">Podjetje <a href=\"https:\/\/www.cicliesperia.com\/en\/company\/\" target=\"_blank\" rel=\"noopener\"><strong>Esperia<\/strong><\/a> Group je po Evropi poznano predvsem kot dobavitelj drugih distribucijskih verig (<strong>Torpado, Fondriest<\/strong>, Legnano\u2026), hkrati pa proizvajajo tudi svoja kolesa. Vsa njihova kolesa odlikuje italijanska kakovost, oblikovanje in inovativnosti po zelo konkuren\u010dnih cenah. Izdelki blagovne znamke <strong>Esperia<\/strong> vklju\u010dujejo razli\u010dne segmente koles, od otro\u0161kih, zlo\u017eljivih, mestnih, treking, tandemov, pa do gorskih in elektri\u010dnih \u2013 imajo torej \u0161irok razpon ponudbe, ki zadovoljuje vse tr\u017ene segmente. \u0160iroka paleta produktov je omogo\u010dena zaradi lastnega proizvodnega procesa. Skupina <strong>Esperia<\/strong> v celoti nadzoruje proizvodni proces in spremlja ukrepe za zagotavljanje kakovosti izdelka v skladu s skrbjo za okolje.\u00a0 <strong>Esperia<\/strong> je eno redkih evropskih podjetij, ki uporablja svoj notranji testni laboratorij za vse izdelke v skladu z evropskimi standardi. Laboratorij so v poslovni proces uvedli leta 2006 v sodelovanju z ITI Maligani iz Vidma. S tem je <strong>Esperia<\/strong> postavila standarde sodobnega razvoja koles v svojem cenovnem razredu.<br \/>\n<\/span><\/div>\n<div class=\"accordion__content\">\n<div class=\"product-innovation__main-content\">\n<p>&nbsp;<\/p>\n<p class=\"product-innovation__main-title\"><span style=\"font-family: helvetica, arial, sans-serif;\"><strong><span style=\"font-size: 18pt;\"><span class=\"VIiyi\" lang=\"sl\"><span class=\"JLqJ4b ChMk0b\" data-language-for-alternatives=\"sl\" data-language-to-translate-into=\"en\" data-phrase-index=\"0\">Tehni\u010dne specifikacije<\/span><\/span><\/span><\/strong><\/span><\/p>\n<ul>\n<li><span style=\"font-family: helvetica, arial, sans-serif;\"><strong>Okvir: <\/strong>Monotube 26&#8221; 3\/8 Jeklo<\/span><\/li>\n<li><span style=\"font-family: helvetica, arial, sans-serif;\"><strong>Vilice: <\/strong>26&#8221; 3\/8 Jeklo<\/span><\/li>\n<li><span style=\"font-family: helvetica, arial, sans-serif;\"><strong>Prestave: <\/strong>Shimano TZ50<\/span><\/li>\n<li><span style=\"font-family: helvetica, arial, sans-serif;\"><strong>Prestavne ro\u010dice: <\/strong>Revo 6V Saiguan<\/span><\/li>\n<li><span style=\"font-family: helvetica, arial, sans-serif;\"><strong>Veri\u017enik gonilke: <\/strong>42X170 Jeklo<\/span><\/li>\n<li><span style=\"font-family: helvetica, arial, sans-serif;\"><strong>Zadnji veri\u017enik: <\/strong>INDEX 6V 14-28 Shunfeng<\/span><\/li>\n<li><span style=\"font-family: helvetica, arial, sans-serif;\"><strong>Zavore: <\/strong>V-brake aluminij<\/span><\/li>\n<li><span style=\"font-family: helvetica, arial, sans-serif;\"><strong>Krmilo: <\/strong>MTB\u00a0 Jeklo \u010drno<\/span><\/li>\n<li><span style=\"font-family: helvetica, arial, sans-serif;\"><strong>Pla\u0161\u010di: <\/strong>26\u201d 3\/8 \u010drni<\/span><\/li>\n<li><span style=\"font-family: helvetica, arial, sans-serif;\"><strong>Kolesa: <\/strong>Esperia aluminium<\/span><\/li>\n<li><span style=\"font-family: helvetica, arial, sans-serif;\"><strong>Sede\u017e: <\/strong>DDK SA-202<\/span><\/li>\n<li><span style=\"font-family: helvetica, arial, sans-serif;\"><strong>Velikost okvirja: <\/strong>Univerzalen<\/span><\/li>\n<\/ul>\n<\/div>\n<\/div>\n<\/div>\n<\/div>\n<\/div>\n<\/div>\n<\/div>\n<\/div>\n","protected":false},"excerpt":{"rendered":"<div class=\"feature-description-single\">\n<div class=\"feature-description-single\">\n<div class=\"feature-description-single\"><span style=\"font-size: 12pt;\"><span class=\"VIiyi\" lang=\"en\"><span class=\"JLqJ4b ChMk0b\" data-language-for-alternatives=\"en\" data-language-to-translate-into=\"sl\" data-phrase-index=\"1\"><span style=\"font-family: georgia, palatino, serif;\">ESPERIA Mestno kolo Paris z nizkim vstopom je opremljeno z\u00a0 vzdr\u017eljivim prednjim in zadnjim prtlja\u017enikom ter udobnim sede\u017eem.\u00a0 To omogo\u010da tudi dalj\u0161a potovanja s kolesom.<\/span> <\/span><\/span><\/span><\/div>\n<\/div>\n<\/div>\n","protected":false},"featured_media":4023,"comment_status":"open","ping_status":"closed","template":"","meta":[],"product_brand":[],"product_cat":[249,407],"product_tag":[588,642,644,320,643],"class_list":{"0":"post-4021","1":"product","2":"type-product","3":"status-publish","4":"has-post-thumbnail","6":"product_cat-kolesa","7":"product_cat-mestna-kolesa-sl","8":"product_tag-esperia-kolesa","9":"product_tag-esperia-mestno-kolo","10":"product_tag-esperia-mestno-kolo-paris","11":"product_tag-kolesarski-svet","12":"product_tag-mestna-kolesa-sl","14":"first","15":"instock","16":"featured","17":"shipping-taxable","18":"purchasable","19":"product-type-simple"},"yoast_head":"<!-- This site is optimized with the Yoast SEO plugin v26.6 - https:\/\/yoast.com\/wordpress\/plugins\/seo\/ -->\n<title>ESPERIA Mestno kolo Paris - Kolesarski Svet<\/title>\n<meta name=\"description\" content=\"ESPERIA Mestno kolo Paris z nizkim vstopom je opremljeno z vzdr\u017eljivim prednjim in zadnjim prtlja\u017enikom ter udobnim sede\u017eem.\" \/>\n<meta name=\"robots\" content=\"index, follow, max-snippet:-1, max-image-preview:large, max-video-preview:-1\" \/>\n<link rel=\"canonical\" href=\"https:\/\/kolesarski-svet.si\/sl\/izdelek\/esperia-mestno-kolo-paris\/\" \/>\n<meta property=\"og:locale\" content=\"sl_SI\" \/>\n<meta property=\"og:type\" content=\"article\" \/>\n<meta property=\"og:title\" content=\"ESPERIA Mestno kolo Paris - Kolesarski Svet\" \/>\n<meta property=\"og:description\" content=\"ESPERIA Mestno kolo Paris z nizkim vstopom je opremljeno z vzdr\u017eljivim prednjim in zadnjim prtlja\u017enikom ter udobnim sede\u017eem.\" \/>\n<meta property=\"og:url\" content=\"https:\/\/kolesarski-svet.si\/sl\/izdelek\/esperia-mestno-kolo-paris\/\" \/>\n<meta property=\"og:site_name\" content=\"Kolesarski Svet\" \/>\n<meta property=\"article:publisher\" content=\"https:\/\/www.facebook.com\/KolesarskiSvet\/\" \/>\n<meta property=\"article:modified_time\" content=\"2021-06-23T10:20:27+00:00\" \/>\n<meta property=\"og:image\" content=\"https:\/\/kolesarski-svet.si\/wp-content\/uploads\/2021\/06\/ESPERIA-City-bike-Paris.jpg\" \/>\n\t<meta property=\"og:image:width\" content=\"1200\" \/>\n\t<meta property=\"og:image:height\" content=\"800\" \/>\n\t<meta property=\"og:image:type\" content=\"image\/jpeg\" \/>\n<meta name=\"twitter:card\" content=\"summary_large_image\" \/>\n<meta name=\"twitter:label1\" content=\"Est. reading time\" \/>\n\t<meta name=\"twitter:data1\" content=\"2 minuti\" \/>\n<script type=\"application\/ld+json\" class=\"yoast-schema-graph\">{\"@context\":\"https:\/\/schema.org\",\"@graph\":[{\"@type\":\"WebPage\",\"@id\":\"https:\/\/kolesarski-svet.si\/sl\/izdelek\/esperia-mestno-kolo-paris\/\",\"url\":\"https:\/\/kolesarski-svet.si\/sl\/izdelek\/esperia-mestno-kolo-paris\/\",\"name\":\"ESPERIA Mestno kolo Paris - Kolesarski Svet\",\"isPartOf\":{\"@id\":\"https:\/\/kolesarski-svet.si\/#website\"},\"primaryImageOfPage\":{\"@id\":\"https:\/\/kolesarski-svet.si\/sl\/izdelek\/esperia-mestno-kolo-paris\/#primaryimage\"},\"image\":{\"@id\":\"https:\/\/kolesarski-svet.si\/sl\/izdelek\/esperia-mestno-kolo-paris\/#primaryimage\"},\"thumbnailUrl\":\"https:\/\/kolesarski-svet.si\/wp-content\/uploads\/2021\/06\/ESPERIA-City-bike-Paris.jpg\",\"datePublished\":\"2021-06-22T11:33:26+00:00\",\"dateModified\":\"2021-06-23T10:20:27+00:00\",\"description\":\"ESPERIA Mestno kolo Paris z nizkim vstopom je opremljeno z vzdr\u017eljivim prednjim in zadnjim prtlja\u017enikom ter udobnim sede\u017eem.\",\"breadcrumb\":{\"@id\":\"https:\/\/kolesarski-svet.si\/sl\/izdelek\/esperia-mestno-kolo-paris\/#breadcrumb\"},\"inLanguage\":\"sl-SI\",\"potentialAction\":[{\"@type\":\"ReadAction\",\"target\":[\"https:\/\/kolesarski-svet.si\/sl\/izdelek\/esperia-mestno-kolo-paris\/\"]}]},{\"@type\":\"ImageObject\",\"inLanguage\":\"sl-SI\",\"@id\":\"https:\/\/kolesarski-svet.si\/sl\/izdelek\/esperia-mestno-kolo-paris\/#primaryimage\",\"url\":\"https:\/\/kolesarski-svet.si\/wp-content\/uploads\/2021\/06\/ESPERIA-City-bike-Paris.jpg\",\"contentUrl\":\"https:\/\/kolesarski-svet.si\/wp-content\/uploads\/2021\/06\/ESPERIA-City-bike-Paris.jpg\",\"width\":1200,\"height\":800,\"caption\":\"Kolesarski Svet, ESPERIA Mestno kolo Paris\"},{\"@type\":\"BreadcrumbList\",\"@id\":\"https:\/\/kolesarski-svet.si\/sl\/izdelek\/esperia-mestno-kolo-paris\/#breadcrumb\",\"itemListElement\":[{\"@type\":\"ListItem\",\"position\":1,\"name\":\"Home\",\"item\":\"https:\/\/kolesarski-svet.si\/sl\/kolesarski-svet-domov\/\"},{\"@type\":\"ListItem\",\"position\":2,\"name\":\"Trgovina\",\"item\":\"https:\/\/kolesarski-svet.si\/sl\/trgovina\/\"},{\"@type\":\"ListItem\",\"position\":3,\"name\":\"ESPERIA Mestno kolo Paris\"}]},{\"@type\":\"WebSite\",\"@id\":\"https:\/\/kolesarski-svet.si\/#website\",\"url\":\"https:\/\/kolesarski-svet.si\/\",\"name\":\"Kolesarski Svet\",\"description\":\"Do\u017eivite lepote Slovenije na kolesu\",\"publisher\":{\"@id\":\"https:\/\/kolesarski-svet.si\/#organization\"},\"potentialAction\":[{\"@type\":\"SearchAction\",\"target\":{\"@type\":\"EntryPoint\",\"urlTemplate\":\"https:\/\/kolesarski-svet.si\/?s={search_term_string}\"},\"query-input\":{\"@type\":\"PropertyValueSpecification\",\"valueRequired\":true,\"valueName\":\"search_term_string\"}}],\"inLanguage\":\"sl-SI\"},{\"@type\":\"Organization\",\"@id\":\"https:\/\/kolesarski-svet.si\/#organization\",\"name\":\"Kolesarski Svet\",\"url\":\"https:\/\/kolesarski-svet.si\/\",\"logo\":{\"@type\":\"ImageObject\",\"inLanguage\":\"sl-SI\",\"@id\":\"https:\/\/kolesarski-svet.si\/#\/schema\/logo\/image\/\",\"url\":\"https:\/\/kolesarski-svet.si\/wp-content\/uploads\/2018\/03\/logo-KS-170.png\",\"contentUrl\":\"https:\/\/kolesarski-svet.si\/wp-content\/uploads\/2018\/03\/logo-KS-170.png\",\"width\":170,\"height\":120,\"caption\":\"Kolesarski Svet\"},\"image\":{\"@id\":\"https:\/\/kolesarski-svet.si\/#\/schema\/logo\/image\/\"},\"sameAs\":[\"https:\/\/www.facebook.com\/KolesarskiSvet\/\",\"https:\/\/www.youtube.com\/channel\/UCaR0d_D0MFnxI1Wpxa2nkAA\"]}]}<\/script>\n<!-- \/ Yoast SEO plugin. -->","yoast_head_json":{"title":"ESPERIA Mestno kolo Paris - Kolesarski Svet","description":"ESPERIA Mestno kolo Paris z nizkim vstopom je opremljeno z vzdr\u017eljivim prednjim in zadnjim prtlja\u017enikom ter udobnim sede\u017eem.","robots":{"index":"index","follow":"follow","max-snippet":"max-snippet:-1","max-image-preview":"max-image-preview:large","max-video-preview":"max-video-preview:-1"},"canonical":"https:\/\/kolesarski-svet.si\/sl\/izdelek\/esperia-mestno-kolo-paris\/","og_locale":"sl_SI","og_type":"article","og_title":"ESPERIA Mestno kolo Paris - Kolesarski Svet","og_description":"ESPERIA Mestno kolo Paris z nizkim vstopom je opremljeno z vzdr\u017eljivim prednjim in zadnjim prtlja\u017enikom ter udobnim sede\u017eem.","og_url":"https:\/\/kolesarski-svet.si\/sl\/izdelek\/esperia-mestno-kolo-paris\/","og_site_name":"Kolesarski Svet","article_publisher":"https:\/\/www.facebook.com\/KolesarskiSvet\/","article_modified_time":"2021-06-23T10:20:27+00:00","og_image":[{"width":1200,"height":800,"url":"https:\/\/kolesarski-svet.si\/wp-content\/uploads\/2021\/06\/ESPERIA-City-bike-Paris.jpg","type":"image\/jpeg"}],"twitter_card":"summary_large_image","twitter_misc":{"Est. reading time":"2 minuti"},"schema":{"@context":"https:\/\/schema.org","@graph":[{"@type":"WebPage","@id":"https:\/\/kolesarski-svet.si\/sl\/izdelek\/esperia-mestno-kolo-paris\/","url":"https:\/\/kolesarski-svet.si\/sl\/izdelek\/esperia-mestno-kolo-paris\/","name":"ESPERIA Mestno kolo Paris - Kolesarski Svet","isPartOf":{"@id":"https:\/\/kolesarski-svet.si\/#website"},"primaryImageOfPage":{"@id":"https:\/\/kolesarski-svet.si\/sl\/izdelek\/esperia-mestno-kolo-paris\/#primaryimage"},"image":{"@id":"https:\/\/kolesarski-svet.si\/sl\/izdelek\/esperia-mestno-kolo-paris\/#primaryimage"},"thumbnailUrl":"https:\/\/kolesarski-svet.si\/wp-content\/uploads\/2021\/06\/ESPERIA-City-bike-Paris.jpg","datePublished":"2021-06-22T11:33:26+00:00","dateModified":"2021-06-23T10:20:27+00:00","description":"ESPERIA Mestno kolo Paris z nizkim vstopom je opremljeno z vzdr\u017eljivim prednjim in zadnjim prtlja\u017enikom ter udobnim sede\u017eem.","breadcrumb":{"@id":"https:\/\/kolesarski-svet.si\/sl\/izdelek\/esperia-mestno-kolo-paris\/#breadcrumb"},"inLanguage":"sl-SI","potentialAction":[{"@type":"ReadAction","target":["https:\/\/kolesarski-svet.si\/sl\/izdelek\/esperia-mestno-kolo-paris\/"]}]},{"@type":"ImageObject","inLanguage":"sl-SI","@id":"https:\/\/kolesarski-svet.si\/sl\/izdelek\/esperia-mestno-kolo-paris\/#primaryimage","url":"https:\/\/kolesarski-svet.si\/wp-content\/uploads\/2021\/06\/ESPERIA-City-bike-Paris.jpg","contentUrl":"https:\/\/kolesarski-svet.si\/wp-content\/uploads\/2021\/06\/ESPERIA-City-bike-Paris.jpg","width":1200,"height":800,"caption":"Kolesarski Svet, ESPERIA Mestno kolo Paris"},{"@type":"BreadcrumbList","@id":"https:\/\/kolesarski-svet.si\/sl\/izdelek\/esperia-mestno-kolo-paris\/#breadcrumb","itemListElement":[{"@type":"ListItem","position":1,"name":"Home","item":"https:\/\/kolesarski-svet.si\/sl\/kolesarski-svet-domov\/"},{"@type":"ListItem","position":2,"name":"Trgovina","item":"https:\/\/kolesarski-svet.si\/sl\/trgovina\/"},{"@type":"ListItem","position":3,"name":"ESPERIA Mestno kolo Paris"}]},{"@type":"WebSite","@id":"https:\/\/kolesarski-svet.si\/#website","url":"https:\/\/kolesarski-svet.si\/","name":"Kolesarski Svet","description":"Do\u017eivite lepote Slovenije na kolesu","publisher":{"@id":"https:\/\/kolesarski-svet.si\/#organization"},"potentialAction":[{"@type":"SearchAction","target":{"@type":"EntryPoint","urlTemplate":"https:\/\/kolesarski-svet.si\/?s={search_term_string}"},"query-input":{"@type":"PropertyValueSpecification","valueRequired":true,"valueName":"search_term_string"}}],"inLanguage":"sl-SI"},{"@type":"Organization","@id":"https:\/\/kolesarski-svet.si\/#organization","name":"Kolesarski Svet","url":"https:\/\/kolesarski-svet.si\/","logo":{"@type":"ImageObject","inLanguage":"sl-SI","@id":"https:\/\/kolesarski-svet.si\/#\/schema\/logo\/image\/","url":"https:\/\/kolesarski-svet.si\/wp-content\/uploads\/2018\/03\/logo-KS-170.png","contentUrl":"https:\/\/kolesarski-svet.si\/wp-content\/uploads\/2018\/03\/logo-KS-170.png","width":170,"height":120,"caption":"Kolesarski Svet"},"image":{"@id":"https:\/\/kolesarski-svet.si\/#\/schema\/logo\/image\/"},"sameAs":["https:\/\/www.facebook.com\/KolesarskiSvet\/","https:\/\/www.youtube.com\/channel\/UCaR0d_D0MFnxI1Wpxa2nkAA"]}]}},"_links":{"self":[{"href":"https:\/\/kolesarski-svet.si\/sl\/wp-json\/wp\/v2\/product\/4021","targetHints":{"allow":["GET"]}}],"collection":[{"href":"https:\/\/kolesarski-svet.si\/sl\/wp-json\/wp\/v2\/product"}],"about":[{"href":"https:\/\/kolesarski-svet.si\/sl\/wp-json\/wp\/v2\/types\/product"}],"replies":[{"embeddable":true,"href":"https:\/\/kolesarski-svet.si\/sl\/wp-json\/wp\/v2\/comments?post=4021"}],"wp:featuredmedia":[{"embeddable":true,"href":"https:\/\/kolesarski-svet.si\/sl\/wp-json\/wp\/v2\/media\/4023"}],"wp:attachment":[{"href":"https:\/\/kolesarski-svet.si\/sl\/wp-json\/wp\/v2\/media?parent=4021"}],"wp:term":[{"taxonomy":"product_brand","embeddable":true,"href":"https:\/\/kolesarski-svet.si\/sl\/wp-json\/wp\/v2\/product_brand?post=4021"},{"taxonomy":"product_cat","embeddable":true,"href":"https:\/\/kolesarski-svet.si\/sl\/wp-json\/wp\/v2\/product_cat?post=4021"},{"taxonomy":"product_tag","embeddable":true,"href":"https:\/\/kolesarski-svet.si\/sl\/wp-json\/wp\/v2\/product_tag?post=4021"}],"curies":[{"name":"wp","href":"https:\/\/api.w.org\/{rel}","templated":true}]}}