{"id":4190,"date":"2022-04-04T07:29:09","date_gmt":"2022-04-04T07:29:09","guid":{"rendered":"https:\/\/kolesarski-svet.si\/?post_type=product&#038;p=4190"},"modified":"2022-04-04T09:03:03","modified_gmt":"2022-04-04T09:03:03","slug":"torpado-mestno-kolo-120-silver-life-26","status":"publish","type":"product","link":"https:\/\/kolesarski-svet.si\/sl\/izdelek\/torpado-mestno-kolo-120-silver-life-26\/","title":{"rendered":"TORPADO Mestno kolo 120 Silver Life 26&#8243;"},"content":{"rendered":"<h1><span style=\"font-family: helvetica, arial, sans-serif;\"><span style=\"font-size: 24pt;\">TORPADO Mestno kolo 120 Silver Life 26&#8243;<\/span><br \/>\n<\/span><\/h1>\n<p class=\"model-listing__description\"><span style=\"font-family: helvetica, arial, sans-serif; font-size: 12pt;\"><span class=\"VIiyi\" lang=\"en\"><span class=\"JLqJ4b ChMk0b\" data-language-for-alternatives=\"en\" data-language-to-translate-into=\"sl\" data-phrase-index=\"0\"><a href=\"https:\/\/www.torpado.com\/en\/\" target=\"_blank\" rel=\"noopener\">Torpado<\/a><\/span><\/span>\u00a0 Mestno kolo 120 Silver Life 26 &#8221; je zelo udobno in enostavno za vo\u017enjo. Opremljeno je z dvema prtlja\u017enikoma za prtljago. Standardna oprema vklju\u010duje 6 prestav Shimano, ki olaj\u0161ajo premagovanje kraj\u0161ih klancev na urejenih\u00a0 in utrjenih poteh.<\/span><\/p>\n<p><span style=\"font-family: helvetica, arial, sans-serif; font-size: 12pt;\">Sprednji in zadnji blatnik pa prepre\u010dujeta umazanijo pri vo\u017enji po de\u017eju. Trpe\u017een jeklen okvir s pokon\u010dno geometrijo bo navdu\u0161il vse, ki i\u0161\u010dejo pokon\u010dno dr\u017eo na kolesu. Z zvoncem ter sprednjo in zadnjo lu\u010djo, boste lahko povsem varni v prometu.<\/span><\/p>\n<p><img decoding=\"async\" class=\"alignnone wp-image-4192 size-large\" src=\"https:\/\/kolesarski-svet.si\/wp-content\/uploads\/2022\/04\/Torpado-120-Silver-Life-26_3-1024x683.jpg\" alt=\"\" width=\"748\" height=\"499\" srcset=\"https:\/\/kolesarski-svet.si\/wp-content\/uploads\/2022\/04\/Torpado-120-Silver-Life-26_3-1024x683.jpg 1024w, https:\/\/kolesarski-svet.si\/wp-content\/uploads\/2022\/04\/Torpado-120-Silver-Life-26_3-300x200.jpg 300w, https:\/\/kolesarski-svet.si\/wp-content\/uploads\/2022\/04\/Torpado-120-Silver-Life-26_3-768x512.jpg 768w, https:\/\/kolesarski-svet.si\/wp-content\/uploads\/2022\/04\/Torpado-120-Silver-Life-26_3-531x354.jpg 531w, https:\/\/kolesarski-svet.si\/wp-content\/uploads\/2022\/04\/Torpado-120-Silver-Life-26_3-600x400.jpg 600w, https:\/\/kolesarski-svet.si\/wp-content\/uploads\/2022\/04\/Torpado-120-Silver-Life-26_3-180x120.jpg 180w, https:\/\/kolesarski-svet.si\/wp-content\/uploads\/2022\/04\/Torpado-120-Silver-Life-26_3.jpg 1200w\" sizes=\"(max-width: 748px) 100vw, 748px\" \/><\/p>\n<p><span style=\"font-family: helvetica, arial, sans-serif; font-size: 24pt;\"><span style=\"font-size: 18pt;\"><strong>O podjetju Torpado<\/strong><\/span><br \/>\n<\/span><\/p>\n<div class=\"accordion__pane panel\">\n<div id=\"efficient-pedalling_2129\" class=\"accordion__content-container in\">\n<div class=\"accordion__content\">\n<div class=\"product-innovation__main-content\">\n<div class=\"accordion__pane panel\">\n<div id=\"efficient-pedalling_2129\" class=\"accordion__content-container in\">\n<div class=\"accordion__content\" style=\"text-align: left;\"><span style=\"font-family: helvetica, arial, sans-serif; font-size: 12pt;\">Blagovna znamka <span class=\"VIiyi\" lang=\"en\"><span class=\"JLqJ4b ChMk0b\" data-language-for-alternatives=\"en\" data-language-to-translate-into=\"sl\" data-phrase-index=\"0\"><a href=\"https:\/\/www.torpado.com\/\" target=\"_blank\" rel=\"noopener\">Torpado<\/a><\/span><\/span>\u00a0 se je rodila v Padovi leta 1895 in od leta 2001 je pod okriljem <strong>Cicli Esperia Group<\/strong>. V 50. letih pa do 1962 je imel <strong>Torpado<\/strong> ekipo strokovnjakov, ki je sodelovala na enajstih kolesarskih turnejah po italiji. <strong>Torpado<\/strong> trenutno odlikuje \u0161iroka paleta izdelkov in \u0161iritev na \u0161ir\u0161i, evropski trg, pa tudi po natan\u010dnosti, dobrem okusu in pozornosti do kakovostne izdelave. Znamka <strong>Torpado<\/strong> vklju\u010duje mestna kolesa, treking, otro\u0161ka, elektri\u010dna in, od pred nekaj leta, novo \u00bbImpudent\u00ab linijo, namenjeno gorskim kolesarjev: XC, all-mountain, enduro in DH. Vsak okvir je preu\u010den, oblikovan in razvit v prostorih podjetja, skupaj z ekipo UCI <strong>Torpado<\/strong>. \u010clani slednje ekipe so sestavljeni iz italijanskih in mednarodnih prvakov, ki kon\u010dne izdelke potem tudi testirajo na tekmovanjih.<\/span><\/div>\n<\/div>\n<\/div>\n<\/div>\n<\/div>\n<div class=\"accordion__content\">\n<div class=\"product-innovation__main-content\">\n<div class=\"accordion__pane panel\">\n<div id=\"efficient-pedalling_2129\" class=\"accordion__content-container in\">\n<div class=\"accordion__content\">\n<div class=\"product-innovation__main-content\">\n<p class=\"product-innovation__main-title\"><span style=\"font-family: helvetica, arial, sans-serif; font-size: 18pt;\"><strong>Tehni\u010dne specifikacije<\/strong><\/span><\/p>\n<ul>\n<li><span style=\"font-family: helvetica, arial, sans-serif; font-size: 12pt;\"><span dir=\"ltr\"><strong>Okvir:<\/strong>\u00a0 <\/span>26&#8221;, Hi Ten Tig<br \/>\n<\/span><\/li>\n<li><span style=\"font-family: helvetica, arial, sans-serif; font-size: 12pt;\"><span dir=\"ltr\"><strong>Vilice:\u00a0 <\/strong><\/span>Hi Ten Tig<br \/>\n<\/span><\/li>\n<li><span style=\"font-family: helvetica, arial, sans-serif; font-size: 12pt;\"><strong>Zadnji menjalnik:\u00a0<\/strong> Shimano TY300<br \/>\n<\/span><\/li>\n<li><span style=\"font-family: helvetica, arial, sans-serif; font-size: 12pt;\"><strong>Prestavne ro\u010dice:\u00a0<\/strong> Shimano Revo RS35GEARS6<br \/>\n<\/span><\/li>\n<li><span style=\"font-family: helvetica, arial, sans-serif; font-size: 12pt;\"><strong>Gonilka:\u00a0<\/strong>CPI CTL6 42T\/170mm<\/span><\/li>\n<li><span style=\"font-family: helvetica, arial, sans-serif; font-size: 12pt;\"><strong>Zadnji veri\u017enik:<\/strong> Shimano MFZ7 14-28-7<br \/>\n<\/span><\/li>\n<li><span style=\"font-family: helvetica, arial, sans-serif; font-size: 12pt;\"><span dir=\"ltr\"><strong>Zavore:<\/strong>\u00a0 <\/span>V-Brake Aluminium<\/span><\/li>\n<li><span style=\"font-family: helvetica, arial, sans-serif; font-size: 12pt;\"><span dir=\"ltr\"><strong>Obro\u010dniki<\/strong>:\u00a0\u00a0<\/span>26&#8221; 3\/8, Torpado<\/span><\/li>\n<li><span style=\"font-family: helvetica, arial, sans-serif; font-size: 12pt;\"><strong>Nosilec krmila<\/strong><strong>:\u00a0<\/strong> Multiset Aluminium<br \/>\n<\/span><\/li>\n<li><span style=\"font-family: helvetica, arial, sans-serif; font-size: 12pt;\"><strong>Krmilo:\u00a0<\/strong>NR-14 600mm<\/span><\/li>\n<li><span style=\"font-family: helvetica, arial, sans-serif; font-size: 12pt;\"><strong>Sede\u017ena opora:<\/strong> Chrome Steel 28,6x300mm<br \/>\n<\/span><\/li>\n<li><span style=\"font-family: helvetica, arial, sans-serif; font-size: 12pt;\"><strong><span dir=\"ltr\">Sede\u017e: <\/span><\/strong><span dir=\"ltr\">Torpado Comfort<br \/>\n<\/span><\/span><\/li>\n<li><span style=\"font-family: helvetica, arial, sans-serif; font-size: 12pt;\"><strong>Velikost:\u00a0<\/strong>Universal<\/span><\/li>\n<\/ul>\n<\/div>\n<\/div>\n<\/div>\n<\/div>\n<\/div>\n<\/div>\n<\/div>\n<\/div>\n","protected":false},"excerpt":{"rendered":"<div class=\"feature-description-single\">\n<div class=\"feature-description-single\">\n<div class=\"feature-description-single\">\n<p><span class=\"VIiyi\" lang=\"en\"><span class=\"JLqJ4b ChMk0b\" data-language-for-alternatives=\"en\" data-language-to-translate-into=\"sl\" data-phrase-index=\"0\">Torpado<\/span><\/span> Mestno kolo 120 Silver Life 26 &#8221; je zelo udobno in enostavno za vo\u017enjo. Opremljeno je z dvema prtlja\u017enikoma za prtljago. Standardna oprema vklju\u010duje 6 prestav Shimano, ki olaj\u0161ajo premagovanje kraj\u0161ih klancev na urejenih\u00a0 in utrjenih poteh.<\/p>\n<\/div>\n<\/div>\n<\/div>\n","protected":false},"featured_media":4192,"comment_status":"open","ping_status":"closed","template":"","meta":[],"product_brand":[],"product_cat":[249,407],"product_tag":[320,606,653,689,658],"class_list":{"0":"post-4190","1":"product","2":"type-product","3":"status-publish","4":"has-post-thumbnail","6":"product_cat-kolesa","7":"product_cat-mestna-kolesa-sl","8":"product_tag-kolesarski-svet","9":"product_tag-torpado-kolesa","10":"product_tag-torpado-mestno-kolo","11":"product_tag-torpado-mestno-kolo-120-silver-life-26","12":"product_tag-zensko-mestno-kolo","14":"first","15":"instock","16":"featured","17":"shipping-taxable","18":"purchasable","19":"product-type-simple"},"yoast_head":"<!-- This site is optimized with the Yoast SEO plugin v26.6 - https:\/\/yoast.com\/wordpress\/plugins\/seo\/ -->\n<title>TORPADO Mestno kolo 120 Silver Life 26&quot; - Kolesarski Svet<\/title>\n<meta name=\"description\" content=\"Torpado Mestno kolo 120 Silver Life 26 &quot; je zelo udobno in enostavno za vo\u017enjo. Opremljeno je z dvema prtlja\u017enikoma za prtljago.\" \/>\n<meta name=\"robots\" content=\"index, follow, max-snippet:-1, max-image-preview:large, max-video-preview:-1\" \/>\n<link rel=\"canonical\" href=\"https:\/\/kolesarski-svet.si\/sl\/izdelek\/torpado-mestno-kolo-120-silver-life-26\/\" \/>\n<meta property=\"og:locale\" content=\"sl_SI\" \/>\n<meta property=\"og:type\" content=\"article\" \/>\n<meta property=\"og:title\" content=\"TORPADO Mestno kolo 120 Silver Life 26&quot; - Kolesarski Svet\" \/>\n<meta property=\"og:description\" content=\"Torpado Mestno kolo 120 Silver Life 26 &quot; je zelo udobno in enostavno za vo\u017enjo. Opremljeno je z dvema prtlja\u017enikoma za prtljago.\" \/>\n<meta property=\"og:url\" content=\"https:\/\/kolesarski-svet.si\/sl\/izdelek\/torpado-mestno-kolo-120-silver-life-26\/\" \/>\n<meta property=\"og:site_name\" content=\"Kolesarski Svet\" \/>\n<meta property=\"article:publisher\" content=\"https:\/\/www.facebook.com\/KolesarskiSvet\/\" \/>\n<meta property=\"article:modified_time\" content=\"2022-04-04T09:03:03+00:00\" \/>\n<meta property=\"og:image\" content=\"https:\/\/kolesarski-svet.si\/wp-content\/uploads\/2022\/04\/Torpado-120-Silver-Life-26_3.jpg\" \/>\n\t<meta property=\"og:image:width\" content=\"1200\" \/>\n\t<meta property=\"og:image:height\" content=\"800\" \/>\n\t<meta property=\"og:image:type\" content=\"image\/jpeg\" \/>\n<meta name=\"twitter:card\" content=\"summary_large_image\" \/>\n<meta name=\"twitter:label1\" content=\"Est. reading time\" \/>\n\t<meta name=\"twitter:data1\" content=\"2 minuti\" \/>\n<script type=\"application\/ld+json\" class=\"yoast-schema-graph\">{\"@context\":\"https:\/\/schema.org\",\"@graph\":[{\"@type\":\"WebPage\",\"@id\":\"https:\/\/kolesarski-svet.si\/sl\/izdelek\/torpado-mestno-kolo-120-silver-life-26\/\",\"url\":\"https:\/\/kolesarski-svet.si\/sl\/izdelek\/torpado-mestno-kolo-120-silver-life-26\/\",\"name\":\"TORPADO Mestno kolo 120 Silver Life 26\\\" - Kolesarski Svet\",\"isPartOf\":{\"@id\":\"https:\/\/kolesarski-svet.si\/#website\"},\"primaryImageOfPage\":{\"@id\":\"https:\/\/kolesarski-svet.si\/sl\/izdelek\/torpado-mestno-kolo-120-silver-life-26\/#primaryimage\"},\"image\":{\"@id\":\"https:\/\/kolesarski-svet.si\/sl\/izdelek\/torpado-mestno-kolo-120-silver-life-26\/#primaryimage\"},\"thumbnailUrl\":\"https:\/\/kolesarski-svet.si\/wp-content\/uploads\/2022\/04\/Torpado-120-Silver-Life-26_3.jpg\",\"datePublished\":\"2022-04-04T07:29:09+00:00\",\"dateModified\":\"2022-04-04T09:03:03+00:00\",\"description\":\"Torpado Mestno kolo 120 Silver Life 26 \\\" je zelo udobno in enostavno za vo\u017enjo. Opremljeno je z dvema prtlja\u017enikoma za prtljago.\",\"breadcrumb\":{\"@id\":\"https:\/\/kolesarski-svet.si\/sl\/izdelek\/torpado-mestno-kolo-120-silver-life-26\/#breadcrumb\"},\"inLanguage\":\"sl-SI\",\"potentialAction\":[{\"@type\":\"ReadAction\",\"target\":[\"https:\/\/kolesarski-svet.si\/sl\/izdelek\/torpado-mestno-kolo-120-silver-life-26\/\"]}]},{\"@type\":\"ImageObject\",\"inLanguage\":\"sl-SI\",\"@id\":\"https:\/\/kolesarski-svet.si\/sl\/izdelek\/torpado-mestno-kolo-120-silver-life-26\/#primaryimage\",\"url\":\"https:\/\/kolesarski-svet.si\/wp-content\/uploads\/2022\/04\/Torpado-120-Silver-Life-26_3.jpg\",\"contentUrl\":\"https:\/\/kolesarski-svet.si\/wp-content\/uploads\/2022\/04\/Torpado-120-Silver-Life-26_3.jpg\",\"width\":1200,\"height\":800,\"caption\":\"TORPADO Mestno kolo 120 Silver Life 26\\\" Kolesarski Svet,\"},{\"@type\":\"BreadcrumbList\",\"@id\":\"https:\/\/kolesarski-svet.si\/sl\/izdelek\/torpado-mestno-kolo-120-silver-life-26\/#breadcrumb\",\"itemListElement\":[{\"@type\":\"ListItem\",\"position\":1,\"name\":\"Home\",\"item\":\"https:\/\/kolesarski-svet.si\/sl\/kolesarski-svet-domov\/\"},{\"@type\":\"ListItem\",\"position\":2,\"name\":\"Trgovina\",\"item\":\"https:\/\/kolesarski-svet.si\/sl\/trgovina\/\"},{\"@type\":\"ListItem\",\"position\":3,\"name\":\"TORPADO Mestno kolo 120 Silver Life 26&#8243;\"}]},{\"@type\":\"WebSite\",\"@id\":\"https:\/\/kolesarski-svet.si\/#website\",\"url\":\"https:\/\/kolesarski-svet.si\/\",\"name\":\"Kolesarski Svet\",\"description\":\"Do\u017eivite lepote Slovenije na kolesu\",\"publisher\":{\"@id\":\"https:\/\/kolesarski-svet.si\/#organization\"},\"potentialAction\":[{\"@type\":\"SearchAction\",\"target\":{\"@type\":\"EntryPoint\",\"urlTemplate\":\"https:\/\/kolesarski-svet.si\/?s={search_term_string}\"},\"query-input\":{\"@type\":\"PropertyValueSpecification\",\"valueRequired\":true,\"valueName\":\"search_term_string\"}}],\"inLanguage\":\"sl-SI\"},{\"@type\":\"Organization\",\"@id\":\"https:\/\/kolesarski-svet.si\/#organization\",\"name\":\"Kolesarski Svet\",\"url\":\"https:\/\/kolesarski-svet.si\/\",\"logo\":{\"@type\":\"ImageObject\",\"inLanguage\":\"sl-SI\",\"@id\":\"https:\/\/kolesarski-svet.si\/#\/schema\/logo\/image\/\",\"url\":\"https:\/\/kolesarski-svet.si\/wp-content\/uploads\/2018\/03\/logo-KS-170.png\",\"contentUrl\":\"https:\/\/kolesarski-svet.si\/wp-content\/uploads\/2018\/03\/logo-KS-170.png\",\"width\":170,\"height\":120,\"caption\":\"Kolesarski Svet\"},\"image\":{\"@id\":\"https:\/\/kolesarski-svet.si\/#\/schema\/logo\/image\/\"},\"sameAs\":[\"https:\/\/www.facebook.com\/KolesarskiSvet\/\",\"https:\/\/www.youtube.com\/channel\/UCaR0d_D0MFnxI1Wpxa2nkAA\"]}]}<\/script>\n<!-- \/ Yoast SEO plugin. -->","yoast_head_json":{"title":"TORPADO Mestno kolo 120 Silver Life 26\" - Kolesarski Svet","description":"Torpado Mestno kolo 120 Silver Life 26 \" je zelo udobno in enostavno za vo\u017enjo. Opremljeno je z dvema prtlja\u017enikoma za prtljago.","robots":{"index":"index","follow":"follow","max-snippet":"max-snippet:-1","max-image-preview":"max-image-preview:large","max-video-preview":"max-video-preview:-1"},"canonical":"https:\/\/kolesarski-svet.si\/sl\/izdelek\/torpado-mestno-kolo-120-silver-life-26\/","og_locale":"sl_SI","og_type":"article","og_title":"TORPADO Mestno kolo 120 Silver Life 26\" - Kolesarski Svet","og_description":"Torpado Mestno kolo 120 Silver Life 26 \" je zelo udobno in enostavno za vo\u017enjo. Opremljeno je z dvema prtlja\u017enikoma za prtljago.","og_url":"https:\/\/kolesarski-svet.si\/sl\/izdelek\/torpado-mestno-kolo-120-silver-life-26\/","og_site_name":"Kolesarski Svet","article_publisher":"https:\/\/www.facebook.com\/KolesarskiSvet\/","article_modified_time":"2022-04-04T09:03:03+00:00","og_image":[{"width":1200,"height":800,"url":"https:\/\/kolesarski-svet.si\/wp-content\/uploads\/2022\/04\/Torpado-120-Silver-Life-26_3.jpg","type":"image\/jpeg"}],"twitter_card":"summary_large_image","twitter_misc":{"Est. reading time":"2 minuti"},"schema":{"@context":"https:\/\/schema.org","@graph":[{"@type":"WebPage","@id":"https:\/\/kolesarski-svet.si\/sl\/izdelek\/torpado-mestno-kolo-120-silver-life-26\/","url":"https:\/\/kolesarski-svet.si\/sl\/izdelek\/torpado-mestno-kolo-120-silver-life-26\/","name":"TORPADO Mestno kolo 120 Silver Life 26\" - Kolesarski Svet","isPartOf":{"@id":"https:\/\/kolesarski-svet.si\/#website"},"primaryImageOfPage":{"@id":"https:\/\/kolesarski-svet.si\/sl\/izdelek\/torpado-mestno-kolo-120-silver-life-26\/#primaryimage"},"image":{"@id":"https:\/\/kolesarski-svet.si\/sl\/izdelek\/torpado-mestno-kolo-120-silver-life-26\/#primaryimage"},"thumbnailUrl":"https:\/\/kolesarski-svet.si\/wp-content\/uploads\/2022\/04\/Torpado-120-Silver-Life-26_3.jpg","datePublished":"2022-04-04T07:29:09+00:00","dateModified":"2022-04-04T09:03:03+00:00","description":"Torpado Mestno kolo 120 Silver Life 26 \" je zelo udobno in enostavno za vo\u017enjo. Opremljeno je z dvema prtlja\u017enikoma za prtljago.","breadcrumb":{"@id":"https:\/\/kolesarski-svet.si\/sl\/izdelek\/torpado-mestno-kolo-120-silver-life-26\/#breadcrumb"},"inLanguage":"sl-SI","potentialAction":[{"@type":"ReadAction","target":["https:\/\/kolesarski-svet.si\/sl\/izdelek\/torpado-mestno-kolo-120-silver-life-26\/"]}]},{"@type":"ImageObject","inLanguage":"sl-SI","@id":"https:\/\/kolesarski-svet.si\/sl\/izdelek\/torpado-mestno-kolo-120-silver-life-26\/#primaryimage","url":"https:\/\/kolesarski-svet.si\/wp-content\/uploads\/2022\/04\/Torpado-120-Silver-Life-26_3.jpg","contentUrl":"https:\/\/kolesarski-svet.si\/wp-content\/uploads\/2022\/04\/Torpado-120-Silver-Life-26_3.jpg","width":1200,"height":800,"caption":"TORPADO Mestno kolo 120 Silver Life 26\" Kolesarski Svet,"},{"@type":"BreadcrumbList","@id":"https:\/\/kolesarski-svet.si\/sl\/izdelek\/torpado-mestno-kolo-120-silver-life-26\/#breadcrumb","itemListElement":[{"@type":"ListItem","position":1,"name":"Home","item":"https:\/\/kolesarski-svet.si\/sl\/kolesarski-svet-domov\/"},{"@type":"ListItem","position":2,"name":"Trgovina","item":"https:\/\/kolesarski-svet.si\/sl\/trgovina\/"},{"@type":"ListItem","position":3,"name":"TORPADO Mestno kolo 120 Silver Life 26&#8243;"}]},{"@type":"WebSite","@id":"https:\/\/kolesarski-svet.si\/#website","url":"https:\/\/kolesarski-svet.si\/","name":"Kolesarski Svet","description":"Do\u017eivite lepote Slovenije na kolesu","publisher":{"@id":"https:\/\/kolesarski-svet.si\/#organization"},"potentialAction":[{"@type":"SearchAction","target":{"@type":"EntryPoint","urlTemplate":"https:\/\/kolesarski-svet.si\/?s={search_term_string}"},"query-input":{"@type":"PropertyValueSpecification","valueRequired":true,"valueName":"search_term_string"}}],"inLanguage":"sl-SI"},{"@type":"Organization","@id":"https:\/\/kolesarski-svet.si\/#organization","name":"Kolesarski Svet","url":"https:\/\/kolesarski-svet.si\/","logo":{"@type":"ImageObject","inLanguage":"sl-SI","@id":"https:\/\/kolesarski-svet.si\/#\/schema\/logo\/image\/","url":"https:\/\/kolesarski-svet.si\/wp-content\/uploads\/2018\/03\/logo-KS-170.png","contentUrl":"https:\/\/kolesarski-svet.si\/wp-content\/uploads\/2018\/03\/logo-KS-170.png","width":170,"height":120,"caption":"Kolesarski Svet"},"image":{"@id":"https:\/\/kolesarski-svet.si\/#\/schema\/logo\/image\/"},"sameAs":["https:\/\/www.facebook.com\/KolesarskiSvet\/","https:\/\/www.youtube.com\/channel\/UCaR0d_D0MFnxI1Wpxa2nkAA"]}]}},"_links":{"self":[{"href":"https:\/\/kolesarski-svet.si\/sl\/wp-json\/wp\/v2\/product\/4190","targetHints":{"allow":["GET"]}}],"collection":[{"href":"https:\/\/kolesarski-svet.si\/sl\/wp-json\/wp\/v2\/product"}],"about":[{"href":"https:\/\/kolesarski-svet.si\/sl\/wp-json\/wp\/v2\/types\/product"}],"replies":[{"embeddable":true,"href":"https:\/\/kolesarski-svet.si\/sl\/wp-json\/wp\/v2\/comments?post=4190"}],"wp:featuredmedia":[{"embeddable":true,"href":"https:\/\/kolesarski-svet.si\/sl\/wp-json\/wp\/v2\/media\/4192"}],"wp:attachment":[{"href":"https:\/\/kolesarski-svet.si\/sl\/wp-json\/wp\/v2\/media?parent=4190"}],"wp:term":[{"taxonomy":"product_brand","embeddable":true,"href":"https:\/\/kolesarski-svet.si\/sl\/wp-json\/wp\/v2\/product_brand?post=4190"},{"taxonomy":"product_cat","embeddable":true,"href":"https:\/\/kolesarski-svet.si\/sl\/wp-json\/wp\/v2\/product_cat?post=4190"},{"taxonomy":"product_tag","embeddable":true,"href":"https:\/\/kolesarski-svet.si\/sl\/wp-json\/wp\/v2\/product_tag?post=4190"}],"curies":[{"name":"wp","href":"https:\/\/api.w.org\/{rel}","templated":true}]}}