{"id":4428,"date":"2022-12-22T10:55:08","date_gmt":"2022-12-22T10:55:08","guid":{"rendered":"https:\/\/kolesarski-svet.si\/?post_type=product&#038;p=4428"},"modified":"2022-12-22T11:11:11","modified_gmt":"2022-12-22T11:11:11","slug":"darilni-bon-60","status":"publish","type":"product","link":"https:\/\/kolesarski-svet.si\/sl\/izdelek\/darilni-bon-60\/","title":{"rendered":"Darilni bon 60 \u20ac"},"content":{"rendered":"<div class=\"fusion-text\">\n<h1 class=\"product-name\"><span style=\"font-family: helvetica, arial, sans-serif;\">Darilni bon 60 \u20ac<\/span><\/h1>\n<div class=\"fusion-text\">\n<p><span style=\"font-size: 14pt; font-family: helvetica, arial, sans-serif;\">Podarite svojim najdra\u017ejim darilni bon v vrednosti 60 \u20ac. Popolno darilo za vsako prilo\u017enost v vrednosti 60 \u20ac za vse na\u0161e kolesarske izlete ali kolesa. Darilni bon lahko pla\u010date z direktnim ban\u010dnim nakazilom ali preko Paypala. Darilni bon velja 1 leto od dneva nakupa.<\/span><\/p>\n<\/div>\n<\/div>\n<div class=\"fusion-text\">\n<p><img decoding=\"async\" class=\"alignnone wp-image-4431 size-large\" src=\"https:\/\/kolesarski-svet.si\/wp-content\/uploads\/2022\/12\/Darilni-bon-60-eur-1024x683.png\" alt=\"\" width=\"748\" height=\"499\" srcset=\"https:\/\/kolesarski-svet.si\/wp-content\/uploads\/2022\/12\/Darilni-bon-60-eur-1024x683.png 1024w, https:\/\/kolesarski-svet.si\/wp-content\/uploads\/2022\/12\/Darilni-bon-60-eur-300x200.png 300w, https:\/\/kolesarski-svet.si\/wp-content\/uploads\/2022\/12\/Darilni-bon-60-eur-768x512.png 768w, https:\/\/kolesarski-svet.si\/wp-content\/uploads\/2022\/12\/Darilni-bon-60-eur-531x354.png 531w, https:\/\/kolesarski-svet.si\/wp-content\/uploads\/2022\/12\/Darilni-bon-60-eur-600x400.png 600w, https:\/\/kolesarski-svet.si\/wp-content\/uploads\/2022\/12\/Darilni-bon-60-eur-180x120.png 180w, https:\/\/kolesarski-svet.si\/wp-content\/uploads\/2022\/12\/Darilni-bon-60-eur.png 1200w\" sizes=\"(max-width: 748px) 100vw, 748px\" \/><\/p>\n<\/div>\n","protected":false},"excerpt":{"rendered":"<div class=\"feature-description-single\">\n<div class=\"feature-description-single\">\n<div class=\"feature-description-single\">\n<p>Podarite svojim najdra\u017ejim darilni bon v vrednosti 60 \u20ac. Popolno darilo za vsako prilo\u017enost v vrednosti 60 \u20ac za vse na\u0161e kolesarske izlete ali kolesa. Darilni bon lahko pla\u010date z direktnim ban\u010dnim nakazilom ali preko Paypala. Darilni bon velja 1 leto od dneva nakupa.<\/p>\n<\/div>\n<\/div>\n<\/div>\n","protected":false},"featured_media":4430,"comment_status":"open","ping_status":"closed","template":"","meta":[],"product_brand":[],"product_cat":[289],"product_tag":[722,320],"class_list":{"0":"post-4428","1":"product","2":"type-product","3":"status-publish","4":"has-post-thumbnail","6":"product_cat-darilni-boni","7":"product_tag-darilni-bon-60-eur-sl","8":"product_tag-kolesarski-svet","10":"first","11":"instock","12":"featured","13":"shipping-taxable","14":"purchasable","15":"product-type-simple"},"yoast_head":"<!-- This site is optimized with the Yoast SEO plugin v26.6 - https:\/\/yoast.com\/wordpress\/plugins\/seo\/ -->\n<title>Darilni bon 60 \u20ac - Kolesarski Svet<\/title>\n<meta name=\"description\" content=\"Podarite svojim najdra\u017ejim darilni bon v vrednosti 60 \u20ac. Popolno darilo za vsako prilo\u017enost v vrednosti 60 \u20ac za vse na\u0161e kolesarske izlete ali kolesa.\" \/>\n<meta name=\"robots\" content=\"index, follow, max-snippet:-1, max-image-preview:large, max-video-preview:-1\" \/>\n<link rel=\"canonical\" href=\"https:\/\/kolesarski-svet.si\/sl\/izdelek\/darilni-bon-60\/\" \/>\n<meta property=\"og:locale\" content=\"sl_SI\" \/>\n<meta property=\"og:type\" content=\"article\" \/>\n<meta property=\"og:title\" content=\"Darilni bon 60 \u20ac - Kolesarski Svet\" \/>\n<meta property=\"og:description\" content=\"Podarite svojim najdra\u017ejim darilni bon v vrednosti 60 \u20ac. Popolno darilo za vsako prilo\u017enost v vrednosti 60 \u20ac za vse na\u0161e kolesarske izlete ali kolesa.\" \/>\n<meta property=\"og:url\" content=\"https:\/\/kolesarski-svet.si\/sl\/izdelek\/darilni-bon-60\/\" \/>\n<meta property=\"og:site_name\" content=\"Kolesarski Svet\" \/>\n<meta property=\"article:publisher\" content=\"https:\/\/www.facebook.com\/KolesarskiSvet\/\" \/>\n<meta property=\"article:modified_time\" content=\"2022-12-22T11:11:11+00:00\" \/>\n<meta property=\"og:image\" content=\"https:\/\/kolesarski-svet.si\/wp-content\/uploads\/2022\/12\/Gift-Voucher-60-eur.png\" \/>\n\t<meta property=\"og:image:width\" content=\"1200\" \/>\n\t<meta property=\"og:image:height\" content=\"800\" \/>\n\t<meta property=\"og:image:type\" content=\"image\/png\" \/>\n<meta name=\"twitter:card\" content=\"summary_large_image\" \/>\n<meta name=\"twitter:label1\" content=\"Est. reading time\" \/>\n\t<meta name=\"twitter:data1\" content=\"1 minuta\" \/>\n<script type=\"application\/ld+json\" class=\"yoast-schema-graph\">{\"@context\":\"https:\/\/schema.org\",\"@graph\":[{\"@type\":\"WebPage\",\"@id\":\"https:\/\/kolesarski-svet.si\/sl\/izdelek\/darilni-bon-60\/\",\"url\":\"https:\/\/kolesarski-svet.si\/sl\/izdelek\/darilni-bon-60\/\",\"name\":\"Darilni bon 60 \u20ac - Kolesarski Svet\",\"isPartOf\":{\"@id\":\"https:\/\/kolesarski-svet.si\/#website\"},\"primaryImageOfPage\":{\"@id\":\"https:\/\/kolesarski-svet.si\/sl\/izdelek\/darilni-bon-60\/#primaryimage\"},\"image\":{\"@id\":\"https:\/\/kolesarski-svet.si\/sl\/izdelek\/darilni-bon-60\/#primaryimage\"},\"thumbnailUrl\":\"https:\/\/kolesarski-svet.si\/wp-content\/uploads\/2022\/12\/Gift-Voucher-60-eur.png\",\"datePublished\":\"2022-12-22T10:55:08+00:00\",\"dateModified\":\"2022-12-22T11:11:11+00:00\",\"description\":\"Podarite svojim najdra\u017ejim darilni bon v vrednosti 60 \u20ac. Popolno darilo za vsako prilo\u017enost v vrednosti 60 \u20ac za vse na\u0161e kolesarske izlete ali kolesa.\",\"breadcrumb\":{\"@id\":\"https:\/\/kolesarski-svet.si\/sl\/izdelek\/darilni-bon-60\/#breadcrumb\"},\"inLanguage\":\"sl-SI\",\"potentialAction\":[{\"@type\":\"ReadAction\",\"target\":[\"https:\/\/kolesarski-svet.si\/sl\/izdelek\/darilni-bon-60\/\"]}]},{\"@type\":\"ImageObject\",\"inLanguage\":\"sl-SI\",\"@id\":\"https:\/\/kolesarski-svet.si\/sl\/izdelek\/darilni-bon-60\/#primaryimage\",\"url\":\"https:\/\/kolesarski-svet.si\/wp-content\/uploads\/2022\/12\/Gift-Voucher-60-eur.png\",\"contentUrl\":\"https:\/\/kolesarski-svet.si\/wp-content\/uploads\/2022\/12\/Gift-Voucher-60-eur.png\",\"width\":1200,\"height\":800},{\"@type\":\"BreadcrumbList\",\"@id\":\"https:\/\/kolesarski-svet.si\/sl\/izdelek\/darilni-bon-60\/#breadcrumb\",\"itemListElement\":[{\"@type\":\"ListItem\",\"position\":1,\"name\":\"Home\",\"item\":\"https:\/\/kolesarski-svet.si\/sl\/kolesarski-svet-domov\/\"},{\"@type\":\"ListItem\",\"position\":2,\"name\":\"Trgovina\",\"item\":\"https:\/\/kolesarski-svet.si\/sl\/trgovina\/\"},{\"@type\":\"ListItem\",\"position\":3,\"name\":\"Darilni bon 60 \u20ac\"}]},{\"@type\":\"WebSite\",\"@id\":\"https:\/\/kolesarski-svet.si\/#website\",\"url\":\"https:\/\/kolesarski-svet.si\/\",\"name\":\"Kolesarski Svet\",\"description\":\"Do\u017eivite lepote Slovenije na kolesu\",\"publisher\":{\"@id\":\"https:\/\/kolesarski-svet.si\/#organization\"},\"potentialAction\":[{\"@type\":\"SearchAction\",\"target\":{\"@type\":\"EntryPoint\",\"urlTemplate\":\"https:\/\/kolesarski-svet.si\/?s={search_term_string}\"},\"query-input\":{\"@type\":\"PropertyValueSpecification\",\"valueRequired\":true,\"valueName\":\"search_term_string\"}}],\"inLanguage\":\"sl-SI\"},{\"@type\":\"Organization\",\"@id\":\"https:\/\/kolesarski-svet.si\/#organization\",\"name\":\"Kolesarski Svet\",\"url\":\"https:\/\/kolesarski-svet.si\/\",\"logo\":{\"@type\":\"ImageObject\",\"inLanguage\":\"sl-SI\",\"@id\":\"https:\/\/kolesarski-svet.si\/#\/schema\/logo\/image\/\",\"url\":\"https:\/\/kolesarski-svet.si\/wp-content\/uploads\/2018\/03\/logo-KS-170.png\",\"contentUrl\":\"https:\/\/kolesarski-svet.si\/wp-content\/uploads\/2018\/03\/logo-KS-170.png\",\"width\":170,\"height\":120,\"caption\":\"Kolesarski Svet\"},\"image\":{\"@id\":\"https:\/\/kolesarski-svet.si\/#\/schema\/logo\/image\/\"},\"sameAs\":[\"https:\/\/www.facebook.com\/KolesarskiSvet\/\",\"https:\/\/www.youtube.com\/channel\/UCaR0d_D0MFnxI1Wpxa2nkAA\"]}]}<\/script>\n<!-- \/ Yoast SEO plugin. -->","yoast_head_json":{"title":"Darilni bon 60 \u20ac - Kolesarski Svet","description":"Podarite svojim najdra\u017ejim darilni bon v vrednosti 60 \u20ac. Popolno darilo za vsako prilo\u017enost v vrednosti 60 \u20ac za vse na\u0161e kolesarske izlete ali kolesa.","robots":{"index":"index","follow":"follow","max-snippet":"max-snippet:-1","max-image-preview":"max-image-preview:large","max-video-preview":"max-video-preview:-1"},"canonical":"https:\/\/kolesarski-svet.si\/sl\/izdelek\/darilni-bon-60\/","og_locale":"sl_SI","og_type":"article","og_title":"Darilni bon 60 \u20ac - Kolesarski Svet","og_description":"Podarite svojim najdra\u017ejim darilni bon v vrednosti 60 \u20ac. Popolno darilo za vsako prilo\u017enost v vrednosti 60 \u20ac za vse na\u0161e kolesarske izlete ali kolesa.","og_url":"https:\/\/kolesarski-svet.si\/sl\/izdelek\/darilni-bon-60\/","og_site_name":"Kolesarski Svet","article_publisher":"https:\/\/www.facebook.com\/KolesarskiSvet\/","article_modified_time":"2022-12-22T11:11:11+00:00","og_image":[{"width":1200,"height":800,"url":"https:\/\/kolesarski-svet.si\/wp-content\/uploads\/2022\/12\/Gift-Voucher-60-eur.png","type":"image\/png"}],"twitter_card":"summary_large_image","twitter_misc":{"Est. reading time":"1 minuta"},"schema":{"@context":"https:\/\/schema.org","@graph":[{"@type":"WebPage","@id":"https:\/\/kolesarski-svet.si\/sl\/izdelek\/darilni-bon-60\/","url":"https:\/\/kolesarski-svet.si\/sl\/izdelek\/darilni-bon-60\/","name":"Darilni bon 60 \u20ac - Kolesarski Svet","isPartOf":{"@id":"https:\/\/kolesarski-svet.si\/#website"},"primaryImageOfPage":{"@id":"https:\/\/kolesarski-svet.si\/sl\/izdelek\/darilni-bon-60\/#primaryimage"},"image":{"@id":"https:\/\/kolesarski-svet.si\/sl\/izdelek\/darilni-bon-60\/#primaryimage"},"thumbnailUrl":"https:\/\/kolesarski-svet.si\/wp-content\/uploads\/2022\/12\/Gift-Voucher-60-eur.png","datePublished":"2022-12-22T10:55:08+00:00","dateModified":"2022-12-22T11:11:11+00:00","description":"Podarite svojim najdra\u017ejim darilni bon v vrednosti 60 \u20ac. Popolno darilo za vsako prilo\u017enost v vrednosti 60 \u20ac za vse na\u0161e kolesarske izlete ali kolesa.","breadcrumb":{"@id":"https:\/\/kolesarski-svet.si\/sl\/izdelek\/darilni-bon-60\/#breadcrumb"},"inLanguage":"sl-SI","potentialAction":[{"@type":"ReadAction","target":["https:\/\/kolesarski-svet.si\/sl\/izdelek\/darilni-bon-60\/"]}]},{"@type":"ImageObject","inLanguage":"sl-SI","@id":"https:\/\/kolesarski-svet.si\/sl\/izdelek\/darilni-bon-60\/#primaryimage","url":"https:\/\/kolesarski-svet.si\/wp-content\/uploads\/2022\/12\/Gift-Voucher-60-eur.png","contentUrl":"https:\/\/kolesarski-svet.si\/wp-content\/uploads\/2022\/12\/Gift-Voucher-60-eur.png","width":1200,"height":800},{"@type":"BreadcrumbList","@id":"https:\/\/kolesarski-svet.si\/sl\/izdelek\/darilni-bon-60\/#breadcrumb","itemListElement":[{"@type":"ListItem","position":1,"name":"Home","item":"https:\/\/kolesarski-svet.si\/sl\/kolesarski-svet-domov\/"},{"@type":"ListItem","position":2,"name":"Trgovina","item":"https:\/\/kolesarski-svet.si\/sl\/trgovina\/"},{"@type":"ListItem","position":3,"name":"Darilni bon 60 \u20ac"}]},{"@type":"WebSite","@id":"https:\/\/kolesarski-svet.si\/#website","url":"https:\/\/kolesarski-svet.si\/","name":"Kolesarski Svet","description":"Do\u017eivite lepote Slovenije na kolesu","publisher":{"@id":"https:\/\/kolesarski-svet.si\/#organization"},"potentialAction":[{"@type":"SearchAction","target":{"@type":"EntryPoint","urlTemplate":"https:\/\/kolesarski-svet.si\/?s={search_term_string}"},"query-input":{"@type":"PropertyValueSpecification","valueRequired":true,"valueName":"search_term_string"}}],"inLanguage":"sl-SI"},{"@type":"Organization","@id":"https:\/\/kolesarski-svet.si\/#organization","name":"Kolesarski Svet","url":"https:\/\/kolesarski-svet.si\/","logo":{"@type":"ImageObject","inLanguage":"sl-SI","@id":"https:\/\/kolesarski-svet.si\/#\/schema\/logo\/image\/","url":"https:\/\/kolesarski-svet.si\/wp-content\/uploads\/2018\/03\/logo-KS-170.png","contentUrl":"https:\/\/kolesarski-svet.si\/wp-content\/uploads\/2018\/03\/logo-KS-170.png","width":170,"height":120,"caption":"Kolesarski Svet"},"image":{"@id":"https:\/\/kolesarski-svet.si\/#\/schema\/logo\/image\/"},"sameAs":["https:\/\/www.facebook.com\/KolesarskiSvet\/","https:\/\/www.youtube.com\/channel\/UCaR0d_D0MFnxI1Wpxa2nkAA"]}]}},"_links":{"self":[{"href":"https:\/\/kolesarski-svet.si\/sl\/wp-json\/wp\/v2\/product\/4428","targetHints":{"allow":["GET"]}}],"collection":[{"href":"https:\/\/kolesarski-svet.si\/sl\/wp-json\/wp\/v2\/product"}],"about":[{"href":"https:\/\/kolesarski-svet.si\/sl\/wp-json\/wp\/v2\/types\/product"}],"replies":[{"embeddable":true,"href":"https:\/\/kolesarski-svet.si\/sl\/wp-json\/wp\/v2\/comments?post=4428"}],"wp:featuredmedia":[{"embeddable":true,"href":"https:\/\/kolesarski-svet.si\/sl\/wp-json\/wp\/v2\/media\/4430"}],"wp:attachment":[{"href":"https:\/\/kolesarski-svet.si\/sl\/wp-json\/wp\/v2\/media?parent=4428"}],"wp:term":[{"taxonomy":"product_brand","embeddable":true,"href":"https:\/\/kolesarski-svet.si\/sl\/wp-json\/wp\/v2\/product_brand?post=4428"},{"taxonomy":"product_cat","embeddable":true,"href":"https:\/\/kolesarski-svet.si\/sl\/wp-json\/wp\/v2\/product_cat?post=4428"},{"taxonomy":"product_tag","embeddable":true,"href":"https:\/\/kolesarski-svet.si\/sl\/wp-json\/wp\/v2\/product_tag?post=4428"}],"curies":[{"name":"wp","href":"https:\/\/api.w.org\/{rel}","templated":true}]}}